{"id":10062,"date":"2017-07-19T12:48:29","date_gmt":"2017-07-19T11:48:29","guid":{"rendered":"https:\/\/www.bonvent.cat\/?post_type=product&#038;p=10062\/"},"modified":"2020-11-13T18:01:47","modified_gmt":"2020-11-13T17:01:47","slug":"olivia-balsamo-labial-marius-fabre-organico","status":"publish","type":"product","link":"https:\/\/www.bonvent.cat\/es\/product\/olivia-balsamo-labial-marius-fabre-organico\/","title":{"rendered":"Olivia b\u00e1lsamo labial"},"content":{"rendered":"<p>El b\u00e1lsamo labial de <a href=\"https:\/\/www.marius-fabre.com\/en\/11-organic-olive-oil-cosmetics\" target=\"_blank\" rel=\"noopener noreferrer\">Olivia<\/a> es hecho a base de aceitunas maduradas bajo el generoso sol de la Provenza, en el profundo valle de Les Baux-de-Provence, en las colinas de las Alpilles. Esto se convirti\u00f3 en la esencia y el hom\u00f3nimo de la marca original Olivia. Productos producidos a partir de su delicado aceite natural de fina calidad.<\/p>\n<p>Hoy d\u00eda, Olivia es una l\u00ednea de <a href=\"\/?p=10040\" target=\"_blank\" rel=\"noopener noreferrer\">productos org\u00e1nicos<\/a> certificados a base de aceite de oliva destinada a la elaboraci\u00f3n de productos de belleza, dise\u00f1ados y fabricados en Provenza.<br \/>\nLos beneficios saludables del aceite de oliva han sido famosos desde la antig\u00fcedad. Contiene propiedades hidratantes excepcionales debido a su riqueza en \u00e1cidos grasos esenciales, antioxidantes y vitaminas. La piel y el pelo nunca deber\u00edan ir sin un compa\u00f1ero como este, que cuide y mime nuestra piel y cabello de esta manera, independientemente de la \u00e9poca del a\u00f1o.<br \/>\nUn s\u00edmbolo de la cultura Provenzal y mediterr\u00e1nea.<\/p>\n<h3>Certificaci\u00f3n<\/h3>\n<p>Todos los productos de la l\u00ednea Olivia llevan la etiqueta <a href=\"http:\/\/www.ecocert.es\/es\" target=\"_blank\" rel=\"noopener noreferrer\">Ecocert<\/a>, que garantiza su fina calidad y la autenticidad como productos org\u00e1nicos certificados. Ecocert garantiza que al menos el 10% de la composici\u00f3n total de cada producto viene de la agricultura ecol\u00f3gica y que al menos el 95% de los ingredientes son naturales.<br \/>\nLos productos de belleza Olivia ayudan a proteger el medio ambiente.<br \/>\nSu embalaje es totalmente reciclable.<\/p>\n<h3>Composici\u00f3n<\/h3>\n<p>&#8211; Aceite de oliva org\u00e1nico y manteca de karit\u00e9<br \/>\n&#8211; cera de oliva y cera de abejas<br \/>\nIngredientes (INCI): Butyrospermum parkii * (mantequilla del mar), escualano, cera alba (ser eswax), Olus, aceite vegetal hidrogenado, de candelilla cera, \u00e9steres de caprililo de oliva hidrogenado, aceite de Olea europea *, aceite de Citrus limonum (aceite de lim\u00f3n), Citrus grandis aceite (aceite de uva), tocoferol, limoneno.<\/p>\n<p>* Ingredientes de cultivo ecol\u00f3gico<br \/>\n100% de ingredientes naturales<br \/>\n52,9% de ingredientes cultivados org\u00e1nicamente<\/p>\n<h3>Modo de empleo<\/h3>\n<p>Aplicar una capa delgada de b\u00e1lsamo para los labios de Olivia sobre los labios secos y masajear suavemente. Repita cuando se exponga al sol o durante el tiempo fr\u00edo.<br \/>\nContenido: 7 ml<\/p>\n","protected":false},"excerpt":{"rendered":"<p>El b\u00e1lsamo labial de Olivia hecho a base de aceite de oliva y manteca de karit\u00e9 es un producto hidratante y reparador de labios. La alta calidad de sus ingredientes aliviar\u00e1 inmediatamente labios secos o agrietados. Puede utilizarse tambi\u00e9n para dar un brillo natural.<\/p>\n","protected":false},"featured_media":9998,"comment_status":"closed","ping_status":"closed","template":"","meta":[],"product_brand":[],"product_cat":[1159,1224],"product_tag":[1014,1010,1004,1006,1012,1008,1016,1002,1000],"class_list":{"0":"post-10062","1":"product","2":"type-product","3":"status-publish","4":"has-post-thumbnail","6":"product_cat-bano-cuidados","7":"product_cat-cosmetica-es","8":"product_tag-aceite-de-oliva-es","9":"product_tag-belleza-mediterranea-es","10":"product_tag-bio-es","11":"product_tag-cosmetica-bio-es","12":"product_tag-cultura-mediterranea-es","13":"product_tag-marius-fabre-es","14":"product_tag-olivia-es","15":"product_tag-productos-de-belleza-es","16":"product_tag-provenza-es","18":"first","19":"instock","20":"taxable","21":"shipping-taxable","22":"purchasable","23":"product-type-simple"},"yoast_head":"<!-- This site is optimized with the Yoast SEO plugin v25.3.1 - https:\/\/yoast.com\/wordpress\/plugins\/seo\/ -->\n<title>Olivia b\u00e1lsamo labial org\u00e1nico con aceite de oliva y manteca de karit\u00e9<\/title>\n<meta name=\"description\" content=\"El b\u00e1lsamo labial de Olivia hecho a base de aceite de oliva y manteca de karit\u00e9 es un producto hidratante y reparador de labios.\" \/>\n<meta name=\"robots\" content=\"index, follow, max-snippet:-1, max-image-preview:large, max-video-preview:-1\" \/>\n<link rel=\"canonical\" href=\"https:\/\/www.bonvent.cat\/es\/product\/olivia-balsamo-labial-marius-fabre-organico\/\" \/>\n<meta property=\"og:locale\" content=\"es_ES\" \/>\n<meta property=\"og:type\" content=\"article\" \/>\n<meta property=\"og:title\" content=\"Olivia b\u00e1lsamo labial org\u00e1nico con aceite de oliva y manteca de karit\u00e9\" \/>\n<meta property=\"og:description\" content=\"El b\u00e1lsamo labial de Olivia hecho a base de aceite de oliva y manteca de karit\u00e9 es un producto hidratante y reparador de labios.\" \/>\n<meta property=\"og:url\" content=\"https:\/\/www.bonvent.cat\/es\/product\/olivia-balsamo-labial-marius-fabre-organico\/\" \/>\n<meta property=\"og:site_name\" content=\"Bon Vent\" \/>\n<meta property=\"article:publisher\" content=\"https:\/\/www.facebook.com\/bonventbcn?ref=hl\" \/>\n<meta property=\"article:modified_time\" content=\"2020-11-13T17:01:47+00:00\" \/>\n<meta property=\"og:image\" content=\"https:\/\/www.bonvent.cat\/wp-content\/uploads\/2017\/05\/marius-fabre-olivia-lip-balm-1.jpg\" \/>\n\t<meta property=\"og:image:width\" content=\"620\" \/>\n\t<meta property=\"og:image:height\" content=\"797\" \/>\n\t<meta property=\"og:image:type\" content=\"image\/jpeg\" \/>\n<meta name=\"twitter:label1\" content=\"Tiempo de lectura\" \/>\n\t<meta name=\"twitter:data1\" content=\"2 minutos\" \/>\n<script type=\"application\/ld+json\" class=\"yoast-schema-graph\">{\"@context\":\"https:\/\/schema.org\",\"@graph\":[{\"@type\":\"WebPage\",\"@id\":\"https:\/\/www.bonvent.cat\/es\/product\/olivia-balsamo-labial-marius-fabre-organico\/\",\"url\":\"https:\/\/www.bonvent.cat\/es\/product\/olivia-balsamo-labial-marius-fabre-organico\/\",\"name\":\"Olivia b\u00e1lsamo labial org\u00e1nico con aceite de oliva y manteca de karit\u00e9\",\"isPartOf\":{\"@id\":\"https:\/\/www.bonvent.cat\/es\/#website\"},\"primaryImageOfPage\":{\"@id\":\"https:\/\/www.bonvent.cat\/es\/product\/olivia-balsamo-labial-marius-fabre-organico\/#primaryimage\"},\"image\":{\"@id\":\"https:\/\/www.bonvent.cat\/es\/product\/olivia-balsamo-labial-marius-fabre-organico\/#primaryimage\"},\"thumbnailUrl\":\"https:\/\/www.bonvent.cat\/wp-content\/uploads\/2017\/05\/marius-fabre-olivia-lip-balm-1.jpg\",\"datePublished\":\"2017-07-19T11:48:29+00:00\",\"dateModified\":\"2020-11-13T17:01:47+00:00\",\"description\":\"El b\u00e1lsamo labial de Olivia hecho a base de aceite de oliva y manteca de karit\u00e9 es un producto hidratante y reparador de labios.\",\"breadcrumb\":{\"@id\":\"https:\/\/www.bonvent.cat\/es\/product\/olivia-balsamo-labial-marius-fabre-organico\/#breadcrumb\"},\"inLanguage\":\"es\",\"potentialAction\":[{\"@type\":\"ReadAction\",\"target\":[\"https:\/\/www.bonvent.cat\/es\/product\/olivia-balsamo-labial-marius-fabre-organico\/\"]}]},{\"@type\":\"ImageObject\",\"inLanguage\":\"es\",\"@id\":\"https:\/\/www.bonvent.cat\/es\/product\/olivia-balsamo-labial-marius-fabre-organico\/#primaryimage\",\"url\":\"https:\/\/www.bonvent.cat\/wp-content\/uploads\/2017\/05\/marius-fabre-olivia-lip-balm-1.jpg\",\"contentUrl\":\"https:\/\/www.bonvent.cat\/wp-content\/uploads\/2017\/05\/marius-fabre-olivia-lip-balm-1.jpg\",\"width\":620,\"height\":797},{\"@type\":\"BreadcrumbList\",\"@id\":\"https:\/\/www.bonvent.cat\/es\/product\/olivia-balsamo-labial-marius-fabre-organico\/#breadcrumb\",\"itemListElement\":[{\"@type\":\"ListItem\",\"position\":1,\"name\":\"Inici\",\"item\":\"https:\/\/www.bonvent.cat\/es\/\"},{\"@type\":\"ListItem\",\"position\":2,\"name\":\"Botiga\",\"item\":\"https:\/\/www.bonvent.cat\/?page_id=1953091\"},{\"@type\":\"ListItem\",\"position\":3,\"name\":\"Olivia b\u00e1lsamo labial\"}]},{\"@type\":\"WebSite\",\"@id\":\"https:\/\/www.bonvent.cat\/es\/#website\",\"url\":\"https:\/\/www.bonvent.cat\/es\/\",\"name\":\"Bon Vent\",\"description\":\"Botiga d\u2019inspiraci\u00f3 mediterr\u00e0nia\",\"publisher\":{\"@id\":\"https:\/\/www.bonvent.cat\/es\/#organization\"},\"potentialAction\":[{\"@type\":\"SearchAction\",\"target\":{\"@type\":\"EntryPoint\",\"urlTemplate\":\"https:\/\/www.bonvent.cat\/es\/?s={search_term_string}\"},\"query-input\":{\"@type\":\"PropertyValueSpecification\",\"valueRequired\":true,\"valueName\":\"search_term_string\"}}],\"inLanguage\":\"es\"},{\"@type\":\"Organization\",\"@id\":\"https:\/\/www.bonvent.cat\/es\/#organization\",\"name\":\"Bon Vent\",\"url\":\"https:\/\/www.bonvent.cat\/es\/\",\"logo\":{\"@type\":\"ImageObject\",\"inLanguage\":\"es\",\"@id\":\"https:\/\/www.bonvent.cat\/es\/#\/schema\/logo\/image\/\",\"url\":\"https:\/\/www.bonvent.cat\/wp-content\/uploads\/2021\/11\/logoh.png\",\"contentUrl\":\"https:\/\/www.bonvent.cat\/wp-content\/uploads\/2021\/11\/logoh.png\",\"width\":640,\"height\":121,\"caption\":\"Bon Vent\"},\"image\":{\"@id\":\"https:\/\/www.bonvent.cat\/es\/#\/schema\/logo\/image\/\"},\"sameAs\":[\"https:\/\/www.facebook.com\/bonventbcn?ref=hl\",\"https:\/\/www.instagram.com\/bon_ventbarcelona\/\",\"https:\/\/es.pinterest.com\/BONVENTmed\/\"]}]}<\/script>\n<!-- \/ Yoast SEO plugin. -->","yoast_head_json":{"title":"Olivia b\u00e1lsamo labial org\u00e1nico con aceite de oliva y manteca de karit\u00e9","description":"El b\u00e1lsamo labial de Olivia hecho a base de aceite de oliva y manteca de karit\u00e9 es un producto hidratante y reparador de labios.","robots":{"index":"index","follow":"follow","max-snippet":"max-snippet:-1","max-image-preview":"max-image-preview:large","max-video-preview":"max-video-preview:-1"},"canonical":"https:\/\/www.bonvent.cat\/es\/product\/olivia-balsamo-labial-marius-fabre-organico\/","og_locale":"es_ES","og_type":"article","og_title":"Olivia b\u00e1lsamo labial org\u00e1nico con aceite de oliva y manteca de karit\u00e9","og_description":"El b\u00e1lsamo labial de Olivia hecho a base de aceite de oliva y manteca de karit\u00e9 es un producto hidratante y reparador de labios.","og_url":"https:\/\/www.bonvent.cat\/es\/product\/olivia-balsamo-labial-marius-fabre-organico\/","og_site_name":"Bon Vent","article_publisher":"https:\/\/www.facebook.com\/bonventbcn?ref=hl","article_modified_time":"2020-11-13T17:01:47+00:00","og_image":[{"width":620,"height":797,"url":"https:\/\/www.bonvent.cat\/wp-content\/uploads\/2017\/05\/marius-fabre-olivia-lip-balm-1.jpg","type":"image\/jpeg"}],"twitter_misc":{"Tiempo de lectura":"2 minutos"},"schema":{"@context":"https:\/\/schema.org","@graph":[{"@type":"WebPage","@id":"https:\/\/www.bonvent.cat\/es\/product\/olivia-balsamo-labial-marius-fabre-organico\/","url":"https:\/\/www.bonvent.cat\/es\/product\/olivia-balsamo-labial-marius-fabre-organico\/","name":"Olivia b\u00e1lsamo labial org\u00e1nico con aceite de oliva y manteca de karit\u00e9","isPartOf":{"@id":"https:\/\/www.bonvent.cat\/es\/#website"},"primaryImageOfPage":{"@id":"https:\/\/www.bonvent.cat\/es\/product\/olivia-balsamo-labial-marius-fabre-organico\/#primaryimage"},"image":{"@id":"https:\/\/www.bonvent.cat\/es\/product\/olivia-balsamo-labial-marius-fabre-organico\/#primaryimage"},"thumbnailUrl":"https:\/\/www.bonvent.cat\/wp-content\/uploads\/2017\/05\/marius-fabre-olivia-lip-balm-1.jpg","datePublished":"2017-07-19T11:48:29+00:00","dateModified":"2020-11-13T17:01:47+00:00","description":"El b\u00e1lsamo labial de Olivia hecho a base de aceite de oliva y manteca de karit\u00e9 es un producto hidratante y reparador de labios.","breadcrumb":{"@id":"https:\/\/www.bonvent.cat\/es\/product\/olivia-balsamo-labial-marius-fabre-organico\/#breadcrumb"},"inLanguage":"es","potentialAction":[{"@type":"ReadAction","target":["https:\/\/www.bonvent.cat\/es\/product\/olivia-balsamo-labial-marius-fabre-organico\/"]}]},{"@type":"ImageObject","inLanguage":"es","@id":"https:\/\/www.bonvent.cat\/es\/product\/olivia-balsamo-labial-marius-fabre-organico\/#primaryimage","url":"https:\/\/www.bonvent.cat\/wp-content\/uploads\/2017\/05\/marius-fabre-olivia-lip-balm-1.jpg","contentUrl":"https:\/\/www.bonvent.cat\/wp-content\/uploads\/2017\/05\/marius-fabre-olivia-lip-balm-1.jpg","width":620,"height":797},{"@type":"BreadcrumbList","@id":"https:\/\/www.bonvent.cat\/es\/product\/olivia-balsamo-labial-marius-fabre-organico\/#breadcrumb","itemListElement":[{"@type":"ListItem","position":1,"name":"Inici","item":"https:\/\/www.bonvent.cat\/es\/"},{"@type":"ListItem","position":2,"name":"Botiga","item":"https:\/\/www.bonvent.cat\/?page_id=1953091"},{"@type":"ListItem","position":3,"name":"Olivia b\u00e1lsamo labial"}]},{"@type":"WebSite","@id":"https:\/\/www.bonvent.cat\/es\/#website","url":"https:\/\/www.bonvent.cat\/es\/","name":"Bon Vent","description":"Botiga d\u2019inspiraci\u00f3 mediterr\u00e0nia","publisher":{"@id":"https:\/\/www.bonvent.cat\/es\/#organization"},"potentialAction":[{"@type":"SearchAction","target":{"@type":"EntryPoint","urlTemplate":"https:\/\/www.bonvent.cat\/es\/?s={search_term_string}"},"query-input":{"@type":"PropertyValueSpecification","valueRequired":true,"valueName":"search_term_string"}}],"inLanguage":"es"},{"@type":"Organization","@id":"https:\/\/www.bonvent.cat\/es\/#organization","name":"Bon Vent","url":"https:\/\/www.bonvent.cat\/es\/","logo":{"@type":"ImageObject","inLanguage":"es","@id":"https:\/\/www.bonvent.cat\/es\/#\/schema\/logo\/image\/","url":"https:\/\/www.bonvent.cat\/wp-content\/uploads\/2021\/11\/logoh.png","contentUrl":"https:\/\/www.bonvent.cat\/wp-content\/uploads\/2021\/11\/logoh.png","width":640,"height":121,"caption":"Bon Vent"},"image":{"@id":"https:\/\/www.bonvent.cat\/es\/#\/schema\/logo\/image\/"},"sameAs":["https:\/\/www.facebook.com\/bonventbcn?ref=hl","https:\/\/www.instagram.com\/bon_ventbarcelona\/","https:\/\/es.pinterest.com\/BONVENTmed\/"]}]}},"_links":{"self":[{"href":"https:\/\/www.bonvent.cat\/es\/wp-json\/wp\/v2\/product\/10062","targetHints":{"allow":["GET"]}}],"collection":[{"href":"https:\/\/www.bonvent.cat\/es\/wp-json\/wp\/v2\/product"}],"about":[{"href":"https:\/\/www.bonvent.cat\/es\/wp-json\/wp\/v2\/types\/product"}],"replies":[{"embeddable":true,"href":"https:\/\/www.bonvent.cat\/es\/wp-json\/wp\/v2\/comments?post=10062"}],"version-history":[{"count":0,"href":"https:\/\/www.bonvent.cat\/es\/wp-json\/wp\/v2\/product\/10062\/revisions"}],"wp:featuredmedia":[{"embeddable":true,"href":"https:\/\/www.bonvent.cat\/es\/wp-json\/wp\/v2\/media\/9998"}],"wp:attachment":[{"href":"https:\/\/www.bonvent.cat\/es\/wp-json\/wp\/v2\/media?parent=10062"}],"wp:term":[{"taxonomy":"product_brand","embeddable":true,"href":"https:\/\/www.bonvent.cat\/es\/wp-json\/wp\/v2\/product_brand?post=10062"},{"taxonomy":"product_cat","embeddable":true,"href":"https:\/\/www.bonvent.cat\/es\/wp-json\/wp\/v2\/product_cat?post=10062"},{"taxonomy":"product_tag","embeddable":true,"href":"https:\/\/www.bonvent.cat\/es\/wp-json\/wp\/v2\/product_tag?post=10062"}],"curies":[{"name":"wp","href":"https:\/\/api.w.org\/{rel}","templated":true}]}}