{"id":10471,"date":"2020-12-13T09:20:48","date_gmt":"2017-07-18T13:10:12","guid":{"rendered":"https:\/\/www.bonvent.cat\/?post_type=product&#038;p=10471\/"},"modified":"2020-11-13T17:10:58","modified_gmt":"2020-11-13T16:10:58","slug":"crema-hidratante-olivia-aceite-oliva-i-karite","status":"publish","type":"product","link":"https:\/\/www.bonvent.cat\/es\/product\/crema-hidratante-olivia-aceite-oliva-i-karite\/","title":{"rendered":"Crema hidratante Olivia con aceite de oliva y karit\u00e9"},"content":{"rendered":"<p>Las aceitunas maduradas bajo el generoso sol de la Provenza, en el profundo valle de Les Baux-de-Provence, en las colinas de las Alpilles, se convirtieron en la esencia y el hom\u00f3nimo de la marca original <a href=\"https:\/\/www.marius-fabre.com\/en\/11-organic-olive-oil-cosmetics\" target=\"_blank\" rel=\"noopener\">Olivia <\/a>. Productos producidos a partir de su delicado aceite natural de fina calidad.<br \/>\nHoy d\u00eda, Olivia es una l\u00ednea de <a href=\"\/?p=10040\" target=\"_blank\" rel=\"noopener\">productos org\u00e1nicos certificados<\/a> a base de aceite de oliva destinada a la elaboraci\u00f3n de productos de belleza, dise\u00f1ados y fabricados en Provenza.<br \/>\nLos beneficios saludables del aceite de oliva han sido famosos desde la antig\u00fcedad. Contiene propiedades hidratantes excepcionales debido a su riqueza en \u00e1cidos grasos esenciales, antioxidantes y vitaminas. La piel y el pelo nunca deber\u00edan ir sin un compa\u00f1ero como este, que cuide y mime nuestra piel y cabello de esta manera, independientemente de la \u00e9poca del a\u00f1o.<br \/>\nUn s\u00edmbolo de la cultura Provenzal y mediterr\u00e1nea.<\/p>\n<p>&nbsp;<\/p>\n<h2><strong>Certificaci\u00f3n<\/strong><\/h2>\n<p>Todos los productos de la l\u00ednea Olivia llevan la etiqueta <a href=\"http:\/\/www.ecocert.es\/es\" target=\"_blank\" rel=\"noopener\">Ecocert<\/a>, que garantiza su fina calidad y la autenticidad como productos org\u00e1nicos certificados. Ecocert garantiza que al menos el 10% de la composici\u00f3n total de cada producto viene de la agricultura ecol\u00f3gica y que al menos el 95% de los ingredientes son naturales.<br \/>\nLos productos de belleza Olivia ayudan a proteger el medio ambiente.<br \/>\nSu embalaje es totalmente reciclable.<\/p>\n<h2><strong>Composici\u00f3n<\/strong><\/h2>\n<p>&#8211; Aceite de oliva y manteca de karit\u00e9<\/p>\n<p>&#8211; Cera de oliva y cera de abejas<\/p>\n<p>&#8211; Aceites esenciales de petitgrain y albahaca org\u00e1nicos<\/p>\n<p>Ingredientes (INCI): Aqua (agua), Butyrospermum parkii *, Cera alba, Olea europaea oil *, Olus, Aceite vegetal hidrogenado, Candelilla cera, Cetearil alcohol, Cetearyl gluc\u00f3sido, Squalane, Benzoato s\u00f3dico, Sorbato de potasio, Sodio Borato, tocoferol, aceite Citrus aurantium amara (aceite de naranja amarga), aceite de Ocinum basilicum (aceite de albahaca), linalol.<\/p>\n<p>* Ingredientes org\u00e1nicamente crecidos<\/p>\n<p>98,7% de ingredientes naturales<\/p>\n<p>15% de ingredientes org\u00e1nicos<\/p>\n<p>&nbsp;<\/p>\n<h2><strong>Modo de empleo<br \/>\n<\/strong><\/h2>\n<p>Aplicar en la cara y el cuello en un suave masaje cada ma\u00f1ana. Repetir cada noche. Tambi\u00e9n se puede utilizar como una m\u00e1scara facial rejuvenecedora.<\/p>\n<p>Contenido: 100 ml<\/p>\n<p>&nbsp;<\/p>\n<p>&nbsp;<\/p>\n","protected":false},"excerpt":{"rendered":"<p>La crema hidtratante de Olivia est\u00e1 hecha con aceite de oliva y manteca de karit\u00e9, reconocida por sus propiedades hidratantes. Sus ingredientes naturales son id\u00f3neos para la piel. Se absorbe con facilidad y de inmediato se siente su efecto hidratante y la protecci\u00f3n sin dejar sensaci\u00f3n aceitosa en absoluto.<\/p>\n<p>* Hidrata las capas superiores de la epidermis<\/p>\n","protected":false},"featured_media":10001,"comment_status":"closed","ping_status":"closed","template":"","meta":[],"product_brand":[],"product_cat":[1159],"product_tag":[1014,1010,1004,1006,1012,1008,1016,1002,1000],"class_list":{"0":"post-10471","1":"product","2":"type-product","3":"status-publish","4":"has-post-thumbnail","6":"product_cat-bano-cuidados","7":"product_tag-aceite-de-oliva-es","8":"product_tag-belleza-mediterranea-es","9":"product_tag-bio-es","10":"product_tag-cosmetica-bio-es","11":"product_tag-cultura-mediterranea-es","12":"product_tag-marius-fabre-es","13":"product_tag-olivia-es","14":"product_tag-productos-de-belleza-es","15":"product_tag-provenza-es","17":"first","18":"instock","19":"taxable","20":"shipping-taxable","21":"purchasable","22":"product-type-simple"},"yoast_head":"<!-- This site is optimized with the Yoast SEO plugin v25.3.1 - https:\/\/yoast.com\/wordpress\/plugins\/seo\/ -->\n<title>La crema hidratante Olivia contiene aceite de oliva y manteca de karit\u00e9.<\/title>\n<meta name=\"description\" content=\"La crema hidtratante de Olivia est\u00e1 hecha con aceite de oliva y manteca de karit\u00e9, reconocida por sus propiedades hidratantes.\" \/>\n<meta name=\"robots\" content=\"index, follow, max-snippet:-1, max-image-preview:large, max-video-preview:-1\" \/>\n<link rel=\"canonical\" href=\"https:\/\/www.bonvent.cat\/es\/product\/crema-hidratante-olivia-aceite-oliva-i-karite\/\" \/>\n<meta property=\"og:locale\" content=\"es_ES\" \/>\n<meta property=\"og:type\" content=\"article\" \/>\n<meta property=\"og:title\" content=\"La crema hidratante Olivia contiene aceite de oliva y manteca de karit\u00e9.\" \/>\n<meta property=\"og:description\" content=\"La crema hidtratante de Olivia est\u00e1 hecha con aceite de oliva y manteca de karit\u00e9, reconocida por sus propiedades hidratantes.\" \/>\n<meta property=\"og:url\" content=\"https:\/\/www.bonvent.cat\/es\/product\/crema-hidratante-olivia-aceite-oliva-i-karite\/\" \/>\n<meta property=\"og:site_name\" content=\"Bon Vent\" \/>\n<meta property=\"article:publisher\" content=\"https:\/\/www.facebook.com\/bonventbcn?ref=hl\" \/>\n<meta property=\"article:modified_time\" content=\"2020-11-13T16:10:58+00:00\" \/>\n<meta property=\"og:image\" content=\"https:\/\/www.bonvent.cat\/wp-content\/uploads\/2017\/05\/marius-fabre-olivia-crema-hidratant-cara-i-cos-1.jpg\" \/>\n\t<meta property=\"og:image:width\" content=\"620\" \/>\n\t<meta property=\"og:image:height\" content=\"797\" \/>\n\t<meta property=\"og:image:type\" content=\"image\/jpeg\" \/>\n<meta name=\"twitter:label1\" content=\"Tiempo de lectura\" \/>\n\t<meta name=\"twitter:data1\" content=\"2 minutos\" \/>\n<script type=\"application\/ld+json\" class=\"yoast-schema-graph\">{\"@context\":\"https:\/\/schema.org\",\"@graph\":[{\"@type\":\"WebPage\",\"@id\":\"https:\/\/www.bonvent.cat\/es\/product\/crema-hidratante-olivia-aceite-oliva-i-karite\/\",\"url\":\"https:\/\/www.bonvent.cat\/es\/product\/crema-hidratante-olivia-aceite-oliva-i-karite\/\",\"name\":\"La crema hidratante Olivia contiene aceite de oliva y manteca de karit\u00e9.\",\"isPartOf\":{\"@id\":\"https:\/\/www.bonvent.cat\/es\/#website\"},\"primaryImageOfPage\":{\"@id\":\"https:\/\/www.bonvent.cat\/es\/product\/crema-hidratante-olivia-aceite-oliva-i-karite\/#primaryimage\"},\"image\":{\"@id\":\"https:\/\/www.bonvent.cat\/es\/product\/crema-hidratante-olivia-aceite-oliva-i-karite\/#primaryimage\"},\"thumbnailUrl\":\"https:\/\/www.bonvent.cat\/wp-content\/uploads\/2017\/05\/marius-fabre-olivia-crema-hidratant-cara-i-cos-1.jpg\",\"datePublished\":\"2017-07-18T13:10:12+00:00\",\"dateModified\":\"2020-11-13T16:10:58+00:00\",\"description\":\"La crema hidtratante de Olivia est\u00e1 hecha con aceite de oliva y manteca de karit\u00e9, reconocida por sus propiedades hidratantes.\",\"breadcrumb\":{\"@id\":\"https:\/\/www.bonvent.cat\/es\/product\/crema-hidratante-olivia-aceite-oliva-i-karite\/#breadcrumb\"},\"inLanguage\":\"es\",\"potentialAction\":[{\"@type\":\"ReadAction\",\"target\":[\"https:\/\/www.bonvent.cat\/es\/product\/crema-hidratante-olivia-aceite-oliva-i-karite\/\"]}]},{\"@type\":\"ImageObject\",\"inLanguage\":\"es\",\"@id\":\"https:\/\/www.bonvent.cat\/es\/product\/crema-hidratante-olivia-aceite-oliva-i-karite\/#primaryimage\",\"url\":\"https:\/\/www.bonvent.cat\/wp-content\/uploads\/2017\/05\/marius-fabre-olivia-crema-hidratant-cara-i-cos-1.jpg\",\"contentUrl\":\"https:\/\/www.bonvent.cat\/wp-content\/uploads\/2017\/05\/marius-fabre-olivia-crema-hidratant-cara-i-cos-1.jpg\",\"width\":620,\"height\":797},{\"@type\":\"BreadcrumbList\",\"@id\":\"https:\/\/www.bonvent.cat\/es\/product\/crema-hidratante-olivia-aceite-oliva-i-karite\/#breadcrumb\",\"itemListElement\":[{\"@type\":\"ListItem\",\"position\":1,\"name\":\"Inici\",\"item\":\"https:\/\/www.bonvent.cat\/es\/\"},{\"@type\":\"ListItem\",\"position\":2,\"name\":\"Botiga\",\"item\":\"https:\/\/www.bonvent.cat\/?page_id=1953091\"},{\"@type\":\"ListItem\",\"position\":3,\"name\":\"Crema hidratante Olivia con aceite de oliva y karit\u00e9\"}]},{\"@type\":\"WebSite\",\"@id\":\"https:\/\/www.bonvent.cat\/es\/#website\",\"url\":\"https:\/\/www.bonvent.cat\/es\/\",\"name\":\"Bon Vent\",\"description\":\"Botiga d\u2019inspiraci\u00f3 mediterr\u00e0nia\",\"publisher\":{\"@id\":\"https:\/\/www.bonvent.cat\/es\/#organization\"},\"potentialAction\":[{\"@type\":\"SearchAction\",\"target\":{\"@type\":\"EntryPoint\",\"urlTemplate\":\"https:\/\/www.bonvent.cat\/es\/?s={search_term_string}\"},\"query-input\":{\"@type\":\"PropertyValueSpecification\",\"valueRequired\":true,\"valueName\":\"search_term_string\"}}],\"inLanguage\":\"es\"},{\"@type\":\"Organization\",\"@id\":\"https:\/\/www.bonvent.cat\/es\/#organization\",\"name\":\"Bon Vent\",\"url\":\"https:\/\/www.bonvent.cat\/es\/\",\"logo\":{\"@type\":\"ImageObject\",\"inLanguage\":\"es\",\"@id\":\"https:\/\/www.bonvent.cat\/es\/#\/schema\/logo\/image\/\",\"url\":\"https:\/\/www.bonvent.cat\/wp-content\/uploads\/2021\/11\/logoh.png\",\"contentUrl\":\"https:\/\/www.bonvent.cat\/wp-content\/uploads\/2021\/11\/logoh.png\",\"width\":640,\"height\":121,\"caption\":\"Bon Vent\"},\"image\":{\"@id\":\"https:\/\/www.bonvent.cat\/es\/#\/schema\/logo\/image\/\"},\"sameAs\":[\"https:\/\/www.facebook.com\/bonventbcn?ref=hl\",\"https:\/\/www.instagram.com\/bon_ventbarcelona\/\",\"https:\/\/es.pinterest.com\/BONVENTmed\/\"]}]}<\/script>\n<!-- \/ Yoast SEO plugin. -->","yoast_head_json":{"title":"La crema hidratante Olivia contiene aceite de oliva y manteca de karit\u00e9.","description":"La crema hidtratante de Olivia est\u00e1 hecha con aceite de oliva y manteca de karit\u00e9, reconocida por sus propiedades hidratantes.","robots":{"index":"index","follow":"follow","max-snippet":"max-snippet:-1","max-image-preview":"max-image-preview:large","max-video-preview":"max-video-preview:-1"},"canonical":"https:\/\/www.bonvent.cat\/es\/product\/crema-hidratante-olivia-aceite-oliva-i-karite\/","og_locale":"es_ES","og_type":"article","og_title":"La crema hidratante Olivia contiene aceite de oliva y manteca de karit\u00e9.","og_description":"La crema hidtratante de Olivia est\u00e1 hecha con aceite de oliva y manteca de karit\u00e9, reconocida por sus propiedades hidratantes.","og_url":"https:\/\/www.bonvent.cat\/es\/product\/crema-hidratante-olivia-aceite-oliva-i-karite\/","og_site_name":"Bon Vent","article_publisher":"https:\/\/www.facebook.com\/bonventbcn?ref=hl","article_modified_time":"2020-11-13T16:10:58+00:00","og_image":[{"width":620,"height":797,"url":"https:\/\/www.bonvent.cat\/wp-content\/uploads\/2017\/05\/marius-fabre-olivia-crema-hidratant-cara-i-cos-1.jpg","type":"image\/jpeg"}],"twitter_misc":{"Tiempo de lectura":"2 minutos"},"schema":{"@context":"https:\/\/schema.org","@graph":[{"@type":"WebPage","@id":"https:\/\/www.bonvent.cat\/es\/product\/crema-hidratante-olivia-aceite-oliva-i-karite\/","url":"https:\/\/www.bonvent.cat\/es\/product\/crema-hidratante-olivia-aceite-oliva-i-karite\/","name":"La crema hidratante Olivia contiene aceite de oliva y manteca de karit\u00e9.","isPartOf":{"@id":"https:\/\/www.bonvent.cat\/es\/#website"},"primaryImageOfPage":{"@id":"https:\/\/www.bonvent.cat\/es\/product\/crema-hidratante-olivia-aceite-oliva-i-karite\/#primaryimage"},"image":{"@id":"https:\/\/www.bonvent.cat\/es\/product\/crema-hidratante-olivia-aceite-oliva-i-karite\/#primaryimage"},"thumbnailUrl":"https:\/\/www.bonvent.cat\/wp-content\/uploads\/2017\/05\/marius-fabre-olivia-crema-hidratant-cara-i-cos-1.jpg","datePublished":"2017-07-18T13:10:12+00:00","dateModified":"2020-11-13T16:10:58+00:00","description":"La crema hidtratante de Olivia est\u00e1 hecha con aceite de oliva y manteca de karit\u00e9, reconocida por sus propiedades hidratantes.","breadcrumb":{"@id":"https:\/\/www.bonvent.cat\/es\/product\/crema-hidratante-olivia-aceite-oliva-i-karite\/#breadcrumb"},"inLanguage":"es","potentialAction":[{"@type":"ReadAction","target":["https:\/\/www.bonvent.cat\/es\/product\/crema-hidratante-olivia-aceite-oliva-i-karite\/"]}]},{"@type":"ImageObject","inLanguage":"es","@id":"https:\/\/www.bonvent.cat\/es\/product\/crema-hidratante-olivia-aceite-oliva-i-karite\/#primaryimage","url":"https:\/\/www.bonvent.cat\/wp-content\/uploads\/2017\/05\/marius-fabre-olivia-crema-hidratant-cara-i-cos-1.jpg","contentUrl":"https:\/\/www.bonvent.cat\/wp-content\/uploads\/2017\/05\/marius-fabre-olivia-crema-hidratant-cara-i-cos-1.jpg","width":620,"height":797},{"@type":"BreadcrumbList","@id":"https:\/\/www.bonvent.cat\/es\/product\/crema-hidratante-olivia-aceite-oliva-i-karite\/#breadcrumb","itemListElement":[{"@type":"ListItem","position":1,"name":"Inici","item":"https:\/\/www.bonvent.cat\/es\/"},{"@type":"ListItem","position":2,"name":"Botiga","item":"https:\/\/www.bonvent.cat\/?page_id=1953091"},{"@type":"ListItem","position":3,"name":"Crema hidratante Olivia con aceite de oliva y karit\u00e9"}]},{"@type":"WebSite","@id":"https:\/\/www.bonvent.cat\/es\/#website","url":"https:\/\/www.bonvent.cat\/es\/","name":"Bon Vent","description":"Botiga d\u2019inspiraci\u00f3 mediterr\u00e0nia","publisher":{"@id":"https:\/\/www.bonvent.cat\/es\/#organization"},"potentialAction":[{"@type":"SearchAction","target":{"@type":"EntryPoint","urlTemplate":"https:\/\/www.bonvent.cat\/es\/?s={search_term_string}"},"query-input":{"@type":"PropertyValueSpecification","valueRequired":true,"valueName":"search_term_string"}}],"inLanguage":"es"},{"@type":"Organization","@id":"https:\/\/www.bonvent.cat\/es\/#organization","name":"Bon Vent","url":"https:\/\/www.bonvent.cat\/es\/","logo":{"@type":"ImageObject","inLanguage":"es","@id":"https:\/\/www.bonvent.cat\/es\/#\/schema\/logo\/image\/","url":"https:\/\/www.bonvent.cat\/wp-content\/uploads\/2021\/11\/logoh.png","contentUrl":"https:\/\/www.bonvent.cat\/wp-content\/uploads\/2021\/11\/logoh.png","width":640,"height":121,"caption":"Bon Vent"},"image":{"@id":"https:\/\/www.bonvent.cat\/es\/#\/schema\/logo\/image\/"},"sameAs":["https:\/\/www.facebook.com\/bonventbcn?ref=hl","https:\/\/www.instagram.com\/bon_ventbarcelona\/","https:\/\/es.pinterest.com\/BONVENTmed\/"]}]}},"_links":{"self":[{"href":"https:\/\/www.bonvent.cat\/es\/wp-json\/wp\/v2\/product\/10471","targetHints":{"allow":["GET"]}}],"collection":[{"href":"https:\/\/www.bonvent.cat\/es\/wp-json\/wp\/v2\/product"}],"about":[{"href":"https:\/\/www.bonvent.cat\/es\/wp-json\/wp\/v2\/types\/product"}],"replies":[{"embeddable":true,"href":"https:\/\/www.bonvent.cat\/es\/wp-json\/wp\/v2\/comments?post=10471"}],"version-history":[{"count":0,"href":"https:\/\/www.bonvent.cat\/es\/wp-json\/wp\/v2\/product\/10471\/revisions"}],"wp:featuredmedia":[{"embeddable":true,"href":"https:\/\/www.bonvent.cat\/es\/wp-json\/wp\/v2\/media\/10001"}],"wp:attachment":[{"href":"https:\/\/www.bonvent.cat\/es\/wp-json\/wp\/v2\/media?parent=10471"}],"wp:term":[{"taxonomy":"product_brand","embeddable":true,"href":"https:\/\/www.bonvent.cat\/es\/wp-json\/wp\/v2\/product_brand?post=10471"},{"taxonomy":"product_cat","embeddable":true,"href":"https:\/\/www.bonvent.cat\/es\/wp-json\/wp\/v2\/product_cat?post=10471"},{"taxonomy":"product_tag","embeddable":true,"href":"https:\/\/www.bonvent.cat\/es\/wp-json\/wp\/v2\/product_tag?post=10471"}],"curies":[{"name":"wp","href":"https:\/\/api.w.org\/{rel}","templated":true}]}}