{"id":10645,"date":"2017-11-28T14:11:29","date_gmt":"2017-11-28T13:18:34","guid":{"rendered":"https:\/\/www.bonvent.cat\/?post_type=product&#038;p=10645\/"},"modified":"2020-11-09T20:22:58","modified_gmt":"2020-11-09T19:22:58","slug":"helleo-soap-cerveza-negra-romero","status":"publish","type":"product","link":"https:\/\/www.bonvent.cat\/es\/product\/helleo-soap-cerveza-negra-romero\/","title":{"rendered":"Helleo soap &#8211; Cerveza negra y romero"},"content":{"rendered":"<p>La compa\u00f1\u00eda Helleo da la bienvenida a todos aquellos que desean seguir un estilo de vida m\u00e1s natural y de calidad.<br \/>\nSon una empresa familiar con una gran pasi\u00f3n por el cultivo de olivos y los productos puros que les brindan. Llenos de visi\u00f3n y arte, unen\u00a0 la tradici\u00f3n con el dise\u00f1o moderno. Con respeto a su pasado, miran hacia su futuro.<\/p>\n<h2>Su tierra<\/h2>\n<p>Originario de la isla de Creta, centro de la antigua civilizaci\u00f3n minoica, en la cual el olivo era considerado sagrado. Con conciencia ambiental y respeto a la tradici\u00f3n, cultivan los olivares de sus abuelos en la regi\u00f3n de Viannos, Heraklion, cerca del Palacio de Knossos, conocido mundialmente por su microclima y excepcional aceite de oliva. De su propio aceite de oliva virgen extra org\u00e1nico, produjeron con orgullo el jab\u00f3n de la mejor calidad. Fue entonces cuando\u00a0 Helleo naci\u00f3.<\/p>\n<h2>En su taller<\/h2>\n<p>El proceso de producci\u00f3n se lleva a cabo completamente por ellos, para asegurar la alta calidad de sus productos, y tambi\u00e9n porque les apasiona lo que hacen. En su taller ecol\u00f3gico, hacen todo el trabajo a mano. Producen cero residuos y utilizan materiales 100% reciclables. Su huella ecol\u00f3gica es cero. El proceso de producci\u00f3n est\u00e1 autorizado por la Organizaci\u00f3n Nacional de Medicamentos. Todos sus productos est\u00e1n sujetos a la regulaci\u00f3n sobre productos cosm\u00e9ticos, y se notifican en el Portal europeo de notificaci\u00f3n de productos cosm\u00e9ticos CPNP.<\/p>\n<h2>Sello Helleo<\/h2>\n<p>El jab\u00f3n Helleo es 100% natural y hecho a mano su propio aceite de oliva virgen extra org\u00e1nico y solo ingredientes puros. Es ecol\u00f3gico, 100% biodegradable, y se produce en lotes peque\u00f1os, lo que garantiza que todos los procedimientos y controles de calidad se siguen al pie de la letra. El jab\u00f3n se fabrica usando el proceso en fr\u00edo, el m\u00e9todo m\u00e1s puro utilizado para cosm\u00e9ticos, y se cura de forma natural durante varias semanas. De esta manera, todas las propiedades deliciosas de los ingredientes individuales permanecen intactas.<\/p>\n<h2>Materia prima<\/h2>\n<p>Su mezcla para cada receta consiste en materias primas \u00fanicas de la mejor calidad. Su ingrediente principal es el aceite de oliva virgen extra org\u00e1nico que esta familia produce cada a\u00f1o. Adem\u00e1s, cooperan con productores locales de productos premium que tienen la misma visi\u00f3n y pasi\u00f3n que ellos. Por lo tanto, mezclan de forma armoniosa sus olivos Minoicos con vinos, las hierbas de Hip\u00f3crates, la miel local, la cebada y la fruta, creando jab\u00f3n de nombre y origen significativos.<\/p>\n<h3><\/h3>\n<p>&nbsp;<\/p>\n","protected":false},"excerpt":{"rendered":"<p>Jab\u00f3n t\u00f3nico para la piel: ideal para la p\u00e9rdida de cabello y la caspa.<br \/>\nEste jab\u00f3n, arraigado en el antiguo Egipto, se compromete a limpiar el cuerpo y el cabello contribuyendo significativamente al problema de la ca\u00edda del cabello, la caspa o la grasa. Las propiedades emolientes y nutritivas de la cerveza negra, las propiedades antioxidantes y t\u00f3nicas del romero y la mezcla de aceites esenciales estimulan la piel y vigorizan el cuero cabelludo.<br \/>\n100% ecol\u00f3gico &#8211; Hecho a mano &#8211; 100% natural \u2013 No testado en animales &#8211; Vegano<\/p>\n<p>&nbsp;<\/p>\n<h3>Propiedades<\/h3>\n<p>Jab\u00f3n t\u00f3nico para la piel<br \/>\nIdeal para la p\u00e9rdida de cabello y la caspa<\/p>\n<h3>Uso<\/h3>\n<p>Todos los tipos de piel \/ Uso diario \/ Cara, cuerpo y cabello<\/p>\n<h3>Ingredientes<\/h3>\n<p>Aceite de oliva ecol\u00f3gico, aceite de coco, extracto de romero, cerveza negra org\u00e1nica, aceites esenciales puros: romero, menta, ylang ylang, pachul\u00ed<\/p>\n<h3>Embalaje<\/h3>\n<p>120 g e 4.2 oz<br \/>\n30 g e 1 oz<\/p>\n","protected":false},"featured_media":10638,"comment_status":"closed","ping_status":"closed","template":"","meta":[],"product_brand":[],"product_cat":[1159,1226],"product_tag":[1014,1010,1012,1084,405,1090,1082,1072,1088,1086,1002,1080],"class_list":{"0":"post-10645","1":"product","2":"type-product","3":"status-publish","4":"has-post-thumbnail","6":"product_cat-bano-cuidados","7":"product_cat-higiene-personal-es","8":"product_tag-aceite-de-oliva-es","9":"product_tag-belleza-mediterranea-es","10":"product_tag-cultura-mediterranea-es","11":"product_tag-ecofriendly-es","12":"product_tag-hecho-a-mano","13":"product_tag-hechoencreta-es","14":"product_tag-helleo-es","15":"product_tag-helleosoap-es","16":"product_tag-notestadoenanimales-es","17":"product_tag-organico","18":"product_tag-productos-de-belleza-es","19":"product_tag-vegano-es-2","21":"first","22":"instock","23":"taxable","24":"shipping-taxable","25":"purchasable","26":"product-type-simple"},"yoast_head":"<!-- This site is optimized with the Yoast SEO plugin v25.3.1 - https:\/\/yoast.com\/wordpress\/plugins\/seo\/ -->\n<title>Helleo soap - Cerveza negra y romero. Trata la p\u00e9rdida de cabello y caspa.<\/title>\n<meta name=\"description\" content=\"Helleo soap - Cerveza negra y romero. Trata la p\u00e9rdida de cabello y la caspa. 100% ecol\u00f3gico - Hecho a mano - 100% natural \u2013 No testado en animales - Vegano\" \/>\n<meta name=\"robots\" content=\"index, follow, max-snippet:-1, max-image-preview:large, max-video-preview:-1\" \/>\n<link rel=\"canonical\" href=\"https:\/\/www.bonvent.cat\/es\/product\/helleo-soap-cerveza-negra-romero\/\" \/>\n<meta property=\"og:locale\" content=\"es_ES\" \/>\n<meta property=\"og:type\" content=\"article\" \/>\n<meta property=\"og:title\" content=\"Helleo soap - Cerveza negra y romero. Trata la p\u00e9rdida de cabello y caspa.\" \/>\n<meta property=\"og:description\" content=\"Helleo soap - Cerveza negra y romero. Trata la p\u00e9rdida de cabello y la caspa. 100% ecol\u00f3gico - Hecho a mano - 100% natural \u2013 No testado en animales - Vegano\" \/>\n<meta property=\"og:url\" content=\"https:\/\/www.bonvent.cat\/es\/product\/helleo-soap-cerveza-negra-romero\/\" \/>\n<meta property=\"og:site_name\" content=\"Bon Vent\" \/>\n<meta property=\"article:publisher\" content=\"https:\/\/www.facebook.com\/bonventbcn?ref=hl\" \/>\n<meta property=\"article:modified_time\" content=\"2020-11-09T19:22:58+00:00\" \/>\n<meta property=\"og:image\" content=\"https:\/\/www.bonvent.cat\/wp-content\/uploads\/2017\/11\/Helleo-Black-beer-and-rosemary.jpg\" \/>\n\t<meta property=\"og:image:width\" content=\"510\" \/>\n\t<meta property=\"og:image:height\" content=\"652\" \/>\n\t<meta property=\"og:image:type\" content=\"image\/jpeg\" \/>\n<meta name=\"twitter:label1\" content=\"Tiempo de lectura\" \/>\n\t<meta name=\"twitter:data1\" content=\"2 minutos\" \/>\n<script type=\"application\/ld+json\" class=\"yoast-schema-graph\">{\"@context\":\"https:\/\/schema.org\",\"@graph\":[{\"@type\":\"WebPage\",\"@id\":\"https:\/\/www.bonvent.cat\/es\/product\/helleo-soap-cerveza-negra-romero\/\",\"url\":\"https:\/\/www.bonvent.cat\/es\/product\/helleo-soap-cerveza-negra-romero\/\",\"name\":\"Helleo soap - Cerveza negra y romero. Trata la p\u00e9rdida de cabello y caspa.\",\"isPartOf\":{\"@id\":\"https:\/\/www.bonvent.cat\/es\/#website\"},\"primaryImageOfPage\":{\"@id\":\"https:\/\/www.bonvent.cat\/es\/product\/helleo-soap-cerveza-negra-romero\/#primaryimage\"},\"image\":{\"@id\":\"https:\/\/www.bonvent.cat\/es\/product\/helleo-soap-cerveza-negra-romero\/#primaryimage\"},\"thumbnailUrl\":\"https:\/\/www.bonvent.cat\/wp-content\/uploads\/2017\/11\/Helleo-Black-beer-and-rosemary.jpg\",\"datePublished\":\"2017-11-28T13:18:34+00:00\",\"dateModified\":\"2020-11-09T19:22:58+00:00\",\"description\":\"Helleo soap - Cerveza negra y romero. Trata la p\u00e9rdida de cabello y la caspa. 100% ecol\u00f3gico - Hecho a mano - 100% natural \u2013 No testado en animales - Vegano\",\"breadcrumb\":{\"@id\":\"https:\/\/www.bonvent.cat\/es\/product\/helleo-soap-cerveza-negra-romero\/#breadcrumb\"},\"inLanguage\":\"es\",\"potentialAction\":[{\"@type\":\"ReadAction\",\"target\":[\"https:\/\/www.bonvent.cat\/es\/product\/helleo-soap-cerveza-negra-romero\/\"]}]},{\"@type\":\"ImageObject\",\"inLanguage\":\"es\",\"@id\":\"https:\/\/www.bonvent.cat\/es\/product\/helleo-soap-cerveza-negra-romero\/#primaryimage\",\"url\":\"https:\/\/www.bonvent.cat\/wp-content\/uploads\/2017\/11\/Helleo-Black-beer-and-rosemary.jpg\",\"contentUrl\":\"https:\/\/www.bonvent.cat\/wp-content\/uploads\/2017\/11\/Helleo-Black-beer-and-rosemary.jpg\",\"width\":510,\"height\":652},{\"@type\":\"BreadcrumbList\",\"@id\":\"https:\/\/www.bonvent.cat\/es\/product\/helleo-soap-cerveza-negra-romero\/#breadcrumb\",\"itemListElement\":[{\"@type\":\"ListItem\",\"position\":1,\"name\":\"Inici\",\"item\":\"https:\/\/www.bonvent.cat\/es\/\"},{\"@type\":\"ListItem\",\"position\":2,\"name\":\"Botiga\",\"item\":\"https:\/\/www.bonvent.cat\/?page_id=1953091\"},{\"@type\":\"ListItem\",\"position\":3,\"name\":\"Helleo soap &#8211; Cerveza negra y romero\"}]},{\"@type\":\"WebSite\",\"@id\":\"https:\/\/www.bonvent.cat\/es\/#website\",\"url\":\"https:\/\/www.bonvent.cat\/es\/\",\"name\":\"Bon Vent\",\"description\":\"Botiga d\u2019inspiraci\u00f3 mediterr\u00e0nia\",\"publisher\":{\"@id\":\"https:\/\/www.bonvent.cat\/es\/#organization\"},\"potentialAction\":[{\"@type\":\"SearchAction\",\"target\":{\"@type\":\"EntryPoint\",\"urlTemplate\":\"https:\/\/www.bonvent.cat\/es\/?s={search_term_string}\"},\"query-input\":{\"@type\":\"PropertyValueSpecification\",\"valueRequired\":true,\"valueName\":\"search_term_string\"}}],\"inLanguage\":\"es\"},{\"@type\":\"Organization\",\"@id\":\"https:\/\/www.bonvent.cat\/es\/#organization\",\"name\":\"Bon Vent\",\"url\":\"https:\/\/www.bonvent.cat\/es\/\",\"logo\":{\"@type\":\"ImageObject\",\"inLanguage\":\"es\",\"@id\":\"https:\/\/www.bonvent.cat\/es\/#\/schema\/logo\/image\/\",\"url\":\"https:\/\/www.bonvent.cat\/wp-content\/uploads\/2021\/11\/logoh.png\",\"contentUrl\":\"https:\/\/www.bonvent.cat\/wp-content\/uploads\/2021\/11\/logoh.png\",\"width\":640,\"height\":121,\"caption\":\"Bon Vent\"},\"image\":{\"@id\":\"https:\/\/www.bonvent.cat\/es\/#\/schema\/logo\/image\/\"},\"sameAs\":[\"https:\/\/www.facebook.com\/bonventbcn?ref=hl\",\"https:\/\/www.instagram.com\/bon_ventbarcelona\/\",\"https:\/\/es.pinterest.com\/BONVENTmed\/\"]}]}<\/script>\n<!-- \/ Yoast SEO plugin. -->","yoast_head_json":{"title":"Helleo soap - Cerveza negra y romero. Trata la p\u00e9rdida de cabello y caspa.","description":"Helleo soap - Cerveza negra y romero. Trata la p\u00e9rdida de cabello y la caspa. 100% ecol\u00f3gico - Hecho a mano - 100% natural \u2013 No testado en animales - Vegano","robots":{"index":"index","follow":"follow","max-snippet":"max-snippet:-1","max-image-preview":"max-image-preview:large","max-video-preview":"max-video-preview:-1"},"canonical":"https:\/\/www.bonvent.cat\/es\/product\/helleo-soap-cerveza-negra-romero\/","og_locale":"es_ES","og_type":"article","og_title":"Helleo soap - Cerveza negra y romero. Trata la p\u00e9rdida de cabello y caspa.","og_description":"Helleo soap - Cerveza negra y romero. Trata la p\u00e9rdida de cabello y la caspa. 100% ecol\u00f3gico - Hecho a mano - 100% natural \u2013 No testado en animales - Vegano","og_url":"https:\/\/www.bonvent.cat\/es\/product\/helleo-soap-cerveza-negra-romero\/","og_site_name":"Bon Vent","article_publisher":"https:\/\/www.facebook.com\/bonventbcn?ref=hl","article_modified_time":"2020-11-09T19:22:58+00:00","og_image":[{"width":510,"height":652,"url":"https:\/\/www.bonvent.cat\/wp-content\/uploads\/2017\/11\/Helleo-Black-beer-and-rosemary.jpg","type":"image\/jpeg"}],"twitter_misc":{"Tiempo de lectura":"2 minutos"},"schema":{"@context":"https:\/\/schema.org","@graph":[{"@type":"WebPage","@id":"https:\/\/www.bonvent.cat\/es\/product\/helleo-soap-cerveza-negra-romero\/","url":"https:\/\/www.bonvent.cat\/es\/product\/helleo-soap-cerveza-negra-romero\/","name":"Helleo soap - Cerveza negra y romero. Trata la p\u00e9rdida de cabello y caspa.","isPartOf":{"@id":"https:\/\/www.bonvent.cat\/es\/#website"},"primaryImageOfPage":{"@id":"https:\/\/www.bonvent.cat\/es\/product\/helleo-soap-cerveza-negra-romero\/#primaryimage"},"image":{"@id":"https:\/\/www.bonvent.cat\/es\/product\/helleo-soap-cerveza-negra-romero\/#primaryimage"},"thumbnailUrl":"https:\/\/www.bonvent.cat\/wp-content\/uploads\/2017\/11\/Helleo-Black-beer-and-rosemary.jpg","datePublished":"2017-11-28T13:18:34+00:00","dateModified":"2020-11-09T19:22:58+00:00","description":"Helleo soap - Cerveza negra y romero. Trata la p\u00e9rdida de cabello y la caspa. 100% ecol\u00f3gico - Hecho a mano - 100% natural \u2013 No testado en animales - Vegano","breadcrumb":{"@id":"https:\/\/www.bonvent.cat\/es\/product\/helleo-soap-cerveza-negra-romero\/#breadcrumb"},"inLanguage":"es","potentialAction":[{"@type":"ReadAction","target":["https:\/\/www.bonvent.cat\/es\/product\/helleo-soap-cerveza-negra-romero\/"]}]},{"@type":"ImageObject","inLanguage":"es","@id":"https:\/\/www.bonvent.cat\/es\/product\/helleo-soap-cerveza-negra-romero\/#primaryimage","url":"https:\/\/www.bonvent.cat\/wp-content\/uploads\/2017\/11\/Helleo-Black-beer-and-rosemary.jpg","contentUrl":"https:\/\/www.bonvent.cat\/wp-content\/uploads\/2017\/11\/Helleo-Black-beer-and-rosemary.jpg","width":510,"height":652},{"@type":"BreadcrumbList","@id":"https:\/\/www.bonvent.cat\/es\/product\/helleo-soap-cerveza-negra-romero\/#breadcrumb","itemListElement":[{"@type":"ListItem","position":1,"name":"Inici","item":"https:\/\/www.bonvent.cat\/es\/"},{"@type":"ListItem","position":2,"name":"Botiga","item":"https:\/\/www.bonvent.cat\/?page_id=1953091"},{"@type":"ListItem","position":3,"name":"Helleo soap &#8211; Cerveza negra y romero"}]},{"@type":"WebSite","@id":"https:\/\/www.bonvent.cat\/es\/#website","url":"https:\/\/www.bonvent.cat\/es\/","name":"Bon Vent","description":"Botiga d\u2019inspiraci\u00f3 mediterr\u00e0nia","publisher":{"@id":"https:\/\/www.bonvent.cat\/es\/#organization"},"potentialAction":[{"@type":"SearchAction","target":{"@type":"EntryPoint","urlTemplate":"https:\/\/www.bonvent.cat\/es\/?s={search_term_string}"},"query-input":{"@type":"PropertyValueSpecification","valueRequired":true,"valueName":"search_term_string"}}],"inLanguage":"es"},{"@type":"Organization","@id":"https:\/\/www.bonvent.cat\/es\/#organization","name":"Bon Vent","url":"https:\/\/www.bonvent.cat\/es\/","logo":{"@type":"ImageObject","inLanguage":"es","@id":"https:\/\/www.bonvent.cat\/es\/#\/schema\/logo\/image\/","url":"https:\/\/www.bonvent.cat\/wp-content\/uploads\/2021\/11\/logoh.png","contentUrl":"https:\/\/www.bonvent.cat\/wp-content\/uploads\/2021\/11\/logoh.png","width":640,"height":121,"caption":"Bon Vent"},"image":{"@id":"https:\/\/www.bonvent.cat\/es\/#\/schema\/logo\/image\/"},"sameAs":["https:\/\/www.facebook.com\/bonventbcn?ref=hl","https:\/\/www.instagram.com\/bon_ventbarcelona\/","https:\/\/es.pinterest.com\/BONVENTmed\/"]}]}},"_links":{"self":[{"href":"https:\/\/www.bonvent.cat\/es\/wp-json\/wp\/v2\/product\/10645","targetHints":{"allow":["GET"]}}],"collection":[{"href":"https:\/\/www.bonvent.cat\/es\/wp-json\/wp\/v2\/product"}],"about":[{"href":"https:\/\/www.bonvent.cat\/es\/wp-json\/wp\/v2\/types\/product"}],"replies":[{"embeddable":true,"href":"https:\/\/www.bonvent.cat\/es\/wp-json\/wp\/v2\/comments?post=10645"}],"version-history":[{"count":0,"href":"https:\/\/www.bonvent.cat\/es\/wp-json\/wp\/v2\/product\/10645\/revisions"}],"wp:featuredmedia":[{"embeddable":true,"href":"https:\/\/www.bonvent.cat\/es\/wp-json\/wp\/v2\/media\/10638"}],"wp:attachment":[{"href":"https:\/\/www.bonvent.cat\/es\/wp-json\/wp\/v2\/media?parent=10645"}],"wp:term":[{"taxonomy":"product_brand","embeddable":true,"href":"https:\/\/www.bonvent.cat\/es\/wp-json\/wp\/v2\/product_brand?post=10645"},{"taxonomy":"product_cat","embeddable":true,"href":"https:\/\/www.bonvent.cat\/es\/wp-json\/wp\/v2\/product_cat?post=10645"},{"taxonomy":"product_tag","embeddable":true,"href":"https:\/\/www.bonvent.cat\/es\/wp-json\/wp\/v2\/product_tag?post=10645"}],"curies":[{"name":"wp","href":"https:\/\/api.w.org\/{rel}","templated":true}]}}