{"id":10839,"date":"2018-04-24T12:21:59","date_gmt":"2018-04-24T10:28:39","guid":{"rendered":"https:\/\/www.bonvent.cat\/?post_type=product&#038;p=10839\/"},"modified":"2020-05-03T13:47:01","modified_gmt":"2020-05-03T11:47:01","slug":"aceitera-de-cristal-soplado-redonda-ambar-gordiola","status":"publish","type":"product","link":"https:\/\/www.bonvent.cat\/es\/product\/aceitera-de-cristal-soplado-redonda-ambar-gordiola\/","title":{"rendered":"Aceitera redonda de cristal soplado &#8211; \u00c1mbar &#8211; Gordiola"},"content":{"rendered":"<p><span lang=\"es-ES\">No podemos concebir el vidrio en Mallorca sin <a href=\"http:\/\/www.gordiola.com\/es\/el-vidrio-en-mallorca\" target=\"_blank\" rel=\"noopener\">Gordiola<\/a>. Aparte un reducido n\u00famero de piezas que corresponden a las ideas m\u00e1s primitivas que en vidrier\u00eda se conceb\u00edan y que llegaron a nosotros gracias a las reproducciones realizadas por su primer maestro, todo cuanto en vidrier\u00eda art\u00edstica se conoce en Mallorca se debe a Gordiola. El patrimonio hist\u00f3rico-art\u00edstico que nos han legado siete generaciones de vidrieros que se sucedieron en el tiempo y pertenecen a esta familia, lo demuestran.<\/span><\/p>\n<h3><span lang=\"es-ES\"><br \/>\nLa Familia Gordiola<\/span><\/h3>\n<p><span lang=\"es-ES\"><br \/>\nInvestigando sus or\u00edgenes, observamos que 1719, procedente de la Corona de Arag\u00f3n, se instala en Mallorca un joven vidriero y solicita permiso al Ayuntamiento de Palma para hacer un horno de vidrio. El informe favorable, fechado el 16 de agosto de 1719 concede al suplicate la autorizaci\u00f3n solicitada, ordenando que se haga un buen foso para guardar la le\u00f1a y para evitar incendios. Este horno solicitado por Blas Rigal, fu\u00e9 financiado por un comerciante catalano-aragon\u00e8s llamado Gordiola.<\/span><\/p>\n<p>Tras recorrer muchas etapas, fue con motivo de la Exposici\u00f3n Internacional de Barcelona, del a\u00f1o 1929 cuando Gordiola volvi\u00f3 los ojos a su primitiva tradici\u00f3n, dejando de lado la quimera industrial. All\u00ed, en Barcelona, en los hornos levantados en el Pueblo Espa\u00f1ol, se reproducieron los primitivos vidrios que la tradici\u00f3n familiar hab\u00eda conservado.<\/p>\n<p><span lang=\"ca-ES\">En los \u00faltimos cincuenta a\u00f1os, el desarrollo artesanal ha sido m\u00e1s vasto y sus vidrios est\u00e1n representados en todos los continentes. En las Ferias de Utrech, R\u00edo, Buenos Aires, Bruselas, New York, etc. los \u00e9xitos han sido espectaculares por la originalidad de las formas y la crom\u00e1tica de sus colores. <\/span><\/p>\n<h3 lang=\"es-ES\">Historia del vidrio Balear<\/h3>\n<p lang=\"es-ES\">Entre los descubrimientos debidos a la casualidad y que en el transcurso de las edades se han modificado por el esfuerzo inteligente del hombre, el descubrimiento del vidrio ocupa un lugar preeminente. Una historia detallada de las aplicaciones del vidrio absorber\u00e1 una parte important\u00edsima de la historia de la civilizaci\u00f3n.<\/p>\n<p>Para buscar el origen del vidrio, hay que remontarse a las edades de las civilizaciones prehist\u00f3ricas, ya que hay indicios de su conocimiento. Ahora bien, los primeros documentos que dan raz\u00f3n a su existencia, son anteriores al siglo IV.<\/p>\n<p>Los fenicios, primeros mercaderes del mundo, se sirvieron del nuevo producto, descubierto a orillas del r\u00edo Belus y al establecerse en nuestro litoral balear, instalaron sus hornos vidrieros durante el siglo II a. de J.C., siendo esta una de sus m\u00e1s valiosas aportaciones de la cultura oriental.<br \/>\nEvolucionaron los artistas baleares, creando nuevas formas durante la dominaci\u00f3n griega y cartaginesa. La imaginaci\u00f3n prodigiosa, la fabricaci\u00f3n de formas similares a las de alfarer\u00eda y la copia de originales importados del Egeo ayudaron a perfeccionar de tal modo el trabajo y lograron las vidrier\u00edas tal esplendor, que se cree muy acertado considerar esta \u00e9poca como la primera Edad de Oro del vidrio mallorqu\u00edn.<\/p>\n<p lang=\"es-ES\"><a name=\"result_box\"><\/a><br \/>\nLa dominaci\u00f3n \u00e1rabe tambi\u00e9n aport\u00f3 algunas concepciones art\u00edsticas, en desarrollar la vidrier\u00eda paralelamente a la manufactura cer\u00e1mica.<\/p>\n<p lang=\"es-ES\">Despu\u00e9s de la Conquista de Mallorca por Jaime I de Arag\u00f3n, florece nuevamente la vidrier\u00eda balear, que data documentalmente en 1327 el primer horno durante el reinado de Jaime III en Calvi\u00e0. Gracias a descripciones de inventarios, se cree que los vidrios mallorquines del siglo XV, fueron muy similares a los catalanes.<\/p>\n<p><span lang=\"es-ES\"><br \/>\nEl siglo XVIII es de decadencia para la vidrier\u00eda mallorquina. La ilustraci\u00f3n fomenta las artes nacionales y los gobernantes hacen venir maestros extranjeros para que ense\u00f1en a los artesanos locales. Mientras tanto, la vidrier\u00eda Mallorquina recibe una nueva influencia procedente de la Europa Central.<br \/>\nCasi se extingui\u00f3 la fabricaci\u00f3n de vidrios de lujo para la competencia de los vasos de oro y plata.<br \/>\nLos vidrieros aumentaron producci\u00f3n en detrimento de calidad. \u00danicamente sobrevivi\u00f3 el arte popular, humilde pero gracioso, que a\u00fan hoy perdura.<\/span><\/p>\n","protected":false},"excerpt":{"rendered":"<p><span lang=\"es-ES\">El arte de soplar el vidrio, la prodigiosa habilidad y la destreza en trabajarlo, constituye uno de los m\u00e1s preciosos valores de nuestra multisecular tradici\u00f3n art\u00edstica cultivada desde 1719 en los hornos vidrieros de la familia Gordiola. A lo largo de casi tres siglos, a trav\u00e9s de sucesivas generaciones, los artesanos y maestros vidrieros han ido modelando con el ingenio de su inspiraci\u00f3n, el aire de sus pulmones y la agilidad de sus manos las piezas, las formas, transparencias y reflejos que a\u00fan hoy nos seducen. Cada pieza es \u00fanica, por lo que ninguna es id\u00e9ntica a la otra. Toda burbuja irregularidad o asimetr\u00eda son caracter\u00edsticas del vidrio soplado artesanalmente y confieren a estas obras su particular encanto.<\/span><\/p>\n<p>Los artistas baleares, hasta el d\u00eda de hoy, contin\u00faan creando objetos tan antiguos para nuestra cultura como la aceitera.<\/p>\n","protected":false},"featured_media":11514,"comment_status":"closed","ping_status":"closed","template":"","meta":[],"product_brand":[],"product_cat":[1150,1230],"product_tag":[1112,1104,1032,1110,405,1108,417,654,1102],"class_list":{"0":"post-10839","1":"product","2":"type-product","3":"status-publish","4":"has-post-thumbnail","6":"product_cat-cocina-mesa","7":"product_cat-utensilios","8":"product_tag-arte","9":"product_tag-cristal-soplado","10":"product_tag-cultura-mediterranea-es-2","11":"product_tag-gordiola-es","12":"product_tag-hecho-a-mano","13":"product_tag-mallorca-es","14":"product_tag-mediterrani-es","15":"product_tag-menaje-de-hogar","16":"product_tag-producto-local","18":"first","19":"instock","20":"taxable","21":"shipping-taxable","22":"purchasable","23":"product-type-simple"},"yoast_head":"<!-- This site is optimized with the Yoast SEO plugin v25.3.1 - https:\/\/yoast.com\/wordpress\/plugins\/seo\/ -->\n<title>Aceitera redonda de cristal soplado - \u00c1mbar - Gordiola - Bon Vent<\/title>\n<meta name=\"description\" content=\"El arte de soplar el vidrio, constituye uno de los m\u00e1s preciosos valores de nuestra tradici\u00f3n art\u00edstica en los hornos vidrieros de la familia Gordiola.\" \/>\n<meta name=\"robots\" content=\"index, follow, max-snippet:-1, max-image-preview:large, max-video-preview:-1\" \/>\n<link rel=\"canonical\" href=\"https:\/\/www.bonvent.cat\/es\/product\/aceitera-de-cristal-soplado-redonda-ambar-gordiola\/\" \/>\n<meta property=\"og:locale\" content=\"es_ES\" \/>\n<meta property=\"og:type\" content=\"article\" \/>\n<meta property=\"og:title\" content=\"Aceitera redonda de cristal soplado - \u00c1mbar - Gordiola - Bon Vent\" \/>\n<meta property=\"og:description\" content=\"El arte de soplar el vidrio, constituye uno de los m\u00e1s preciosos valores de nuestra tradici\u00f3n art\u00edstica en los hornos vidrieros de la familia Gordiola.\" \/>\n<meta property=\"og:url\" content=\"https:\/\/www.bonvent.cat\/es\/product\/aceitera-de-cristal-soplado-redonda-ambar-gordiola\/\" \/>\n<meta property=\"og:site_name\" content=\"Bon Vent\" \/>\n<meta property=\"article:publisher\" content=\"https:\/\/www.facebook.com\/bonventbcn?ref=hl\" \/>\n<meta property=\"article:modified_time\" content=\"2020-05-03T11:47:01+00:00\" \/>\n<meta property=\"og:image\" content=\"https:\/\/www.bonvent.cat\/wp-content\/uploads\/2020\/05\/setrillera-ambre-rodona.jpg\" \/>\n\t<meta property=\"og:image:width\" content=\"1275\" \/>\n\t<meta property=\"og:image:height\" content=\"1630\" \/>\n\t<meta property=\"og:image:type\" content=\"image\/jpeg\" \/>\n<meta name=\"twitter:label1\" content=\"Tiempo de lectura\" \/>\n\t<meta name=\"twitter:data1\" content=\"3 minutos\" \/>\n<script type=\"application\/ld+json\" class=\"yoast-schema-graph\">{\"@context\":\"https:\/\/schema.org\",\"@graph\":[{\"@type\":\"WebPage\",\"@id\":\"https:\/\/www.bonvent.cat\/es\/product\/aceitera-de-cristal-soplado-redonda-ambar-gordiola\/\",\"url\":\"https:\/\/www.bonvent.cat\/es\/product\/aceitera-de-cristal-soplado-redonda-ambar-gordiola\/\",\"name\":\"Aceitera redonda de cristal soplado - \u00c1mbar - Gordiola - Bon Vent\",\"isPartOf\":{\"@id\":\"https:\/\/www.bonvent.cat\/es\/#website\"},\"primaryImageOfPage\":{\"@id\":\"https:\/\/www.bonvent.cat\/es\/product\/aceitera-de-cristal-soplado-redonda-ambar-gordiola\/#primaryimage\"},\"image\":{\"@id\":\"https:\/\/www.bonvent.cat\/es\/product\/aceitera-de-cristal-soplado-redonda-ambar-gordiola\/#primaryimage\"},\"thumbnailUrl\":\"https:\/\/www.bonvent.cat\/wp-content\/uploads\/2020\/05\/setrillera-ambre-rodona.jpg\",\"datePublished\":\"2018-04-24T10:28:39+00:00\",\"dateModified\":\"2020-05-03T11:47:01+00:00\",\"description\":\"El arte de soplar el vidrio, constituye uno de los m\u00e1s preciosos valores de nuestra tradici\u00f3n art\u00edstica en los hornos vidrieros de la familia Gordiola.\",\"breadcrumb\":{\"@id\":\"https:\/\/www.bonvent.cat\/es\/product\/aceitera-de-cristal-soplado-redonda-ambar-gordiola\/#breadcrumb\"},\"inLanguage\":\"es\",\"potentialAction\":[{\"@type\":\"ReadAction\",\"target\":[\"https:\/\/www.bonvent.cat\/es\/product\/aceitera-de-cristal-soplado-redonda-ambar-gordiola\/\"]}]},{\"@type\":\"ImageObject\",\"inLanguage\":\"es\",\"@id\":\"https:\/\/www.bonvent.cat\/es\/product\/aceitera-de-cristal-soplado-redonda-ambar-gordiola\/#primaryimage\",\"url\":\"https:\/\/www.bonvent.cat\/wp-content\/uploads\/2020\/05\/setrillera-ambre-rodona.jpg\",\"contentUrl\":\"https:\/\/www.bonvent.cat\/wp-content\/uploads\/2020\/05\/setrillera-ambre-rodona.jpg\",\"width\":1275,\"height\":1630},{\"@type\":\"BreadcrumbList\",\"@id\":\"https:\/\/www.bonvent.cat\/es\/product\/aceitera-de-cristal-soplado-redonda-ambar-gordiola\/#breadcrumb\",\"itemListElement\":[{\"@type\":\"ListItem\",\"position\":1,\"name\":\"Inici\",\"item\":\"https:\/\/www.bonvent.cat\/es\/\"},{\"@type\":\"ListItem\",\"position\":2,\"name\":\"Botiga\",\"item\":\"https:\/\/www.bonvent.cat\/?page_id=1953091\"},{\"@type\":\"ListItem\",\"position\":3,\"name\":\"Aceitera redonda de cristal soplado &#8211; \u00c1mbar &#8211; Gordiola\"}]},{\"@type\":\"WebSite\",\"@id\":\"https:\/\/www.bonvent.cat\/es\/#website\",\"url\":\"https:\/\/www.bonvent.cat\/es\/\",\"name\":\"Bon Vent\",\"description\":\"Botiga d\u2019inspiraci\u00f3 mediterr\u00e0nia\",\"publisher\":{\"@id\":\"https:\/\/www.bonvent.cat\/es\/#organization\"},\"potentialAction\":[{\"@type\":\"SearchAction\",\"target\":{\"@type\":\"EntryPoint\",\"urlTemplate\":\"https:\/\/www.bonvent.cat\/es\/?s={search_term_string}\"},\"query-input\":{\"@type\":\"PropertyValueSpecification\",\"valueRequired\":true,\"valueName\":\"search_term_string\"}}],\"inLanguage\":\"es\"},{\"@type\":\"Organization\",\"@id\":\"https:\/\/www.bonvent.cat\/es\/#organization\",\"name\":\"Bon Vent\",\"url\":\"https:\/\/www.bonvent.cat\/es\/\",\"logo\":{\"@type\":\"ImageObject\",\"inLanguage\":\"es\",\"@id\":\"https:\/\/www.bonvent.cat\/es\/#\/schema\/logo\/image\/\",\"url\":\"https:\/\/www.bonvent.cat\/wp-content\/uploads\/2021\/11\/logoh.png\",\"contentUrl\":\"https:\/\/www.bonvent.cat\/wp-content\/uploads\/2021\/11\/logoh.png\",\"width\":640,\"height\":121,\"caption\":\"Bon Vent\"},\"image\":{\"@id\":\"https:\/\/www.bonvent.cat\/es\/#\/schema\/logo\/image\/\"},\"sameAs\":[\"https:\/\/www.facebook.com\/bonventbcn?ref=hl\",\"https:\/\/www.instagram.com\/bon_ventbarcelona\/\",\"https:\/\/es.pinterest.com\/BONVENTmed\/\"]}]}<\/script>\n<!-- \/ Yoast SEO plugin. -->","yoast_head_json":{"title":"Aceitera redonda de cristal soplado - \u00c1mbar - Gordiola - Bon Vent","description":"El arte de soplar el vidrio, constituye uno de los m\u00e1s preciosos valores de nuestra tradici\u00f3n art\u00edstica en los hornos vidrieros de la familia Gordiola.","robots":{"index":"index","follow":"follow","max-snippet":"max-snippet:-1","max-image-preview":"max-image-preview:large","max-video-preview":"max-video-preview:-1"},"canonical":"https:\/\/www.bonvent.cat\/es\/product\/aceitera-de-cristal-soplado-redonda-ambar-gordiola\/","og_locale":"es_ES","og_type":"article","og_title":"Aceitera redonda de cristal soplado - \u00c1mbar - Gordiola - Bon Vent","og_description":"El arte de soplar el vidrio, constituye uno de los m\u00e1s preciosos valores de nuestra tradici\u00f3n art\u00edstica en los hornos vidrieros de la familia Gordiola.","og_url":"https:\/\/www.bonvent.cat\/es\/product\/aceitera-de-cristal-soplado-redonda-ambar-gordiola\/","og_site_name":"Bon Vent","article_publisher":"https:\/\/www.facebook.com\/bonventbcn?ref=hl","article_modified_time":"2020-05-03T11:47:01+00:00","og_image":[{"width":1275,"height":1630,"url":"https:\/\/www.bonvent.cat\/wp-content\/uploads\/2020\/05\/setrillera-ambre-rodona.jpg","type":"image\/jpeg"}],"twitter_misc":{"Tiempo de lectura":"3 minutos"},"schema":{"@context":"https:\/\/schema.org","@graph":[{"@type":"WebPage","@id":"https:\/\/www.bonvent.cat\/es\/product\/aceitera-de-cristal-soplado-redonda-ambar-gordiola\/","url":"https:\/\/www.bonvent.cat\/es\/product\/aceitera-de-cristal-soplado-redonda-ambar-gordiola\/","name":"Aceitera redonda de cristal soplado - \u00c1mbar - Gordiola - Bon Vent","isPartOf":{"@id":"https:\/\/www.bonvent.cat\/es\/#website"},"primaryImageOfPage":{"@id":"https:\/\/www.bonvent.cat\/es\/product\/aceitera-de-cristal-soplado-redonda-ambar-gordiola\/#primaryimage"},"image":{"@id":"https:\/\/www.bonvent.cat\/es\/product\/aceitera-de-cristal-soplado-redonda-ambar-gordiola\/#primaryimage"},"thumbnailUrl":"https:\/\/www.bonvent.cat\/wp-content\/uploads\/2020\/05\/setrillera-ambre-rodona.jpg","datePublished":"2018-04-24T10:28:39+00:00","dateModified":"2020-05-03T11:47:01+00:00","description":"El arte de soplar el vidrio, constituye uno de los m\u00e1s preciosos valores de nuestra tradici\u00f3n art\u00edstica en los hornos vidrieros de la familia Gordiola.","breadcrumb":{"@id":"https:\/\/www.bonvent.cat\/es\/product\/aceitera-de-cristal-soplado-redonda-ambar-gordiola\/#breadcrumb"},"inLanguage":"es","potentialAction":[{"@type":"ReadAction","target":["https:\/\/www.bonvent.cat\/es\/product\/aceitera-de-cristal-soplado-redonda-ambar-gordiola\/"]}]},{"@type":"ImageObject","inLanguage":"es","@id":"https:\/\/www.bonvent.cat\/es\/product\/aceitera-de-cristal-soplado-redonda-ambar-gordiola\/#primaryimage","url":"https:\/\/www.bonvent.cat\/wp-content\/uploads\/2020\/05\/setrillera-ambre-rodona.jpg","contentUrl":"https:\/\/www.bonvent.cat\/wp-content\/uploads\/2020\/05\/setrillera-ambre-rodona.jpg","width":1275,"height":1630},{"@type":"BreadcrumbList","@id":"https:\/\/www.bonvent.cat\/es\/product\/aceitera-de-cristal-soplado-redonda-ambar-gordiola\/#breadcrumb","itemListElement":[{"@type":"ListItem","position":1,"name":"Inici","item":"https:\/\/www.bonvent.cat\/es\/"},{"@type":"ListItem","position":2,"name":"Botiga","item":"https:\/\/www.bonvent.cat\/?page_id=1953091"},{"@type":"ListItem","position":3,"name":"Aceitera redonda de cristal soplado &#8211; \u00c1mbar &#8211; Gordiola"}]},{"@type":"WebSite","@id":"https:\/\/www.bonvent.cat\/es\/#website","url":"https:\/\/www.bonvent.cat\/es\/","name":"Bon Vent","description":"Botiga d\u2019inspiraci\u00f3 mediterr\u00e0nia","publisher":{"@id":"https:\/\/www.bonvent.cat\/es\/#organization"},"potentialAction":[{"@type":"SearchAction","target":{"@type":"EntryPoint","urlTemplate":"https:\/\/www.bonvent.cat\/es\/?s={search_term_string}"},"query-input":{"@type":"PropertyValueSpecification","valueRequired":true,"valueName":"search_term_string"}}],"inLanguage":"es"},{"@type":"Organization","@id":"https:\/\/www.bonvent.cat\/es\/#organization","name":"Bon Vent","url":"https:\/\/www.bonvent.cat\/es\/","logo":{"@type":"ImageObject","inLanguage":"es","@id":"https:\/\/www.bonvent.cat\/es\/#\/schema\/logo\/image\/","url":"https:\/\/www.bonvent.cat\/wp-content\/uploads\/2021\/11\/logoh.png","contentUrl":"https:\/\/www.bonvent.cat\/wp-content\/uploads\/2021\/11\/logoh.png","width":640,"height":121,"caption":"Bon Vent"},"image":{"@id":"https:\/\/www.bonvent.cat\/es\/#\/schema\/logo\/image\/"},"sameAs":["https:\/\/www.facebook.com\/bonventbcn?ref=hl","https:\/\/www.instagram.com\/bon_ventbarcelona\/","https:\/\/es.pinterest.com\/BONVENTmed\/"]}]}},"_links":{"self":[{"href":"https:\/\/www.bonvent.cat\/es\/wp-json\/wp\/v2\/product\/10839","targetHints":{"allow":["GET"]}}],"collection":[{"href":"https:\/\/www.bonvent.cat\/es\/wp-json\/wp\/v2\/product"}],"about":[{"href":"https:\/\/www.bonvent.cat\/es\/wp-json\/wp\/v2\/types\/product"}],"replies":[{"embeddable":true,"href":"https:\/\/www.bonvent.cat\/es\/wp-json\/wp\/v2\/comments?post=10839"}],"version-history":[{"count":0,"href":"https:\/\/www.bonvent.cat\/es\/wp-json\/wp\/v2\/product\/10839\/revisions"}],"wp:featuredmedia":[{"embeddable":true,"href":"https:\/\/www.bonvent.cat\/es\/wp-json\/wp\/v2\/media\/11514"}],"wp:attachment":[{"href":"https:\/\/www.bonvent.cat\/es\/wp-json\/wp\/v2\/media?parent=10839"}],"wp:term":[{"taxonomy":"product_brand","embeddable":true,"href":"https:\/\/www.bonvent.cat\/es\/wp-json\/wp\/v2\/product_brand?post=10839"},{"taxonomy":"product_cat","embeddable":true,"href":"https:\/\/www.bonvent.cat\/es\/wp-json\/wp\/v2\/product_cat?post=10839"},{"taxonomy":"product_tag","embeddable":true,"href":"https:\/\/www.bonvent.cat\/es\/wp-json\/wp\/v2\/product_tag?post=10839"}],"curies":[{"name":"wp","href":"https:\/\/api.w.org\/{rel}","templated":true}]}}