{"id":11567,"date":"2020-05-03T14:18:08","date_gmt":"2020-05-03T12:18:09","guid":{"rendered":"https:\/\/www.bonvent.cat\/?post_type=product&#038;p=11567\/"},"modified":"2020-12-02T19:04:36","modified_gmt":"2020-12-02T18:04:36","slug":"naranja-especiada-eau-de-toilette-50ml","status":"publish","type":"product","link":"https:\/\/www.bonvent.cat\/es\/product\/naranja-especiada-eau-de-toilette-50ml\/","title":{"rendered":"Naranja especiada. Eau de Toilette. Ainea Origens Barcelona"},"content":{"rendered":"<h2>Naranja especiada. Eau de Toilette. 50ml.<\/h2>\n<h5><span style=\"color: #339966;\">Origens Ainea<\/span> es una colecci\u00f3n de 5 eau de toilette elaborados bajo criterios de sostenibilidad.<\/h5>\n<p>Son frescos, luminosos y chispeantes, y armonizan a la perfecci\u00f3n con el ritmo de cada d\u00eda. Evocan los olores del Sur m\u00e1s caracter\u00edsticos: <span style=\"color: #ff6600;\">Flor de Azahar<\/span>,<span style=\"color: #ff99cc;\"> Jazm\u00edn Rosa<\/span>, <span style=\"color: #339966;\">Flor de T\u00e9<\/span>, <span style=\"color: #ffcc00;\">Madera de Lim\u00f3n<\/span> y <span style=\"color: #993300;\">Naranja Especiada<\/span>. Son fragancias f\u00e1ciles de llevar y diversas entre s\u00ed para escoger la que mejor sintonice con el momento presente.<\/p>\n<p>Contenido: Eau de Toilette. 50 ml\/1,7 fl. oz. Vapo 80% vol.<\/p>\n<p><a href=\"https:\/\/aineaperfums.com\/\" target=\"_blank\" rel=\"noopener noreferrer\">Ainea<\/a> es el proyecto de la perfumista y antrop\u00f3loga <a href=\"https:\/\/aineaperfums.com\/irene-gisbert\/\" target=\"_blank\" rel=\"noopener noreferrer\">Irene Gisbert<\/a>. Sus creaciones nacen en <a href=\"https:\/\/goo.gl\/maps\/AqUtSwMFMreyGiY96\" target=\"_blank\" rel=\"noopener noreferrer\">Tei\u00e0<\/a>, un peque\u00f1o pueblo de Barcelona, situado en la costa mediterr\u00e1nea dentro de un parque natural. Se trata de una producci\u00f3n artesanal que pretende evocar nuestro entorno y impregnar cada detalle de esencia mediterrania.<\/p>\n<p>El packaging es sostenible: la caja ilustrada y el interior est\u00e1n 100% libres de pl\u00e1sticos para facilitar su reciclado con el papel en el contenedor azul. El film transparente que protege el producto \u00a1no es pl\u00e1stico!, es de celulosa de papel y el 100% compostable y debe ir al contenedor org\u00e1nico. La etiqueta de cada Eau de Toilette es de mineral paper elaborada con materiales biodegradables. El envase es sostenible ya que todas sus partes se pueden separar y reciclar.<\/p>\n<h6>Valores Ainea: Creatividad, autenticidad, sostenibilidad, cercan\u00eda,\u00a0 flexibilidad.<\/h6>\n","protected":false},"excerpt":{"rendered":"<p>Un perfume 100% natural creado con aceites esenciales y esencias naturales. Dulce, fresco y alegre, aporta energ\u00eda y sensaci\u00f3n de bienestar.<\/p>\n<p>Un eau de toilette con naranja, lim\u00f3n, mandarina y un toque de vainilla natural.<\/p>\n<p>Su embalaje es sostenible: con caja ilustrada 100% libre de pl\u00e1sticos, una protecci\u00f3n de film transparente 100% compostable y una etiqueta elaborada con meterial biodegradables.<\/p>\n<p>An\u00edmate a probarlo y a\u00f1ade una pizca de sol a tus d\u00edas.<\/p>\n<p><\/p>\n<p>Contenido: 50ml.<\/p>\n","protected":false},"featured_media":11491,"comment_status":"closed","ping_status":"closed","template":"","meta":[],"product_brand":[],"product_cat":[1159,1223],"product_tag":[1267,1268,542,1036,1261,1032,1262,1264,1084,1271,1266,1270,407,1269],"class_list":{"0":"post-11567","1":"product","2":"type-product","3":"status-publish","4":"has-post-thumbnail","6":"product_cat-bano-cuidados","7":"product_cat-fragancias","8":"product_tag-ainea-es","9":"product_tag-aineaperfumes","10":"product_tag-artesanal-es","11":"product_tag-belleza-mediterranea-es-2","12":"product_tag-colonia-es","13":"product_tag-cultura-mediterranea-es-2","14":"product_tag-eau-de-toilette-es","15":"product_tag-eau-de-toilette-es-2","16":"product_tag-ecofriendly-es","17":"product_tag-fresco","18":"product_tag-hecho-en-barcelona-es","19":"product_tag-madera-limonero","20":"product_tag-natural-es-2","21":"product_tag-perfume-es","23":"first","24":"instock","25":"taxable","26":"shipping-taxable","27":"purchasable","28":"product-type-simple"},"yoast_head":"<!-- This site is optimized with the Yoast SEO plugin v25.3.1 - https:\/\/yoast.com\/wordpress\/plugins\/seo\/ -->\n<title>Naranja especiada. Eau de Toilette. 50ml.<\/title>\n<meta name=\"description\" content=\"Flor de t\u00e9. Eau de toilette eleaborada de forma artesanal hecho en Barcelona por Ainea. Atm\u00f3sfera Olfativa: naranja, lim\u00f3n, mandarina y un toque de vainilla natural.\" \/>\n<meta name=\"robots\" content=\"index, follow, max-snippet:-1, max-image-preview:large, max-video-preview:-1\" \/>\n<link rel=\"canonical\" href=\"https:\/\/www.bonvent.cat\/es\/product\/naranja-especiada-eau-de-toilette-50ml\/\" \/>\n<meta property=\"og:locale\" content=\"es_ES\" \/>\n<meta property=\"og:type\" content=\"article\" \/>\n<meta property=\"og:title\" content=\"Naranja especiada. Eau de Toilette. 50ml.\" \/>\n<meta property=\"og:description\" content=\"Flor de t\u00e9. Eau de toilette eleaborada de forma artesanal hecho en Barcelona por Ainea. Atm\u00f3sfera Olfativa: naranja, lim\u00f3n, mandarina y un toque de vainilla natural.\" \/>\n<meta property=\"og:url\" content=\"https:\/\/www.bonvent.cat\/es\/product\/naranja-especiada-eau-de-toilette-50ml\/\" \/>\n<meta property=\"og:site_name\" content=\"Bon Vent\" \/>\n<meta property=\"article:publisher\" content=\"https:\/\/www.facebook.com\/bonventbcn?ref=hl\" \/>\n<meta property=\"article:modified_time\" content=\"2020-12-02T18:04:36+00:00\" \/>\n<meta property=\"og:image\" content=\"https:\/\/www.bonvent.cat\/wp-content\/uploads\/2020\/03\/Origens-Ainea-Naranja-web.jpg\" \/>\n\t<meta property=\"og:image:width\" content=\"1400\" \/>\n\t<meta property=\"og:image:height\" content=\"1400\" \/>\n\t<meta property=\"og:image:type\" content=\"image\/jpeg\" \/>\n<meta name=\"twitter:label1\" content=\"Tiempo de lectura\" \/>\n\t<meta name=\"twitter:data1\" content=\"1 minuto\" \/>\n<script type=\"application\/ld+json\" class=\"yoast-schema-graph\">{\"@context\":\"https:\/\/schema.org\",\"@graph\":[{\"@type\":\"WebPage\",\"@id\":\"https:\/\/www.bonvent.cat\/es\/product\/naranja-especiada-eau-de-toilette-50ml\/\",\"url\":\"https:\/\/www.bonvent.cat\/es\/product\/naranja-especiada-eau-de-toilette-50ml\/\",\"name\":\"Naranja especiada. Eau de Toilette. 50ml.\",\"isPartOf\":{\"@id\":\"https:\/\/www.bonvent.cat\/es\/#website\"},\"primaryImageOfPage\":{\"@id\":\"https:\/\/www.bonvent.cat\/es\/product\/naranja-especiada-eau-de-toilette-50ml\/#primaryimage\"},\"image\":{\"@id\":\"https:\/\/www.bonvent.cat\/es\/product\/naranja-especiada-eau-de-toilette-50ml\/#primaryimage\"},\"thumbnailUrl\":\"https:\/\/www.bonvent.cat\/wp-content\/uploads\/2020\/03\/Origens-Ainea-Naranja-web.jpg\",\"datePublished\":\"2020-05-03T12:18:09+00:00\",\"dateModified\":\"2020-12-02T18:04:36+00:00\",\"description\":\"Flor de t\u00e9. Eau de toilette eleaborada de forma artesanal hecho en Barcelona por Ainea. Atm\u00f3sfera Olfativa: naranja, lim\u00f3n, mandarina y un toque de vainilla natural.\",\"breadcrumb\":{\"@id\":\"https:\/\/www.bonvent.cat\/es\/product\/naranja-especiada-eau-de-toilette-50ml\/#breadcrumb\"},\"inLanguage\":\"es\",\"potentialAction\":[{\"@type\":\"ReadAction\",\"target\":[\"https:\/\/www.bonvent.cat\/es\/product\/naranja-especiada-eau-de-toilette-50ml\/\"]}]},{\"@type\":\"ImageObject\",\"inLanguage\":\"es\",\"@id\":\"https:\/\/www.bonvent.cat\/es\/product\/naranja-especiada-eau-de-toilette-50ml\/#primaryimage\",\"url\":\"https:\/\/www.bonvent.cat\/wp-content\/uploads\/2020\/03\/Origens-Ainea-Naranja-web.jpg\",\"contentUrl\":\"https:\/\/www.bonvent.cat\/wp-content\/uploads\/2020\/03\/Origens-Ainea-Naranja-web.jpg\",\"width\":1400,\"height\":1400,\"caption\":\"Naranja especiada. Eau de Toilette. 50ml.\"},{\"@type\":\"BreadcrumbList\",\"@id\":\"https:\/\/www.bonvent.cat\/es\/product\/naranja-especiada-eau-de-toilette-50ml\/#breadcrumb\",\"itemListElement\":[{\"@type\":\"ListItem\",\"position\":1,\"name\":\"Inici\",\"item\":\"https:\/\/www.bonvent.cat\/es\/\"},{\"@type\":\"ListItem\",\"position\":2,\"name\":\"Botiga\",\"item\":\"https:\/\/www.bonvent.cat\/?page_id=1953091\"},{\"@type\":\"ListItem\",\"position\":3,\"name\":\"Naranja especiada. Eau de Toilette. Ainea Origens Barcelona\"}]},{\"@type\":\"WebSite\",\"@id\":\"https:\/\/www.bonvent.cat\/es\/#website\",\"url\":\"https:\/\/www.bonvent.cat\/es\/\",\"name\":\"Bon Vent\",\"description\":\"Botiga d\u2019inspiraci\u00f3 mediterr\u00e0nia\",\"publisher\":{\"@id\":\"https:\/\/www.bonvent.cat\/es\/#organization\"},\"potentialAction\":[{\"@type\":\"SearchAction\",\"target\":{\"@type\":\"EntryPoint\",\"urlTemplate\":\"https:\/\/www.bonvent.cat\/es\/?s={search_term_string}\"},\"query-input\":{\"@type\":\"PropertyValueSpecification\",\"valueRequired\":true,\"valueName\":\"search_term_string\"}}],\"inLanguage\":\"es\"},{\"@type\":\"Organization\",\"@id\":\"https:\/\/www.bonvent.cat\/es\/#organization\",\"name\":\"Bon Vent\",\"url\":\"https:\/\/www.bonvent.cat\/es\/\",\"logo\":{\"@type\":\"ImageObject\",\"inLanguage\":\"es\",\"@id\":\"https:\/\/www.bonvent.cat\/es\/#\/schema\/logo\/image\/\",\"url\":\"https:\/\/www.bonvent.cat\/wp-content\/uploads\/2021\/11\/logoh.png\",\"contentUrl\":\"https:\/\/www.bonvent.cat\/wp-content\/uploads\/2021\/11\/logoh.png\",\"width\":640,\"height\":121,\"caption\":\"Bon Vent\"},\"image\":{\"@id\":\"https:\/\/www.bonvent.cat\/es\/#\/schema\/logo\/image\/\"},\"sameAs\":[\"https:\/\/www.facebook.com\/bonventbcn?ref=hl\",\"https:\/\/www.instagram.com\/bon_ventbarcelona\/\",\"https:\/\/es.pinterest.com\/BONVENTmed\/\"]}]}<\/script>\n<!-- \/ Yoast SEO plugin. -->","yoast_head_json":{"title":"Naranja especiada. Eau de Toilette. 50ml.","description":"Flor de t\u00e9. Eau de toilette eleaborada de forma artesanal hecho en Barcelona por Ainea. Atm\u00f3sfera Olfativa: naranja, lim\u00f3n, mandarina y un toque de vainilla natural.","robots":{"index":"index","follow":"follow","max-snippet":"max-snippet:-1","max-image-preview":"max-image-preview:large","max-video-preview":"max-video-preview:-1"},"canonical":"https:\/\/www.bonvent.cat\/es\/product\/naranja-especiada-eau-de-toilette-50ml\/","og_locale":"es_ES","og_type":"article","og_title":"Naranja especiada. Eau de Toilette. 50ml.","og_description":"Flor de t\u00e9. Eau de toilette eleaborada de forma artesanal hecho en Barcelona por Ainea. Atm\u00f3sfera Olfativa: naranja, lim\u00f3n, mandarina y un toque de vainilla natural.","og_url":"https:\/\/www.bonvent.cat\/es\/product\/naranja-especiada-eau-de-toilette-50ml\/","og_site_name":"Bon Vent","article_publisher":"https:\/\/www.facebook.com\/bonventbcn?ref=hl","article_modified_time":"2020-12-02T18:04:36+00:00","og_image":[{"width":1400,"height":1400,"url":"https:\/\/www.bonvent.cat\/wp-content\/uploads\/2020\/03\/Origens-Ainea-Naranja-web.jpg","type":"image\/jpeg"}],"twitter_misc":{"Tiempo de lectura":"1 minuto"},"schema":{"@context":"https:\/\/schema.org","@graph":[{"@type":"WebPage","@id":"https:\/\/www.bonvent.cat\/es\/product\/naranja-especiada-eau-de-toilette-50ml\/","url":"https:\/\/www.bonvent.cat\/es\/product\/naranja-especiada-eau-de-toilette-50ml\/","name":"Naranja especiada. Eau de Toilette. 50ml.","isPartOf":{"@id":"https:\/\/www.bonvent.cat\/es\/#website"},"primaryImageOfPage":{"@id":"https:\/\/www.bonvent.cat\/es\/product\/naranja-especiada-eau-de-toilette-50ml\/#primaryimage"},"image":{"@id":"https:\/\/www.bonvent.cat\/es\/product\/naranja-especiada-eau-de-toilette-50ml\/#primaryimage"},"thumbnailUrl":"https:\/\/www.bonvent.cat\/wp-content\/uploads\/2020\/03\/Origens-Ainea-Naranja-web.jpg","datePublished":"2020-05-03T12:18:09+00:00","dateModified":"2020-12-02T18:04:36+00:00","description":"Flor de t\u00e9. Eau de toilette eleaborada de forma artesanal hecho en Barcelona por Ainea. Atm\u00f3sfera Olfativa: naranja, lim\u00f3n, mandarina y un toque de vainilla natural.","breadcrumb":{"@id":"https:\/\/www.bonvent.cat\/es\/product\/naranja-especiada-eau-de-toilette-50ml\/#breadcrumb"},"inLanguage":"es","potentialAction":[{"@type":"ReadAction","target":["https:\/\/www.bonvent.cat\/es\/product\/naranja-especiada-eau-de-toilette-50ml\/"]}]},{"@type":"ImageObject","inLanguage":"es","@id":"https:\/\/www.bonvent.cat\/es\/product\/naranja-especiada-eau-de-toilette-50ml\/#primaryimage","url":"https:\/\/www.bonvent.cat\/wp-content\/uploads\/2020\/03\/Origens-Ainea-Naranja-web.jpg","contentUrl":"https:\/\/www.bonvent.cat\/wp-content\/uploads\/2020\/03\/Origens-Ainea-Naranja-web.jpg","width":1400,"height":1400,"caption":"Naranja especiada. Eau de Toilette. 50ml."},{"@type":"BreadcrumbList","@id":"https:\/\/www.bonvent.cat\/es\/product\/naranja-especiada-eau-de-toilette-50ml\/#breadcrumb","itemListElement":[{"@type":"ListItem","position":1,"name":"Inici","item":"https:\/\/www.bonvent.cat\/es\/"},{"@type":"ListItem","position":2,"name":"Botiga","item":"https:\/\/www.bonvent.cat\/?page_id=1953091"},{"@type":"ListItem","position":3,"name":"Naranja especiada. Eau de Toilette. Ainea Origens Barcelona"}]},{"@type":"WebSite","@id":"https:\/\/www.bonvent.cat\/es\/#website","url":"https:\/\/www.bonvent.cat\/es\/","name":"Bon Vent","description":"Botiga d\u2019inspiraci\u00f3 mediterr\u00e0nia","publisher":{"@id":"https:\/\/www.bonvent.cat\/es\/#organization"},"potentialAction":[{"@type":"SearchAction","target":{"@type":"EntryPoint","urlTemplate":"https:\/\/www.bonvent.cat\/es\/?s={search_term_string}"},"query-input":{"@type":"PropertyValueSpecification","valueRequired":true,"valueName":"search_term_string"}}],"inLanguage":"es"},{"@type":"Organization","@id":"https:\/\/www.bonvent.cat\/es\/#organization","name":"Bon Vent","url":"https:\/\/www.bonvent.cat\/es\/","logo":{"@type":"ImageObject","inLanguage":"es","@id":"https:\/\/www.bonvent.cat\/es\/#\/schema\/logo\/image\/","url":"https:\/\/www.bonvent.cat\/wp-content\/uploads\/2021\/11\/logoh.png","contentUrl":"https:\/\/www.bonvent.cat\/wp-content\/uploads\/2021\/11\/logoh.png","width":640,"height":121,"caption":"Bon Vent"},"image":{"@id":"https:\/\/www.bonvent.cat\/es\/#\/schema\/logo\/image\/"},"sameAs":["https:\/\/www.facebook.com\/bonventbcn?ref=hl","https:\/\/www.instagram.com\/bon_ventbarcelona\/","https:\/\/es.pinterest.com\/BONVENTmed\/"]}]}},"_links":{"self":[{"href":"https:\/\/www.bonvent.cat\/es\/wp-json\/wp\/v2\/product\/11567","targetHints":{"allow":["GET"]}}],"collection":[{"href":"https:\/\/www.bonvent.cat\/es\/wp-json\/wp\/v2\/product"}],"about":[{"href":"https:\/\/www.bonvent.cat\/es\/wp-json\/wp\/v2\/types\/product"}],"replies":[{"embeddable":true,"href":"https:\/\/www.bonvent.cat\/es\/wp-json\/wp\/v2\/comments?post=11567"}],"version-history":[{"count":0,"href":"https:\/\/www.bonvent.cat\/es\/wp-json\/wp\/v2\/product\/11567\/revisions"}],"wp:featuredmedia":[{"embeddable":true,"href":"https:\/\/www.bonvent.cat\/es\/wp-json\/wp\/v2\/media\/11491"}],"wp:attachment":[{"href":"https:\/\/www.bonvent.cat\/es\/wp-json\/wp\/v2\/media?parent=11567"}],"wp:term":[{"taxonomy":"product_brand","embeddable":true,"href":"https:\/\/www.bonvent.cat\/es\/wp-json\/wp\/v2\/product_brand?post=11567"},{"taxonomy":"product_cat","embeddable":true,"href":"https:\/\/www.bonvent.cat\/es\/wp-json\/wp\/v2\/product_cat?post=11567"},{"taxonomy":"product_tag","embeddable":true,"href":"https:\/\/www.bonvent.cat\/es\/wp-json\/wp\/v2\/product_tag?post=11567"}],"curies":[{"name":"wp","href":"https:\/\/api.w.org\/{rel}","templated":true}]}}