{"id":11572,"date":"2020-05-03T19:04:58","date_gmt":"2020-05-03T17:04:58","guid":{"rendered":"https:\/\/www.bonvent.cat\/?post_type=product&#038;p=11572\/"},"modified":"2020-12-02T19:05:09","modified_gmt":"2020-12-02T18:05:09","slug":"jazmin-rosa-eau-toilette-artesanal-ainea-origens-barcelona","status":"publish","type":"product","link":"https:\/\/www.bonvent.cat\/es\/product\/jazmin-rosa-eau-toilette-artesanal-ainea-origens-barcelona\/","title":{"rendered":"Jazm\u00edn rosa. Eau de toilette artesanal. Ainea Origens Barcelona"},"content":{"rendered":"<h2>Jazm\u00edn rosa. Eau de toilette artesanal. Ainea Origens Barcelona<\/h2>\n<h5><span style=\"color: #339966;\">Origens Ainea<\/span> es una colecci\u00f3n de 5 eau de toilette elaborados bajo criterios de sostenibilidad.<\/h5>\n<p>Son frescos, luminosos y chispeantes, y armonizan a la perfecci\u00f3n con el ritmo de cada d\u00eda. Evocan los olores del Sur m\u00e1s caracter\u00edsticos: <span style=\"color: #ff6600;\">Flor de Azahar<\/span>,<span style=\"color: #ff99cc;\"> Jazm\u00edn Rosa<\/span>, <span style=\"color: #339966;\">Flor de T\u00e9<\/span>, <span style=\"color: #ffcc00;\">Madera de Lim\u00f3n<\/span> y <span style=\"color: #993300;\">Naranja Especiada<\/span>. Son fragancias f\u00e1ciles de llevar y diversas entre s\u00ed para escoger la que mejor sintonice con el momento presente.<\/p>\n<p>Contenido: Eau de Toilette. 50 ml\/1,7 fl. oz. Vapo 80% vol.<\/p>\n<p><a href=\"https:\/\/aineaperfums.com\/\" target=\"_blank\" rel=\"noopener noreferrer\">Ainea<\/a> es el proyecto de la perfumista y antrop\u00f3loga <a href=\"https:\/\/aineaperfums.com\/irene-gisbert\/\" target=\"_blank\" rel=\"noopener noreferrer\">Irene Gisbert<\/a>. Sus creaciones nacen en <a href=\"https:\/\/goo.gl\/maps\/AqUtSwMFMreyGiY96\" target=\"_blank\" rel=\"noopener noreferrer\">Tei\u00e0<\/a>, un peque\u00f1o pueblo de Barcelona, situado en la costa mediterr\u00e1nea dentro de un parque natural. Se trata de una producci\u00f3n artesanal que pretende evocar nuestro entorno y impregnar cada detalle de esencia mediterrania.<\/p>\n<p>El packaging es sostenible: la caja ilustrada y el interior est\u00e1n 100% libres de pl\u00e1sticos para facilitar su reciclado con el papel en el contenedor azul. El film transparente que protege el producto \u00a1no es pl\u00e1stico!, es de celulosa de papel y el 100% compostable y debe ir al contenedor org\u00e1nico. La etiqueta de cada Eau de Toilette es de mineral paper elaborada con materiales biodegradables. El envase es sostenible ya que todas sus partes se pueden separar y reciclar.<\/p>\n<h6>Valores Ainea: Creatividad, autenticidad, sostenibilidad, cercan\u00eda,\u00a0 flexibilidad.<\/h6>\n","protected":false},"excerpt":{"rendered":"<p>Un perfume verde y transparente como el jazm\u00edn terminado de recolectar a primera hora del d\u00eda.<br \/>\nUn eau de toilette con una composici\u00f3n monofloral de jazm\u00edn.<\/p>\n<p>Su embalaje es sostenible: con caja ilustrada 100% libre de pl\u00e1sticos, una protecci\u00f3n de film transparente 100% compostable y una etiqueta elaborada con meterial biodegradables.<\/p>\n<p>An\u00edmate a probarlo y a\u00f1ade una pizca de sol a tus d\u00edas.<\/p>\n<p>Ingredientes: alcohol denat, aqua, parfum, linalool, limonene, hexyl cinnamal, citronellol, citral.<\/p>\n<p>Contenido: 50ml.<\/p>\n","protected":false},"featured_media":11479,"comment_status":"closed","ping_status":"closed","template":"","meta":[],"product_brand":[],"product_cat":[1159,1223],"product_tag":[1267,1268,542,1036,1261,1032,1262,1264,1084,1271,1266,1270,407,1269],"class_list":{"0":"post-11572","1":"product","2":"type-product","3":"status-publish","4":"has-post-thumbnail","6":"product_cat-bano-cuidados","7":"product_cat-fragancias","8":"product_tag-ainea-es","9":"product_tag-aineaperfumes","10":"product_tag-artesanal-es","11":"product_tag-belleza-mediterranea-es-2","12":"product_tag-colonia-es","13":"product_tag-cultura-mediterranea-es-2","14":"product_tag-eau-de-toilette-es","15":"product_tag-eau-de-toilette-es-2","16":"product_tag-ecofriendly-es","17":"product_tag-fresco","18":"product_tag-hecho-en-barcelona-es","19":"product_tag-madera-limonero","20":"product_tag-natural-es-2","21":"product_tag-perfume-es","23":"first","24":"instock","25":"taxable","26":"shipping-taxable","27":"purchasable","28":"product-type-simple"},"yoast_head":"<!-- This site is optimized with the Yoast SEO plugin v25.3.1 - https:\/\/yoast.com\/wordpress\/plugins\/seo\/ -->\n<title>Jazm\u00edn rosa. Eau de toilette artesanal. Ainea Origens Barcelona<\/title>\n<meta name=\"description\" content=\"Jazm\u00edn rosa. Eau de toilette artesanal hecho en Barcelona por Ainea. Un eau de toilette con una composici\u00f3n monofloral de jazm\u00edn.\" \/>\n<meta name=\"robots\" content=\"index, follow, max-snippet:-1, max-image-preview:large, max-video-preview:-1\" \/>\n<link rel=\"canonical\" href=\"https:\/\/www.bonvent.cat\/es\/product\/jazmin-rosa-eau-toilette-artesanal-ainea-origens-barcelona\/\" \/>\n<meta property=\"og:locale\" content=\"es_ES\" \/>\n<meta property=\"og:type\" content=\"article\" \/>\n<meta property=\"og:title\" content=\"Jazm\u00edn rosa. Eau de toilette artesanal. Ainea Origens Barcelona\" \/>\n<meta property=\"og:description\" content=\"Jazm\u00edn rosa. Eau de toilette artesanal hecho en Barcelona por Ainea. Un eau de toilette con una composici\u00f3n monofloral de jazm\u00edn.\" \/>\n<meta property=\"og:url\" content=\"https:\/\/www.bonvent.cat\/es\/product\/jazmin-rosa-eau-toilette-artesanal-ainea-origens-barcelona\/\" \/>\n<meta property=\"og:site_name\" content=\"Bon Vent\" \/>\n<meta property=\"article:publisher\" content=\"https:\/\/www.facebook.com\/bonventbcn?ref=hl\" \/>\n<meta property=\"article:modified_time\" content=\"2020-12-02T18:05:09+00:00\" \/>\n<meta property=\"og:image\" content=\"https:\/\/www.bonvent.cat\/wp-content\/uploads\/2020\/03\/Origens-Ainea-Jazmin-web-600x600.jpg\" \/>\n\t<meta property=\"og:image:width\" content=\"600\" \/>\n\t<meta property=\"og:image:height\" content=\"600\" \/>\n\t<meta property=\"og:image:type\" content=\"image\/jpeg\" \/>\n<meta name=\"twitter:label1\" content=\"Tiempo de lectura\" \/>\n\t<meta name=\"twitter:data1\" content=\"1 minuto\" \/>\n<script type=\"application\/ld+json\" class=\"yoast-schema-graph\">{\"@context\":\"https:\/\/schema.org\",\"@graph\":[{\"@type\":\"WebPage\",\"@id\":\"https:\/\/www.bonvent.cat\/es\/product\/jazmin-rosa-eau-toilette-artesanal-ainea-origens-barcelona\/\",\"url\":\"https:\/\/www.bonvent.cat\/es\/product\/jazmin-rosa-eau-toilette-artesanal-ainea-origens-barcelona\/\",\"name\":\"Jazm\u00edn rosa. Eau de toilette artesanal. Ainea Origens Barcelona\",\"isPartOf\":{\"@id\":\"https:\/\/www.bonvent.cat\/es\/#website\"},\"primaryImageOfPage\":{\"@id\":\"https:\/\/www.bonvent.cat\/es\/product\/jazmin-rosa-eau-toilette-artesanal-ainea-origens-barcelona\/#primaryimage\"},\"image\":{\"@id\":\"https:\/\/www.bonvent.cat\/es\/product\/jazmin-rosa-eau-toilette-artesanal-ainea-origens-barcelona\/#primaryimage\"},\"thumbnailUrl\":\"https:\/\/www.bonvent.cat\/wp-content\/uploads\/2020\/03\/Origens-Ainea-Jazmin-web-600x600.jpg\",\"datePublished\":\"2020-05-03T17:04:58+00:00\",\"dateModified\":\"2020-12-02T18:05:09+00:00\",\"description\":\"Jazm\u00edn rosa. Eau de toilette artesanal hecho en Barcelona por Ainea. Un eau de toilette con una composici\u00f3n monofloral de jazm\u00edn.\",\"breadcrumb\":{\"@id\":\"https:\/\/www.bonvent.cat\/es\/product\/jazmin-rosa-eau-toilette-artesanal-ainea-origens-barcelona\/#breadcrumb\"},\"inLanguage\":\"es\",\"potentialAction\":[{\"@type\":\"ReadAction\",\"target\":[\"https:\/\/www.bonvent.cat\/es\/product\/jazmin-rosa-eau-toilette-artesanal-ainea-origens-barcelona\/\"]}]},{\"@type\":\"ImageObject\",\"inLanguage\":\"es\",\"@id\":\"https:\/\/www.bonvent.cat\/es\/product\/jazmin-rosa-eau-toilette-artesanal-ainea-origens-barcelona\/#primaryimage\",\"url\":\"https:\/\/www.bonvent.cat\/wp-content\/uploads\/2020\/03\/Origens-Ainea-Jazmin-web-600x600.jpg\",\"contentUrl\":\"https:\/\/www.bonvent.cat\/wp-content\/uploads\/2020\/03\/Origens-Ainea-Jazmin-web-600x600.jpg\",\"width\":600,\"height\":600},{\"@type\":\"BreadcrumbList\",\"@id\":\"https:\/\/www.bonvent.cat\/es\/product\/jazmin-rosa-eau-toilette-artesanal-ainea-origens-barcelona\/#breadcrumb\",\"itemListElement\":[{\"@type\":\"ListItem\",\"position\":1,\"name\":\"Inici\",\"item\":\"https:\/\/www.bonvent.cat\/es\/\"},{\"@type\":\"ListItem\",\"position\":2,\"name\":\"Botiga\",\"item\":\"https:\/\/www.bonvent.cat\/?page_id=1953091\"},{\"@type\":\"ListItem\",\"position\":3,\"name\":\"Jazm\u00edn rosa. Eau de toilette artesanal. Ainea Origens Barcelona\"}]},{\"@type\":\"WebSite\",\"@id\":\"https:\/\/www.bonvent.cat\/es\/#website\",\"url\":\"https:\/\/www.bonvent.cat\/es\/\",\"name\":\"Bon Vent\",\"description\":\"Botiga d\u2019inspiraci\u00f3 mediterr\u00e0nia\",\"publisher\":{\"@id\":\"https:\/\/www.bonvent.cat\/es\/#organization\"},\"potentialAction\":[{\"@type\":\"SearchAction\",\"target\":{\"@type\":\"EntryPoint\",\"urlTemplate\":\"https:\/\/www.bonvent.cat\/es\/?s={search_term_string}\"},\"query-input\":{\"@type\":\"PropertyValueSpecification\",\"valueRequired\":true,\"valueName\":\"search_term_string\"}}],\"inLanguage\":\"es\"},{\"@type\":\"Organization\",\"@id\":\"https:\/\/www.bonvent.cat\/es\/#organization\",\"name\":\"Bon Vent\",\"url\":\"https:\/\/www.bonvent.cat\/es\/\",\"logo\":{\"@type\":\"ImageObject\",\"inLanguage\":\"es\",\"@id\":\"https:\/\/www.bonvent.cat\/es\/#\/schema\/logo\/image\/\",\"url\":\"https:\/\/www.bonvent.cat\/wp-content\/uploads\/2021\/11\/logoh.png\",\"contentUrl\":\"https:\/\/www.bonvent.cat\/wp-content\/uploads\/2021\/11\/logoh.png\",\"width\":640,\"height\":121,\"caption\":\"Bon Vent\"},\"image\":{\"@id\":\"https:\/\/www.bonvent.cat\/es\/#\/schema\/logo\/image\/\"},\"sameAs\":[\"https:\/\/www.facebook.com\/bonventbcn?ref=hl\",\"https:\/\/www.instagram.com\/bon_ventbarcelona\/\",\"https:\/\/es.pinterest.com\/BONVENTmed\/\"]}]}<\/script>\n<!-- \/ Yoast SEO plugin. -->","yoast_head_json":{"title":"Jazm\u00edn rosa. Eau de toilette artesanal. Ainea Origens Barcelona","description":"Jazm\u00edn rosa. Eau de toilette artesanal hecho en Barcelona por Ainea. Un eau de toilette con una composici\u00f3n monofloral de jazm\u00edn.","robots":{"index":"index","follow":"follow","max-snippet":"max-snippet:-1","max-image-preview":"max-image-preview:large","max-video-preview":"max-video-preview:-1"},"canonical":"https:\/\/www.bonvent.cat\/es\/product\/jazmin-rosa-eau-toilette-artesanal-ainea-origens-barcelona\/","og_locale":"es_ES","og_type":"article","og_title":"Jazm\u00edn rosa. Eau de toilette artesanal. Ainea Origens Barcelona","og_description":"Jazm\u00edn rosa. Eau de toilette artesanal hecho en Barcelona por Ainea. Un eau de toilette con una composici\u00f3n monofloral de jazm\u00edn.","og_url":"https:\/\/www.bonvent.cat\/es\/product\/jazmin-rosa-eau-toilette-artesanal-ainea-origens-barcelona\/","og_site_name":"Bon Vent","article_publisher":"https:\/\/www.facebook.com\/bonventbcn?ref=hl","article_modified_time":"2020-12-02T18:05:09+00:00","og_image":[{"width":600,"height":600,"url":"https:\/\/www.bonvent.cat\/wp-content\/uploads\/2020\/03\/Origens-Ainea-Jazmin-web-600x600.jpg","type":"image\/jpeg"}],"twitter_misc":{"Tiempo de lectura":"1 minuto"},"schema":{"@context":"https:\/\/schema.org","@graph":[{"@type":"WebPage","@id":"https:\/\/www.bonvent.cat\/es\/product\/jazmin-rosa-eau-toilette-artesanal-ainea-origens-barcelona\/","url":"https:\/\/www.bonvent.cat\/es\/product\/jazmin-rosa-eau-toilette-artesanal-ainea-origens-barcelona\/","name":"Jazm\u00edn rosa. Eau de toilette artesanal. Ainea Origens Barcelona","isPartOf":{"@id":"https:\/\/www.bonvent.cat\/es\/#website"},"primaryImageOfPage":{"@id":"https:\/\/www.bonvent.cat\/es\/product\/jazmin-rosa-eau-toilette-artesanal-ainea-origens-barcelona\/#primaryimage"},"image":{"@id":"https:\/\/www.bonvent.cat\/es\/product\/jazmin-rosa-eau-toilette-artesanal-ainea-origens-barcelona\/#primaryimage"},"thumbnailUrl":"https:\/\/www.bonvent.cat\/wp-content\/uploads\/2020\/03\/Origens-Ainea-Jazmin-web-600x600.jpg","datePublished":"2020-05-03T17:04:58+00:00","dateModified":"2020-12-02T18:05:09+00:00","description":"Jazm\u00edn rosa. Eau de toilette artesanal hecho en Barcelona por Ainea. Un eau de toilette con una composici\u00f3n monofloral de jazm\u00edn.","breadcrumb":{"@id":"https:\/\/www.bonvent.cat\/es\/product\/jazmin-rosa-eau-toilette-artesanal-ainea-origens-barcelona\/#breadcrumb"},"inLanguage":"es","potentialAction":[{"@type":"ReadAction","target":["https:\/\/www.bonvent.cat\/es\/product\/jazmin-rosa-eau-toilette-artesanal-ainea-origens-barcelona\/"]}]},{"@type":"ImageObject","inLanguage":"es","@id":"https:\/\/www.bonvent.cat\/es\/product\/jazmin-rosa-eau-toilette-artesanal-ainea-origens-barcelona\/#primaryimage","url":"https:\/\/www.bonvent.cat\/wp-content\/uploads\/2020\/03\/Origens-Ainea-Jazmin-web-600x600.jpg","contentUrl":"https:\/\/www.bonvent.cat\/wp-content\/uploads\/2020\/03\/Origens-Ainea-Jazmin-web-600x600.jpg","width":600,"height":600},{"@type":"BreadcrumbList","@id":"https:\/\/www.bonvent.cat\/es\/product\/jazmin-rosa-eau-toilette-artesanal-ainea-origens-barcelona\/#breadcrumb","itemListElement":[{"@type":"ListItem","position":1,"name":"Inici","item":"https:\/\/www.bonvent.cat\/es\/"},{"@type":"ListItem","position":2,"name":"Botiga","item":"https:\/\/www.bonvent.cat\/?page_id=1953091"},{"@type":"ListItem","position":3,"name":"Jazm\u00edn rosa. Eau de toilette artesanal. Ainea Origens Barcelona"}]},{"@type":"WebSite","@id":"https:\/\/www.bonvent.cat\/es\/#website","url":"https:\/\/www.bonvent.cat\/es\/","name":"Bon Vent","description":"Botiga d\u2019inspiraci\u00f3 mediterr\u00e0nia","publisher":{"@id":"https:\/\/www.bonvent.cat\/es\/#organization"},"potentialAction":[{"@type":"SearchAction","target":{"@type":"EntryPoint","urlTemplate":"https:\/\/www.bonvent.cat\/es\/?s={search_term_string}"},"query-input":{"@type":"PropertyValueSpecification","valueRequired":true,"valueName":"search_term_string"}}],"inLanguage":"es"},{"@type":"Organization","@id":"https:\/\/www.bonvent.cat\/es\/#organization","name":"Bon Vent","url":"https:\/\/www.bonvent.cat\/es\/","logo":{"@type":"ImageObject","inLanguage":"es","@id":"https:\/\/www.bonvent.cat\/es\/#\/schema\/logo\/image\/","url":"https:\/\/www.bonvent.cat\/wp-content\/uploads\/2021\/11\/logoh.png","contentUrl":"https:\/\/www.bonvent.cat\/wp-content\/uploads\/2021\/11\/logoh.png","width":640,"height":121,"caption":"Bon Vent"},"image":{"@id":"https:\/\/www.bonvent.cat\/es\/#\/schema\/logo\/image\/"},"sameAs":["https:\/\/www.facebook.com\/bonventbcn?ref=hl","https:\/\/www.instagram.com\/bon_ventbarcelona\/","https:\/\/es.pinterest.com\/BONVENTmed\/"]}]}},"_links":{"self":[{"href":"https:\/\/www.bonvent.cat\/es\/wp-json\/wp\/v2\/product\/11572","targetHints":{"allow":["GET"]}}],"collection":[{"href":"https:\/\/www.bonvent.cat\/es\/wp-json\/wp\/v2\/product"}],"about":[{"href":"https:\/\/www.bonvent.cat\/es\/wp-json\/wp\/v2\/types\/product"}],"replies":[{"embeddable":true,"href":"https:\/\/www.bonvent.cat\/es\/wp-json\/wp\/v2\/comments?post=11572"}],"version-history":[{"count":0,"href":"https:\/\/www.bonvent.cat\/es\/wp-json\/wp\/v2\/product\/11572\/revisions"}],"wp:featuredmedia":[{"embeddable":true,"href":"https:\/\/www.bonvent.cat\/es\/wp-json\/wp\/v2\/media\/11479"}],"wp:attachment":[{"href":"https:\/\/www.bonvent.cat\/es\/wp-json\/wp\/v2\/media?parent=11572"}],"wp:term":[{"taxonomy":"product_brand","embeddable":true,"href":"https:\/\/www.bonvent.cat\/es\/wp-json\/wp\/v2\/product_brand?post=11572"},{"taxonomy":"product_cat","embeddable":true,"href":"https:\/\/www.bonvent.cat\/es\/wp-json\/wp\/v2\/product_cat?post=11572"},{"taxonomy":"product_tag","embeddable":true,"href":"https:\/\/www.bonvent.cat\/es\/wp-json\/wp\/v2\/product_tag?post=11572"}],"curies":[{"name":"wp","href":"https:\/\/api.w.org\/{rel}","templated":true}]}}