{"id":13247,"date":"2020-11-13T15:09:53","date_gmt":"2020-11-10T15:14:55","guid":{"rendered":"https:\/\/www.bonvent.cat\/?post_type=product&#038;p=13247\/"},"modified":"2020-11-10T16:14:55","modified_gmt":"2020-11-10T15:14:55","slug":"fresa-decorativa-navidad","status":"publish","type":"product","link":"https:\/\/www.bonvent.cat\/es\/product\/fresa-decorativa-navidad\/","title":{"rendered":"Fresa. Decoraci\u00f3n de Navidad"},"content":{"rendered":"<h4>\u00a1Fresas y otros manjares!<\/h4>\n<p>La decoraci\u00f3n de Navidad nos encanta en <span style=\"color: #339966;\">Bon Vent<\/span>. Disfrutamos dise\u00f1ando y seleccionando todos los elementos que nos acompa\u00f1aran en las fiestas.<\/p>\n<p>Este a\u00f1o presentamos una colecci\u00f3n inspirada en la cocina, en el arte de la mesa, en la gastronom\u00eda y en aquellos ingredientes que dan car\u00e1cter a nuestro estilo de vida. La dieta Mediterr\u00e1nea es la colecci\u00f3n m\u00e1s alegre y divertida. Un gui\u00f1o a los excesos navide\u00f1os.<\/p>\n","protected":false},"excerpt":{"rendered":"<ul>\n<li>Colecci\u00f3n Dieta Mediterr\u00e1nea<\/li>\n<li>Vidrio soplado hecho a mano<\/li>\n<li>7cm<\/li>\n<\/ul>\n","protected":false},"featured_media":11905,"comment_status":"closed","ping_status":"closed","template":"","meta":[],"product_brand":[],"product_cat":[1147],"product_tag":[1168,1104,1032,418,1170],"class_list":{"0":"post-13247","1":"product","2":"type-product","3":"status-publish","4":"has-post-thumbnail","6":"product_cat-navidad","7":"product_tag-arbol-navidad","8":"product_tag-cristal-soplado","9":"product_tag-cultura-mediterranea-es-2","10":"product_tag-decoracio-es","11":"product_tag-navidad","13":"first","14":"instock","15":"taxable","16":"shipping-taxable","17":"purchasable","18":"product-type-simple"},"yoast_head":"<!-- This site is optimized with the Yoast SEO plugin v25.3.1 - https:\/\/yoast.com\/wordpress\/plugins\/seo\/ -->\n<title>Fresa Decorativa Navidad-Bon Vent<\/title>\n<meta name=\"description\" content=\"La fresa es una de las piezas de la colecci\u00f3n de Bon Vent que se inspira en la dieta mediterr\u00e1nea para dar un toque de humor a nuestro \u00e1rbol de Navidad.\" \/>\n<meta name=\"robots\" content=\"index, follow, max-snippet:-1, max-image-preview:large, max-video-preview:-1\" \/>\n<link rel=\"canonical\" href=\"https:\/\/www.bonvent.cat\/es\/product\/fresa-decorativa-navidad\/\" \/>\n<meta property=\"og:locale\" content=\"es_ES\" \/>\n<meta property=\"og:type\" content=\"article\" \/>\n<meta property=\"og:title\" content=\"Fresa Decorativa Navidad-Bon Vent\" \/>\n<meta property=\"og:description\" content=\"La fresa es una de las piezas de la colecci\u00f3n de Bon Vent que se inspira en la dieta mediterr\u00e1nea para dar un toque de humor a nuestro \u00e1rbol de Navidad.\" \/>\n<meta property=\"og:url\" content=\"https:\/\/www.bonvent.cat\/es\/product\/fresa-decorativa-navidad\/\" \/>\n<meta property=\"og:site_name\" content=\"Bon Vent\" \/>\n<meta property=\"article:publisher\" content=\"https:\/\/www.facebook.com\/bonventbcn?ref=hl\" \/>\n<meta property=\"og:image\" content=\"https:\/\/www.bonvent.cat\/wp-content\/uploads\/2020\/10\/maduixa-vidre-dieta-mediterr\u00e0nia-arbre-nadal-1.jpg\" \/>\n\t<meta property=\"og:image:width\" content=\"510\" \/>\n\t<meta property=\"og:image:height\" content=\"652\" \/>\n\t<meta property=\"og:image:type\" content=\"image\/jpeg\" \/>\n<script type=\"application\/ld+json\" class=\"yoast-schema-graph\">{\"@context\":\"https:\/\/schema.org\",\"@graph\":[{\"@type\":\"WebPage\",\"@id\":\"https:\/\/www.bonvent.cat\/es\/product\/fresa-decorativa-navidad\/\",\"url\":\"https:\/\/www.bonvent.cat\/es\/product\/fresa-decorativa-navidad\/\",\"name\":\"Fresa Decorativa Navidad-Bon Vent\",\"isPartOf\":{\"@id\":\"https:\/\/www.bonvent.cat\/es\/#website\"},\"primaryImageOfPage\":{\"@id\":\"https:\/\/www.bonvent.cat\/es\/product\/fresa-decorativa-navidad\/#primaryimage\"},\"image\":{\"@id\":\"https:\/\/www.bonvent.cat\/es\/product\/fresa-decorativa-navidad\/#primaryimage\"},\"thumbnailUrl\":\"https:\/\/www.bonvent.cat\/wp-content\/uploads\/2020\/10\/maduixa-vidre-dieta-mediterr\u00e0nia-arbre-nadal-1.jpg\",\"datePublished\":\"2020-11-10T15:14:55+00:00\",\"description\":\"La fresa es una de las piezas de la colecci\u00f3n de Bon Vent que se inspira en la dieta mediterr\u00e1nea para dar un toque de humor a nuestro \u00e1rbol de Navidad.\",\"breadcrumb\":{\"@id\":\"https:\/\/www.bonvent.cat\/es\/product\/fresa-decorativa-navidad\/#breadcrumb\"},\"inLanguage\":\"es\",\"potentialAction\":[{\"@type\":\"ReadAction\",\"target\":[\"https:\/\/www.bonvent.cat\/es\/product\/fresa-decorativa-navidad\/\"]}]},{\"@type\":\"ImageObject\",\"inLanguage\":\"es\",\"@id\":\"https:\/\/www.bonvent.cat\/es\/product\/fresa-decorativa-navidad\/#primaryimage\",\"url\":\"https:\/\/www.bonvent.cat\/wp-content\/uploads\/2020\/10\/maduixa-vidre-dieta-mediterr\u00e0nia-arbre-nadal-1.jpg\",\"contentUrl\":\"https:\/\/www.bonvent.cat\/wp-content\/uploads\/2020\/10\/maduixa-vidre-dieta-mediterr\u00e0nia-arbre-nadal-1.jpg\",\"width\":510,\"height\":652},{\"@type\":\"BreadcrumbList\",\"@id\":\"https:\/\/www.bonvent.cat\/es\/product\/fresa-decorativa-navidad\/#breadcrumb\",\"itemListElement\":[{\"@type\":\"ListItem\",\"position\":1,\"name\":\"Inici\",\"item\":\"https:\/\/www.bonvent.cat\/es\/\"},{\"@type\":\"ListItem\",\"position\":2,\"name\":\"Botiga\",\"item\":\"https:\/\/www.bonvent.cat\/?page_id=1953091\"},{\"@type\":\"ListItem\",\"position\":3,\"name\":\"Fresa. Decoraci\u00f3n de Navidad\"}]},{\"@type\":\"WebSite\",\"@id\":\"https:\/\/www.bonvent.cat\/es\/#website\",\"url\":\"https:\/\/www.bonvent.cat\/es\/\",\"name\":\"Bon Vent\",\"description\":\"Botiga d\u2019inspiraci\u00f3 mediterr\u00e0nia\",\"publisher\":{\"@id\":\"https:\/\/www.bonvent.cat\/es\/#organization\"},\"potentialAction\":[{\"@type\":\"SearchAction\",\"target\":{\"@type\":\"EntryPoint\",\"urlTemplate\":\"https:\/\/www.bonvent.cat\/es\/?s={search_term_string}\"},\"query-input\":{\"@type\":\"PropertyValueSpecification\",\"valueRequired\":true,\"valueName\":\"search_term_string\"}}],\"inLanguage\":\"es\"},{\"@type\":\"Organization\",\"@id\":\"https:\/\/www.bonvent.cat\/es\/#organization\",\"name\":\"Bon Vent\",\"url\":\"https:\/\/www.bonvent.cat\/es\/\",\"logo\":{\"@type\":\"ImageObject\",\"inLanguage\":\"es\",\"@id\":\"https:\/\/www.bonvent.cat\/es\/#\/schema\/logo\/image\/\",\"url\":\"https:\/\/www.bonvent.cat\/wp-content\/uploads\/2021\/11\/logoh.png\",\"contentUrl\":\"https:\/\/www.bonvent.cat\/wp-content\/uploads\/2021\/11\/logoh.png\",\"width\":640,\"height\":121,\"caption\":\"Bon Vent\"},\"image\":{\"@id\":\"https:\/\/www.bonvent.cat\/es\/#\/schema\/logo\/image\/\"},\"sameAs\":[\"https:\/\/www.facebook.com\/bonventbcn?ref=hl\",\"https:\/\/www.instagram.com\/bon_ventbarcelona\/\",\"https:\/\/es.pinterest.com\/BONVENTmed\/\"]}]}<\/script>\n<!-- \/ Yoast SEO plugin. -->","yoast_head_json":{"title":"Fresa Decorativa Navidad-Bon Vent","description":"La fresa es una de las piezas de la colecci\u00f3n de Bon Vent que se inspira en la dieta mediterr\u00e1nea para dar un toque de humor a nuestro \u00e1rbol de Navidad.","robots":{"index":"index","follow":"follow","max-snippet":"max-snippet:-1","max-image-preview":"max-image-preview:large","max-video-preview":"max-video-preview:-1"},"canonical":"https:\/\/www.bonvent.cat\/es\/product\/fresa-decorativa-navidad\/","og_locale":"es_ES","og_type":"article","og_title":"Fresa Decorativa Navidad-Bon Vent","og_description":"La fresa es una de las piezas de la colecci\u00f3n de Bon Vent que se inspira en la dieta mediterr\u00e1nea para dar un toque de humor a nuestro \u00e1rbol de Navidad.","og_url":"https:\/\/www.bonvent.cat\/es\/product\/fresa-decorativa-navidad\/","og_site_name":"Bon Vent","article_publisher":"https:\/\/www.facebook.com\/bonventbcn?ref=hl","og_image":[{"width":510,"height":652,"url":"https:\/\/www.bonvent.cat\/wp-content\/uploads\/2020\/10\/maduixa-vidre-dieta-mediterr\u00e0nia-arbre-nadal-1.jpg","type":"image\/jpeg"}],"schema":{"@context":"https:\/\/schema.org","@graph":[{"@type":"WebPage","@id":"https:\/\/www.bonvent.cat\/es\/product\/fresa-decorativa-navidad\/","url":"https:\/\/www.bonvent.cat\/es\/product\/fresa-decorativa-navidad\/","name":"Fresa Decorativa Navidad-Bon Vent","isPartOf":{"@id":"https:\/\/www.bonvent.cat\/es\/#website"},"primaryImageOfPage":{"@id":"https:\/\/www.bonvent.cat\/es\/product\/fresa-decorativa-navidad\/#primaryimage"},"image":{"@id":"https:\/\/www.bonvent.cat\/es\/product\/fresa-decorativa-navidad\/#primaryimage"},"thumbnailUrl":"https:\/\/www.bonvent.cat\/wp-content\/uploads\/2020\/10\/maduixa-vidre-dieta-mediterr\u00e0nia-arbre-nadal-1.jpg","datePublished":"2020-11-10T15:14:55+00:00","description":"La fresa es una de las piezas de la colecci\u00f3n de Bon Vent que se inspira en la dieta mediterr\u00e1nea para dar un toque de humor a nuestro \u00e1rbol de Navidad.","breadcrumb":{"@id":"https:\/\/www.bonvent.cat\/es\/product\/fresa-decorativa-navidad\/#breadcrumb"},"inLanguage":"es","potentialAction":[{"@type":"ReadAction","target":["https:\/\/www.bonvent.cat\/es\/product\/fresa-decorativa-navidad\/"]}]},{"@type":"ImageObject","inLanguage":"es","@id":"https:\/\/www.bonvent.cat\/es\/product\/fresa-decorativa-navidad\/#primaryimage","url":"https:\/\/www.bonvent.cat\/wp-content\/uploads\/2020\/10\/maduixa-vidre-dieta-mediterr\u00e0nia-arbre-nadal-1.jpg","contentUrl":"https:\/\/www.bonvent.cat\/wp-content\/uploads\/2020\/10\/maduixa-vidre-dieta-mediterr\u00e0nia-arbre-nadal-1.jpg","width":510,"height":652},{"@type":"BreadcrumbList","@id":"https:\/\/www.bonvent.cat\/es\/product\/fresa-decorativa-navidad\/#breadcrumb","itemListElement":[{"@type":"ListItem","position":1,"name":"Inici","item":"https:\/\/www.bonvent.cat\/es\/"},{"@type":"ListItem","position":2,"name":"Botiga","item":"https:\/\/www.bonvent.cat\/?page_id=1953091"},{"@type":"ListItem","position":3,"name":"Fresa. Decoraci\u00f3n de Navidad"}]},{"@type":"WebSite","@id":"https:\/\/www.bonvent.cat\/es\/#website","url":"https:\/\/www.bonvent.cat\/es\/","name":"Bon Vent","description":"Botiga d\u2019inspiraci\u00f3 mediterr\u00e0nia","publisher":{"@id":"https:\/\/www.bonvent.cat\/es\/#organization"},"potentialAction":[{"@type":"SearchAction","target":{"@type":"EntryPoint","urlTemplate":"https:\/\/www.bonvent.cat\/es\/?s={search_term_string}"},"query-input":{"@type":"PropertyValueSpecification","valueRequired":true,"valueName":"search_term_string"}}],"inLanguage":"es"},{"@type":"Organization","@id":"https:\/\/www.bonvent.cat\/es\/#organization","name":"Bon Vent","url":"https:\/\/www.bonvent.cat\/es\/","logo":{"@type":"ImageObject","inLanguage":"es","@id":"https:\/\/www.bonvent.cat\/es\/#\/schema\/logo\/image\/","url":"https:\/\/www.bonvent.cat\/wp-content\/uploads\/2021\/11\/logoh.png","contentUrl":"https:\/\/www.bonvent.cat\/wp-content\/uploads\/2021\/11\/logoh.png","width":640,"height":121,"caption":"Bon Vent"},"image":{"@id":"https:\/\/www.bonvent.cat\/es\/#\/schema\/logo\/image\/"},"sameAs":["https:\/\/www.facebook.com\/bonventbcn?ref=hl","https:\/\/www.instagram.com\/bon_ventbarcelona\/","https:\/\/es.pinterest.com\/BONVENTmed\/"]}]}},"_links":{"self":[{"href":"https:\/\/www.bonvent.cat\/es\/wp-json\/wp\/v2\/product\/13247","targetHints":{"allow":["GET"]}}],"collection":[{"href":"https:\/\/www.bonvent.cat\/es\/wp-json\/wp\/v2\/product"}],"about":[{"href":"https:\/\/www.bonvent.cat\/es\/wp-json\/wp\/v2\/types\/product"}],"replies":[{"embeddable":true,"href":"https:\/\/www.bonvent.cat\/es\/wp-json\/wp\/v2\/comments?post=13247"}],"version-history":[{"count":0,"href":"https:\/\/www.bonvent.cat\/es\/wp-json\/wp\/v2\/product\/13247\/revisions"}],"wp:featuredmedia":[{"embeddable":true,"href":"https:\/\/www.bonvent.cat\/es\/wp-json\/wp\/v2\/media\/11905"}],"wp:attachment":[{"href":"https:\/\/www.bonvent.cat\/es\/wp-json\/wp\/v2\/media?parent=13247"}],"wp:term":[{"taxonomy":"product_brand","embeddable":true,"href":"https:\/\/www.bonvent.cat\/es\/wp-json\/wp\/v2\/product_brand?post=13247"},{"taxonomy":"product_cat","embeddable":true,"href":"https:\/\/www.bonvent.cat\/es\/wp-json\/wp\/v2\/product_cat?post=13247"},{"taxonomy":"product_tag","embeddable":true,"href":"https:\/\/www.bonvent.cat\/es\/wp-json\/wp\/v2\/product_tag?post=13247"}],"curies":[{"name":"wp","href":"https:\/\/api.w.org\/{rel}","templated":true}]}}