{"id":13797,"date":"2020-11-11T20:06:31","date_gmt":"2020-11-11T19:06:31","guid":{"rendered":"https:\/\/www.bonvent.cat\/producte\/coronas-de-alambre-decoracion-de-navidad\/"},"modified":"2020-11-11T20:06:31","modified_gmt":"2020-11-11T19:06:31","slug":"coronas-de-alambre-decoracion-de-navidad","status":"publish","type":"product","link":"https:\/\/www.bonvent.cat\/es\/product\/coronas-de-alambre-decoracion-de-navidad\/","title":{"rendered":"Coronas de alambre. Decoraci\u00f3n de Navidad"},"content":{"rendered":"<h4>Calma y Equilibrio<\/h4>\n<p>En Bon Vent nos encanta la decoraci\u00f3n de Navidad. Disfrutamos dise\u00f1ando y seleccionando todos los elementos que nos acompa\u00f1ar\u00e1n en las fiestas. Este a\u00f1o presentamos una colecci\u00f3n que pretende transmitir calma y equilibrio. De colores suaves, elegante y c\u00e1lida es perfecta para crear ambientes de serenidad. P\u00e1tinas envejecidas y oxidadas que le dan un aire de pieza encuentrada con una mirada nost\u00e1lgica. Estas piezas lucen especialmente combinadas con elementos naturales como el eucalipto, el musgo y las ramas secas.<\/p>\n<p>&nbsp;<\/p>\n","protected":false},"excerpt":{"rendered":"<ul>\n<li>Colecci\u00f3n Calma y Equilibrio<\/li>\n<li>Elemento decorativo de metal.<\/li>\n<li>Estas piezas pueden ser un detalle para colgar en la pared o en el \u00e1rbol de Navidad. Tambi\u00e9n puede servir para mezclarlo con flor seca, en guirnaldas y coronas. En la mesa es un bonito elemento para decorar el centro de mesa.<\/li>\n<li>Opci\u00f3n A: 15 cm.<\/li>\n<li>Opci\u00f3n B: 30cm.<\/li>\n<\/ul>\n","protected":false},"featured_media":13464,"comment_status":"closed","ping_status":"closed","template":"","meta":[],"product_brand":[],"product_cat":[1147],"product_tag":[1168,542,418,1170],"class_list":{"0":"post-13797","1":"product","2":"type-product","3":"status-publish","4":"has-post-thumbnail","6":"product_cat-navidad","7":"product_tag-arbol-navidad","8":"product_tag-artesanal-es","9":"product_tag-decoracio-es","10":"product_tag-navidad","12":"first","13":"instock","14":"taxable","15":"shipping-taxable","16":"purchasable","17":"product-type-variable"},"yoast_head":"<!-- This site is optimized with the Yoast SEO plugin v25.3.1 - https:\/\/yoast.com\/wordpress\/plugins\/seo\/ -->\n<title>Coronas de alambre. Decoraci\u00f3n de Navidad - Bon Vent<\/title>\n<meta name=\"description\" content=\"Las coronas de alambre son una pieza de la colecci\u00f3n Calma y Equilibrio de Bon Vent que se inspira en un ambiente vintage de colores neutros y serenos.\" \/>\n<meta name=\"robots\" content=\"index, follow, max-snippet:-1, max-image-preview:large, max-video-preview:-1\" \/>\n<link rel=\"canonical\" href=\"https:\/\/www.bonvent.cat\/es\/product\/coronas-de-alambre-decoracion-de-navidad\/\" \/>\n<meta property=\"og:locale\" content=\"es_ES\" \/>\n<meta property=\"og:type\" content=\"article\" \/>\n<meta property=\"og:title\" content=\"Coronas de alambre. Decoraci\u00f3n de Navidad - Bon Vent\" \/>\n<meta property=\"og:description\" content=\"Las coronas de alambre son una pieza de la colecci\u00f3n Calma y Equilibrio de Bon Vent que se inspira en un ambiente vintage de colores neutros y serenos.\" \/>\n<meta property=\"og:url\" content=\"https:\/\/www.bonvent.cat\/es\/product\/coronas-de-alambre-decoracion-de-navidad\/\" \/>\n<meta property=\"og:site_name\" content=\"Bon Vent\" \/>\n<meta property=\"article:publisher\" content=\"https:\/\/www.facebook.com\/bonventbcn?ref=hl\" \/>\n<meta property=\"og:image\" content=\"https:\/\/www.bonvent.cat\/wp-content\/uploads\/2020\/11\/IRON-BEADS-WHREATH-XMAS-TREE-DECORATION.jpg\" \/>\n\t<meta property=\"og:image:width\" content=\"510\" \/>\n\t<meta property=\"og:image:height\" content=\"652\" \/>\n\t<meta property=\"og:image:type\" content=\"image\/jpeg\" \/>\n<script type=\"application\/ld+json\" class=\"yoast-schema-graph\">{\"@context\":\"https:\/\/schema.org\",\"@graph\":[{\"@type\":\"WebPage\",\"@id\":\"https:\/\/www.bonvent.cat\/es\/product\/coronas-de-alambre-decoracion-de-navidad\/\",\"url\":\"https:\/\/www.bonvent.cat\/es\/product\/coronas-de-alambre-decoracion-de-navidad\/\",\"name\":\"Coronas de alambre. Decoraci\u00f3n de Navidad - Bon Vent\",\"isPartOf\":{\"@id\":\"https:\/\/www.bonvent.cat\/es\/#website\"},\"primaryImageOfPage\":{\"@id\":\"https:\/\/www.bonvent.cat\/es\/product\/coronas-de-alambre-decoracion-de-navidad\/#primaryimage\"},\"image\":{\"@id\":\"https:\/\/www.bonvent.cat\/es\/product\/coronas-de-alambre-decoracion-de-navidad\/#primaryimage\"},\"thumbnailUrl\":\"https:\/\/www.bonvent.cat\/wp-content\/uploads\/2020\/11\/IRON-BEADS-WHREATH-XMAS-TREE-DECORATION.jpg\",\"datePublished\":\"2020-11-11T19:06:31+00:00\",\"description\":\"Las coronas de alambre son una pieza de la colecci\u00f3n Calma y Equilibrio de Bon Vent que se inspira en un ambiente vintage de colores neutros y serenos.\",\"breadcrumb\":{\"@id\":\"https:\/\/www.bonvent.cat\/es\/product\/coronas-de-alambre-decoracion-de-navidad\/#breadcrumb\"},\"inLanguage\":\"es\",\"potentialAction\":[{\"@type\":\"ReadAction\",\"target\":[\"https:\/\/www.bonvent.cat\/es\/product\/coronas-de-alambre-decoracion-de-navidad\/\"]}]},{\"@type\":\"ImageObject\",\"inLanguage\":\"es\",\"@id\":\"https:\/\/www.bonvent.cat\/es\/product\/coronas-de-alambre-decoracion-de-navidad\/#primaryimage\",\"url\":\"https:\/\/www.bonvent.cat\/wp-content\/uploads\/2020\/11\/IRON-BEADS-WHREATH-XMAS-TREE-DECORATION.jpg\",\"contentUrl\":\"https:\/\/www.bonvent.cat\/wp-content\/uploads\/2020\/11\/IRON-BEADS-WHREATH-XMAS-TREE-DECORATION.jpg\",\"width\":510,\"height\":652,\"caption\":\"corona canutillo metal deco navidad platino\"},{\"@type\":\"BreadcrumbList\",\"@id\":\"https:\/\/www.bonvent.cat\/es\/product\/coronas-de-alambre-decoracion-de-navidad\/#breadcrumb\",\"itemListElement\":[{\"@type\":\"ListItem\",\"position\":1,\"name\":\"Inici\",\"item\":\"https:\/\/www.bonvent.cat\/es\/\"},{\"@type\":\"ListItem\",\"position\":2,\"name\":\"Botiga\",\"item\":\"https:\/\/www.bonvent.cat\/?page_id=1953091\"},{\"@type\":\"ListItem\",\"position\":3,\"name\":\"Coronas de alambre. Decoraci\u00f3n de Navidad\"}]},{\"@type\":\"WebSite\",\"@id\":\"https:\/\/www.bonvent.cat\/es\/#website\",\"url\":\"https:\/\/www.bonvent.cat\/es\/\",\"name\":\"Bon Vent\",\"description\":\"Botiga d\u2019inspiraci\u00f3 mediterr\u00e0nia\",\"publisher\":{\"@id\":\"https:\/\/www.bonvent.cat\/es\/#organization\"},\"potentialAction\":[{\"@type\":\"SearchAction\",\"target\":{\"@type\":\"EntryPoint\",\"urlTemplate\":\"https:\/\/www.bonvent.cat\/es\/?s={search_term_string}\"},\"query-input\":{\"@type\":\"PropertyValueSpecification\",\"valueRequired\":true,\"valueName\":\"search_term_string\"}}],\"inLanguage\":\"es\"},{\"@type\":\"Organization\",\"@id\":\"https:\/\/www.bonvent.cat\/es\/#organization\",\"name\":\"Bon Vent\",\"url\":\"https:\/\/www.bonvent.cat\/es\/\",\"logo\":{\"@type\":\"ImageObject\",\"inLanguage\":\"es\",\"@id\":\"https:\/\/www.bonvent.cat\/es\/#\/schema\/logo\/image\/\",\"url\":\"https:\/\/www.bonvent.cat\/wp-content\/uploads\/2021\/11\/logoh.png\",\"contentUrl\":\"https:\/\/www.bonvent.cat\/wp-content\/uploads\/2021\/11\/logoh.png\",\"width\":640,\"height\":121,\"caption\":\"Bon Vent\"},\"image\":{\"@id\":\"https:\/\/www.bonvent.cat\/es\/#\/schema\/logo\/image\/\"},\"sameAs\":[\"https:\/\/www.facebook.com\/bonventbcn?ref=hl\",\"https:\/\/www.instagram.com\/bon_ventbarcelona\/\",\"https:\/\/es.pinterest.com\/BONVENTmed\/\"]}]}<\/script>\n<!-- \/ Yoast SEO plugin. -->","yoast_head_json":{"title":"Coronas de alambre. Decoraci\u00f3n de Navidad - Bon Vent","description":"Las coronas de alambre son una pieza de la colecci\u00f3n Calma y Equilibrio de Bon Vent que se inspira en un ambiente vintage de colores neutros y serenos.","robots":{"index":"index","follow":"follow","max-snippet":"max-snippet:-1","max-image-preview":"max-image-preview:large","max-video-preview":"max-video-preview:-1"},"canonical":"https:\/\/www.bonvent.cat\/es\/product\/coronas-de-alambre-decoracion-de-navidad\/","og_locale":"es_ES","og_type":"article","og_title":"Coronas de alambre. Decoraci\u00f3n de Navidad - Bon Vent","og_description":"Las coronas de alambre son una pieza de la colecci\u00f3n Calma y Equilibrio de Bon Vent que se inspira en un ambiente vintage de colores neutros y serenos.","og_url":"https:\/\/www.bonvent.cat\/es\/product\/coronas-de-alambre-decoracion-de-navidad\/","og_site_name":"Bon Vent","article_publisher":"https:\/\/www.facebook.com\/bonventbcn?ref=hl","og_image":[{"width":510,"height":652,"url":"https:\/\/www.bonvent.cat\/wp-content\/uploads\/2020\/11\/IRON-BEADS-WHREATH-XMAS-TREE-DECORATION.jpg","type":"image\/jpeg"}],"schema":{"@context":"https:\/\/schema.org","@graph":[{"@type":"WebPage","@id":"https:\/\/www.bonvent.cat\/es\/product\/coronas-de-alambre-decoracion-de-navidad\/","url":"https:\/\/www.bonvent.cat\/es\/product\/coronas-de-alambre-decoracion-de-navidad\/","name":"Coronas de alambre. Decoraci\u00f3n de Navidad - Bon Vent","isPartOf":{"@id":"https:\/\/www.bonvent.cat\/es\/#website"},"primaryImageOfPage":{"@id":"https:\/\/www.bonvent.cat\/es\/product\/coronas-de-alambre-decoracion-de-navidad\/#primaryimage"},"image":{"@id":"https:\/\/www.bonvent.cat\/es\/product\/coronas-de-alambre-decoracion-de-navidad\/#primaryimage"},"thumbnailUrl":"https:\/\/www.bonvent.cat\/wp-content\/uploads\/2020\/11\/IRON-BEADS-WHREATH-XMAS-TREE-DECORATION.jpg","datePublished":"2020-11-11T19:06:31+00:00","description":"Las coronas de alambre son una pieza de la colecci\u00f3n Calma y Equilibrio de Bon Vent que se inspira en un ambiente vintage de colores neutros y serenos.","breadcrumb":{"@id":"https:\/\/www.bonvent.cat\/es\/product\/coronas-de-alambre-decoracion-de-navidad\/#breadcrumb"},"inLanguage":"es","potentialAction":[{"@type":"ReadAction","target":["https:\/\/www.bonvent.cat\/es\/product\/coronas-de-alambre-decoracion-de-navidad\/"]}]},{"@type":"ImageObject","inLanguage":"es","@id":"https:\/\/www.bonvent.cat\/es\/product\/coronas-de-alambre-decoracion-de-navidad\/#primaryimage","url":"https:\/\/www.bonvent.cat\/wp-content\/uploads\/2020\/11\/IRON-BEADS-WHREATH-XMAS-TREE-DECORATION.jpg","contentUrl":"https:\/\/www.bonvent.cat\/wp-content\/uploads\/2020\/11\/IRON-BEADS-WHREATH-XMAS-TREE-DECORATION.jpg","width":510,"height":652,"caption":"corona canutillo metal deco navidad platino"},{"@type":"BreadcrumbList","@id":"https:\/\/www.bonvent.cat\/es\/product\/coronas-de-alambre-decoracion-de-navidad\/#breadcrumb","itemListElement":[{"@type":"ListItem","position":1,"name":"Inici","item":"https:\/\/www.bonvent.cat\/es\/"},{"@type":"ListItem","position":2,"name":"Botiga","item":"https:\/\/www.bonvent.cat\/?page_id=1953091"},{"@type":"ListItem","position":3,"name":"Coronas de alambre. Decoraci\u00f3n de Navidad"}]},{"@type":"WebSite","@id":"https:\/\/www.bonvent.cat\/es\/#website","url":"https:\/\/www.bonvent.cat\/es\/","name":"Bon Vent","description":"Botiga d\u2019inspiraci\u00f3 mediterr\u00e0nia","publisher":{"@id":"https:\/\/www.bonvent.cat\/es\/#organization"},"potentialAction":[{"@type":"SearchAction","target":{"@type":"EntryPoint","urlTemplate":"https:\/\/www.bonvent.cat\/es\/?s={search_term_string}"},"query-input":{"@type":"PropertyValueSpecification","valueRequired":true,"valueName":"search_term_string"}}],"inLanguage":"es"},{"@type":"Organization","@id":"https:\/\/www.bonvent.cat\/es\/#organization","name":"Bon Vent","url":"https:\/\/www.bonvent.cat\/es\/","logo":{"@type":"ImageObject","inLanguage":"es","@id":"https:\/\/www.bonvent.cat\/es\/#\/schema\/logo\/image\/","url":"https:\/\/www.bonvent.cat\/wp-content\/uploads\/2021\/11\/logoh.png","contentUrl":"https:\/\/www.bonvent.cat\/wp-content\/uploads\/2021\/11\/logoh.png","width":640,"height":121,"caption":"Bon Vent"},"image":{"@id":"https:\/\/www.bonvent.cat\/es\/#\/schema\/logo\/image\/"},"sameAs":["https:\/\/www.facebook.com\/bonventbcn?ref=hl","https:\/\/www.instagram.com\/bon_ventbarcelona\/","https:\/\/es.pinterest.com\/BONVENTmed\/"]}]}},"_links":{"self":[{"href":"https:\/\/www.bonvent.cat\/es\/wp-json\/wp\/v2\/product\/13797","targetHints":{"allow":["GET"]}}],"collection":[{"href":"https:\/\/www.bonvent.cat\/es\/wp-json\/wp\/v2\/product"}],"about":[{"href":"https:\/\/www.bonvent.cat\/es\/wp-json\/wp\/v2\/types\/product"}],"replies":[{"embeddable":true,"href":"https:\/\/www.bonvent.cat\/es\/wp-json\/wp\/v2\/comments?post=13797"}],"version-history":[{"count":0,"href":"https:\/\/www.bonvent.cat\/es\/wp-json\/wp\/v2\/product\/13797\/revisions"}],"wp:featuredmedia":[{"embeddable":true,"href":"https:\/\/www.bonvent.cat\/es\/wp-json\/wp\/v2\/media\/13464"}],"wp:attachment":[{"href":"https:\/\/www.bonvent.cat\/es\/wp-json\/wp\/v2\/media?parent=13797"}],"wp:term":[{"taxonomy":"product_brand","embeddable":true,"href":"https:\/\/www.bonvent.cat\/es\/wp-json\/wp\/v2\/product_brand?post=13797"},{"taxonomy":"product_cat","embeddable":true,"href":"https:\/\/www.bonvent.cat\/es\/wp-json\/wp\/v2\/product_cat?post=13797"},{"taxonomy":"product_tag","embeddable":true,"href":"https:\/\/www.bonvent.cat\/es\/wp-json\/wp\/v2\/product_tag?post=13797"}],"curies":[{"name":"wp","href":"https:\/\/api.w.org\/{rel}","templated":true}]}}