{"id":13809,"date":"2020-11-14T18:34:22","date_gmt":"2020-11-11T17:34:22","guid":{"rendered":"https:\/\/www.bonvent.cat\/producte\/bolas-oxidadas-decoracion-de-navidad\/"},"modified":"2020-11-12T19:23:22","modified_gmt":"2020-11-12T18:23:22","slug":"bolas-oxidadas-decoracion-de-navidad","status":"publish","type":"product","link":"https:\/\/www.bonvent.cat\/es\/product\/bolas-oxidadas-decoracion-de-navidad\/","title":{"rendered":"Bolas oxidadas. Decoraci\u00f3n de Navidad"},"content":{"rendered":"<p>Calma y Equilibrio<\/p>\n<p>&nbsp;<\/p>\n<p>En Bon Vent nos encanta la decoraci\u00f3n de Navidad. Disfrutamos dise\u00f1ando y seleccionando todos los elementos que nos acompa\u00f1ar\u00e1n en las fiestas. Este a\u00f1o presentamos una colecci\u00f3n que pretende transmitir calma y equilibrio. De colores suaves, elegante y c\u00e1lida es perfecta para crear ambientes de serenidad. P\u00e1tinas envejecidas y oxidadas que le dan un aire de pieza encuentrada con una mirada nost\u00e1lgica. Estas piezas lucen especialmente combinadas con elementos naturales como el eucalipto, el musgo y las ramas secas.<\/p>\n<p>&nbsp;<\/p>\n","protected":false},"excerpt":{"rendered":"<ul>\n<li>Colecci\u00f3n Calma y Equilibrio<\/li>\n<li>Bola de cristal en tres opciones de color: crudo, oro viejo y verde<\/li>\n<li>Bola con p\u00e1tina oxidada<\/li>\n<li>5 cm<\/li>\n<\/ul>\n","protected":false},"featured_media":12160,"comment_status":"closed","ping_status":"closed","template":"","meta":[],"product_brand":[],"product_cat":[1147],"product_tag":[1168,418,1170],"class_list":{"0":"post-13809","1":"product","2":"type-product","3":"status-publish","4":"has-post-thumbnail","6":"product_cat-navidad","7":"product_tag-arbol-navidad","8":"product_tag-decoracio-es","9":"product_tag-navidad","10":"pa_color-crudo","11":"pa_color-oro-viejo","12":"pa_color-verde","14":"first","15":"instock","16":"taxable","17":"shipping-taxable","18":"purchasable","19":"product-type-variable"},"yoast_head":"<!-- This site is optimized with the Yoast SEO plugin v25.3.1 - https:\/\/yoast.com\/wordpress\/plugins\/seo\/ -->\n<title>Bolas oxidadas. Decoraci\u00f3n de Navidad - Bon Vent<\/title>\n<meta name=\"robots\" content=\"index, follow, max-snippet:-1, max-image-preview:large, max-video-preview:-1\" \/>\n<link rel=\"canonical\" href=\"https:\/\/www.bonvent.cat\/es\/product\/bolas-oxidadas-decoracion-de-navidad\/\" \/>\n<meta property=\"og:locale\" content=\"es_ES\" \/>\n<meta property=\"og:type\" content=\"article\" \/>\n<meta property=\"og:title\" content=\"Bolas oxidadas. Decoraci\u00f3n de Navidad - Bon Vent\" \/>\n<meta property=\"og:description\" content=\"Colecci\u00f3n Calma y Equilibrio  Bola de cristal en tres opciones de color: crudo, oro viejo y verde  Bola con p\u00e1tina oxidada  5 cm\" \/>\n<meta property=\"og:url\" content=\"https:\/\/www.bonvent.cat\/es\/product\/bolas-oxidadas-decoracion-de-navidad\/\" \/>\n<meta property=\"og:site_name\" content=\"Bon Vent\" \/>\n<meta property=\"article:publisher\" content=\"https:\/\/www.facebook.com\/bonventbcn?ref=hl\" \/>\n<meta property=\"article:modified_time\" content=\"2020-11-12T18:23:22+00:00\" \/>\n<meta property=\"og:image\" content=\"https:\/\/www.bonvent.cat\/wp-content\/uploads\/2020\/10\/VINTAGE-WHITE-GOLD-GLASS-BALL-XMAS-TREE.jpg\" \/>\n\t<meta property=\"og:image:width\" content=\"510\" \/>\n\t<meta property=\"og:image:height\" content=\"652\" \/>\n\t<meta property=\"og:image:type\" content=\"image\/jpeg\" \/>\n<script type=\"application\/ld+json\" class=\"yoast-schema-graph\">{\"@context\":\"https:\/\/schema.org\",\"@graph\":[{\"@type\":\"WebPage\",\"@id\":\"https:\/\/www.bonvent.cat\/es\/product\/bolas-oxidadas-decoracion-de-navidad\/\",\"url\":\"https:\/\/www.bonvent.cat\/es\/product\/bolas-oxidadas-decoracion-de-navidad\/\",\"name\":\"Bolas oxidadas. Decoraci\u00f3n de Navidad - Bon Vent\",\"isPartOf\":{\"@id\":\"https:\/\/www.bonvent.cat\/es\/#website\"},\"primaryImageOfPage\":{\"@id\":\"https:\/\/www.bonvent.cat\/es\/product\/bolas-oxidadas-decoracion-de-navidad\/#primaryimage\"},\"image\":{\"@id\":\"https:\/\/www.bonvent.cat\/es\/product\/bolas-oxidadas-decoracion-de-navidad\/#primaryimage\"},\"thumbnailUrl\":\"https:\/\/www.bonvent.cat\/wp-content\/uploads\/2020\/10\/VINTAGE-WHITE-GOLD-GLASS-BALL-XMAS-TREE.jpg\",\"datePublished\":\"2020-11-11T17:34:22+00:00\",\"dateModified\":\"2020-11-12T18:23:22+00:00\",\"breadcrumb\":{\"@id\":\"https:\/\/www.bonvent.cat\/es\/product\/bolas-oxidadas-decoracion-de-navidad\/#breadcrumb\"},\"inLanguage\":\"es\",\"potentialAction\":[{\"@type\":\"ReadAction\",\"target\":[\"https:\/\/www.bonvent.cat\/es\/product\/bolas-oxidadas-decoracion-de-navidad\/\"]}]},{\"@type\":\"ImageObject\",\"inLanguage\":\"es\",\"@id\":\"https:\/\/www.bonvent.cat\/es\/product\/bolas-oxidadas-decoracion-de-navidad\/#primaryimage\",\"url\":\"https:\/\/www.bonvent.cat\/wp-content\/uploads\/2020\/10\/VINTAGE-WHITE-GOLD-GLASS-BALL-XMAS-TREE.jpg\",\"contentUrl\":\"https:\/\/www.bonvent.cat\/wp-content\/uploads\/2020\/10\/VINTAGE-WHITE-GOLD-GLASS-BALL-XMAS-TREE.jpg\",\"width\":510,\"height\":652,\"caption\":\"Bola vidrio vintage \u00e1rbol de navidad\"},{\"@type\":\"BreadcrumbList\",\"@id\":\"https:\/\/www.bonvent.cat\/es\/product\/bolas-oxidadas-decoracion-de-navidad\/#breadcrumb\",\"itemListElement\":[{\"@type\":\"ListItem\",\"position\":1,\"name\":\"Inici\",\"item\":\"https:\/\/www.bonvent.cat\/es\/\"},{\"@type\":\"ListItem\",\"position\":2,\"name\":\"Botiga\",\"item\":\"https:\/\/www.bonvent.cat\/?page_id=1953091\"},{\"@type\":\"ListItem\",\"position\":3,\"name\":\"Bolas oxidadas. Decoraci\u00f3n de Navidad\"}]},{\"@type\":\"WebSite\",\"@id\":\"https:\/\/www.bonvent.cat\/es\/#website\",\"url\":\"https:\/\/www.bonvent.cat\/es\/\",\"name\":\"Bon Vent\",\"description\":\"Botiga d\u2019inspiraci\u00f3 mediterr\u00e0nia\",\"publisher\":{\"@id\":\"https:\/\/www.bonvent.cat\/es\/#organization\"},\"potentialAction\":[{\"@type\":\"SearchAction\",\"target\":{\"@type\":\"EntryPoint\",\"urlTemplate\":\"https:\/\/www.bonvent.cat\/es\/?s={search_term_string}\"},\"query-input\":{\"@type\":\"PropertyValueSpecification\",\"valueRequired\":true,\"valueName\":\"search_term_string\"}}],\"inLanguage\":\"es\"},{\"@type\":\"Organization\",\"@id\":\"https:\/\/www.bonvent.cat\/es\/#organization\",\"name\":\"Bon Vent\",\"url\":\"https:\/\/www.bonvent.cat\/es\/\",\"logo\":{\"@type\":\"ImageObject\",\"inLanguage\":\"es\",\"@id\":\"https:\/\/www.bonvent.cat\/es\/#\/schema\/logo\/image\/\",\"url\":\"https:\/\/www.bonvent.cat\/wp-content\/uploads\/2021\/11\/logoh.png\",\"contentUrl\":\"https:\/\/www.bonvent.cat\/wp-content\/uploads\/2021\/11\/logoh.png\",\"width\":640,\"height\":121,\"caption\":\"Bon Vent\"},\"image\":{\"@id\":\"https:\/\/www.bonvent.cat\/es\/#\/schema\/logo\/image\/\"},\"sameAs\":[\"https:\/\/www.facebook.com\/bonventbcn?ref=hl\",\"https:\/\/www.instagram.com\/bon_ventbarcelona\/\",\"https:\/\/es.pinterest.com\/BONVENTmed\/\"]}]}<\/script>\n<!-- \/ Yoast SEO plugin. -->","yoast_head_json":{"title":"Bolas oxidadas. Decoraci\u00f3n de Navidad - Bon Vent","robots":{"index":"index","follow":"follow","max-snippet":"max-snippet:-1","max-image-preview":"max-image-preview:large","max-video-preview":"max-video-preview:-1"},"canonical":"https:\/\/www.bonvent.cat\/es\/product\/bolas-oxidadas-decoracion-de-navidad\/","og_locale":"es_ES","og_type":"article","og_title":"Bolas oxidadas. Decoraci\u00f3n de Navidad - Bon Vent","og_description":"Colecci\u00f3n Calma y Equilibrio  Bola de cristal en tres opciones de color: crudo, oro viejo y verde  Bola con p\u00e1tina oxidada  5 cm","og_url":"https:\/\/www.bonvent.cat\/es\/product\/bolas-oxidadas-decoracion-de-navidad\/","og_site_name":"Bon Vent","article_publisher":"https:\/\/www.facebook.com\/bonventbcn?ref=hl","article_modified_time":"2020-11-12T18:23:22+00:00","og_image":[{"width":510,"height":652,"url":"https:\/\/www.bonvent.cat\/wp-content\/uploads\/2020\/10\/VINTAGE-WHITE-GOLD-GLASS-BALL-XMAS-TREE.jpg","type":"image\/jpeg"}],"schema":{"@context":"https:\/\/schema.org","@graph":[{"@type":"WebPage","@id":"https:\/\/www.bonvent.cat\/es\/product\/bolas-oxidadas-decoracion-de-navidad\/","url":"https:\/\/www.bonvent.cat\/es\/product\/bolas-oxidadas-decoracion-de-navidad\/","name":"Bolas oxidadas. Decoraci\u00f3n de Navidad - Bon Vent","isPartOf":{"@id":"https:\/\/www.bonvent.cat\/es\/#website"},"primaryImageOfPage":{"@id":"https:\/\/www.bonvent.cat\/es\/product\/bolas-oxidadas-decoracion-de-navidad\/#primaryimage"},"image":{"@id":"https:\/\/www.bonvent.cat\/es\/product\/bolas-oxidadas-decoracion-de-navidad\/#primaryimage"},"thumbnailUrl":"https:\/\/www.bonvent.cat\/wp-content\/uploads\/2020\/10\/VINTAGE-WHITE-GOLD-GLASS-BALL-XMAS-TREE.jpg","datePublished":"2020-11-11T17:34:22+00:00","dateModified":"2020-11-12T18:23:22+00:00","breadcrumb":{"@id":"https:\/\/www.bonvent.cat\/es\/product\/bolas-oxidadas-decoracion-de-navidad\/#breadcrumb"},"inLanguage":"es","potentialAction":[{"@type":"ReadAction","target":["https:\/\/www.bonvent.cat\/es\/product\/bolas-oxidadas-decoracion-de-navidad\/"]}]},{"@type":"ImageObject","inLanguage":"es","@id":"https:\/\/www.bonvent.cat\/es\/product\/bolas-oxidadas-decoracion-de-navidad\/#primaryimage","url":"https:\/\/www.bonvent.cat\/wp-content\/uploads\/2020\/10\/VINTAGE-WHITE-GOLD-GLASS-BALL-XMAS-TREE.jpg","contentUrl":"https:\/\/www.bonvent.cat\/wp-content\/uploads\/2020\/10\/VINTAGE-WHITE-GOLD-GLASS-BALL-XMAS-TREE.jpg","width":510,"height":652,"caption":"Bola vidrio vintage \u00e1rbol de navidad"},{"@type":"BreadcrumbList","@id":"https:\/\/www.bonvent.cat\/es\/product\/bolas-oxidadas-decoracion-de-navidad\/#breadcrumb","itemListElement":[{"@type":"ListItem","position":1,"name":"Inici","item":"https:\/\/www.bonvent.cat\/es\/"},{"@type":"ListItem","position":2,"name":"Botiga","item":"https:\/\/www.bonvent.cat\/?page_id=1953091"},{"@type":"ListItem","position":3,"name":"Bolas oxidadas. Decoraci\u00f3n de Navidad"}]},{"@type":"WebSite","@id":"https:\/\/www.bonvent.cat\/es\/#website","url":"https:\/\/www.bonvent.cat\/es\/","name":"Bon Vent","description":"Botiga d\u2019inspiraci\u00f3 mediterr\u00e0nia","publisher":{"@id":"https:\/\/www.bonvent.cat\/es\/#organization"},"potentialAction":[{"@type":"SearchAction","target":{"@type":"EntryPoint","urlTemplate":"https:\/\/www.bonvent.cat\/es\/?s={search_term_string}"},"query-input":{"@type":"PropertyValueSpecification","valueRequired":true,"valueName":"search_term_string"}}],"inLanguage":"es"},{"@type":"Organization","@id":"https:\/\/www.bonvent.cat\/es\/#organization","name":"Bon Vent","url":"https:\/\/www.bonvent.cat\/es\/","logo":{"@type":"ImageObject","inLanguage":"es","@id":"https:\/\/www.bonvent.cat\/es\/#\/schema\/logo\/image\/","url":"https:\/\/www.bonvent.cat\/wp-content\/uploads\/2021\/11\/logoh.png","contentUrl":"https:\/\/www.bonvent.cat\/wp-content\/uploads\/2021\/11\/logoh.png","width":640,"height":121,"caption":"Bon Vent"},"image":{"@id":"https:\/\/www.bonvent.cat\/es\/#\/schema\/logo\/image\/"},"sameAs":["https:\/\/www.facebook.com\/bonventbcn?ref=hl","https:\/\/www.instagram.com\/bon_ventbarcelona\/","https:\/\/es.pinterest.com\/BONVENTmed\/"]}]}},"_links":{"self":[{"href":"https:\/\/www.bonvent.cat\/es\/wp-json\/wp\/v2\/product\/13809","targetHints":{"allow":["GET"]}}],"collection":[{"href":"https:\/\/www.bonvent.cat\/es\/wp-json\/wp\/v2\/product"}],"about":[{"href":"https:\/\/www.bonvent.cat\/es\/wp-json\/wp\/v2\/types\/product"}],"replies":[{"embeddable":true,"href":"https:\/\/www.bonvent.cat\/es\/wp-json\/wp\/v2\/comments?post=13809"}],"version-history":[{"count":0,"href":"https:\/\/www.bonvent.cat\/es\/wp-json\/wp\/v2\/product\/13809\/revisions"}],"wp:featuredmedia":[{"embeddable":true,"href":"https:\/\/www.bonvent.cat\/es\/wp-json\/wp\/v2\/media\/12160"}],"wp:attachment":[{"href":"https:\/\/www.bonvent.cat\/es\/wp-json\/wp\/v2\/media?parent=13809"}],"wp:term":[{"taxonomy":"product_brand","embeddable":true,"href":"https:\/\/www.bonvent.cat\/es\/wp-json\/wp\/v2\/product_brand?post=13809"},{"taxonomy":"product_cat","embeddable":true,"href":"https:\/\/www.bonvent.cat\/es\/wp-json\/wp\/v2\/product_cat?post=13809"},{"taxonomy":"product_tag","embeddable":true,"href":"https:\/\/www.bonvent.cat\/es\/wp-json\/wp\/v2\/product_tag?post=13809"}],"curies":[{"name":"wp","href":"https:\/\/api.w.org\/{rel}","templated":true}]}}