{"id":14464,"date":"2020-08-29T18:48:14","date_gmt":"2020-08-29T16:48:14","guid":{"rendered":"https:\/\/www.bonvent.cat\/product\/maig-fragancia-inside-scents-de-bravanariz\/"},"modified":"2020-12-02T18:10:41","modified_gmt":"2020-12-02T17:10:41","slug":"maig-fragancia-inside-scents-de-bravanariz","status":"publish","type":"product","link":"https:\/\/www.bonvent.cat\/es\/product\/maig-fragancia-inside-scents-de-bravanariz\/","title":{"rendered":"Maig. Fragancia INSIDE Scents de Bravanariz"},"content":{"rendered":"<h2>Maig una de les fragancias para el hogar de Bravanariz.<\/h2>\n<p>Bravanariz nos trae los grandes aromas de nuestros paisajes para el hogar, para que t\u00fa y tus seres queridos, pueda seguir los ciclos de la naturaleza a lo largo del a\u00f1o y disfrutar de sus maravillas. Mayo es la primavera.<\/p>\n<p>Porque, as\u00ed como comer productos de temporada nos hace bien, oler de temporada tambi\u00e9n nos beneficia, sintonizando nuestros ciclos internos con los de la naturaleza.<\/p>\n<p>Porque despu\u00e9s de todo, somos naturaleza. Los INSIDE Scents te ayudar\u00e1n a recordar esto y te llevar\u00e1n la alegr\u00eda del Mediterr\u00e1neo a tu interior y al de tu casa.<\/p>\n<h3>Bravanariz es un proyecto comprometido con tres aspectos esenciales:<\/h3>\n<p><strong>Producci\u00f3n local<\/strong><\/p>\n<p>Sus formulaciones s\u00f3lo utilizan plantas aut\u00f3ctonas del Empord\u00e0. Reivindicamos el exotismo de aqu\u00ed. Trabajan con productores de aceites esenciales locales colaborando en proyectos afines de permacultura y vinicultura ecol\u00f3gica, activando la econom\u00eda local y reforzando lazos sociales.<\/p>\n<p><strong>Artesan\u00eda<\/strong><\/p>\n<p>A Bravanariz controlan todas las fases de la producci\u00f3n de las capturas olfativas de forma artesanal, Conjugan la tradici\u00f3n de la perfumer\u00eda artesanal y de nicho con su impulso vital hacia la experimentaci\u00f3n, el riesgo y la intuici\u00f3n.<\/p>\n<p><strong>Cuidado del entorno<\/strong><\/p>\n<p>Uno de los aspectos fundamentales del proyecto de Bravanariz es la conservaci\u00f3n del paisaje. Por ello han dise\u00f1ado un protocolo de recolecci\u00f3n sostenible que asegura el desarrollo de las plantas arom\u00e1ticas y el equilibrio de su entorno natural. Producen de manera limitada. No realizan ning\u00fan tipo de prueba en animales y sus instalaciones funcionan con energ\u00edas renovables.<\/p>\n","protected":false},"excerpt":{"rendered":"<p>MAIG es una de las fragancias para el hogar de Bravanariz. Es deliciosamente contradictoria, como la primavera. Combina la luminosa elegancia de la lavanda y el oscuro toque animal de la jara junto con los exuberantes aromas de los arbustos en flor.<\/p>\n<p>Incluye un p\u00f3ster desplegable. Por un lado encontrar\u00e1s una preciosa ilustraci\u00f3n de <a href=\"https:\/\/www.instagram.com\/ssonjass\/\" target=\"_blank\" rel=\"noopener noreferrer\">Sonia Est\u00e9vez<\/a> inspirada en cada una de las estaciones y por el otro un personal texto del creador de Bravanariz compartiendo su estr\u00e1bica visi\u00f3n de las estaciones y sus aromas.<\/p>\n<p>Contenido: 100 ml.<\/p>\n<p>Primavera:<br \/>\nExcesiva y cambiante, con la primavera llega la urgencia, la revoluci\u00f3n hormonal y las alergias. Pero del mismo modo que las plantas y su actividad sexual molesta a muchos, tambi\u00e9n nos proporciona los remedios con los que combatir estas molestias. Su energ\u00eda es contagiosa y contrasta con el letargo invernal. Nuestro organismo busca la luz y el calor del sol. Se respira cierta excitaci\u00f3n, a la que nos entregamos con placer, pero que tambi\u00e9n produce cierto estr\u00e9s. Por eso es importante mantener los pies en el suelo.<\/p>\n<p>Plantas y beneficios:<\/p>\n<ul>\n<li>Lavanda (Lavandula augustifolia Miller &#8211; Lavandula x intermedia Emeric &amp;. Loisel &#8211; Lavandula latifolia Med): atenuar todos estos fuertes contrastes, relajante y suavizante del ambiente, compensando el entusiasmo de una estaci\u00f3n enormemente estresante.<\/li>\n<li>Romero (Rosmarinus officinalis): Gran neuro-conector, que nos mantiene despiertos y atentos a los innumerables cambios. Listos para improvisar.<\/li>\n<li>Geranio (Geranium): Desintoxica y limpia, y es un famoso regulador hormonal (especialmente para las mujeres).<\/li>\n<li>Manzanilla (Chamaemelum nobile): Ayuda a conciliar el sue\u00f1o y nos acompa\u00f1a en las noches de insomnio, debidas a la sobreexcitaci\u00f3n.<\/li>\n<li>Enebro (Juniperus communis), Cypress \/ Cipr\u00e9s (Cupressus):<\/li>\n<li>Jara negra (Cistus ladanifer): El efecto bals\u00e1mico del l\u00e1dano ayuda a conjugar todo y da a la mezcla un toque animal y oscuro que ayuda a mantenernos con los pies en el suelo y no deslumbrarnos con la luminosidad y el colorido reinante.<\/li>\n<\/ul>\n<p>Usos:<\/p>\n<p>Nuestros INSIDE Scents, aparte de tener una concentraci\u00f3n de esencia y una graduaci\u00f3n alcoh\u00f3lica m\u00ednima no se diferencian en nada de cualquiera de nuestras otras fragancias. La alta calidad de sus materias primas (el alcohol org\u00e1nico de melazas, los aceites esenciales 100% naturales, las tinturas y hidrolatos) es exactamente la misma, por lo que puedes utilizar perfectamente como un perfume al uso (m\u00e1s sutil seguro), pulverizando en piel y cabello. Para cambiar las vibraciones de un espacio, puedes pulverizar al aire, pero para una mayor permanencia es recomendable hacerlo sobre tejidos (cortinas, alfombras, tapicer\u00eda) siempre que respetes la distancia m\u00ednima de 25cm para evitar posibles manchas. Tambi\u00e9n puedes pulverizar sobre prendas como fulares, bufandas o abrigos para vestirte con los aromas de cada estaci\u00f3n.<\/p>\n","protected":false},"featured_media":14256,"comment_status":"closed","ping_status":"closed","template":"","meta":[],"product_brand":[],"product_cat":[1159,1223,737],"product_tag":[542,1036,1263,1261,1262,543,1102],"class_list":{"0":"post-14464","1":"product","2":"type-product","3":"status-publish","4":"has-post-thumbnail","6":"product_cat-bano-cuidados","7":"product_cat-fragancias","8":"product_cat-velas-fragancias","9":"product_tag-artesanal-es","10":"product_tag-belleza-mediterranea-es-2","11":"product_tag-bravanariz-es","12":"product_tag-colonia-es","13":"product_tag-eau-de-toilette-es","14":"product_tag-material-autoctono","15":"product_tag-producto-local","17":"first","18":"instock","19":"taxable","20":"shipping-taxable","21":"purchasable","22":"product-type-simple"},"yoast_head":"<!-- This site is optimized with the Yoast SEO plugin v25.3.1 - https:\/\/yoast.com\/wordpress\/plugins\/seo\/ -->\n<title>Maig. Fragancia INSIDE Scents de Bravanariz<\/title>\n<meta name=\"description\" content=\"MAIG es una fragancia deliciosamente contradictoria, como la primavera. Combina la luminosa elegancia de la lavanda y el oscuro toque animal de la jara.\" \/>\n<meta name=\"robots\" content=\"index, follow, max-snippet:-1, max-image-preview:large, max-video-preview:-1\" \/>\n<link rel=\"canonical\" href=\"https:\/\/www.bonvent.cat\/es\/product\/maig-fragancia-inside-scents-de-bravanariz\/\" \/>\n<meta property=\"og:locale\" content=\"es_ES\" \/>\n<meta property=\"og:type\" content=\"article\" \/>\n<meta property=\"og:title\" content=\"Maig. Fragancia INSIDE Scents de Bravanariz\" \/>\n<meta property=\"og:description\" content=\"MAIG es una fragancia deliciosamente contradictoria, como la primavera. Combina la luminosa elegancia de la lavanda y el oscuro toque animal de la jara.\" \/>\n<meta property=\"og:url\" content=\"https:\/\/www.bonvent.cat\/es\/product\/maig-fragancia-inside-scents-de-bravanariz\/\" \/>\n<meta property=\"og:site_name\" content=\"Bon Vent\" \/>\n<meta property=\"article:publisher\" content=\"https:\/\/www.facebook.com\/bonventbcn?ref=hl\" \/>\n<meta property=\"article:modified_time\" content=\"2020-12-02T17:10:41+00:00\" \/>\n<meta property=\"og:image\" content=\"https:\/\/www.bonvent.cat\/wp-content\/uploads\/2020\/11\/bodeg\u00f3-maig.jpg\" \/>\n\t<meta property=\"og:image:width\" content=\"510\" \/>\n\t<meta property=\"og:image:height\" content=\"652\" \/>\n\t<meta property=\"og:image:type\" content=\"image\/jpeg\" \/>\n<meta name=\"twitter:label1\" content=\"Tiempo de lectura\" \/>\n\t<meta name=\"twitter:data1\" content=\"1 minuto\" \/>\n<script type=\"application\/ld+json\" class=\"yoast-schema-graph\">{\"@context\":\"https:\/\/schema.org\",\"@graph\":[{\"@type\":\"WebPage\",\"@id\":\"https:\/\/www.bonvent.cat\/es\/product\/maig-fragancia-inside-scents-de-bravanariz\/\",\"url\":\"https:\/\/www.bonvent.cat\/es\/product\/maig-fragancia-inside-scents-de-bravanariz\/\",\"name\":\"Maig. Fragancia INSIDE Scents de Bravanariz\",\"isPartOf\":{\"@id\":\"https:\/\/www.bonvent.cat\/es\/#website\"},\"primaryImageOfPage\":{\"@id\":\"https:\/\/www.bonvent.cat\/es\/product\/maig-fragancia-inside-scents-de-bravanariz\/#primaryimage\"},\"image\":{\"@id\":\"https:\/\/www.bonvent.cat\/es\/product\/maig-fragancia-inside-scents-de-bravanariz\/#primaryimage\"},\"thumbnailUrl\":\"https:\/\/www.bonvent.cat\/wp-content\/uploads\/2020\/11\/bodeg\u00f3-maig.jpg\",\"datePublished\":\"2020-08-29T16:48:14+00:00\",\"dateModified\":\"2020-12-02T17:10:41+00:00\",\"description\":\"MAIG es una fragancia deliciosamente contradictoria, como la primavera. Combina la luminosa elegancia de la lavanda y el oscuro toque animal de la jara.\",\"breadcrumb\":{\"@id\":\"https:\/\/www.bonvent.cat\/es\/product\/maig-fragancia-inside-scents-de-bravanariz\/#breadcrumb\"},\"inLanguage\":\"es\",\"potentialAction\":[{\"@type\":\"ReadAction\",\"target\":[\"https:\/\/www.bonvent.cat\/es\/product\/maig-fragancia-inside-scents-de-bravanariz\/\"]}]},{\"@type\":\"ImageObject\",\"inLanguage\":\"es\",\"@id\":\"https:\/\/www.bonvent.cat\/es\/product\/maig-fragancia-inside-scents-de-bravanariz\/#primaryimage\",\"url\":\"https:\/\/www.bonvent.cat\/wp-content\/uploads\/2020\/11\/bodeg\u00f3-maig.jpg\",\"contentUrl\":\"https:\/\/www.bonvent.cat\/wp-content\/uploads\/2020\/11\/bodeg\u00f3-maig.jpg\",\"width\":510,\"height\":652,\"caption\":\"Maig. Fragancia INSIDE Scents de Bravanariz\"},{\"@type\":\"BreadcrumbList\",\"@id\":\"https:\/\/www.bonvent.cat\/es\/product\/maig-fragancia-inside-scents-de-bravanariz\/#breadcrumb\",\"itemListElement\":[{\"@type\":\"ListItem\",\"position\":1,\"name\":\"Inici\",\"item\":\"https:\/\/www.bonvent.cat\/es\/\"},{\"@type\":\"ListItem\",\"position\":2,\"name\":\"Botiga\",\"item\":\"https:\/\/www.bonvent.cat\/?page_id=1953091\"},{\"@type\":\"ListItem\",\"position\":3,\"name\":\"Maig. Fragancia INSIDE Scents de Bravanariz\"}]},{\"@type\":\"WebSite\",\"@id\":\"https:\/\/www.bonvent.cat\/es\/#website\",\"url\":\"https:\/\/www.bonvent.cat\/es\/\",\"name\":\"Bon Vent\",\"description\":\"Botiga d\u2019inspiraci\u00f3 mediterr\u00e0nia\",\"publisher\":{\"@id\":\"https:\/\/www.bonvent.cat\/es\/#organization\"},\"potentialAction\":[{\"@type\":\"SearchAction\",\"target\":{\"@type\":\"EntryPoint\",\"urlTemplate\":\"https:\/\/www.bonvent.cat\/es\/?s={search_term_string}\"},\"query-input\":{\"@type\":\"PropertyValueSpecification\",\"valueRequired\":true,\"valueName\":\"search_term_string\"}}],\"inLanguage\":\"es\"},{\"@type\":\"Organization\",\"@id\":\"https:\/\/www.bonvent.cat\/es\/#organization\",\"name\":\"Bon Vent\",\"url\":\"https:\/\/www.bonvent.cat\/es\/\",\"logo\":{\"@type\":\"ImageObject\",\"inLanguage\":\"es\",\"@id\":\"https:\/\/www.bonvent.cat\/es\/#\/schema\/logo\/image\/\",\"url\":\"https:\/\/www.bonvent.cat\/wp-content\/uploads\/2021\/11\/logoh.png\",\"contentUrl\":\"https:\/\/www.bonvent.cat\/wp-content\/uploads\/2021\/11\/logoh.png\",\"width\":640,\"height\":121,\"caption\":\"Bon Vent\"},\"image\":{\"@id\":\"https:\/\/www.bonvent.cat\/es\/#\/schema\/logo\/image\/\"},\"sameAs\":[\"https:\/\/www.facebook.com\/bonventbcn?ref=hl\",\"https:\/\/www.instagram.com\/bon_ventbarcelona\/\",\"https:\/\/es.pinterest.com\/BONVENTmed\/\"]}]}<\/script>\n<!-- \/ Yoast SEO plugin. -->","yoast_head_json":{"title":"Maig. Fragancia INSIDE Scents de Bravanariz","description":"MAIG es una fragancia deliciosamente contradictoria, como la primavera. Combina la luminosa elegancia de la lavanda y el oscuro toque animal de la jara.","robots":{"index":"index","follow":"follow","max-snippet":"max-snippet:-1","max-image-preview":"max-image-preview:large","max-video-preview":"max-video-preview:-1"},"canonical":"https:\/\/www.bonvent.cat\/es\/product\/maig-fragancia-inside-scents-de-bravanariz\/","og_locale":"es_ES","og_type":"article","og_title":"Maig. Fragancia INSIDE Scents de Bravanariz","og_description":"MAIG es una fragancia deliciosamente contradictoria, como la primavera. Combina la luminosa elegancia de la lavanda y el oscuro toque animal de la jara.","og_url":"https:\/\/www.bonvent.cat\/es\/product\/maig-fragancia-inside-scents-de-bravanariz\/","og_site_name":"Bon Vent","article_publisher":"https:\/\/www.facebook.com\/bonventbcn?ref=hl","article_modified_time":"2020-12-02T17:10:41+00:00","og_image":[{"width":510,"height":652,"url":"https:\/\/www.bonvent.cat\/wp-content\/uploads\/2020\/11\/bodeg\u00f3-maig.jpg","type":"image\/jpeg"}],"twitter_misc":{"Tiempo de lectura":"1 minuto"},"schema":{"@context":"https:\/\/schema.org","@graph":[{"@type":"WebPage","@id":"https:\/\/www.bonvent.cat\/es\/product\/maig-fragancia-inside-scents-de-bravanariz\/","url":"https:\/\/www.bonvent.cat\/es\/product\/maig-fragancia-inside-scents-de-bravanariz\/","name":"Maig. Fragancia INSIDE Scents de Bravanariz","isPartOf":{"@id":"https:\/\/www.bonvent.cat\/es\/#website"},"primaryImageOfPage":{"@id":"https:\/\/www.bonvent.cat\/es\/product\/maig-fragancia-inside-scents-de-bravanariz\/#primaryimage"},"image":{"@id":"https:\/\/www.bonvent.cat\/es\/product\/maig-fragancia-inside-scents-de-bravanariz\/#primaryimage"},"thumbnailUrl":"https:\/\/www.bonvent.cat\/wp-content\/uploads\/2020\/11\/bodeg\u00f3-maig.jpg","datePublished":"2020-08-29T16:48:14+00:00","dateModified":"2020-12-02T17:10:41+00:00","description":"MAIG es una fragancia deliciosamente contradictoria, como la primavera. Combina la luminosa elegancia de la lavanda y el oscuro toque animal de la jara.","breadcrumb":{"@id":"https:\/\/www.bonvent.cat\/es\/product\/maig-fragancia-inside-scents-de-bravanariz\/#breadcrumb"},"inLanguage":"es","potentialAction":[{"@type":"ReadAction","target":["https:\/\/www.bonvent.cat\/es\/product\/maig-fragancia-inside-scents-de-bravanariz\/"]}]},{"@type":"ImageObject","inLanguage":"es","@id":"https:\/\/www.bonvent.cat\/es\/product\/maig-fragancia-inside-scents-de-bravanariz\/#primaryimage","url":"https:\/\/www.bonvent.cat\/wp-content\/uploads\/2020\/11\/bodeg\u00f3-maig.jpg","contentUrl":"https:\/\/www.bonvent.cat\/wp-content\/uploads\/2020\/11\/bodeg\u00f3-maig.jpg","width":510,"height":652,"caption":"Maig. Fragancia INSIDE Scents de Bravanariz"},{"@type":"BreadcrumbList","@id":"https:\/\/www.bonvent.cat\/es\/product\/maig-fragancia-inside-scents-de-bravanariz\/#breadcrumb","itemListElement":[{"@type":"ListItem","position":1,"name":"Inici","item":"https:\/\/www.bonvent.cat\/es\/"},{"@type":"ListItem","position":2,"name":"Botiga","item":"https:\/\/www.bonvent.cat\/?page_id=1953091"},{"@type":"ListItem","position":3,"name":"Maig. Fragancia INSIDE Scents de Bravanariz"}]},{"@type":"WebSite","@id":"https:\/\/www.bonvent.cat\/es\/#website","url":"https:\/\/www.bonvent.cat\/es\/","name":"Bon Vent","description":"Botiga d\u2019inspiraci\u00f3 mediterr\u00e0nia","publisher":{"@id":"https:\/\/www.bonvent.cat\/es\/#organization"},"potentialAction":[{"@type":"SearchAction","target":{"@type":"EntryPoint","urlTemplate":"https:\/\/www.bonvent.cat\/es\/?s={search_term_string}"},"query-input":{"@type":"PropertyValueSpecification","valueRequired":true,"valueName":"search_term_string"}}],"inLanguage":"es"},{"@type":"Organization","@id":"https:\/\/www.bonvent.cat\/es\/#organization","name":"Bon Vent","url":"https:\/\/www.bonvent.cat\/es\/","logo":{"@type":"ImageObject","inLanguage":"es","@id":"https:\/\/www.bonvent.cat\/es\/#\/schema\/logo\/image\/","url":"https:\/\/www.bonvent.cat\/wp-content\/uploads\/2021\/11\/logoh.png","contentUrl":"https:\/\/www.bonvent.cat\/wp-content\/uploads\/2021\/11\/logoh.png","width":640,"height":121,"caption":"Bon Vent"},"image":{"@id":"https:\/\/www.bonvent.cat\/es\/#\/schema\/logo\/image\/"},"sameAs":["https:\/\/www.facebook.com\/bonventbcn?ref=hl","https:\/\/www.instagram.com\/bon_ventbarcelona\/","https:\/\/es.pinterest.com\/BONVENTmed\/"]}]}},"_links":{"self":[{"href":"https:\/\/www.bonvent.cat\/es\/wp-json\/wp\/v2\/product\/14464","targetHints":{"allow":["GET"]}}],"collection":[{"href":"https:\/\/www.bonvent.cat\/es\/wp-json\/wp\/v2\/product"}],"about":[{"href":"https:\/\/www.bonvent.cat\/es\/wp-json\/wp\/v2\/types\/product"}],"replies":[{"embeddable":true,"href":"https:\/\/www.bonvent.cat\/es\/wp-json\/wp\/v2\/comments?post=14464"}],"version-history":[{"count":0,"href":"https:\/\/www.bonvent.cat\/es\/wp-json\/wp\/v2\/product\/14464\/revisions"}],"wp:featuredmedia":[{"embeddable":true,"href":"https:\/\/www.bonvent.cat\/es\/wp-json\/wp\/v2\/media\/14256"}],"wp:attachment":[{"href":"https:\/\/www.bonvent.cat\/es\/wp-json\/wp\/v2\/media?parent=14464"}],"wp:term":[{"taxonomy":"product_brand","embeddable":true,"href":"https:\/\/www.bonvent.cat\/es\/wp-json\/wp\/v2\/product_brand?post=14464"},{"taxonomy":"product_cat","embeddable":true,"href":"https:\/\/www.bonvent.cat\/es\/wp-json\/wp\/v2\/product_cat?post=14464"},{"taxonomy":"product_tag","embeddable":true,"href":"https:\/\/www.bonvent.cat\/es\/wp-json\/wp\/v2\/product_tag?post=14464"}],"curies":[{"name":"wp","href":"https:\/\/api.w.org\/{rel}","templated":true}]}}