{"id":14466,"date":"2020-06-30T12:50:26","date_gmt":"2020-09-30T14:50:26","guid":{"rendered":"https:\/\/www.bonvent.cat\/product\/octubre-fragancia-inside-scents-de-bravanariz\/"},"modified":"2020-09-30T16:50:26","modified_gmt":"2020-09-30T14:50:26","slug":"octubre-fragancia-inside-scents-de-bravanariz","status":"publish","type":"product","link":"https:\/\/www.bonvent.cat\/es\/product\/octubre-fragancia-inside-scents-de-bravanariz\/","title":{"rendered":"Octubre. Fragancia INSIDE Scents de Bravanariz"},"content":{"rendered":"<h2>Octubre es una de las fragancias para el hogar de Bravanariz<\/h2>\n<p>Bravanariz nos trae las grandes aromas de nuestros paisajes, para que t\u00fa y tus seres queridos, pueda seguir los ciclos de la naturaleza a lo largo del a\u00f1o y disfrutar de sus maravillas. Octubre es el oto\u00f1o.<br \/>\nUna fragancia para cada estaci\u00f3n que llenar\u00e1 tu casa o tu lugar de trabajo con los aromas cambiantes de la naturaleza.<br \/>\nPorque, as\u00ed como comer productos de temporada nos hace bien, oler de temporada tambi\u00e9n nos beneficia, sintonizando nuestros ciclos internos con los de la naturaleza.<\/p>\n<p>Porque despu\u00e9s de todo, somos naturaleza. Los INSIDE Scents te ayudar\u00e1n a recordar esto y te llevar\u00e1n la alegr\u00eda del Mediterr\u00e1neo a tu interior y al de tu casa.<\/p>\n<h3>\nBravanariz es un proyecto de compromiso<\/h3>\n<p><strong>Producci\u00f3n local<\/strong><\/p>\n<p>Sus formulaciones s\u00f3lo utilizan plantas aut\u00f3ctonas del Empord\u00e0. Reivindicamos el exotismo de aqu\u00ed. Trabajan con productores de aceites esenciales locales colaborando en proyectos afines de permacultura y vinicultura ecol\u00f3gica, activando la econom\u00eda local y reforzando lazos sociales.<\/p>\n<p><strong>Artesan\u00eda<\/strong><\/p>\n<p>A Bravanariz controlan todas las fases de la producci\u00f3n de las capturas olfativas de forma artesanal, Conjugan la tradici\u00f3n de la perfumer\u00eda artesanal y de nicho con su impulso vital hacia la experimentaci\u00f3n, el riesgo y la intuici\u00f3n.<\/p>\n<p><strong>Cuidado del entorno<\/strong><\/p>\n<p>Uno de los aspectos fundamentales del proyecto de Bravanariz es la conservaci\u00f3n del paisaje. Por ello han dise\u00f1ado un protocolo de recolecci\u00f3n sostenible que asegura el desarrollo de las plantas arom\u00e1ticas y el equilibrio de su entorno natural. Producen de manera limitada. No realizan ning\u00fan tipo de prueba en animales y sus instalaciones funcionan con energ\u00edas renovables.<\/p>\n<p>BRAVANARIZ son los lugares y las plantas. Los aromas son el lenguaje de las plantas. Los bosques est\u00e1n llenos de voces olfativas que nos afectan y transforman. La pulsi\u00f3n de Bravanariz es capturar aromas y ponerlos en un frasco. No para estudiarlos, sino para poder hablar el idioma de las plantas.<\/p>\n","protected":false},"excerpt":{"rendered":"<p>OCTUBRE es una fragancia para el hogar que te lleva los suaves matices del oto\u00f1o. L\u00edquenes y musgos que crecen en silencio a la sombra de un encinar, hierba luisa y mandarinas, casta\u00f1as y granadas, todo sumergido en el aroma resinoso y curativo de un pino ancestral.<\/p>\n<p>Incluye un p\u00f3ster desplegable. Por un lado encontrar\u00e1 una preciosa ilustraci\u00f3n de <a href=\"https:\/\/www.instagram.com\/ssonjass\/\" target=\"_blank\" rel=\"noopener noreferrer\">Sonia Est\u00e9vez<\/a> inspirada en cada una de las estaciones y por el otro un personal texto del creador de Bravanariz compartiendo su estr\u00e1bica visi\u00f3n de las estaciones y sus aromas.<br \/>\noto\u00f1o:<\/p>\n<p>Seg\u00fan la tradici\u00f3n rural, el principio del calendario se sit\u00faa en el 29 de septiembre (San Miguel). Este es el momento en que la naturaleza se prepara y fertiliza sus tierras, con la ca\u00edda de las hojas, para iniciar su ciclo vital. Es una estaci\u00f3n de transici\u00f3n y grandes cambios. Los d\u00edas se acortan, bajan las temperaturas. A nivel social supone la vuelta al trabajo o los estudios. Como todo principio es una \u00e9poca de muchas novedades que generan cierta inquietud. Nuestros cuerpos y mentes necesitan adaptarse. Por suerte la naturaleza, como siempre, nos ofrece lo que necesitamos.<\/p>\n<p><strong>Plantas y beneficios:<\/strong><\/p>\n<ul>\n<li>Mar\u00eda Luisa (Aloysia citrodora): Act\u00faa sobre nuestro sistema nervioso, tranquilizante y ayudando a centrar nuestra atenci\u00f3n.<\/li>\n<li>Mirto (Myrtus): Tambi\u00e9n es un olor relajante y un reconocido descongestionante del sistema respiratorio.<\/li>\n<li>Enebro (Juniperus communis), Pi (Pinus halepensis): El binomio perfecto para los primeros resfriados del a\u00f1o. Antis\u00e9pticos y antimicrobianos, con su carga de fitoncides refuerzan nuestro sistema inmunol\u00f3gico.<\/li>\n<li>Musgo de encina (Evernia prunsatri): Bals\u00e1mico y estabilizante.<\/li>\n<li>Mandarina (Citrus reticulata): El primer c\u00edtrico a madurar. Como sus primos hermanos, sube el \u00e1nimo y despierta los sentidos.<\/li>\n<\/ul>\n<p><strong>Usos:<\/strong><\/p>\n<p>Nuestros INSIDE Scents, aparte de tener una concentraci\u00f3n de esencia y una graduaci\u00f3n alcoh\u00f3lica m\u00ednima no se diferencian en nada de cualquiera de nuestras otras fragancias. La alta calidad de sus materias primas (el alcohol org\u00e1nico de melazas, los aceites esenciales 100% naturales, las tinturas y hidrolatos) es exactamente la misma, por lo que puedes utilizar perfectamente como un perfume al uso (m\u00e1s sutil seguro), pulverizando en piel y cabello.<\/p>\n","protected":false},"featured_media":14259,"comment_status":"closed","ping_status":"closed","template":"","meta":[],"product_brand":[],"product_cat":[1159,1223,737],"product_tag":[542,1263,1261,543,636,1102],"class_list":{"0":"post-14466","1":"product","2":"type-product","3":"status-publish","4":"has-post-thumbnail","6":"product_cat-bano-cuidados","7":"product_cat-fragancias","8":"product_cat-velas-fragancias","9":"product_tag-artesanal-es","10":"product_tag-bravanariz-es","11":"product_tag-colonia-es","12":"product_tag-material-autoctono","13":"product_tag-perfume-ligero","14":"product_tag-producto-local","16":"first","17":"instock","18":"taxable","19":"shipping-taxable","20":"purchasable","21":"product-type-simple"},"yoast_head":"<!-- This site is optimized with the Yoast SEO plugin v25.3.1 - https:\/\/yoast.com\/wordpress\/plugins\/seo\/ -->\n<title>Octubre. Fragancia INSIDE Scents de Bravanariz<\/title>\n<meta name=\"description\" content=\"OCTUBRE es una fragancia para el hogar que te lleva los suaves matices del oto\u00f1o. Los aromas de nuestro territorio a tu casa.\" \/>\n<meta name=\"robots\" content=\"index, follow, max-snippet:-1, max-image-preview:large, max-video-preview:-1\" \/>\n<link rel=\"canonical\" href=\"https:\/\/www.bonvent.cat\/es\/product\/octubre-fragancia-inside-scents-de-bravanariz\/\" \/>\n<meta property=\"og:locale\" content=\"es_ES\" \/>\n<meta property=\"og:type\" content=\"article\" \/>\n<meta property=\"og:title\" content=\"Octubre. Fragancia INSIDE Scents de Bravanariz\" \/>\n<meta property=\"og:description\" content=\"OCTUBRE es una fragancia para el hogar que te lleva los suaves matices del oto\u00f1o. Los aromas de nuestro territorio a tu casa.\" \/>\n<meta property=\"og:url\" content=\"https:\/\/www.bonvent.cat\/es\/product\/octubre-fragancia-inside-scents-de-bravanariz\/\" \/>\n<meta property=\"og:site_name\" content=\"Bon Vent\" \/>\n<meta property=\"article:publisher\" content=\"https:\/\/www.facebook.com\/bonventbcn?ref=hl\" \/>\n<meta property=\"og:image\" content=\"https:\/\/www.bonvent.cat\/wp-content\/uploads\/2020\/11\/bodeg\u00f3-octubre-1.jpg\" \/>\n\t<meta property=\"og:image:width\" content=\"510\" \/>\n\t<meta property=\"og:image:height\" content=\"652\" \/>\n\t<meta property=\"og:image:type\" content=\"image\/jpeg\" \/>\n<meta name=\"twitter:label1\" content=\"Tiempo de lectura\" \/>\n\t<meta name=\"twitter:data1\" content=\"2 minutos\" \/>\n<script type=\"application\/ld+json\" class=\"yoast-schema-graph\">{\"@context\":\"https:\/\/schema.org\",\"@graph\":[{\"@type\":\"WebPage\",\"@id\":\"https:\/\/www.bonvent.cat\/es\/product\/octubre-fragancia-inside-scents-de-bravanariz\/\",\"url\":\"https:\/\/www.bonvent.cat\/es\/product\/octubre-fragancia-inside-scents-de-bravanariz\/\",\"name\":\"Octubre. Fragancia INSIDE Scents de Bravanariz\",\"isPartOf\":{\"@id\":\"https:\/\/www.bonvent.cat\/es\/#website\"},\"primaryImageOfPage\":{\"@id\":\"https:\/\/www.bonvent.cat\/es\/product\/octubre-fragancia-inside-scents-de-bravanariz\/#primaryimage\"},\"image\":{\"@id\":\"https:\/\/www.bonvent.cat\/es\/product\/octubre-fragancia-inside-scents-de-bravanariz\/#primaryimage\"},\"thumbnailUrl\":\"https:\/\/www.bonvent.cat\/wp-content\/uploads\/2020\/11\/bodeg\u00f3-octubre-1.jpg\",\"datePublished\":\"2020-09-30T14:50:26+00:00\",\"description\":\"OCTUBRE es una fragancia para el hogar que te lleva los suaves matices del oto\u00f1o. Los aromas de nuestro territorio a tu casa.\",\"breadcrumb\":{\"@id\":\"https:\/\/www.bonvent.cat\/es\/product\/octubre-fragancia-inside-scents-de-bravanariz\/#breadcrumb\"},\"inLanguage\":\"es\",\"potentialAction\":[{\"@type\":\"ReadAction\",\"target\":[\"https:\/\/www.bonvent.cat\/es\/product\/octubre-fragancia-inside-scents-de-bravanariz\/\"]}]},{\"@type\":\"ImageObject\",\"inLanguage\":\"es\",\"@id\":\"https:\/\/www.bonvent.cat\/es\/product\/octubre-fragancia-inside-scents-de-bravanariz\/#primaryimage\",\"url\":\"https:\/\/www.bonvent.cat\/wp-content\/uploads\/2020\/11\/bodeg\u00f3-octubre-1.jpg\",\"contentUrl\":\"https:\/\/www.bonvent.cat\/wp-content\/uploads\/2020\/11\/bodeg\u00f3-octubre-1.jpg\",\"width\":510,\"height\":652,\"caption\":\"Octubre. Fragancia INSIDE Scents de Bravanariz\"},{\"@type\":\"BreadcrumbList\",\"@id\":\"https:\/\/www.bonvent.cat\/es\/product\/octubre-fragancia-inside-scents-de-bravanariz\/#breadcrumb\",\"itemListElement\":[{\"@type\":\"ListItem\",\"position\":1,\"name\":\"Inici\",\"item\":\"https:\/\/www.bonvent.cat\/es\/\"},{\"@type\":\"ListItem\",\"position\":2,\"name\":\"Botiga\",\"item\":\"https:\/\/www.bonvent.cat\/?page_id=1953091\"},{\"@type\":\"ListItem\",\"position\":3,\"name\":\"Octubre. Fragancia INSIDE Scents de Bravanariz\"}]},{\"@type\":\"WebSite\",\"@id\":\"https:\/\/www.bonvent.cat\/es\/#website\",\"url\":\"https:\/\/www.bonvent.cat\/es\/\",\"name\":\"Bon Vent\",\"description\":\"Botiga d\u2019inspiraci\u00f3 mediterr\u00e0nia\",\"publisher\":{\"@id\":\"https:\/\/www.bonvent.cat\/es\/#organization\"},\"potentialAction\":[{\"@type\":\"SearchAction\",\"target\":{\"@type\":\"EntryPoint\",\"urlTemplate\":\"https:\/\/www.bonvent.cat\/es\/?s={search_term_string}\"},\"query-input\":{\"@type\":\"PropertyValueSpecification\",\"valueRequired\":true,\"valueName\":\"search_term_string\"}}],\"inLanguage\":\"es\"},{\"@type\":\"Organization\",\"@id\":\"https:\/\/www.bonvent.cat\/es\/#organization\",\"name\":\"Bon Vent\",\"url\":\"https:\/\/www.bonvent.cat\/es\/\",\"logo\":{\"@type\":\"ImageObject\",\"inLanguage\":\"es\",\"@id\":\"https:\/\/www.bonvent.cat\/es\/#\/schema\/logo\/image\/\",\"url\":\"https:\/\/www.bonvent.cat\/wp-content\/uploads\/2021\/11\/logoh.png\",\"contentUrl\":\"https:\/\/www.bonvent.cat\/wp-content\/uploads\/2021\/11\/logoh.png\",\"width\":640,\"height\":121,\"caption\":\"Bon Vent\"},\"image\":{\"@id\":\"https:\/\/www.bonvent.cat\/es\/#\/schema\/logo\/image\/\"},\"sameAs\":[\"https:\/\/www.facebook.com\/bonventbcn?ref=hl\",\"https:\/\/www.instagram.com\/bon_ventbarcelona\/\",\"https:\/\/es.pinterest.com\/BONVENTmed\/\"]}]}<\/script>\n<!-- \/ Yoast SEO plugin. -->","yoast_head_json":{"title":"Octubre. Fragancia INSIDE Scents de Bravanariz","description":"OCTUBRE es una fragancia para el hogar que te lleva los suaves matices del oto\u00f1o. Los aromas de nuestro territorio a tu casa.","robots":{"index":"index","follow":"follow","max-snippet":"max-snippet:-1","max-image-preview":"max-image-preview:large","max-video-preview":"max-video-preview:-1"},"canonical":"https:\/\/www.bonvent.cat\/es\/product\/octubre-fragancia-inside-scents-de-bravanariz\/","og_locale":"es_ES","og_type":"article","og_title":"Octubre. Fragancia INSIDE Scents de Bravanariz","og_description":"OCTUBRE es una fragancia para el hogar que te lleva los suaves matices del oto\u00f1o. Los aromas de nuestro territorio a tu casa.","og_url":"https:\/\/www.bonvent.cat\/es\/product\/octubre-fragancia-inside-scents-de-bravanariz\/","og_site_name":"Bon Vent","article_publisher":"https:\/\/www.facebook.com\/bonventbcn?ref=hl","og_image":[{"width":510,"height":652,"url":"https:\/\/www.bonvent.cat\/wp-content\/uploads\/2020\/11\/bodeg\u00f3-octubre-1.jpg","type":"image\/jpeg"}],"twitter_misc":{"Tiempo de lectura":"2 minutos"},"schema":{"@context":"https:\/\/schema.org","@graph":[{"@type":"WebPage","@id":"https:\/\/www.bonvent.cat\/es\/product\/octubre-fragancia-inside-scents-de-bravanariz\/","url":"https:\/\/www.bonvent.cat\/es\/product\/octubre-fragancia-inside-scents-de-bravanariz\/","name":"Octubre. Fragancia INSIDE Scents de Bravanariz","isPartOf":{"@id":"https:\/\/www.bonvent.cat\/es\/#website"},"primaryImageOfPage":{"@id":"https:\/\/www.bonvent.cat\/es\/product\/octubre-fragancia-inside-scents-de-bravanariz\/#primaryimage"},"image":{"@id":"https:\/\/www.bonvent.cat\/es\/product\/octubre-fragancia-inside-scents-de-bravanariz\/#primaryimage"},"thumbnailUrl":"https:\/\/www.bonvent.cat\/wp-content\/uploads\/2020\/11\/bodeg\u00f3-octubre-1.jpg","datePublished":"2020-09-30T14:50:26+00:00","description":"OCTUBRE es una fragancia para el hogar que te lleva los suaves matices del oto\u00f1o. Los aromas de nuestro territorio a tu casa.","breadcrumb":{"@id":"https:\/\/www.bonvent.cat\/es\/product\/octubre-fragancia-inside-scents-de-bravanariz\/#breadcrumb"},"inLanguage":"es","potentialAction":[{"@type":"ReadAction","target":["https:\/\/www.bonvent.cat\/es\/product\/octubre-fragancia-inside-scents-de-bravanariz\/"]}]},{"@type":"ImageObject","inLanguage":"es","@id":"https:\/\/www.bonvent.cat\/es\/product\/octubre-fragancia-inside-scents-de-bravanariz\/#primaryimage","url":"https:\/\/www.bonvent.cat\/wp-content\/uploads\/2020\/11\/bodeg\u00f3-octubre-1.jpg","contentUrl":"https:\/\/www.bonvent.cat\/wp-content\/uploads\/2020\/11\/bodeg\u00f3-octubre-1.jpg","width":510,"height":652,"caption":"Octubre. Fragancia INSIDE Scents de Bravanariz"},{"@type":"BreadcrumbList","@id":"https:\/\/www.bonvent.cat\/es\/product\/octubre-fragancia-inside-scents-de-bravanariz\/#breadcrumb","itemListElement":[{"@type":"ListItem","position":1,"name":"Inici","item":"https:\/\/www.bonvent.cat\/es\/"},{"@type":"ListItem","position":2,"name":"Botiga","item":"https:\/\/www.bonvent.cat\/?page_id=1953091"},{"@type":"ListItem","position":3,"name":"Octubre. Fragancia INSIDE Scents de Bravanariz"}]},{"@type":"WebSite","@id":"https:\/\/www.bonvent.cat\/es\/#website","url":"https:\/\/www.bonvent.cat\/es\/","name":"Bon Vent","description":"Botiga d\u2019inspiraci\u00f3 mediterr\u00e0nia","publisher":{"@id":"https:\/\/www.bonvent.cat\/es\/#organization"},"potentialAction":[{"@type":"SearchAction","target":{"@type":"EntryPoint","urlTemplate":"https:\/\/www.bonvent.cat\/es\/?s={search_term_string}"},"query-input":{"@type":"PropertyValueSpecification","valueRequired":true,"valueName":"search_term_string"}}],"inLanguage":"es"},{"@type":"Organization","@id":"https:\/\/www.bonvent.cat\/es\/#organization","name":"Bon Vent","url":"https:\/\/www.bonvent.cat\/es\/","logo":{"@type":"ImageObject","inLanguage":"es","@id":"https:\/\/www.bonvent.cat\/es\/#\/schema\/logo\/image\/","url":"https:\/\/www.bonvent.cat\/wp-content\/uploads\/2021\/11\/logoh.png","contentUrl":"https:\/\/www.bonvent.cat\/wp-content\/uploads\/2021\/11\/logoh.png","width":640,"height":121,"caption":"Bon Vent"},"image":{"@id":"https:\/\/www.bonvent.cat\/es\/#\/schema\/logo\/image\/"},"sameAs":["https:\/\/www.facebook.com\/bonventbcn?ref=hl","https:\/\/www.instagram.com\/bon_ventbarcelona\/","https:\/\/es.pinterest.com\/BONVENTmed\/"]}]}},"_links":{"self":[{"href":"https:\/\/www.bonvent.cat\/es\/wp-json\/wp\/v2\/product\/14466","targetHints":{"allow":["GET"]}}],"collection":[{"href":"https:\/\/www.bonvent.cat\/es\/wp-json\/wp\/v2\/product"}],"about":[{"href":"https:\/\/www.bonvent.cat\/es\/wp-json\/wp\/v2\/types\/product"}],"replies":[{"embeddable":true,"href":"https:\/\/www.bonvent.cat\/es\/wp-json\/wp\/v2\/comments?post=14466"}],"version-history":[{"count":0,"href":"https:\/\/www.bonvent.cat\/es\/wp-json\/wp\/v2\/product\/14466\/revisions"}],"wp:featuredmedia":[{"embeddable":true,"href":"https:\/\/www.bonvent.cat\/es\/wp-json\/wp\/v2\/media\/14259"}],"wp:attachment":[{"href":"https:\/\/www.bonvent.cat\/es\/wp-json\/wp\/v2\/media?parent=14466"}],"wp:term":[{"taxonomy":"product_brand","embeddable":true,"href":"https:\/\/www.bonvent.cat\/es\/wp-json\/wp\/v2\/product_brand?post=14466"},{"taxonomy":"product_cat","embeddable":true,"href":"https:\/\/www.bonvent.cat\/es\/wp-json\/wp\/v2\/product_cat?post=14466"},{"taxonomy":"product_tag","embeddable":true,"href":"https:\/\/www.bonvent.cat\/es\/wp-json\/wp\/v2\/product_tag?post=14466"}],"curies":[{"name":"wp","href":"https:\/\/api.w.org\/{rel}","templated":true}]}}