{"id":14472,"date":"2020-12-13T08:10:29","date_gmt":"2020-07-18T12:58:29","guid":{"rendered":"https:\/\/www.bonvent.cat\/product\/silvestre-el-agua-de-colonia-familiar-de-bravanariz\/"},"modified":"2020-12-14T13:22:46","modified_gmt":"2020-12-14T12:22:46","slug":"silvestre-el-agua-de-colonia-familiar-de-bravanariz","status":"publish","type":"product","link":"https:\/\/www.bonvent.cat\/es\/product\/silvestre-el-agua-de-colonia-familiar-de-bravanariz\/","title":{"rendered":"Silvestre.  El agua de colonia familiar de Bravanariz"},"content":{"rendered":"<h2>Silvestre es un agua de colonia familiar elaborada por Bravanariz.<\/h2>\n<p>Usos y propiedades:<br \/>\nHecho con tinturas y hidrolatos de romero, recolectado de forma silvestre, que estimulan tu \u00e1nimo y despiertan tus instintos. Su coraz\u00f3n c\u00edtrico, basado en una f\u00f3rmula original que el abuelo de Ernesto Collado compuso para su mujer y familia en 1923, le da un aspecto reconocible y acogedor a la mezcla, manteniendo una sensaci\u00f3n limpia y fresca. Las notas de pino y el enebro te transportan a nuestros bosques. Rociar la sobre tu piel, cabello y ropas y descubre el salvaje que hay en ti.<\/p>\n<p>Muy importante: agitar antes de usar, ya que no ha sido filtrado para mantener todas sus propiedades naturales y su compleja riqueza arom\u00e1tica.<\/p>\n<p><strong>Plantas:<\/strong><\/p>\n<ul>\n<li>Enebro (Juniperus communis subs. Nana)<\/li>\n<li>Romero (Rosmarinus officinalis)<\/li>\n<li>Pino carrasco (Pinus halepensis)<\/li>\n<li>Naranja dulce (Citrus sinensis)<\/li>\n<li>Lim\u00f3n (Citrus lim\u00f3n)<\/li>\n<li>Naranja amarga (Citrus aurantium flowers and leaves)<\/li>\n<li>Mandarina (Citrus reticulata)<\/li>\n<\/ul>\n<p><strong>Contenido: 200 ml.<\/strong><\/p>\n<p>Bravanariz es un proyecto comprometido con tres aspectos esenciales:<\/p>\n<p><strong>Producci\u00f3n local<\/strong><\/p>\n<p>Sus formulaciones s\u00f3lo utilizan plantas aut\u00f3ctonas del Empord\u00e0. Reivindicamos el exotismo de aqu\u00ed. Trabajan con productores de aceites esenciales locales colaborando en proyectos afines de permacultura y vinicultura ecol\u00f3gica, activando la econom\u00eda local y reforzando lazos sociales.<\/p>\n<p><strong>Artesan\u00eda<\/strong><\/p>\n<p>A Bravanariz controlan todas las fases de la producci\u00f3n de las capturas olfativas de forma artesanal, Conjugan la tradici\u00f3n de la perfumer\u00eda artesanal y de nicho con su impulso vital hacia la experimentaci\u00f3n, el riesgo y la intuici\u00f3n.<\/p>\n<p><strong>Cuidado del entorno<\/strong><\/p>\n<p>Uno de los aspectos fundamentales del proyecto de Bravanariz es la conservaci\u00f3n del paisaje. Por ello han dise\u00f1ado un protocolo de recolecci\u00f3n sostenible que asegura el desarrollo de las plantas arom\u00e1ticas y el equilibrio de su entorno natural. Producen de manera limitada. No realizan ning\u00fan tipo de prueba en animales y sus instalaciones funcionan con energ\u00edas renovables.<\/p>\n","protected":false},"excerpt":{"rendered":"<p>Silvestre es una cl\u00e1sica agua de colonia con un delicioso toque asilvestrado. Est\u00e1 hecha con plantas, frutas y maderas. Pura naturaleza, como nosotros. Por eso lo llamamos \u00abfamiliar\u00bb, porque todos somos naturaleza. Y para que esta est\u00e1 pensada para toda la familia.<\/p>\n<p>Silvestre es la forma m\u00e1s sencilla de llevar el paisaje encima en el d\u00eda a d\u00eda y disfrutar de los beneficios de la naturaleza. Fresco y acogedor, suave y directo.<\/p>\n<p><strong>Contenido: 200 ml.<\/strong><\/p>\n","protected":false},"featured_media":13216,"comment_status":"closed","ping_status":"closed","template":"","meta":[],"product_brand":[],"product_cat":[1159,1223],"product_tag":[542,1036,1263,1261,543,417,407],"class_list":{"0":"post-14472","1":"product","2":"type-product","3":"status-publish","4":"has-post-thumbnail","6":"product_cat-bano-cuidados","7":"product_cat-fragancias","8":"product_tag-artesanal-es","9":"product_tag-belleza-mediterranea-es-2","10":"product_tag-bravanariz-es","11":"product_tag-colonia-es","12":"product_tag-material-autoctono","13":"product_tag-mediterrani-es","14":"product_tag-natural-es-2","16":"first","17":"instock","18":"taxable","19":"shipping-taxable","20":"purchasable","21":"product-type-simple"},"yoast_head":"<!-- This site is optimized with the Yoast SEO plugin v25.3.1 - https:\/\/yoast.com\/wordpress\/plugins\/seo\/ -->\n<title>Silvestre. El agua de colonia familiar de Bravanariz<\/title>\n<meta name=\"description\" content=\"Silvestre es un agua de colonia para toda la familia con un toque asilvestrado. Est\u00e1 hecha a base de plantas, frutas y maderas. Pura naturaleza. Bravanariz.\" \/>\n<meta name=\"robots\" content=\"index, follow, max-snippet:-1, max-image-preview:large, max-video-preview:-1\" \/>\n<link rel=\"canonical\" href=\"https:\/\/www.bonvent.cat\/es\/product\/silvestre-el-agua-de-colonia-familiar-de-bravanariz\/\" \/>\n<meta property=\"og:locale\" content=\"es_ES\" \/>\n<meta property=\"og:type\" content=\"article\" \/>\n<meta property=\"og:title\" content=\"Silvestre. El agua de colonia familiar de Bravanariz\" \/>\n<meta property=\"og:description\" content=\"Silvestre es un agua de colonia para toda la familia con un toque asilvestrado. Est\u00e1 hecha a base de plantas, frutas y maderas. Pura naturaleza. Bravanariz.\" \/>\n<meta property=\"og:url\" content=\"https:\/\/www.bonvent.cat\/es\/product\/silvestre-el-agua-de-colonia-familiar-de-bravanariz\/\" \/>\n<meta property=\"og:site_name\" content=\"Bon Vent\" \/>\n<meta property=\"article:publisher\" content=\"https:\/\/www.facebook.com\/bonventbcn?ref=hl\" \/>\n<meta property=\"article:modified_time\" content=\"2020-12-14T12:22:46+00:00\" \/>\n<meta property=\"og:image\" content=\"https:\/\/www.bonvent.cat\/wp-content\/uploads\/2020\/11\/silvestreampolla-1.jpg\" \/>\n\t<meta property=\"og:image:width\" content=\"510\" \/>\n\t<meta property=\"og:image:height\" content=\"652\" \/>\n\t<meta property=\"og:image:type\" content=\"image\/jpeg\" \/>\n<meta name=\"twitter:label1\" content=\"Tiempo de lectura\" \/>\n\t<meta name=\"twitter:data1\" content=\"2 minutos\" \/>\n<script type=\"application\/ld+json\" class=\"yoast-schema-graph\">{\"@context\":\"https:\/\/schema.org\",\"@graph\":[{\"@type\":\"WebPage\",\"@id\":\"https:\/\/www.bonvent.cat\/es\/product\/silvestre-el-agua-de-colonia-familiar-de-bravanariz\/\",\"url\":\"https:\/\/www.bonvent.cat\/es\/product\/silvestre-el-agua-de-colonia-familiar-de-bravanariz\/\",\"name\":\"Silvestre. El agua de colonia familiar de Bravanariz\",\"isPartOf\":{\"@id\":\"https:\/\/www.bonvent.cat\/es\/#website\"},\"primaryImageOfPage\":{\"@id\":\"https:\/\/www.bonvent.cat\/es\/product\/silvestre-el-agua-de-colonia-familiar-de-bravanariz\/#primaryimage\"},\"image\":{\"@id\":\"https:\/\/www.bonvent.cat\/es\/product\/silvestre-el-agua-de-colonia-familiar-de-bravanariz\/#primaryimage\"},\"thumbnailUrl\":\"https:\/\/www.bonvent.cat\/wp-content\/uploads\/2020\/11\/silvestreampolla-1.jpg\",\"datePublished\":\"2020-07-18T12:58:29+00:00\",\"dateModified\":\"2020-12-14T12:22:46+00:00\",\"description\":\"Silvestre es un agua de colonia para toda la familia con un toque asilvestrado. Est\u00e1 hecha a base de plantas, frutas y maderas. Pura naturaleza. Bravanariz.\",\"breadcrumb\":{\"@id\":\"https:\/\/www.bonvent.cat\/es\/product\/silvestre-el-agua-de-colonia-familiar-de-bravanariz\/#breadcrumb\"},\"inLanguage\":\"es\",\"potentialAction\":[{\"@type\":\"ReadAction\",\"target\":[\"https:\/\/www.bonvent.cat\/es\/product\/silvestre-el-agua-de-colonia-familiar-de-bravanariz\/\"]}]},{\"@type\":\"ImageObject\",\"inLanguage\":\"es\",\"@id\":\"https:\/\/www.bonvent.cat\/es\/product\/silvestre-el-agua-de-colonia-familiar-de-bravanariz\/#primaryimage\",\"url\":\"https:\/\/www.bonvent.cat\/wp-content\/uploads\/2020\/11\/silvestreampolla-1.jpg\",\"contentUrl\":\"https:\/\/www.bonvent.cat\/wp-content\/uploads\/2020\/11\/silvestreampolla-1.jpg\",\"width\":510,\"height\":652,\"caption\":\"Silvestre. El agua de colonia familiar de Bravanariz\"},{\"@type\":\"BreadcrumbList\",\"@id\":\"https:\/\/www.bonvent.cat\/es\/product\/silvestre-el-agua-de-colonia-familiar-de-bravanariz\/#breadcrumb\",\"itemListElement\":[{\"@type\":\"ListItem\",\"position\":1,\"name\":\"Inici\",\"item\":\"https:\/\/www.bonvent.cat\/es\/\"},{\"@type\":\"ListItem\",\"position\":2,\"name\":\"Botiga\",\"item\":\"https:\/\/www.bonvent.cat\/?page_id=1953091\"},{\"@type\":\"ListItem\",\"position\":3,\"name\":\"Silvestre. El agua de colonia familiar de Bravanariz\"}]},{\"@type\":\"WebSite\",\"@id\":\"https:\/\/www.bonvent.cat\/es\/#website\",\"url\":\"https:\/\/www.bonvent.cat\/es\/\",\"name\":\"Bon Vent\",\"description\":\"Botiga d\u2019inspiraci\u00f3 mediterr\u00e0nia\",\"publisher\":{\"@id\":\"https:\/\/www.bonvent.cat\/es\/#organization\"},\"potentialAction\":[{\"@type\":\"SearchAction\",\"target\":{\"@type\":\"EntryPoint\",\"urlTemplate\":\"https:\/\/www.bonvent.cat\/es\/?s={search_term_string}\"},\"query-input\":{\"@type\":\"PropertyValueSpecification\",\"valueRequired\":true,\"valueName\":\"search_term_string\"}}],\"inLanguage\":\"es\"},{\"@type\":\"Organization\",\"@id\":\"https:\/\/www.bonvent.cat\/es\/#organization\",\"name\":\"Bon Vent\",\"url\":\"https:\/\/www.bonvent.cat\/es\/\",\"logo\":{\"@type\":\"ImageObject\",\"inLanguage\":\"es\",\"@id\":\"https:\/\/www.bonvent.cat\/es\/#\/schema\/logo\/image\/\",\"url\":\"https:\/\/www.bonvent.cat\/wp-content\/uploads\/2021\/11\/logoh.png\",\"contentUrl\":\"https:\/\/www.bonvent.cat\/wp-content\/uploads\/2021\/11\/logoh.png\",\"width\":640,\"height\":121,\"caption\":\"Bon Vent\"},\"image\":{\"@id\":\"https:\/\/www.bonvent.cat\/es\/#\/schema\/logo\/image\/\"},\"sameAs\":[\"https:\/\/www.facebook.com\/bonventbcn?ref=hl\",\"https:\/\/www.instagram.com\/bon_ventbarcelona\/\",\"https:\/\/es.pinterest.com\/BONVENTmed\/\"]}]}<\/script>\n<!-- \/ Yoast SEO plugin. -->","yoast_head_json":{"title":"Silvestre. El agua de colonia familiar de Bravanariz","description":"Silvestre es un agua de colonia para toda la familia con un toque asilvestrado. Est\u00e1 hecha a base de plantas, frutas y maderas. Pura naturaleza. Bravanariz.","robots":{"index":"index","follow":"follow","max-snippet":"max-snippet:-1","max-image-preview":"max-image-preview:large","max-video-preview":"max-video-preview:-1"},"canonical":"https:\/\/www.bonvent.cat\/es\/product\/silvestre-el-agua-de-colonia-familiar-de-bravanariz\/","og_locale":"es_ES","og_type":"article","og_title":"Silvestre. El agua de colonia familiar de Bravanariz","og_description":"Silvestre es un agua de colonia para toda la familia con un toque asilvestrado. Est\u00e1 hecha a base de plantas, frutas y maderas. Pura naturaleza. Bravanariz.","og_url":"https:\/\/www.bonvent.cat\/es\/product\/silvestre-el-agua-de-colonia-familiar-de-bravanariz\/","og_site_name":"Bon Vent","article_publisher":"https:\/\/www.facebook.com\/bonventbcn?ref=hl","article_modified_time":"2020-12-14T12:22:46+00:00","og_image":[{"width":510,"height":652,"url":"https:\/\/www.bonvent.cat\/wp-content\/uploads\/2020\/11\/silvestreampolla-1.jpg","type":"image\/jpeg"}],"twitter_misc":{"Tiempo de lectura":"2 minutos"},"schema":{"@context":"https:\/\/schema.org","@graph":[{"@type":"WebPage","@id":"https:\/\/www.bonvent.cat\/es\/product\/silvestre-el-agua-de-colonia-familiar-de-bravanariz\/","url":"https:\/\/www.bonvent.cat\/es\/product\/silvestre-el-agua-de-colonia-familiar-de-bravanariz\/","name":"Silvestre. El agua de colonia familiar de Bravanariz","isPartOf":{"@id":"https:\/\/www.bonvent.cat\/es\/#website"},"primaryImageOfPage":{"@id":"https:\/\/www.bonvent.cat\/es\/product\/silvestre-el-agua-de-colonia-familiar-de-bravanariz\/#primaryimage"},"image":{"@id":"https:\/\/www.bonvent.cat\/es\/product\/silvestre-el-agua-de-colonia-familiar-de-bravanariz\/#primaryimage"},"thumbnailUrl":"https:\/\/www.bonvent.cat\/wp-content\/uploads\/2020\/11\/silvestreampolla-1.jpg","datePublished":"2020-07-18T12:58:29+00:00","dateModified":"2020-12-14T12:22:46+00:00","description":"Silvestre es un agua de colonia para toda la familia con un toque asilvestrado. Est\u00e1 hecha a base de plantas, frutas y maderas. Pura naturaleza. Bravanariz.","breadcrumb":{"@id":"https:\/\/www.bonvent.cat\/es\/product\/silvestre-el-agua-de-colonia-familiar-de-bravanariz\/#breadcrumb"},"inLanguage":"es","potentialAction":[{"@type":"ReadAction","target":["https:\/\/www.bonvent.cat\/es\/product\/silvestre-el-agua-de-colonia-familiar-de-bravanariz\/"]}]},{"@type":"ImageObject","inLanguage":"es","@id":"https:\/\/www.bonvent.cat\/es\/product\/silvestre-el-agua-de-colonia-familiar-de-bravanariz\/#primaryimage","url":"https:\/\/www.bonvent.cat\/wp-content\/uploads\/2020\/11\/silvestreampolla-1.jpg","contentUrl":"https:\/\/www.bonvent.cat\/wp-content\/uploads\/2020\/11\/silvestreampolla-1.jpg","width":510,"height":652,"caption":"Silvestre. El agua de colonia familiar de Bravanariz"},{"@type":"BreadcrumbList","@id":"https:\/\/www.bonvent.cat\/es\/product\/silvestre-el-agua-de-colonia-familiar-de-bravanariz\/#breadcrumb","itemListElement":[{"@type":"ListItem","position":1,"name":"Inici","item":"https:\/\/www.bonvent.cat\/es\/"},{"@type":"ListItem","position":2,"name":"Botiga","item":"https:\/\/www.bonvent.cat\/?page_id=1953091"},{"@type":"ListItem","position":3,"name":"Silvestre. El agua de colonia familiar de Bravanariz"}]},{"@type":"WebSite","@id":"https:\/\/www.bonvent.cat\/es\/#website","url":"https:\/\/www.bonvent.cat\/es\/","name":"Bon Vent","description":"Botiga d\u2019inspiraci\u00f3 mediterr\u00e0nia","publisher":{"@id":"https:\/\/www.bonvent.cat\/es\/#organization"},"potentialAction":[{"@type":"SearchAction","target":{"@type":"EntryPoint","urlTemplate":"https:\/\/www.bonvent.cat\/es\/?s={search_term_string}"},"query-input":{"@type":"PropertyValueSpecification","valueRequired":true,"valueName":"search_term_string"}}],"inLanguage":"es"},{"@type":"Organization","@id":"https:\/\/www.bonvent.cat\/es\/#organization","name":"Bon Vent","url":"https:\/\/www.bonvent.cat\/es\/","logo":{"@type":"ImageObject","inLanguage":"es","@id":"https:\/\/www.bonvent.cat\/es\/#\/schema\/logo\/image\/","url":"https:\/\/www.bonvent.cat\/wp-content\/uploads\/2021\/11\/logoh.png","contentUrl":"https:\/\/www.bonvent.cat\/wp-content\/uploads\/2021\/11\/logoh.png","width":640,"height":121,"caption":"Bon Vent"},"image":{"@id":"https:\/\/www.bonvent.cat\/es\/#\/schema\/logo\/image\/"},"sameAs":["https:\/\/www.facebook.com\/bonventbcn?ref=hl","https:\/\/www.instagram.com\/bon_ventbarcelona\/","https:\/\/es.pinterest.com\/BONVENTmed\/"]}]}},"_links":{"self":[{"href":"https:\/\/www.bonvent.cat\/es\/wp-json\/wp\/v2\/product\/14472","targetHints":{"allow":["GET"]}}],"collection":[{"href":"https:\/\/www.bonvent.cat\/es\/wp-json\/wp\/v2\/product"}],"about":[{"href":"https:\/\/www.bonvent.cat\/es\/wp-json\/wp\/v2\/types\/product"}],"replies":[{"embeddable":true,"href":"https:\/\/www.bonvent.cat\/es\/wp-json\/wp\/v2\/comments?post=14472"}],"version-history":[{"count":0,"href":"https:\/\/www.bonvent.cat\/es\/wp-json\/wp\/v2\/product\/14472\/revisions"}],"wp:featuredmedia":[{"embeddable":true,"href":"https:\/\/www.bonvent.cat\/es\/wp-json\/wp\/v2\/media\/13216"}],"wp:attachment":[{"href":"https:\/\/www.bonvent.cat\/es\/wp-json\/wp\/v2\/media?parent=14472"}],"wp:term":[{"taxonomy":"product_brand","embeddable":true,"href":"https:\/\/www.bonvent.cat\/es\/wp-json\/wp\/v2\/product_brand?post=14472"},{"taxonomy":"product_cat","embeddable":true,"href":"https:\/\/www.bonvent.cat\/es\/wp-json\/wp\/v2\/product_cat?post=14472"},{"taxonomy":"product_tag","embeddable":true,"href":"https:\/\/www.bonvent.cat\/es\/wp-json\/wp\/v2\/product_tag?post=14472"}],"curies":[{"name":"wp","href":"https:\/\/api.w.org\/{rel}","templated":true}]}}