{"id":14473,"date":"2020-08-30T16:55:59","date_gmt":"2020-08-30T14:55:59","guid":{"rendered":"https:\/\/www.bonvent.cat\/product\/agost-fragancia-inside-scents-de-bravanariz\/"},"modified":"2020-08-30T16:55:59","modified_gmt":"2020-08-30T14:55:59","slug":"agost-fragancia-inside-scents-de-bravanariz","status":"publish","type":"product","link":"https:\/\/www.bonvent.cat\/es\/product\/agost-fragancia-inside-scents-de-bravanariz\/","title":{"rendered":"Agost. Fragancia INSIDE Scents de Bravanariz"},"content":{"rendered":"<h2>Agost una de las fragancias para el hogar de Bravanariz<\/h2>\n<p>Bravanariz nos trae los grandes aromas de nuestros paisajes para el hogar, para que t\u00fa y tus seres queridos, pueda seguir los ciclos de la naturaleza a lo largo del a\u00f1o y disfrutar de sus maravillas. Agosto es el verano.<br \/>Una fragancia para cada estaci\u00f3n que llenar\u00e1 tu casa o tu lugar de trabajo con los aromas cambiantes de la naturaleza.<br \/>Porque, as\u00ed como comer productos de temporada nos hace bien, oler de temporada tambi\u00e9n nos beneficia, sintonizando nuestros ciclos internos con los de la naturaleza.<br \/>Porque despu\u00e9s de todo, somos naturaleza. Los INSIDE Scents te ayudar\u00e1n a recordar esto y te llevar\u00e1n la alegr\u00eda del Mediterr\u00e1neo a tu interior y al de tu casa.<\/p>\n<h2>Bravanariz es un proyecto comprometido con tres aspectos esenciales:<\/h2>\n<p><strong>Producci\u00f3n local<\/strong><\/p>\n<p>Sus formulaciones s\u00f3lo utilizan plantas aut\u00f3ctonas del Empord\u00e0. Reivindicamos el exotismo de aqu\u00ed. Trabajan con productores de aceites esenciales locales colaborando en proyectos afines de permacultura y vinicultura ecol\u00f3gica, activando la econom\u00eda local y reforzando lazos sociales.<\/p>\n<p><strong>Artesan\u00eda<\/strong><\/p>\n<p>A Bravanariz controlan todas las fases de la producci\u00f3n de las capturas olfativas de forma artesanal, Conjugan la tradici\u00f3n de la perfumer\u00eda artesanal y de nicho con su impulso vital hacia la experimentaci\u00f3n, el riesgo y la intuici\u00f3n.<\/p>\n<p><strong>Cuidado del entorno<\/strong><\/p>\n<p>Uno de los aspectos fundamentales del proyecto de Bravanariz es la conservaci\u00f3n del paisaje. Por ello han dise\u00f1ado un protocolo de recolecci\u00f3n sostenible que asegura el desarrollo de las plantas arom\u00e1ticas y el equilibrio de su entorno natural. Producen de manera limitada. No realizan ning\u00fan tipo de prueba en animales y sus instalaciones funcionan con energ\u00edas renovables.<\/p>\n","protected":false},"excerpt":{"rendered":"<p>AGOST es una fragancia para el hogar que te lleva a la c\u00e1lida costa mediterr\u00e1nea en verano. Lo m\u00e1s parecido a caminar bajo el sol, despu\u00e9s de un ba\u00f1o en el mar, flanqueado por cipreses y con unas ramas de menta e hinojo entre tus labios.<\/p>\n<p>Incluye un p\u00f3ster desplegable. Por un lado encontrar\u00e1 una preciosa ilustraci\u00f3n de <a data-mce-href=\"https:\/\/www.instagram.com\/ssonjass\/\" href=\"https:\/\/www.instagram.com\/ssonjass\/\" target=\"_blank\" rel=\"noopener noreferrer\">Sonia Est\u00e9vez<\/a> inspirada en cada una de las estaciones y por el otro un personal texto del creador de Bravanariz compartiendo su estr\u00e1bica visi\u00f3n de las estaciones y sus aromas.<\/p>\n<p>Contenido: 100 ml.<br \/>verano:<\/p>\n<p>El verano, en el Mediterr\u00e1neo, es una estaci\u00f3n dura y contundente. S\u00f3lo las plantas m\u00e1s aguerridas y austeras sobreviven a la tiran\u00eda de un solo omnipresente. El calor afecta a nuestras constantes vitales, y aunque todo llama a la media parte, en el campo, es la \u00e9poca del a\u00f1o con m\u00e1s trabajo. Es el tiempo de cosechar todo el sembrado, jornadas intensas de sol a sol. Pero es el tiempo, tambi\u00e9n de la recompensa.<\/p>\n<p><strong>Plantas y beneficios:<\/strong><\/p>\n<ul>\n<li>Hinojo (Foeniculum vulgare), Menta (Mentha piperita), Menta (Mentha spicata): Estas plantas, de una humildad y resistencia sin igual, refrescan y endulzan nuestros atardeceres, calmando la irritaci\u00f3n y despertando el apetito.<\/li>\n<li>Lavanda (Lavandula augustifolia): Relaja y suaviza. La lavanda hace todo m\u00e1s f\u00e1cil y llevadera.<\/li>\n<li>Romero (Rosmarinus officinalis): Activa nuestro cerebro, quit\u00e1ndonos de la abstracci\u00f3n de estas calurosas tardes de verano.<\/li>\n<li>An\u00eds (Pimpinella anisum)<\/li>\n<li>Cipr\u00e9s (Cupressus): Su car\u00e1cter igualmente refrescante y su nota bals\u00e1mica, acaba de poner las cosas f\u00e1ciles, y nos transporta directamente a los veranos del Empord\u00e0 y de la cuenca Mediterr\u00e1nea.<\/li>\n<li>Estepa borda (Cistus ladanifer)<\/li>\n<li>Pine \/ Pi (Pinus halepensis)<\/li>\n<\/ul>\n<p><strong>Usos:<\/strong><\/p>\n<p>Nuestros INSIDE Scents, aparte de tener una concentraci\u00f3n de esencia y una graduaci\u00f3n alcoh\u00f3lica m\u00ednima no se diferencian en nada de cualquiera de nuestras otras fragancias. La alta calidad de sus materias primas (el alcohol org\u00e1nico de melazas, los aceites esenciales 100% naturales, las tinturas y hidrolatos) es exactamente la misma, por lo que puedes utilizar perfectamente como un perfume al uso (m\u00e1s sutil seguro), pulverizando a la piel y al cabello.<\/p>\n","protected":false},"featured_media":14253,"comment_status":"closed","ping_status":"closed","template":"","meta":[],"product_brand":[],"product_cat":[1159,1223,737],"product_tag":[542,1036,1263,1032,1262,543,1102],"class_list":{"0":"post-14473","1":"product","2":"type-product","3":"status-publish","4":"has-post-thumbnail","6":"product_cat-bano-cuidados","7":"product_cat-fragancias","8":"product_cat-velas-fragancias","9":"product_tag-artesanal-es","10":"product_tag-belleza-mediterranea-es-2","11":"product_tag-bravanariz-es","12":"product_tag-cultura-mediterranea-es-2","13":"product_tag-eau-de-toilette-es","14":"product_tag-material-autoctono","15":"product_tag-producto-local","17":"first","18":"instock","19":"taxable","20":"shipping-taxable","21":"purchasable","22":"product-type-simple"},"yoast_head":"<!-- This site is optimized with the Yoast SEO plugin v25.3.1 - https:\/\/yoast.com\/wordpress\/plugins\/seo\/ -->\n<title>Agost. Fragancia INSIDE Scents de Bravanariz<\/title>\n<meta name=\"description\" content=\"AGOSTO es una fragancia para el hogar que te lleva a la c\u00e1lida costa mediterr\u00e1nea en verano. Bravanariz te trae los aromas de nuestro territorio a tu casa.\" \/>\n<meta name=\"robots\" content=\"index, follow, max-snippet:-1, max-image-preview:large, max-video-preview:-1\" \/>\n<link rel=\"canonical\" href=\"https:\/\/www.bonvent.cat\/es\/product\/agost-fragancia-inside-scents-de-bravanariz\/\" \/>\n<meta property=\"og:locale\" content=\"es_ES\" \/>\n<meta property=\"og:type\" content=\"article\" \/>\n<meta property=\"og:title\" content=\"Agost. Fragancia INSIDE Scents de Bravanariz\" \/>\n<meta property=\"og:description\" content=\"AGOSTO es una fragancia para el hogar que te lleva a la c\u00e1lida costa mediterr\u00e1nea en verano. Bravanariz te trae los aromas de nuestro territorio a tu casa.\" \/>\n<meta property=\"og:url\" content=\"https:\/\/www.bonvent.cat\/es\/product\/agost-fragancia-inside-scents-de-bravanariz\/\" \/>\n<meta property=\"og:site_name\" content=\"Bon Vent\" \/>\n<meta property=\"article:publisher\" content=\"https:\/\/www.facebook.com\/bonventbcn?ref=hl\" \/>\n<meta property=\"og:image\" content=\"https:\/\/www.bonvent.cat\/wp-content\/uploads\/2020\/11\/bodeg\u00f3-agost.jpg\" \/>\n\t<meta property=\"og:image:width\" content=\"510\" \/>\n\t<meta property=\"og:image:height\" content=\"652\" \/>\n\t<meta property=\"og:image:type\" content=\"image\/jpeg\" \/>\n<meta name=\"twitter:label1\" content=\"Tiempo de lectura\" \/>\n\t<meta name=\"twitter:data1\" content=\"1 minuto\" \/>\n<script type=\"application\/ld+json\" class=\"yoast-schema-graph\">{\"@context\":\"https:\/\/schema.org\",\"@graph\":[{\"@type\":\"WebPage\",\"@id\":\"https:\/\/www.bonvent.cat\/es\/product\/agost-fragancia-inside-scents-de-bravanariz\/\",\"url\":\"https:\/\/www.bonvent.cat\/es\/product\/agost-fragancia-inside-scents-de-bravanariz\/\",\"name\":\"Agost. Fragancia INSIDE Scents de Bravanariz\",\"isPartOf\":{\"@id\":\"https:\/\/www.bonvent.cat\/es\/#website\"},\"primaryImageOfPage\":{\"@id\":\"https:\/\/www.bonvent.cat\/es\/product\/agost-fragancia-inside-scents-de-bravanariz\/#primaryimage\"},\"image\":{\"@id\":\"https:\/\/www.bonvent.cat\/es\/product\/agost-fragancia-inside-scents-de-bravanariz\/#primaryimage\"},\"thumbnailUrl\":\"https:\/\/www.bonvent.cat\/wp-content\/uploads\/2020\/11\/bodeg\u00f3-agost.jpg\",\"datePublished\":\"2020-08-30T14:55:59+00:00\",\"description\":\"AGOSTO es una fragancia para el hogar que te lleva a la c\u00e1lida costa mediterr\u00e1nea en verano. Bravanariz te trae los aromas de nuestro territorio a tu casa.\",\"breadcrumb\":{\"@id\":\"https:\/\/www.bonvent.cat\/es\/product\/agost-fragancia-inside-scents-de-bravanariz\/#breadcrumb\"},\"inLanguage\":\"es\",\"potentialAction\":[{\"@type\":\"ReadAction\",\"target\":[\"https:\/\/www.bonvent.cat\/es\/product\/agost-fragancia-inside-scents-de-bravanariz\/\"]}]},{\"@type\":\"ImageObject\",\"inLanguage\":\"es\",\"@id\":\"https:\/\/www.bonvent.cat\/es\/product\/agost-fragancia-inside-scents-de-bravanariz\/#primaryimage\",\"url\":\"https:\/\/www.bonvent.cat\/wp-content\/uploads\/2020\/11\/bodeg\u00f3-agost.jpg\",\"contentUrl\":\"https:\/\/www.bonvent.cat\/wp-content\/uploads\/2020\/11\/bodeg\u00f3-agost.jpg\",\"width\":510,\"height\":652,\"caption\":\"Agost. Fragancia INSIDE Scents de Bravanariz\"},{\"@type\":\"BreadcrumbList\",\"@id\":\"https:\/\/www.bonvent.cat\/es\/product\/agost-fragancia-inside-scents-de-bravanariz\/#breadcrumb\",\"itemListElement\":[{\"@type\":\"ListItem\",\"position\":1,\"name\":\"Inici\",\"item\":\"https:\/\/www.bonvent.cat\/es\/\"},{\"@type\":\"ListItem\",\"position\":2,\"name\":\"Botiga\",\"item\":\"https:\/\/www.bonvent.cat\/?page_id=1953091\"},{\"@type\":\"ListItem\",\"position\":3,\"name\":\"Agost. Fragancia INSIDE Scents de Bravanariz\"}]},{\"@type\":\"WebSite\",\"@id\":\"https:\/\/www.bonvent.cat\/es\/#website\",\"url\":\"https:\/\/www.bonvent.cat\/es\/\",\"name\":\"Bon Vent\",\"description\":\"Botiga d\u2019inspiraci\u00f3 mediterr\u00e0nia\",\"publisher\":{\"@id\":\"https:\/\/www.bonvent.cat\/es\/#organization\"},\"potentialAction\":[{\"@type\":\"SearchAction\",\"target\":{\"@type\":\"EntryPoint\",\"urlTemplate\":\"https:\/\/www.bonvent.cat\/es\/?s={search_term_string}\"},\"query-input\":{\"@type\":\"PropertyValueSpecification\",\"valueRequired\":true,\"valueName\":\"search_term_string\"}}],\"inLanguage\":\"es\"},{\"@type\":\"Organization\",\"@id\":\"https:\/\/www.bonvent.cat\/es\/#organization\",\"name\":\"Bon Vent\",\"url\":\"https:\/\/www.bonvent.cat\/es\/\",\"logo\":{\"@type\":\"ImageObject\",\"inLanguage\":\"es\",\"@id\":\"https:\/\/www.bonvent.cat\/es\/#\/schema\/logo\/image\/\",\"url\":\"https:\/\/www.bonvent.cat\/wp-content\/uploads\/2021\/11\/logoh.png\",\"contentUrl\":\"https:\/\/www.bonvent.cat\/wp-content\/uploads\/2021\/11\/logoh.png\",\"width\":640,\"height\":121,\"caption\":\"Bon Vent\"},\"image\":{\"@id\":\"https:\/\/www.bonvent.cat\/es\/#\/schema\/logo\/image\/\"},\"sameAs\":[\"https:\/\/www.facebook.com\/bonventbcn?ref=hl\",\"https:\/\/www.instagram.com\/bon_ventbarcelona\/\",\"https:\/\/es.pinterest.com\/BONVENTmed\/\"]}]}<\/script>\n<!-- \/ Yoast SEO plugin. -->","yoast_head_json":{"title":"Agost. Fragancia INSIDE Scents de Bravanariz","description":"AGOSTO es una fragancia para el hogar que te lleva a la c\u00e1lida costa mediterr\u00e1nea en verano. Bravanariz te trae los aromas de nuestro territorio a tu casa.","robots":{"index":"index","follow":"follow","max-snippet":"max-snippet:-1","max-image-preview":"max-image-preview:large","max-video-preview":"max-video-preview:-1"},"canonical":"https:\/\/www.bonvent.cat\/es\/product\/agost-fragancia-inside-scents-de-bravanariz\/","og_locale":"es_ES","og_type":"article","og_title":"Agost. Fragancia INSIDE Scents de Bravanariz","og_description":"AGOSTO es una fragancia para el hogar que te lleva a la c\u00e1lida costa mediterr\u00e1nea en verano. Bravanariz te trae los aromas de nuestro territorio a tu casa.","og_url":"https:\/\/www.bonvent.cat\/es\/product\/agost-fragancia-inside-scents-de-bravanariz\/","og_site_name":"Bon Vent","article_publisher":"https:\/\/www.facebook.com\/bonventbcn?ref=hl","og_image":[{"width":510,"height":652,"url":"https:\/\/www.bonvent.cat\/wp-content\/uploads\/2020\/11\/bodeg\u00f3-agost.jpg","type":"image\/jpeg"}],"twitter_misc":{"Tiempo de lectura":"1 minuto"},"schema":{"@context":"https:\/\/schema.org","@graph":[{"@type":"WebPage","@id":"https:\/\/www.bonvent.cat\/es\/product\/agost-fragancia-inside-scents-de-bravanariz\/","url":"https:\/\/www.bonvent.cat\/es\/product\/agost-fragancia-inside-scents-de-bravanariz\/","name":"Agost. Fragancia INSIDE Scents de Bravanariz","isPartOf":{"@id":"https:\/\/www.bonvent.cat\/es\/#website"},"primaryImageOfPage":{"@id":"https:\/\/www.bonvent.cat\/es\/product\/agost-fragancia-inside-scents-de-bravanariz\/#primaryimage"},"image":{"@id":"https:\/\/www.bonvent.cat\/es\/product\/agost-fragancia-inside-scents-de-bravanariz\/#primaryimage"},"thumbnailUrl":"https:\/\/www.bonvent.cat\/wp-content\/uploads\/2020\/11\/bodeg\u00f3-agost.jpg","datePublished":"2020-08-30T14:55:59+00:00","description":"AGOSTO es una fragancia para el hogar que te lleva a la c\u00e1lida costa mediterr\u00e1nea en verano. Bravanariz te trae los aromas de nuestro territorio a tu casa.","breadcrumb":{"@id":"https:\/\/www.bonvent.cat\/es\/product\/agost-fragancia-inside-scents-de-bravanariz\/#breadcrumb"},"inLanguage":"es","potentialAction":[{"@type":"ReadAction","target":["https:\/\/www.bonvent.cat\/es\/product\/agost-fragancia-inside-scents-de-bravanariz\/"]}]},{"@type":"ImageObject","inLanguage":"es","@id":"https:\/\/www.bonvent.cat\/es\/product\/agost-fragancia-inside-scents-de-bravanariz\/#primaryimage","url":"https:\/\/www.bonvent.cat\/wp-content\/uploads\/2020\/11\/bodeg\u00f3-agost.jpg","contentUrl":"https:\/\/www.bonvent.cat\/wp-content\/uploads\/2020\/11\/bodeg\u00f3-agost.jpg","width":510,"height":652,"caption":"Agost. Fragancia INSIDE Scents de Bravanariz"},{"@type":"BreadcrumbList","@id":"https:\/\/www.bonvent.cat\/es\/product\/agost-fragancia-inside-scents-de-bravanariz\/#breadcrumb","itemListElement":[{"@type":"ListItem","position":1,"name":"Inici","item":"https:\/\/www.bonvent.cat\/es\/"},{"@type":"ListItem","position":2,"name":"Botiga","item":"https:\/\/www.bonvent.cat\/?page_id=1953091"},{"@type":"ListItem","position":3,"name":"Agost. Fragancia INSIDE Scents de Bravanariz"}]},{"@type":"WebSite","@id":"https:\/\/www.bonvent.cat\/es\/#website","url":"https:\/\/www.bonvent.cat\/es\/","name":"Bon Vent","description":"Botiga d\u2019inspiraci\u00f3 mediterr\u00e0nia","publisher":{"@id":"https:\/\/www.bonvent.cat\/es\/#organization"},"potentialAction":[{"@type":"SearchAction","target":{"@type":"EntryPoint","urlTemplate":"https:\/\/www.bonvent.cat\/es\/?s={search_term_string}"},"query-input":{"@type":"PropertyValueSpecification","valueRequired":true,"valueName":"search_term_string"}}],"inLanguage":"es"},{"@type":"Organization","@id":"https:\/\/www.bonvent.cat\/es\/#organization","name":"Bon Vent","url":"https:\/\/www.bonvent.cat\/es\/","logo":{"@type":"ImageObject","inLanguage":"es","@id":"https:\/\/www.bonvent.cat\/es\/#\/schema\/logo\/image\/","url":"https:\/\/www.bonvent.cat\/wp-content\/uploads\/2021\/11\/logoh.png","contentUrl":"https:\/\/www.bonvent.cat\/wp-content\/uploads\/2021\/11\/logoh.png","width":640,"height":121,"caption":"Bon Vent"},"image":{"@id":"https:\/\/www.bonvent.cat\/es\/#\/schema\/logo\/image\/"},"sameAs":["https:\/\/www.facebook.com\/bonventbcn?ref=hl","https:\/\/www.instagram.com\/bon_ventbarcelona\/","https:\/\/es.pinterest.com\/BONVENTmed\/"]}]}},"_links":{"self":[{"href":"https:\/\/www.bonvent.cat\/es\/wp-json\/wp\/v2\/product\/14473","targetHints":{"allow":["GET"]}}],"collection":[{"href":"https:\/\/www.bonvent.cat\/es\/wp-json\/wp\/v2\/product"}],"about":[{"href":"https:\/\/www.bonvent.cat\/es\/wp-json\/wp\/v2\/types\/product"}],"replies":[{"embeddable":true,"href":"https:\/\/www.bonvent.cat\/es\/wp-json\/wp\/v2\/comments?post=14473"}],"version-history":[{"count":0,"href":"https:\/\/www.bonvent.cat\/es\/wp-json\/wp\/v2\/product\/14473\/revisions"}],"wp:featuredmedia":[{"embeddable":true,"href":"https:\/\/www.bonvent.cat\/es\/wp-json\/wp\/v2\/media\/14253"}],"wp:attachment":[{"href":"https:\/\/www.bonvent.cat\/es\/wp-json\/wp\/v2\/media?parent=14473"}],"wp:term":[{"taxonomy":"product_brand","embeddable":true,"href":"https:\/\/www.bonvent.cat\/es\/wp-json\/wp\/v2\/product_brand?post=14473"},{"taxonomy":"product_cat","embeddable":true,"href":"https:\/\/www.bonvent.cat\/es\/wp-json\/wp\/v2\/product_cat?post=14473"},{"taxonomy":"product_tag","embeddable":true,"href":"https:\/\/www.bonvent.cat\/es\/wp-json\/wp\/v2\/product_tag?post=14473"}],"curies":[{"name":"wp","href":"https:\/\/api.w.org\/{rel}","templated":true}]}}