{"id":14474,"date":"2017-12-13T08:20:14","date_gmt":"2020-08-30T15:30:14","guid":{"rendered":"https:\/\/www.bonvent.cat\/product\/plato-de-aceitunas-o-la-ilusion-de-the-exvotos\/"},"modified":"2020-12-14T13:22:29","modified_gmt":"2020-12-14T12:22:29","slug":"plato-de-aceitunas-o-la-ilusion-de-the-exvotos","status":"publish","type":"product","link":"https:\/\/www.bonvent.cat\/es\/product\/plato-de-aceitunas-o-la-ilusion-de-the-exvotos\/","title":{"rendered":"Plato de aceitunas o la ilusi\u00f3n de \u00abThe Exvotos\u00bb"},"content":{"rendered":"<h2>Plato de aceitunas o la ilusi\u00f3n de\u00bbThe Exvotos\u00bb<\/h2>\n<h5>\nLas obras de arte de la pareja Sevillana \u00abThe Exvotos\u00bb<br \/>\n<a href=\"https:\/\/www.youtube.com\/watch?v=oJQPwEz-Ffk\" target=\"_blank\" rel=\"noopener noreferrer\">The Exvotos<\/a> son una pareja de artistas que tratan de dar alma y vida a los objetos que realizan. Tal como ellos lo llaman: \u00abarte \u00fatil\u00bb. Les gusta que sus piezas tengan uso y por este motivo, trabajan con la misma sensibilidad un plato que una pintura o una talla. El plato de aceitunas o la ilusi\u00f3n de los \u00abThe Exvotos\u00bb es una pieza cargada de sentido del humor.<\/h5>\n<p>El Daniel y Luciano se formaron en escultura y cer\u00e1mica. Se conoci\u00f3 cuando el Daniel volv\u00eda de finalizar sus estudios en Lisboa donde trabaj\u00f3 en un taller donde se hac\u00edan piezas para palacios, museos e iglesias, as\u00ed como restauraciones de cer\u00e1mica del s. XVII y XVIII. En ese momento, el Luciano tambi\u00e9n volv\u00eda de una estancia en Venecia despu\u00e9s de completar en Sevilla sus estudios de escultura tradicional religiosa. En Venecia trabaj\u00f3 en un laboratorio de m\u00e1scaras. All\u00ed aprende la t\u00e9cnica de la cartapesta, similar al papel\u00f3n espa\u00f1ol o papel mach\u00e9 franc\u00e9s.<\/p>\n<p>Defienden que para ser artista hay que ser artesano. Lo que marca la diferencia es un trabajo repetitivo o un ejercicio de imaginaci\u00f3n, de dise\u00f1o. El artesano s\u00f3lo copia, el artista crea, busca el dise\u00f1o y en el caso de los \u00abThe Evotos\u00bb elabora manualmente cada una de las piezas que salen de su taller. Piezas \u00fanicas que hablan de sus referencias como son las t\u00e9cnicas de la cer\u00e1mica tradicional trianera y de la imaginer\u00eda sevillana.<\/p>\n<p>Su nombre liga a la perfecci\u00f3n con el esp\u00edritu de la pareja sevillana. Un exvoto es una ofrenda dejada por los fieles en agradecimiento a un don o una curaci\u00f3n rebuda.En el caso de curaci\u00f3n de enfermedades los exvotos pod\u00edan ser piezas de cera o de chapa met\u00e1lica reproduciendo las partes del cuerpo humano curadas (pies, ojos, manos, etc.). Piezas ligadas a la tradici\u00f3n popular.<\/p>\n<p>Su taller de Sevilla es un espacio \u00fanico que recuerda a los gabinetes de curiosidades del s. XVII lleno de elementos extraordinarios como plumas de aves ex\u00f3ticas, f\u00f3siles, corales, tejidos antiguos e im\u00e1genes de Santos que conviven en armon\u00eda con el barro, las herramientas y los pigmentos.<\/p>\n","protected":false},"excerpt":{"rendered":"<p>El plato de aceitunas se trata de una de las piezas que conforman la serie de piezas de ilusi\u00f3n que recrean diferentes frutos. Es una obra de arte que un gui\u00f1o a la tradici\u00f3n mediterr\u00e1nea de recrear en cer\u00e1mica frutos a tama\u00f1o real. Este tipo de piezas tienen una tradici\u00f3n de antiguo tanto en Italia como en la Pen\u00ednsula. En nuestro tenemos referencias cercanas con la cer\u00e1mica de Manises.<\/p>\n<p>Tama\u00f1o: 16 cm.<\/p>\n","protected":false},"featured_media":14158,"comment_status":"closed","ping_status":"closed","template":"","meta":[],"product_brand":[],"product_cat":[1156],"product_tag":[1112,542,1032,418,1273],"class_list":{"0":"post-14474","1":"product","2":"type-product","3":"status-publish","4":"has-post-thumbnail","6":"product_cat-arte-objetos","7":"product_tag-arte","8":"product_tag-artesanal-es","9":"product_tag-cultura-mediterranea-es-2","10":"product_tag-decoracio-es","11":"product_tag-the-exvotos-es","13":"first","14":"outofstock","15":"taxable","16":"shipping-taxable","17":"purchasable","18":"product-type-simple"},"yoast_head":"<!-- This site is optimized with the Yoast SEO plugin v25.3.1 - https:\/\/yoast.com\/wordpress\/plugins\/seo\/ -->\n<title>Plato de aceitunas o la ilusi\u00f3n de &quot;The Exvotos&quot;<\/title>\n<meta name=\"description\" content=\"El plato de aceitunas de los artistas &quot;The Exvotos&quot; son una obra de arte llena de sentido del humor. Un gui\u00f1o de la pareja de Sevilla\" \/>\n<meta name=\"robots\" content=\"index, follow, max-snippet:-1, max-image-preview:large, max-video-preview:-1\" \/>\n<link rel=\"canonical\" href=\"https:\/\/www.bonvent.cat\/es\/product\/plato-de-aceitunas-o-la-ilusion-de-the-exvotos\/\" \/>\n<meta property=\"og:locale\" content=\"es_ES\" \/>\n<meta property=\"og:type\" content=\"article\" \/>\n<meta property=\"og:title\" content=\"Plato de aceitunas o la ilusi\u00f3n de &quot;The Exvotos&quot;\" \/>\n<meta property=\"og:description\" content=\"El plato de aceitunas de los artistas &quot;The Exvotos&quot; son una obra de arte llena de sentido del humor. Un gui\u00f1o de la pareja de Sevilla\" \/>\n<meta property=\"og:url\" content=\"https:\/\/www.bonvent.cat\/es\/product\/plato-de-aceitunas-o-la-ilusion-de-the-exvotos\/\" \/>\n<meta property=\"og:site_name\" content=\"Bon Vent\" \/>\n<meta property=\"article:publisher\" content=\"https:\/\/www.facebook.com\/bonventbcn?ref=hl\" \/>\n<meta property=\"article:modified_time\" content=\"2020-12-14T12:22:29+00:00\" \/>\n<meta property=\"og:image\" content=\"https:\/\/www.bonvent.cat\/wp-content\/uploads\/2020\/11\/plat-olives-detall.jpg\" \/>\n\t<meta property=\"og:image:width\" content=\"510\" \/>\n\t<meta property=\"og:image:height\" content=\"652\" \/>\n\t<meta property=\"og:image:type\" content=\"image\/jpeg\" \/>\n<meta name=\"twitter:label1\" content=\"Tiempo de lectura\" \/>\n\t<meta name=\"twitter:data1\" content=\"2 minutos\" \/>\n<script type=\"application\/ld+json\" class=\"yoast-schema-graph\">{\"@context\":\"https:\/\/schema.org\",\"@graph\":[{\"@type\":\"WebPage\",\"@id\":\"https:\/\/www.bonvent.cat\/es\/product\/plato-de-aceitunas-o-la-ilusion-de-the-exvotos\/\",\"url\":\"https:\/\/www.bonvent.cat\/es\/product\/plato-de-aceitunas-o-la-ilusion-de-the-exvotos\/\",\"name\":\"Plato de aceitunas o la ilusi\u00f3n de \\\"The Exvotos\\\"\",\"isPartOf\":{\"@id\":\"https:\/\/www.bonvent.cat\/es\/#website\"},\"primaryImageOfPage\":{\"@id\":\"https:\/\/www.bonvent.cat\/es\/product\/plato-de-aceitunas-o-la-ilusion-de-the-exvotos\/#primaryimage\"},\"image\":{\"@id\":\"https:\/\/www.bonvent.cat\/es\/product\/plato-de-aceitunas-o-la-ilusion-de-the-exvotos\/#primaryimage\"},\"thumbnailUrl\":\"https:\/\/www.bonvent.cat\/wp-content\/uploads\/2020\/11\/plat-olives-detall.jpg\",\"datePublished\":\"2020-08-30T15:30:14+00:00\",\"dateModified\":\"2020-12-14T12:22:29+00:00\",\"description\":\"El plato de aceitunas de los artistas \\\"The Exvotos\\\" son una obra de arte llena de sentido del humor. Un gui\u00f1o de la pareja de Sevilla\",\"breadcrumb\":{\"@id\":\"https:\/\/www.bonvent.cat\/es\/product\/plato-de-aceitunas-o-la-ilusion-de-the-exvotos\/#breadcrumb\"},\"inLanguage\":\"es\",\"potentialAction\":[{\"@type\":\"ReadAction\",\"target\":[\"https:\/\/www.bonvent.cat\/es\/product\/plato-de-aceitunas-o-la-ilusion-de-the-exvotos\/\"]}]},{\"@type\":\"ImageObject\",\"inLanguage\":\"es\",\"@id\":\"https:\/\/www.bonvent.cat\/es\/product\/plato-de-aceitunas-o-la-ilusion-de-the-exvotos\/#primaryimage\",\"url\":\"https:\/\/www.bonvent.cat\/wp-content\/uploads\/2020\/11\/plat-olives-detall.jpg\",\"contentUrl\":\"https:\/\/www.bonvent.cat\/wp-content\/uploads\/2020\/11\/plat-olives-detall.jpg\",\"width\":510,\"height\":652,\"caption\":\"Plato de aceitunas o la ilusi\u00f3n de \\\"The Exvotos\\\"\"},{\"@type\":\"BreadcrumbList\",\"@id\":\"https:\/\/www.bonvent.cat\/es\/product\/plato-de-aceitunas-o-la-ilusion-de-the-exvotos\/#breadcrumb\",\"itemListElement\":[{\"@type\":\"ListItem\",\"position\":1,\"name\":\"Inici\",\"item\":\"https:\/\/www.bonvent.cat\/es\/\"},{\"@type\":\"ListItem\",\"position\":2,\"name\":\"Botiga\",\"item\":\"https:\/\/www.bonvent.cat\/?page_id=1953091\"},{\"@type\":\"ListItem\",\"position\":3,\"name\":\"Plato de aceitunas o la ilusi\u00f3n de \u00abThe Exvotos\u00bb\"}]},{\"@type\":\"WebSite\",\"@id\":\"https:\/\/www.bonvent.cat\/es\/#website\",\"url\":\"https:\/\/www.bonvent.cat\/es\/\",\"name\":\"Bon Vent\",\"description\":\"Botiga d\u2019inspiraci\u00f3 mediterr\u00e0nia\",\"publisher\":{\"@id\":\"https:\/\/www.bonvent.cat\/es\/#organization\"},\"potentialAction\":[{\"@type\":\"SearchAction\",\"target\":{\"@type\":\"EntryPoint\",\"urlTemplate\":\"https:\/\/www.bonvent.cat\/es\/?s={search_term_string}\"},\"query-input\":{\"@type\":\"PropertyValueSpecification\",\"valueRequired\":true,\"valueName\":\"search_term_string\"}}],\"inLanguage\":\"es\"},{\"@type\":\"Organization\",\"@id\":\"https:\/\/www.bonvent.cat\/es\/#organization\",\"name\":\"Bon Vent\",\"url\":\"https:\/\/www.bonvent.cat\/es\/\",\"logo\":{\"@type\":\"ImageObject\",\"inLanguage\":\"es\",\"@id\":\"https:\/\/www.bonvent.cat\/es\/#\/schema\/logo\/image\/\",\"url\":\"https:\/\/www.bonvent.cat\/wp-content\/uploads\/2021\/11\/logoh.png\",\"contentUrl\":\"https:\/\/www.bonvent.cat\/wp-content\/uploads\/2021\/11\/logoh.png\",\"width\":640,\"height\":121,\"caption\":\"Bon Vent\"},\"image\":{\"@id\":\"https:\/\/www.bonvent.cat\/es\/#\/schema\/logo\/image\/\"},\"sameAs\":[\"https:\/\/www.facebook.com\/bonventbcn?ref=hl\",\"https:\/\/www.instagram.com\/bon_ventbarcelona\/\",\"https:\/\/es.pinterest.com\/BONVENTmed\/\"]}]}<\/script>\n<!-- \/ Yoast SEO plugin. -->","yoast_head_json":{"title":"Plato de aceitunas o la ilusi\u00f3n de \"The Exvotos\"","description":"El plato de aceitunas de los artistas \"The Exvotos\" son una obra de arte llena de sentido del humor. Un gui\u00f1o de la pareja de Sevilla","robots":{"index":"index","follow":"follow","max-snippet":"max-snippet:-1","max-image-preview":"max-image-preview:large","max-video-preview":"max-video-preview:-1"},"canonical":"https:\/\/www.bonvent.cat\/es\/product\/plato-de-aceitunas-o-la-ilusion-de-the-exvotos\/","og_locale":"es_ES","og_type":"article","og_title":"Plato de aceitunas o la ilusi\u00f3n de \"The Exvotos\"","og_description":"El plato de aceitunas de los artistas \"The Exvotos\" son una obra de arte llena de sentido del humor. Un gui\u00f1o de la pareja de Sevilla","og_url":"https:\/\/www.bonvent.cat\/es\/product\/plato-de-aceitunas-o-la-ilusion-de-the-exvotos\/","og_site_name":"Bon Vent","article_publisher":"https:\/\/www.facebook.com\/bonventbcn?ref=hl","article_modified_time":"2020-12-14T12:22:29+00:00","og_image":[{"width":510,"height":652,"url":"https:\/\/www.bonvent.cat\/wp-content\/uploads\/2020\/11\/plat-olives-detall.jpg","type":"image\/jpeg"}],"twitter_misc":{"Tiempo de lectura":"2 minutos"},"schema":{"@context":"https:\/\/schema.org","@graph":[{"@type":"WebPage","@id":"https:\/\/www.bonvent.cat\/es\/product\/plato-de-aceitunas-o-la-ilusion-de-the-exvotos\/","url":"https:\/\/www.bonvent.cat\/es\/product\/plato-de-aceitunas-o-la-ilusion-de-the-exvotos\/","name":"Plato de aceitunas o la ilusi\u00f3n de \"The Exvotos\"","isPartOf":{"@id":"https:\/\/www.bonvent.cat\/es\/#website"},"primaryImageOfPage":{"@id":"https:\/\/www.bonvent.cat\/es\/product\/plato-de-aceitunas-o-la-ilusion-de-the-exvotos\/#primaryimage"},"image":{"@id":"https:\/\/www.bonvent.cat\/es\/product\/plato-de-aceitunas-o-la-ilusion-de-the-exvotos\/#primaryimage"},"thumbnailUrl":"https:\/\/www.bonvent.cat\/wp-content\/uploads\/2020\/11\/plat-olives-detall.jpg","datePublished":"2020-08-30T15:30:14+00:00","dateModified":"2020-12-14T12:22:29+00:00","description":"El plato de aceitunas de los artistas \"The Exvotos\" son una obra de arte llena de sentido del humor. Un gui\u00f1o de la pareja de Sevilla","breadcrumb":{"@id":"https:\/\/www.bonvent.cat\/es\/product\/plato-de-aceitunas-o-la-ilusion-de-the-exvotos\/#breadcrumb"},"inLanguage":"es","potentialAction":[{"@type":"ReadAction","target":["https:\/\/www.bonvent.cat\/es\/product\/plato-de-aceitunas-o-la-ilusion-de-the-exvotos\/"]}]},{"@type":"ImageObject","inLanguage":"es","@id":"https:\/\/www.bonvent.cat\/es\/product\/plato-de-aceitunas-o-la-ilusion-de-the-exvotos\/#primaryimage","url":"https:\/\/www.bonvent.cat\/wp-content\/uploads\/2020\/11\/plat-olives-detall.jpg","contentUrl":"https:\/\/www.bonvent.cat\/wp-content\/uploads\/2020\/11\/plat-olives-detall.jpg","width":510,"height":652,"caption":"Plato de aceitunas o la ilusi\u00f3n de \"The Exvotos\""},{"@type":"BreadcrumbList","@id":"https:\/\/www.bonvent.cat\/es\/product\/plato-de-aceitunas-o-la-ilusion-de-the-exvotos\/#breadcrumb","itemListElement":[{"@type":"ListItem","position":1,"name":"Inici","item":"https:\/\/www.bonvent.cat\/es\/"},{"@type":"ListItem","position":2,"name":"Botiga","item":"https:\/\/www.bonvent.cat\/?page_id=1953091"},{"@type":"ListItem","position":3,"name":"Plato de aceitunas o la ilusi\u00f3n de \u00abThe Exvotos\u00bb"}]},{"@type":"WebSite","@id":"https:\/\/www.bonvent.cat\/es\/#website","url":"https:\/\/www.bonvent.cat\/es\/","name":"Bon Vent","description":"Botiga d\u2019inspiraci\u00f3 mediterr\u00e0nia","publisher":{"@id":"https:\/\/www.bonvent.cat\/es\/#organization"},"potentialAction":[{"@type":"SearchAction","target":{"@type":"EntryPoint","urlTemplate":"https:\/\/www.bonvent.cat\/es\/?s={search_term_string}"},"query-input":{"@type":"PropertyValueSpecification","valueRequired":true,"valueName":"search_term_string"}}],"inLanguage":"es"},{"@type":"Organization","@id":"https:\/\/www.bonvent.cat\/es\/#organization","name":"Bon Vent","url":"https:\/\/www.bonvent.cat\/es\/","logo":{"@type":"ImageObject","inLanguage":"es","@id":"https:\/\/www.bonvent.cat\/es\/#\/schema\/logo\/image\/","url":"https:\/\/www.bonvent.cat\/wp-content\/uploads\/2021\/11\/logoh.png","contentUrl":"https:\/\/www.bonvent.cat\/wp-content\/uploads\/2021\/11\/logoh.png","width":640,"height":121,"caption":"Bon Vent"},"image":{"@id":"https:\/\/www.bonvent.cat\/es\/#\/schema\/logo\/image\/"},"sameAs":["https:\/\/www.facebook.com\/bonventbcn?ref=hl","https:\/\/www.instagram.com\/bon_ventbarcelona\/","https:\/\/es.pinterest.com\/BONVENTmed\/"]}]}},"_links":{"self":[{"href":"https:\/\/www.bonvent.cat\/es\/wp-json\/wp\/v2\/product\/14474","targetHints":{"allow":["GET"]}}],"collection":[{"href":"https:\/\/www.bonvent.cat\/es\/wp-json\/wp\/v2\/product"}],"about":[{"href":"https:\/\/www.bonvent.cat\/es\/wp-json\/wp\/v2\/types\/product"}],"replies":[{"embeddable":true,"href":"https:\/\/www.bonvent.cat\/es\/wp-json\/wp\/v2\/comments?post=14474"}],"version-history":[{"count":0,"href":"https:\/\/www.bonvent.cat\/es\/wp-json\/wp\/v2\/product\/14474\/revisions"}],"wp:featuredmedia":[{"embeddable":true,"href":"https:\/\/www.bonvent.cat\/es\/wp-json\/wp\/v2\/media\/14158"}],"wp:attachment":[{"href":"https:\/\/www.bonvent.cat\/es\/wp-json\/wp\/v2\/media?parent=14474"}],"wp:term":[{"taxonomy":"product_brand","embeddable":true,"href":"https:\/\/www.bonvent.cat\/es\/wp-json\/wp\/v2\/product_brand?post=14474"},{"taxonomy":"product_cat","embeddable":true,"href":"https:\/\/www.bonvent.cat\/es\/wp-json\/wp\/v2\/product_cat?post=14474"},{"taxonomy":"product_tag","embeddable":true,"href":"https:\/\/www.bonvent.cat\/es\/wp-json\/wp\/v2\/product_tag?post=14474"}],"curies":[{"name":"wp","href":"https:\/\/api.w.org\/{rel}","templated":true}]}}