{"id":14477,"date":"2020-08-30T17:48:43","date_gmt":"2020-08-30T15:48:43","guid":{"rendered":"https:\/\/www.bonvent.cat\/product\/esponja-natural-del-mediterranio-najel\/"},"modified":"2020-12-14T13:23:11","modified_gmt":"2020-12-14T12:23:11","slug":"esponja-natural-del-mediterranio-najel","status":"publish","type":"product","link":"https:\/\/www.bonvent.cat\/es\/product\/esponja-natural-del-mediterranio-najel\/","title":{"rendered":"Esponja natural del Mediterranio Najel"},"content":{"rendered":"<div class=\"VjFXz\">\n<p>Descripci\u00f3n:<\/p>\n<p>La esponja natural del mediterr\u00e1neo es un organismo vivo 100% natural, proveniente de los fondos marinos del Mediterr\u00e1neo.<\/p>\n<p>Con un crecimiento lento de 1-2cm por a\u00f1o, son pescadas a mano por pescadores que se sumergen los fondos en zonas protegidas especialmente reservadas para su pesca.<\/p>\n<p>Su uso se conoce desde la antig\u00fcedad en las islas griegas, como por ejemplo en Kalymnos, conocida como \u00abla isla de los pescadores de esponjas\u00bb. No obstante, en aquellas \u00e9pocas, el uso que se hac\u00eda era muy diferente al de ahora: desde rellenar las armaduras, hasta servir para poder dar agua, vino o miel a los enfermos, o curarlos las heridas.<br \/>\npropiedades:<\/p>\n<p>La esponja natural del Mediterr\u00e1neo m\u00e1s absorbente y hace m\u00e1s espuma que las sint\u00e9ticas. Nada \u00e1spero, ofrece una extraordinaria sensaci\u00f3n de suavidad y delicadeza en la piel y estimulan la circulaci\u00f3n.<br \/>\nuso:<\/p>\n<p>Aconsejada para todo tipo de pieles, especialmente para las sensibles, la esponja de mar se utiliza en el uso diario del ba\u00f1o. Tambi\u00e9n es especialmente recomendada para el ba\u00f1o de los ni\u00f1os.<\/p>\n<p>Tambi\u00e9n es recomendada para el cuidado de la cara, despu\u00e9s de haber hecho una limpieza o una m\u00e1scara facial. Una vez sacada, hay enjuagar bien la cara y terminar de sacar el excedente con la esponja. Su suavidad ser\u00e1 muy bienvenida para la piel fr\u00e1gil de nuestra cara.<br \/>\ningredientes:<\/p>\n<p>Producto 100% natural, procedente del Mediterr\u00e1neo. Biodegradable.<\/p>\n<p>Najel es una empresa siria, instalada en el sur de Francia, que fabrica jabones tradicionales de Alepo desde el a\u00f1o 1895. Actualmente tienen fabricaci\u00f3n tanto en Siria como cerca de Lyon. Su maestr\u00eda con la elaboraci\u00f3n de los jabones de Alepo, ancestro del jab\u00f3n de Marsella, hace que hoy en d\u00eda puedan presentar una variedad importante de productos cosm\u00e9ticos y biol\u00f3gicos de una alt\u00edsima calidad.<\/p>\n<\/div>\n<div class=\"WFnNle\">\n<div class=\"hgbeOc\"><\/div>\n<\/div>\n<p>&nbsp;<\/p>\n","protected":false},"excerpt":{"rendered":"<p>La esponja natural del Mediterr\u00e1neo Najel, mucho m\u00e1s absorbente y espumosa que las sint\u00e9ticas, proporciona una maravillosa sensaci\u00f3n de suavidad en la piel.<\/p>\n","protected":false},"featured_media":13135,"comment_status":"closed","ping_status":"closed","template":"","meta":[],"product_brand":[],"product_cat":[1219,1159],"product_tag":[1032,1275,1028],"class_list":{"0":"post-14477","1":"product","2":"type-product","3":"status-publish","4":"has-post-thumbnail","6":"product_cat-accesorios-de-bano","7":"product_cat-bano-cuidados","8":"product_tag-cultura-mediterranea-es-2","9":"product_tag-najel-es","10":"product_tag-productos-de-belleza-es-2","12":"first","13":"instock","14":"taxable","15":"shipping-taxable","16":"purchasable","17":"product-type-simple"},"yoast_head":"<!-- This site is optimized with the Yoast SEO plugin v25.3.1 - https:\/\/yoast.com\/wordpress\/plugins\/seo\/ -->\n<title>Esponja natural del Mediterranio Najel 100% Bio. Bon Vent<\/title>\n<meta name=\"description\" content=\"Esponja natural del Mediterr\u00e1neo, 100% natural. Sensaci\u00f3n de suavidad ideal para todo tipo de pieles. Recomendada tambi\u00e9n para beb\u00e9s.\" \/>\n<meta name=\"robots\" content=\"index, follow, max-snippet:-1, max-image-preview:large, max-video-preview:-1\" \/>\n<link rel=\"canonical\" href=\"https:\/\/www.bonvent.cat\/es\/product\/esponja-natural-del-mediterranio-najel\/\" \/>\n<meta property=\"og:locale\" content=\"es_ES\" \/>\n<meta property=\"og:type\" content=\"article\" \/>\n<meta property=\"og:title\" content=\"Esponja natural del Mediterranio Najel 100% Bio. Bon Vent\" \/>\n<meta property=\"og:description\" content=\"Esponja natural del Mediterr\u00e1neo, 100% natural. Sensaci\u00f3n de suavidad ideal para todo tipo de pieles. Recomendada tambi\u00e9n para beb\u00e9s.\" \/>\n<meta property=\"og:url\" content=\"https:\/\/www.bonvent.cat\/es\/product\/esponja-natural-del-mediterranio-najel\/\" \/>\n<meta property=\"og:site_name\" content=\"Bon Vent\" \/>\n<meta property=\"article:publisher\" content=\"https:\/\/www.facebook.com\/bonventbcn?ref=hl\" \/>\n<meta property=\"article:modified_time\" content=\"2020-12-14T12:23:11+00:00\" \/>\n<meta property=\"og:image\" content=\"https:\/\/www.bonvent.cat\/wp-content\/uploads\/2020\/11\/esponja-natural-meiterrani.jpg\" \/>\n\t<meta property=\"og:image:width\" content=\"510\" \/>\n\t<meta property=\"og:image:height\" content=\"652\" \/>\n\t<meta property=\"og:image:type\" content=\"image\/jpeg\" \/>\n<meta name=\"twitter:label1\" content=\"Tiempo de lectura\" \/>\n\t<meta name=\"twitter:data1\" content=\"2 minutos\" \/>\n<script type=\"application\/ld+json\" class=\"yoast-schema-graph\">{\"@context\":\"https:\/\/schema.org\",\"@graph\":[{\"@type\":\"WebPage\",\"@id\":\"https:\/\/www.bonvent.cat\/es\/product\/esponja-natural-del-mediterranio-najel\/\",\"url\":\"https:\/\/www.bonvent.cat\/es\/product\/esponja-natural-del-mediterranio-najel\/\",\"name\":\"Esponja natural del Mediterranio Najel 100% Bio. Bon Vent\",\"isPartOf\":{\"@id\":\"https:\/\/www.bonvent.cat\/es\/#website\"},\"primaryImageOfPage\":{\"@id\":\"https:\/\/www.bonvent.cat\/es\/product\/esponja-natural-del-mediterranio-najel\/#primaryimage\"},\"image\":{\"@id\":\"https:\/\/www.bonvent.cat\/es\/product\/esponja-natural-del-mediterranio-najel\/#primaryimage\"},\"thumbnailUrl\":\"https:\/\/www.bonvent.cat\/wp-content\/uploads\/2020\/11\/esponja-natural-meiterrani.jpg\",\"datePublished\":\"2020-08-30T15:48:43+00:00\",\"dateModified\":\"2020-12-14T12:23:11+00:00\",\"description\":\"Esponja natural del Mediterr\u00e1neo, 100% natural. Sensaci\u00f3n de suavidad ideal para todo tipo de pieles. Recomendada tambi\u00e9n para beb\u00e9s.\",\"breadcrumb\":{\"@id\":\"https:\/\/www.bonvent.cat\/es\/product\/esponja-natural-del-mediterranio-najel\/#breadcrumb\"},\"inLanguage\":\"es\",\"potentialAction\":[{\"@type\":\"ReadAction\",\"target\":[\"https:\/\/www.bonvent.cat\/es\/product\/esponja-natural-del-mediterranio-najel\/\"]}]},{\"@type\":\"ImageObject\",\"inLanguage\":\"es\",\"@id\":\"https:\/\/www.bonvent.cat\/es\/product\/esponja-natural-del-mediterranio-najel\/#primaryimage\",\"url\":\"https:\/\/www.bonvent.cat\/wp-content\/uploads\/2020\/11\/esponja-natural-meiterrani.jpg\",\"contentUrl\":\"https:\/\/www.bonvent.cat\/wp-content\/uploads\/2020\/11\/esponja-natural-meiterrani.jpg\",\"width\":510,\"height\":652,\"caption\":\"Esponja natural del Mediterranio Najel\"},{\"@type\":\"BreadcrumbList\",\"@id\":\"https:\/\/www.bonvent.cat\/es\/product\/esponja-natural-del-mediterranio-najel\/#breadcrumb\",\"itemListElement\":[{\"@type\":\"ListItem\",\"position\":1,\"name\":\"Inici\",\"item\":\"https:\/\/www.bonvent.cat\/es\/\"},{\"@type\":\"ListItem\",\"position\":2,\"name\":\"Botiga\",\"item\":\"https:\/\/www.bonvent.cat\/?page_id=1953091\"},{\"@type\":\"ListItem\",\"position\":3,\"name\":\"Esponja natural del Mediterranio Najel\"}]},{\"@type\":\"WebSite\",\"@id\":\"https:\/\/www.bonvent.cat\/es\/#website\",\"url\":\"https:\/\/www.bonvent.cat\/es\/\",\"name\":\"Bon Vent\",\"description\":\"Botiga d\u2019inspiraci\u00f3 mediterr\u00e0nia\",\"publisher\":{\"@id\":\"https:\/\/www.bonvent.cat\/es\/#organization\"},\"potentialAction\":[{\"@type\":\"SearchAction\",\"target\":{\"@type\":\"EntryPoint\",\"urlTemplate\":\"https:\/\/www.bonvent.cat\/es\/?s={search_term_string}\"},\"query-input\":{\"@type\":\"PropertyValueSpecification\",\"valueRequired\":true,\"valueName\":\"search_term_string\"}}],\"inLanguage\":\"es\"},{\"@type\":\"Organization\",\"@id\":\"https:\/\/www.bonvent.cat\/es\/#organization\",\"name\":\"Bon Vent\",\"url\":\"https:\/\/www.bonvent.cat\/es\/\",\"logo\":{\"@type\":\"ImageObject\",\"inLanguage\":\"es\",\"@id\":\"https:\/\/www.bonvent.cat\/es\/#\/schema\/logo\/image\/\",\"url\":\"https:\/\/www.bonvent.cat\/wp-content\/uploads\/2021\/11\/logoh.png\",\"contentUrl\":\"https:\/\/www.bonvent.cat\/wp-content\/uploads\/2021\/11\/logoh.png\",\"width\":640,\"height\":121,\"caption\":\"Bon Vent\"},\"image\":{\"@id\":\"https:\/\/www.bonvent.cat\/es\/#\/schema\/logo\/image\/\"},\"sameAs\":[\"https:\/\/www.facebook.com\/bonventbcn?ref=hl\",\"https:\/\/www.instagram.com\/bon_ventbarcelona\/\",\"https:\/\/es.pinterest.com\/BONVENTmed\/\"]}]}<\/script>\n<!-- \/ Yoast SEO plugin. -->","yoast_head_json":{"title":"Esponja natural del Mediterranio Najel 100% Bio. Bon Vent","description":"Esponja natural del Mediterr\u00e1neo, 100% natural. Sensaci\u00f3n de suavidad ideal para todo tipo de pieles. Recomendada tambi\u00e9n para beb\u00e9s.","robots":{"index":"index","follow":"follow","max-snippet":"max-snippet:-1","max-image-preview":"max-image-preview:large","max-video-preview":"max-video-preview:-1"},"canonical":"https:\/\/www.bonvent.cat\/es\/product\/esponja-natural-del-mediterranio-najel\/","og_locale":"es_ES","og_type":"article","og_title":"Esponja natural del Mediterranio Najel 100% Bio. Bon Vent","og_description":"Esponja natural del Mediterr\u00e1neo, 100% natural. Sensaci\u00f3n de suavidad ideal para todo tipo de pieles. Recomendada tambi\u00e9n para beb\u00e9s.","og_url":"https:\/\/www.bonvent.cat\/es\/product\/esponja-natural-del-mediterranio-najel\/","og_site_name":"Bon Vent","article_publisher":"https:\/\/www.facebook.com\/bonventbcn?ref=hl","article_modified_time":"2020-12-14T12:23:11+00:00","og_image":[{"width":510,"height":652,"url":"https:\/\/www.bonvent.cat\/wp-content\/uploads\/2020\/11\/esponja-natural-meiterrani.jpg","type":"image\/jpeg"}],"twitter_misc":{"Tiempo de lectura":"2 minutos"},"schema":{"@context":"https:\/\/schema.org","@graph":[{"@type":"WebPage","@id":"https:\/\/www.bonvent.cat\/es\/product\/esponja-natural-del-mediterranio-najel\/","url":"https:\/\/www.bonvent.cat\/es\/product\/esponja-natural-del-mediterranio-najel\/","name":"Esponja natural del Mediterranio Najel 100% Bio. Bon Vent","isPartOf":{"@id":"https:\/\/www.bonvent.cat\/es\/#website"},"primaryImageOfPage":{"@id":"https:\/\/www.bonvent.cat\/es\/product\/esponja-natural-del-mediterranio-najel\/#primaryimage"},"image":{"@id":"https:\/\/www.bonvent.cat\/es\/product\/esponja-natural-del-mediterranio-najel\/#primaryimage"},"thumbnailUrl":"https:\/\/www.bonvent.cat\/wp-content\/uploads\/2020\/11\/esponja-natural-meiterrani.jpg","datePublished":"2020-08-30T15:48:43+00:00","dateModified":"2020-12-14T12:23:11+00:00","description":"Esponja natural del Mediterr\u00e1neo, 100% natural. Sensaci\u00f3n de suavidad ideal para todo tipo de pieles. Recomendada tambi\u00e9n para beb\u00e9s.","breadcrumb":{"@id":"https:\/\/www.bonvent.cat\/es\/product\/esponja-natural-del-mediterranio-najel\/#breadcrumb"},"inLanguage":"es","potentialAction":[{"@type":"ReadAction","target":["https:\/\/www.bonvent.cat\/es\/product\/esponja-natural-del-mediterranio-najel\/"]}]},{"@type":"ImageObject","inLanguage":"es","@id":"https:\/\/www.bonvent.cat\/es\/product\/esponja-natural-del-mediterranio-najel\/#primaryimage","url":"https:\/\/www.bonvent.cat\/wp-content\/uploads\/2020\/11\/esponja-natural-meiterrani.jpg","contentUrl":"https:\/\/www.bonvent.cat\/wp-content\/uploads\/2020\/11\/esponja-natural-meiterrani.jpg","width":510,"height":652,"caption":"Esponja natural del Mediterranio Najel"},{"@type":"BreadcrumbList","@id":"https:\/\/www.bonvent.cat\/es\/product\/esponja-natural-del-mediterranio-najel\/#breadcrumb","itemListElement":[{"@type":"ListItem","position":1,"name":"Inici","item":"https:\/\/www.bonvent.cat\/es\/"},{"@type":"ListItem","position":2,"name":"Botiga","item":"https:\/\/www.bonvent.cat\/?page_id=1953091"},{"@type":"ListItem","position":3,"name":"Esponja natural del Mediterranio Najel"}]},{"@type":"WebSite","@id":"https:\/\/www.bonvent.cat\/es\/#website","url":"https:\/\/www.bonvent.cat\/es\/","name":"Bon Vent","description":"Botiga d\u2019inspiraci\u00f3 mediterr\u00e0nia","publisher":{"@id":"https:\/\/www.bonvent.cat\/es\/#organization"},"potentialAction":[{"@type":"SearchAction","target":{"@type":"EntryPoint","urlTemplate":"https:\/\/www.bonvent.cat\/es\/?s={search_term_string}"},"query-input":{"@type":"PropertyValueSpecification","valueRequired":true,"valueName":"search_term_string"}}],"inLanguage":"es"},{"@type":"Organization","@id":"https:\/\/www.bonvent.cat\/es\/#organization","name":"Bon Vent","url":"https:\/\/www.bonvent.cat\/es\/","logo":{"@type":"ImageObject","inLanguage":"es","@id":"https:\/\/www.bonvent.cat\/es\/#\/schema\/logo\/image\/","url":"https:\/\/www.bonvent.cat\/wp-content\/uploads\/2021\/11\/logoh.png","contentUrl":"https:\/\/www.bonvent.cat\/wp-content\/uploads\/2021\/11\/logoh.png","width":640,"height":121,"caption":"Bon Vent"},"image":{"@id":"https:\/\/www.bonvent.cat\/es\/#\/schema\/logo\/image\/"},"sameAs":["https:\/\/www.facebook.com\/bonventbcn?ref=hl","https:\/\/www.instagram.com\/bon_ventbarcelona\/","https:\/\/es.pinterest.com\/BONVENTmed\/"]}]}},"_links":{"self":[{"href":"https:\/\/www.bonvent.cat\/es\/wp-json\/wp\/v2\/product\/14477","targetHints":{"allow":["GET"]}}],"collection":[{"href":"https:\/\/www.bonvent.cat\/es\/wp-json\/wp\/v2\/product"}],"about":[{"href":"https:\/\/www.bonvent.cat\/es\/wp-json\/wp\/v2\/types\/product"}],"replies":[{"embeddable":true,"href":"https:\/\/www.bonvent.cat\/es\/wp-json\/wp\/v2\/comments?post=14477"}],"version-history":[{"count":0,"href":"https:\/\/www.bonvent.cat\/es\/wp-json\/wp\/v2\/product\/14477\/revisions"}],"wp:featuredmedia":[{"embeddable":true,"href":"https:\/\/www.bonvent.cat\/es\/wp-json\/wp\/v2\/media\/13135"}],"wp:attachment":[{"href":"https:\/\/www.bonvent.cat\/es\/wp-json\/wp\/v2\/media?parent=14477"}],"wp:term":[{"taxonomy":"product_brand","embeddable":true,"href":"https:\/\/www.bonvent.cat\/es\/wp-json\/wp\/v2\/product_brand?post=14477"},{"taxonomy":"product_cat","embeddable":true,"href":"https:\/\/www.bonvent.cat\/es\/wp-json\/wp\/v2\/product_cat?post=14477"},{"taxonomy":"product_tag","embeddable":true,"href":"https:\/\/www.bonvent.cat\/es\/wp-json\/wp\/v2\/product_tag?post=14477"}],"curies":[{"name":"wp","href":"https:\/\/api.w.org\/{rel}","templated":true}]}}