{"id":14568,"date":"2020-08-10T20:35:34","date_gmt":"2020-08-10T18:35:34","guid":{"rendered":"https:\/\/www.bonvent.cat\/product\/cepillo-de-masaje-de-najel\/"},"modified":"2020-08-10T20:35:34","modified_gmt":"2020-08-10T18:35:34","slug":"cepillo-de-masaje-de-najel","status":"publish","type":"product","link":"https:\/\/www.bonvent.cat\/es\/product\/cepillo-de-masaje-de-najel\/","title":{"rendered":"Cepillo de masaje de Najel"},"content":{"rendered":"<p><strong>Descripci\u00f3n:<\/strong><\/p>\n<p>El cepillo de masaje anticelul\u00edtico de Najel es ideal para hacer un masaje reafirmante y relajante.<\/p>\n<p>Est\u00e1 recomendado para un uso diario, utilizaremos habitualmente el cepillo de masaje de Najel durante la ducha haciendo movimientos circulares donde queremos hacer el masaje. Preferiblemente, haz movimientos ascendentes, es decir, de abajo hacia arriba.<\/p>\n<p><strong>Uso:<\/strong><\/p>\n<p>En el uso diario, utilizaremos el cepillo anticel\u00b7lulitits bajo el agua de la ducha haciendo movimientos circulares de abajo hacia arriba con una presi\u00f3n sobre la piel constante, pero sin apretar demasiado, sobre la zona a hacer el masaje.<\/p>\n<p>Tambi\u00e9n lo podemos usar fuera de la ducha. En este caso, lo usaremos con<a href=\"\/?p=10461\" target=\"_blank\" rel=\"noopener noreferrer\"> un aceite<\/a> o <a href=\"\/?p=10451\" target=\"_blank\" rel=\"noopener noreferrer\">una leche<\/a> para el cuerpo aplicada previamente. El resultado obtenido ser\u00e1 el mismo y su piel quedar\u00e1 muy bien hidratada. Recomendamos utilizar la leche corporal <a href=\"\/?p=10451\" target=\"_blank\" rel=\"noopener noreferrer\">Olivia<\/a> con aceite de oliva y manteca de Karit\u00e9.<\/p>\n<p>Recomendamos, para obtener buenos resultados y que sean visibles, aplicar estos masajes diariamente.<\/p>\n<p><strong>Composici\u00f3n:<\/strong><\/p>\n<p>Madera de Schimer Superba, barniz, elast\u00f3mero.<\/p>\n","protected":false},"excerpt":{"rendered":"<p>El cepillo de masaje de Najel estimula la circulaci\u00f3n de la sangre, favorece la eliminaci\u00f3n de toxinas y previene la formaci\u00f3n de celulitis.<\/p>\n","protected":false},"featured_media":13177,"comment_status":"closed","ping_status":"closed","template":"","meta":[],"product_brand":[],"product_cat":[1219,1159],"product_tag":[1275,1028],"class_list":{"0":"post-14568","1":"product","2":"type-product","3":"status-publish","4":"has-post-thumbnail","6":"product_cat-accesorios-de-bano","7":"product_cat-bano-cuidados","8":"product_tag-najel-es","9":"product_tag-productos-de-belleza-es-2","11":"first","12":"instock","13":"taxable","14":"shipping-taxable","15":"purchasable","16":"product-type-simple"},"yoast_head":"<!-- This site is optimized with the Yoast SEO plugin v25.3.1 - https:\/\/yoast.com\/wordpress\/plugins\/seo\/ -->\n<title>Cepillo de masaje de Najel - Anticel\u00b7lulitis - Bon Vent<\/title>\n<meta name=\"description\" content=\"El cepillo de masaje de Najel estimula la circulaci\u00f3n de la sangre, favorece la eliminaci\u00f3n de toxinas y previene la formaci\u00f3n de celulitis.\" \/>\n<meta name=\"robots\" content=\"index, follow, max-snippet:-1, max-image-preview:large, max-video-preview:-1\" \/>\n<link rel=\"canonical\" href=\"https:\/\/www.bonvent.cat\/es\/product\/cepillo-de-masaje-de-najel\/\" \/>\n<meta property=\"og:locale\" content=\"es_ES\" \/>\n<meta property=\"og:type\" content=\"article\" \/>\n<meta property=\"og:title\" content=\"Cepillo de masaje de Najel - Anticel\u00b7lulitis - Bon Vent\" \/>\n<meta property=\"og:description\" content=\"El cepillo de masaje de Najel estimula la circulaci\u00f3n de la sangre, favorece la eliminaci\u00f3n de toxinas y previene la formaci\u00f3n de celulitis.\" \/>\n<meta property=\"og:url\" content=\"https:\/\/www.bonvent.cat\/es\/product\/cepillo-de-masaje-de-najel\/\" \/>\n<meta property=\"og:site_name\" content=\"Bon Vent\" \/>\n<meta property=\"article:publisher\" content=\"https:\/\/www.facebook.com\/bonventbcn?ref=hl\" \/>\n<meta property=\"og:image\" content=\"https:\/\/www.bonvent.cat\/wp-content\/uploads\/2020\/11\/respall-de-massatge.jpg\" \/>\n\t<meta property=\"og:image:width\" content=\"510\" \/>\n\t<meta property=\"og:image:height\" content=\"652\" \/>\n\t<meta property=\"og:image:type\" content=\"image\/jpeg\" \/>\n<meta name=\"twitter:label1\" content=\"Tiempo de lectura\" \/>\n\t<meta name=\"twitter:data1\" content=\"1 minuto\" \/>\n<script type=\"application\/ld+json\" class=\"yoast-schema-graph\">{\"@context\":\"https:\/\/schema.org\",\"@graph\":[{\"@type\":\"WebPage\",\"@id\":\"https:\/\/www.bonvent.cat\/es\/product\/cepillo-de-masaje-de-najel\/\",\"url\":\"https:\/\/www.bonvent.cat\/es\/product\/cepillo-de-masaje-de-najel\/\",\"name\":\"Cepillo de masaje de Najel - Anticel\u00b7lulitis - Bon Vent\",\"isPartOf\":{\"@id\":\"https:\/\/www.bonvent.cat\/es\/#website\"},\"primaryImageOfPage\":{\"@id\":\"https:\/\/www.bonvent.cat\/es\/product\/cepillo-de-masaje-de-najel\/#primaryimage\"},\"image\":{\"@id\":\"https:\/\/www.bonvent.cat\/es\/product\/cepillo-de-masaje-de-najel\/#primaryimage\"},\"thumbnailUrl\":\"https:\/\/www.bonvent.cat\/wp-content\/uploads\/2020\/11\/respall-de-massatge.jpg\",\"datePublished\":\"2020-08-10T18:35:34+00:00\",\"description\":\"El cepillo de masaje de Najel estimula la circulaci\u00f3n de la sangre, favorece la eliminaci\u00f3n de toxinas y previene la formaci\u00f3n de celulitis.\",\"breadcrumb\":{\"@id\":\"https:\/\/www.bonvent.cat\/es\/product\/cepillo-de-masaje-de-najel\/#breadcrumb\"},\"inLanguage\":\"es\",\"potentialAction\":[{\"@type\":\"ReadAction\",\"target\":[\"https:\/\/www.bonvent.cat\/es\/product\/cepillo-de-masaje-de-najel\/\"]}]},{\"@type\":\"ImageObject\",\"inLanguage\":\"es\",\"@id\":\"https:\/\/www.bonvent.cat\/es\/product\/cepillo-de-masaje-de-najel\/#primaryimage\",\"url\":\"https:\/\/www.bonvent.cat\/wp-content\/uploads\/2020\/11\/respall-de-massatge.jpg\",\"contentUrl\":\"https:\/\/www.bonvent.cat\/wp-content\/uploads\/2020\/11\/respall-de-massatge.jpg\",\"width\":510,\"height\":652,\"caption\":\"El raspall de massatge de Najel estimula la circulaci\u00f3 de la sang, afavoreix l'eliminaci\u00f3 de toxines i prev\u00e9 la formaci\u00f3 de cel\u00b7lulitis.\"},{\"@type\":\"BreadcrumbList\",\"@id\":\"https:\/\/www.bonvent.cat\/es\/product\/cepillo-de-masaje-de-najel\/#breadcrumb\",\"itemListElement\":[{\"@type\":\"ListItem\",\"position\":1,\"name\":\"Inici\",\"item\":\"https:\/\/www.bonvent.cat\/es\/\"},{\"@type\":\"ListItem\",\"position\":2,\"name\":\"Botiga\",\"item\":\"https:\/\/www.bonvent.cat\/?page_id=1953091\"},{\"@type\":\"ListItem\",\"position\":3,\"name\":\"Cepillo de masaje de Najel\"}]},{\"@type\":\"WebSite\",\"@id\":\"https:\/\/www.bonvent.cat\/es\/#website\",\"url\":\"https:\/\/www.bonvent.cat\/es\/\",\"name\":\"Bon Vent\",\"description\":\"Botiga d\u2019inspiraci\u00f3 mediterr\u00e0nia\",\"publisher\":{\"@id\":\"https:\/\/www.bonvent.cat\/es\/#organization\"},\"potentialAction\":[{\"@type\":\"SearchAction\",\"target\":{\"@type\":\"EntryPoint\",\"urlTemplate\":\"https:\/\/www.bonvent.cat\/es\/?s={search_term_string}\"},\"query-input\":{\"@type\":\"PropertyValueSpecification\",\"valueRequired\":true,\"valueName\":\"search_term_string\"}}],\"inLanguage\":\"es\"},{\"@type\":\"Organization\",\"@id\":\"https:\/\/www.bonvent.cat\/es\/#organization\",\"name\":\"Bon Vent\",\"url\":\"https:\/\/www.bonvent.cat\/es\/\",\"logo\":{\"@type\":\"ImageObject\",\"inLanguage\":\"es\",\"@id\":\"https:\/\/www.bonvent.cat\/es\/#\/schema\/logo\/image\/\",\"url\":\"https:\/\/www.bonvent.cat\/wp-content\/uploads\/2021\/11\/logoh.png\",\"contentUrl\":\"https:\/\/www.bonvent.cat\/wp-content\/uploads\/2021\/11\/logoh.png\",\"width\":640,\"height\":121,\"caption\":\"Bon Vent\"},\"image\":{\"@id\":\"https:\/\/www.bonvent.cat\/es\/#\/schema\/logo\/image\/\"},\"sameAs\":[\"https:\/\/www.facebook.com\/bonventbcn?ref=hl\",\"https:\/\/www.instagram.com\/bon_ventbarcelona\/\",\"https:\/\/es.pinterest.com\/BONVENTmed\/\"]}]}<\/script>\n<!-- \/ Yoast SEO plugin. -->","yoast_head_json":{"title":"Cepillo de masaje de Najel - Anticel\u00b7lulitis - Bon Vent","description":"El cepillo de masaje de Najel estimula la circulaci\u00f3n de la sangre, favorece la eliminaci\u00f3n de toxinas y previene la formaci\u00f3n de celulitis.","robots":{"index":"index","follow":"follow","max-snippet":"max-snippet:-1","max-image-preview":"max-image-preview:large","max-video-preview":"max-video-preview:-1"},"canonical":"https:\/\/www.bonvent.cat\/es\/product\/cepillo-de-masaje-de-najel\/","og_locale":"es_ES","og_type":"article","og_title":"Cepillo de masaje de Najel - Anticel\u00b7lulitis - Bon Vent","og_description":"El cepillo de masaje de Najel estimula la circulaci\u00f3n de la sangre, favorece la eliminaci\u00f3n de toxinas y previene la formaci\u00f3n de celulitis.","og_url":"https:\/\/www.bonvent.cat\/es\/product\/cepillo-de-masaje-de-najel\/","og_site_name":"Bon Vent","article_publisher":"https:\/\/www.facebook.com\/bonventbcn?ref=hl","og_image":[{"width":510,"height":652,"url":"https:\/\/www.bonvent.cat\/wp-content\/uploads\/2020\/11\/respall-de-massatge.jpg","type":"image\/jpeg"}],"twitter_misc":{"Tiempo de lectura":"1 minuto"},"schema":{"@context":"https:\/\/schema.org","@graph":[{"@type":"WebPage","@id":"https:\/\/www.bonvent.cat\/es\/product\/cepillo-de-masaje-de-najel\/","url":"https:\/\/www.bonvent.cat\/es\/product\/cepillo-de-masaje-de-najel\/","name":"Cepillo de masaje de Najel - Anticel\u00b7lulitis - Bon Vent","isPartOf":{"@id":"https:\/\/www.bonvent.cat\/es\/#website"},"primaryImageOfPage":{"@id":"https:\/\/www.bonvent.cat\/es\/product\/cepillo-de-masaje-de-najel\/#primaryimage"},"image":{"@id":"https:\/\/www.bonvent.cat\/es\/product\/cepillo-de-masaje-de-najel\/#primaryimage"},"thumbnailUrl":"https:\/\/www.bonvent.cat\/wp-content\/uploads\/2020\/11\/respall-de-massatge.jpg","datePublished":"2020-08-10T18:35:34+00:00","description":"El cepillo de masaje de Najel estimula la circulaci\u00f3n de la sangre, favorece la eliminaci\u00f3n de toxinas y previene la formaci\u00f3n de celulitis.","breadcrumb":{"@id":"https:\/\/www.bonvent.cat\/es\/product\/cepillo-de-masaje-de-najel\/#breadcrumb"},"inLanguage":"es","potentialAction":[{"@type":"ReadAction","target":["https:\/\/www.bonvent.cat\/es\/product\/cepillo-de-masaje-de-najel\/"]}]},{"@type":"ImageObject","inLanguage":"es","@id":"https:\/\/www.bonvent.cat\/es\/product\/cepillo-de-masaje-de-najel\/#primaryimage","url":"https:\/\/www.bonvent.cat\/wp-content\/uploads\/2020\/11\/respall-de-massatge.jpg","contentUrl":"https:\/\/www.bonvent.cat\/wp-content\/uploads\/2020\/11\/respall-de-massatge.jpg","width":510,"height":652,"caption":"El raspall de massatge de Najel estimula la circulaci\u00f3 de la sang, afavoreix l'eliminaci\u00f3 de toxines i prev\u00e9 la formaci\u00f3 de cel\u00b7lulitis."},{"@type":"BreadcrumbList","@id":"https:\/\/www.bonvent.cat\/es\/product\/cepillo-de-masaje-de-najel\/#breadcrumb","itemListElement":[{"@type":"ListItem","position":1,"name":"Inici","item":"https:\/\/www.bonvent.cat\/es\/"},{"@type":"ListItem","position":2,"name":"Botiga","item":"https:\/\/www.bonvent.cat\/?page_id=1953091"},{"@type":"ListItem","position":3,"name":"Cepillo de masaje de Najel"}]},{"@type":"WebSite","@id":"https:\/\/www.bonvent.cat\/es\/#website","url":"https:\/\/www.bonvent.cat\/es\/","name":"Bon Vent","description":"Botiga d\u2019inspiraci\u00f3 mediterr\u00e0nia","publisher":{"@id":"https:\/\/www.bonvent.cat\/es\/#organization"},"potentialAction":[{"@type":"SearchAction","target":{"@type":"EntryPoint","urlTemplate":"https:\/\/www.bonvent.cat\/es\/?s={search_term_string}"},"query-input":{"@type":"PropertyValueSpecification","valueRequired":true,"valueName":"search_term_string"}}],"inLanguage":"es"},{"@type":"Organization","@id":"https:\/\/www.bonvent.cat\/es\/#organization","name":"Bon Vent","url":"https:\/\/www.bonvent.cat\/es\/","logo":{"@type":"ImageObject","inLanguage":"es","@id":"https:\/\/www.bonvent.cat\/es\/#\/schema\/logo\/image\/","url":"https:\/\/www.bonvent.cat\/wp-content\/uploads\/2021\/11\/logoh.png","contentUrl":"https:\/\/www.bonvent.cat\/wp-content\/uploads\/2021\/11\/logoh.png","width":640,"height":121,"caption":"Bon Vent"},"image":{"@id":"https:\/\/www.bonvent.cat\/es\/#\/schema\/logo\/image\/"},"sameAs":["https:\/\/www.facebook.com\/bonventbcn?ref=hl","https:\/\/www.instagram.com\/bon_ventbarcelona\/","https:\/\/es.pinterest.com\/BONVENTmed\/"]}]}},"_links":{"self":[{"href":"https:\/\/www.bonvent.cat\/es\/wp-json\/wp\/v2\/product\/14568","targetHints":{"allow":["GET"]}}],"collection":[{"href":"https:\/\/www.bonvent.cat\/es\/wp-json\/wp\/v2\/product"}],"about":[{"href":"https:\/\/www.bonvent.cat\/es\/wp-json\/wp\/v2\/types\/product"}],"replies":[{"embeddable":true,"href":"https:\/\/www.bonvent.cat\/es\/wp-json\/wp\/v2\/comments?post=14568"}],"version-history":[{"count":0,"href":"https:\/\/www.bonvent.cat\/es\/wp-json\/wp\/v2\/product\/14568\/revisions"}],"wp:featuredmedia":[{"embeddable":true,"href":"https:\/\/www.bonvent.cat\/es\/wp-json\/wp\/v2\/media\/13177"}],"wp:attachment":[{"href":"https:\/\/www.bonvent.cat\/es\/wp-json\/wp\/v2\/media?parent=14568"}],"wp:term":[{"taxonomy":"product_brand","embeddable":true,"href":"https:\/\/www.bonvent.cat\/es\/wp-json\/wp\/v2\/product_brand?post=14568"},{"taxonomy":"product_cat","embeddable":true,"href":"https:\/\/www.bonvent.cat\/es\/wp-json\/wp\/v2\/product_cat?post=14568"},{"taxonomy":"product_tag","embeddable":true,"href":"https:\/\/www.bonvent.cat\/es\/wp-json\/wp\/v2\/product_tag?post=14568"}],"curies":[{"name":"wp","href":"https:\/\/api.w.org\/{rel}","templated":true}]}}