{"id":14570,"date":"2020-08-07T18:33:35","date_gmt":"2020-08-07T16:33:35","guid":{"rendered":"https:\/\/www.bonvent.cat\/product\/piedra-pomez-de-najel\/"},"modified":"2020-08-07T18:33:35","modified_gmt":"2020-08-07T16:33:35","slug":"piedra-pomez-de-najel","status":"publish","type":"product","link":"https:\/\/www.bonvent.cat\/es\/product\/piedra-pomez-de-najel\/","title":{"rendered":"Piedra p\u00f3mez de Najel"},"content":{"rendered":"<p><strong>Descripci\u00f3n:<\/strong><\/p>\n<p>La piedra p\u00f3mez de Najel, es una piedra negra exfoliante, muy apreciada para el cuidado de los pies y los codos ya que suaviza la piel.<\/p>\n<p>Un gran exfoliante, la piedra p\u00f3mez se utiliza sobre la piel mojada en peque\u00f1os masajes circulares para ir arrancando las callosidades de los pies y codos y eliminar las pieles muertas. Tambi\u00e9n nos ser\u00e1 de ayuda para la depilaci\u00f3n.<\/p>\n<p><strong>Uso:<\/strong><\/p>\n<p>Utilizaremos la piedra p\u00f3mez como exfoliante para los pies y codos, eliminando las pieles muertas y callosidades. Se recomienda utilizarla sobre una piel h\u00fameda y ablandada.<\/p>\n<p>Para hacer un ba\u00f1o de pies exfoliante, diluir 150gr de sales del mar muerto dentro de un cubo de agua caliente. Remojar los pies durante unos 15 minutos y luego secarlos. Pulid las partes ablandadas con la ayuda de la piedra p\u00f3mez de Najel haciendo peque\u00f1os masajes circulares. Cuidad de no presionar demasiado para mantener una capa suficiente para proteger su piel. Para terminar, aclarar de nuevo, secar y hidratar la piel con un aceite vegetal o una leche corporal, como por ejemplo la <a href=\"\/?p=10451\" target=\"_blank\" rel=\"noopener noreferrer\">leche de aceite de oliva y manteca de Karit\u00e9 de Olivia.<\/a><\/p>\n<p>Para unas piernas suaves, la piedra p\u00f3mez de Najel tambi\u00e9n se recomendada para ralentizar el crecimiento del pelo. Haga un uso bajo la ducha, con la piel limpia y enjuague, h\u00e1gase peque\u00f1os masajes en circular sobre su piel sin presionar.<\/p>\n<p>A fuerza de utilizarla, la piedra p\u00f3mez, tambi\u00e9n llamada piedra p\u00f3mex, pule su porosidad, haci\u00e9ndola m\u00e1s suave y por lo tanto, hace factible poder utilizar en otras partes del cuerpo, como las orejas.<\/p>\n<p><strong>Ingredientes:<\/strong><\/p>\n<p>Piedra p\u00f3mez, 100% natural<\/p>\n<p>Proveniente de Egipto.<\/p>\n","protected":false},"excerpt":{"rendered":"<p>La piedra p\u00f3mez de Najel proviene de una roca volc\u00e1nica natural, tiene grandes virtudes exfoliantes. 100% natural, es ideal para eliminar las pieles muertas y callosidades de pies y codos.<\/p>\n","protected":false},"featured_media":13174,"comment_status":"closed","ping_status":"closed","template":"","meta":[],"product_brand":[],"product_cat":[1159,1224],"product_tag":[1036,417,1275,1086],"class_list":{"0":"post-14570","1":"product","2":"type-product","3":"status-publish","4":"has-post-thumbnail","6":"product_cat-bano-cuidados","7":"product_cat-cosmetica-es","8":"product_tag-belleza-mediterranea-es-2","9":"product_tag-mediterrani-es","10":"product_tag-najel-es","11":"product_tag-organico","13":"first","14":"instock","15":"taxable","16":"shipping-taxable","17":"purchasable","18":"product-type-simple"},"yoast_head":"<!-- This site is optimized with the Yoast SEO plugin v25.3.1 - https:\/\/yoast.com\/wordpress\/plugins\/seo\/ -->\n<title>Piedra p\u00f3mez de Najel - Exfoliante, 100% natural - Bon Vent<\/title>\n<meta name=\"description\" content=\"La piedra p\u00f3mez de Najel proviene de roca volc\u00e1nica natural, tiene grandes virtudes exfoliantes. Ideal para eliminar callosidades y pieles muertas en los pies.\" \/>\n<meta name=\"robots\" content=\"index, follow, max-snippet:-1, max-image-preview:large, max-video-preview:-1\" \/>\n<link rel=\"canonical\" href=\"https:\/\/www.bonvent.cat\/es\/product\/piedra-pomez-de-najel\/\" \/>\n<meta property=\"og:locale\" content=\"es_ES\" \/>\n<meta property=\"og:type\" content=\"article\" \/>\n<meta property=\"og:title\" content=\"Piedra p\u00f3mez de Najel - Exfoliante, 100% natural - Bon Vent\" \/>\n<meta property=\"og:description\" content=\"La piedra p\u00f3mez de Najel proviene de roca volc\u00e1nica natural, tiene grandes virtudes exfoliantes. Ideal para eliminar callosidades y pieles muertas en los pies.\" \/>\n<meta property=\"og:url\" content=\"https:\/\/www.bonvent.cat\/es\/product\/piedra-pomez-de-najel\/\" \/>\n<meta property=\"og:site_name\" content=\"Bon Vent\" \/>\n<meta property=\"article:publisher\" content=\"https:\/\/www.facebook.com\/bonventbcn?ref=hl\" \/>\n<meta property=\"og:image\" content=\"https:\/\/www.bonvent.cat\/wp-content\/uploads\/2020\/11\/pedra-tosca.jpg\" \/>\n\t<meta property=\"og:image:width\" content=\"510\" \/>\n\t<meta property=\"og:image:height\" content=\"652\" \/>\n\t<meta property=\"og:image:type\" content=\"image\/jpeg\" \/>\n<meta name=\"twitter:label1\" content=\"Tiempo de lectura\" \/>\n\t<meta name=\"twitter:data1\" content=\"1 minuto\" \/>\n<script type=\"application\/ld+json\" class=\"yoast-schema-graph\">{\"@context\":\"https:\/\/schema.org\",\"@graph\":[{\"@type\":\"WebPage\",\"@id\":\"https:\/\/www.bonvent.cat\/es\/product\/piedra-pomez-de-najel\/\",\"url\":\"https:\/\/www.bonvent.cat\/es\/product\/piedra-pomez-de-najel\/\",\"name\":\"Piedra p\u00f3mez de Najel - Exfoliante, 100% natural - Bon Vent\",\"isPartOf\":{\"@id\":\"https:\/\/www.bonvent.cat\/es\/#website\"},\"primaryImageOfPage\":{\"@id\":\"https:\/\/www.bonvent.cat\/es\/product\/piedra-pomez-de-najel\/#primaryimage\"},\"image\":{\"@id\":\"https:\/\/www.bonvent.cat\/es\/product\/piedra-pomez-de-najel\/#primaryimage\"},\"thumbnailUrl\":\"https:\/\/www.bonvent.cat\/wp-content\/uploads\/2020\/11\/pedra-tosca.jpg\",\"datePublished\":\"2020-08-07T16:33:35+00:00\",\"description\":\"La piedra p\u00f3mez de Najel proviene de roca volc\u00e1nica natural, tiene grandes virtudes exfoliantes. Ideal para eliminar callosidades y pieles muertas en los pies.\",\"breadcrumb\":{\"@id\":\"https:\/\/www.bonvent.cat\/es\/product\/piedra-pomez-de-najel\/#breadcrumb\"},\"inLanguage\":\"es\",\"potentialAction\":[{\"@type\":\"ReadAction\",\"target\":[\"https:\/\/www.bonvent.cat\/es\/product\/piedra-pomez-de-najel\/\"]}]},{\"@type\":\"ImageObject\",\"inLanguage\":\"es\",\"@id\":\"https:\/\/www.bonvent.cat\/es\/product\/piedra-pomez-de-najel\/#primaryimage\",\"url\":\"https:\/\/www.bonvent.cat\/wp-content\/uploads\/2020\/11\/pedra-tosca.jpg\",\"contentUrl\":\"https:\/\/www.bonvent.cat\/wp-content\/uploads\/2020\/11\/pedra-tosca.jpg\",\"width\":510,\"height\":652,\"caption\":\"Pedra tosca de Najel exfoliant\"},{\"@type\":\"BreadcrumbList\",\"@id\":\"https:\/\/www.bonvent.cat\/es\/product\/piedra-pomez-de-najel\/#breadcrumb\",\"itemListElement\":[{\"@type\":\"ListItem\",\"position\":1,\"name\":\"Inici\",\"item\":\"https:\/\/www.bonvent.cat\/es\/\"},{\"@type\":\"ListItem\",\"position\":2,\"name\":\"Botiga\",\"item\":\"https:\/\/www.bonvent.cat\/?page_id=1953091\"},{\"@type\":\"ListItem\",\"position\":3,\"name\":\"Piedra p\u00f3mez de Najel\"}]},{\"@type\":\"WebSite\",\"@id\":\"https:\/\/www.bonvent.cat\/es\/#website\",\"url\":\"https:\/\/www.bonvent.cat\/es\/\",\"name\":\"Bon Vent\",\"description\":\"Botiga d\u2019inspiraci\u00f3 mediterr\u00e0nia\",\"publisher\":{\"@id\":\"https:\/\/www.bonvent.cat\/es\/#organization\"},\"potentialAction\":[{\"@type\":\"SearchAction\",\"target\":{\"@type\":\"EntryPoint\",\"urlTemplate\":\"https:\/\/www.bonvent.cat\/es\/?s={search_term_string}\"},\"query-input\":{\"@type\":\"PropertyValueSpecification\",\"valueRequired\":true,\"valueName\":\"search_term_string\"}}],\"inLanguage\":\"es\"},{\"@type\":\"Organization\",\"@id\":\"https:\/\/www.bonvent.cat\/es\/#organization\",\"name\":\"Bon Vent\",\"url\":\"https:\/\/www.bonvent.cat\/es\/\",\"logo\":{\"@type\":\"ImageObject\",\"inLanguage\":\"es\",\"@id\":\"https:\/\/www.bonvent.cat\/es\/#\/schema\/logo\/image\/\",\"url\":\"https:\/\/www.bonvent.cat\/wp-content\/uploads\/2021\/11\/logoh.png\",\"contentUrl\":\"https:\/\/www.bonvent.cat\/wp-content\/uploads\/2021\/11\/logoh.png\",\"width\":640,\"height\":121,\"caption\":\"Bon Vent\"},\"image\":{\"@id\":\"https:\/\/www.bonvent.cat\/es\/#\/schema\/logo\/image\/\"},\"sameAs\":[\"https:\/\/www.facebook.com\/bonventbcn?ref=hl\",\"https:\/\/www.instagram.com\/bon_ventbarcelona\/\",\"https:\/\/es.pinterest.com\/BONVENTmed\/\"]}]}<\/script>\n<!-- \/ Yoast SEO plugin. -->","yoast_head_json":{"title":"Piedra p\u00f3mez de Najel - Exfoliante, 100% natural - Bon Vent","description":"La piedra p\u00f3mez de Najel proviene de roca volc\u00e1nica natural, tiene grandes virtudes exfoliantes. Ideal para eliminar callosidades y pieles muertas en los pies.","robots":{"index":"index","follow":"follow","max-snippet":"max-snippet:-1","max-image-preview":"max-image-preview:large","max-video-preview":"max-video-preview:-1"},"canonical":"https:\/\/www.bonvent.cat\/es\/product\/piedra-pomez-de-najel\/","og_locale":"es_ES","og_type":"article","og_title":"Piedra p\u00f3mez de Najel - Exfoliante, 100% natural - Bon Vent","og_description":"La piedra p\u00f3mez de Najel proviene de roca volc\u00e1nica natural, tiene grandes virtudes exfoliantes. Ideal para eliminar callosidades y pieles muertas en los pies.","og_url":"https:\/\/www.bonvent.cat\/es\/product\/piedra-pomez-de-najel\/","og_site_name":"Bon Vent","article_publisher":"https:\/\/www.facebook.com\/bonventbcn?ref=hl","og_image":[{"width":510,"height":652,"url":"https:\/\/www.bonvent.cat\/wp-content\/uploads\/2020\/11\/pedra-tosca.jpg","type":"image\/jpeg"}],"twitter_misc":{"Tiempo de lectura":"1 minuto"},"schema":{"@context":"https:\/\/schema.org","@graph":[{"@type":"WebPage","@id":"https:\/\/www.bonvent.cat\/es\/product\/piedra-pomez-de-najel\/","url":"https:\/\/www.bonvent.cat\/es\/product\/piedra-pomez-de-najel\/","name":"Piedra p\u00f3mez de Najel - Exfoliante, 100% natural - Bon Vent","isPartOf":{"@id":"https:\/\/www.bonvent.cat\/es\/#website"},"primaryImageOfPage":{"@id":"https:\/\/www.bonvent.cat\/es\/product\/piedra-pomez-de-najel\/#primaryimage"},"image":{"@id":"https:\/\/www.bonvent.cat\/es\/product\/piedra-pomez-de-najel\/#primaryimage"},"thumbnailUrl":"https:\/\/www.bonvent.cat\/wp-content\/uploads\/2020\/11\/pedra-tosca.jpg","datePublished":"2020-08-07T16:33:35+00:00","description":"La piedra p\u00f3mez de Najel proviene de roca volc\u00e1nica natural, tiene grandes virtudes exfoliantes. Ideal para eliminar callosidades y pieles muertas en los pies.","breadcrumb":{"@id":"https:\/\/www.bonvent.cat\/es\/product\/piedra-pomez-de-najel\/#breadcrumb"},"inLanguage":"es","potentialAction":[{"@type":"ReadAction","target":["https:\/\/www.bonvent.cat\/es\/product\/piedra-pomez-de-najel\/"]}]},{"@type":"ImageObject","inLanguage":"es","@id":"https:\/\/www.bonvent.cat\/es\/product\/piedra-pomez-de-najel\/#primaryimage","url":"https:\/\/www.bonvent.cat\/wp-content\/uploads\/2020\/11\/pedra-tosca.jpg","contentUrl":"https:\/\/www.bonvent.cat\/wp-content\/uploads\/2020\/11\/pedra-tosca.jpg","width":510,"height":652,"caption":"Pedra tosca de Najel exfoliant"},{"@type":"BreadcrumbList","@id":"https:\/\/www.bonvent.cat\/es\/product\/piedra-pomez-de-najel\/#breadcrumb","itemListElement":[{"@type":"ListItem","position":1,"name":"Inici","item":"https:\/\/www.bonvent.cat\/es\/"},{"@type":"ListItem","position":2,"name":"Botiga","item":"https:\/\/www.bonvent.cat\/?page_id=1953091"},{"@type":"ListItem","position":3,"name":"Piedra p\u00f3mez de Najel"}]},{"@type":"WebSite","@id":"https:\/\/www.bonvent.cat\/es\/#website","url":"https:\/\/www.bonvent.cat\/es\/","name":"Bon Vent","description":"Botiga d\u2019inspiraci\u00f3 mediterr\u00e0nia","publisher":{"@id":"https:\/\/www.bonvent.cat\/es\/#organization"},"potentialAction":[{"@type":"SearchAction","target":{"@type":"EntryPoint","urlTemplate":"https:\/\/www.bonvent.cat\/es\/?s={search_term_string}"},"query-input":{"@type":"PropertyValueSpecification","valueRequired":true,"valueName":"search_term_string"}}],"inLanguage":"es"},{"@type":"Organization","@id":"https:\/\/www.bonvent.cat\/es\/#organization","name":"Bon Vent","url":"https:\/\/www.bonvent.cat\/es\/","logo":{"@type":"ImageObject","inLanguage":"es","@id":"https:\/\/www.bonvent.cat\/es\/#\/schema\/logo\/image\/","url":"https:\/\/www.bonvent.cat\/wp-content\/uploads\/2021\/11\/logoh.png","contentUrl":"https:\/\/www.bonvent.cat\/wp-content\/uploads\/2021\/11\/logoh.png","width":640,"height":121,"caption":"Bon Vent"},"image":{"@id":"https:\/\/www.bonvent.cat\/es\/#\/schema\/logo\/image\/"},"sameAs":["https:\/\/www.facebook.com\/bonventbcn?ref=hl","https:\/\/www.instagram.com\/bon_ventbarcelona\/","https:\/\/es.pinterest.com\/BONVENTmed\/"]}]}},"_links":{"self":[{"href":"https:\/\/www.bonvent.cat\/es\/wp-json\/wp\/v2\/product\/14570","targetHints":{"allow":["GET"]}}],"collection":[{"href":"https:\/\/www.bonvent.cat\/es\/wp-json\/wp\/v2\/product"}],"about":[{"href":"https:\/\/www.bonvent.cat\/es\/wp-json\/wp\/v2\/types\/product"}],"replies":[{"embeddable":true,"href":"https:\/\/www.bonvent.cat\/es\/wp-json\/wp\/v2\/comments?post=14570"}],"version-history":[{"count":0,"href":"https:\/\/www.bonvent.cat\/es\/wp-json\/wp\/v2\/product\/14570\/revisions"}],"wp:featuredmedia":[{"embeddable":true,"href":"https:\/\/www.bonvent.cat\/es\/wp-json\/wp\/v2\/media\/13174"}],"wp:attachment":[{"href":"https:\/\/www.bonvent.cat\/es\/wp-json\/wp\/v2\/media?parent=14570"}],"wp:term":[{"taxonomy":"product_brand","embeddable":true,"href":"https:\/\/www.bonvent.cat\/es\/wp-json\/wp\/v2\/product_brand?post=14570"},{"taxonomy":"product_cat","embeddable":true,"href":"https:\/\/www.bonvent.cat\/es\/wp-json\/wp\/v2\/product_cat?post=14570"},{"taxonomy":"product_tag","embeddable":true,"href":"https:\/\/www.bonvent.cat\/es\/wp-json\/wp\/v2\/product_tag?post=14570"}],"curies":[{"name":"wp","href":"https:\/\/api.w.org\/{rel}","templated":true}]}}