{"id":14580,"date":"2020-08-10T20:26:26","date_gmt":"2020-08-10T18:26:26","guid":{"rendered":"https:\/\/www.bonvent.cat\/product\/aceite-de-almendras-dulces-de-najel\/"},"modified":"2020-08-10T20:26:26","modified_gmt":"2020-08-10T18:26:26","slug":"aceite-de-almendras-dulces-de-najel","status":"publish","type":"product","link":"https:\/\/www.bonvent.cat\/es\/product\/aceite-de-almendras-dulces-de-najel\/","title":{"rendered":"Aceite de almendras dulces de Najel"},"content":{"rendered":"<p><strong>Descripci\u00f3n:<\/strong><\/p>\n<p>El aceite de almendras dulces bio de Najel extrae de una primera presi\u00f3n en fr\u00edo, y es 100% natural.<\/p>\n<p>Es un producto rico en vitaminas A y E, aportando la nutrici\u00f3n necesaria para cuerpo, cara, u\u00f1as y cabellos. Su poder nutritivo es reforzado por los omegas 6 y 9, que relajan y suavizan la piel.<\/p>\n<p>Durante el d\u00eda a d\u00eda, nuestra piel est\u00e1 expuesta a todo tipo de inclemencias y agresiones exteriores, tales como la contaminaci\u00f3n, el fr\u00edo, el viento, el calor &#8230; y por lo tanto se hace indispensable tener cuidado y nutrirla la tan posible.<\/p>\n<p>El aceite de almendras dulces de Najel protege y calma la piel. Aplicada con masaje, reduce las irritaciones y las grietas en la piel.<\/p>\n<p>Es un producto ideal para todo tipo de pieles y para todas las partes del cuerpo: cara, cuerpo, pelo, manos y u\u00f1as.<\/p>\n<p><strong>Uso:<\/strong><\/p>\n<p>El aceite de almendra dulce es ideal tanto para usar de d\u00eda como para la noche. Puede sustituir una crema hidratante o bien complementarla. Se puede usar sobre un algod\u00f3n como suave desmaquillador o tambi\u00e9n asociado a un hidrolato, como por ejemplo el agua de azahar, como desmaquillador enriquecido.<\/p>\n<p>El aceite de almendra dulce se puede usar como m\u00e1scara para cabellos secos. Debe aplicar el aceite desde la ra\u00edz hasta las puntas, dejar actuar durante unos veinte minutos. Aplique posteriormente un champ\u00fa y enju\u00e1guese.<\/p>\n<p>Sus cabellos resultar\u00e1n bien nutridos y reforzados.<br \/>\ningredientes:<\/p>\n<p>Prunus amygdalus (Almendra Dulce) Dulcis OIL.<\/p>\n<p>100% de los ingredientes son procedentes de la agricultura biol\u00f3gica.<\/p>\n<p>El aceite de almendra dulce es obtenido en una primera presi\u00f3n en fr\u00edo. Estas almendras son provenientes de Espa\u00f1a, donde las tierras arenosas son muy propicias a cultivar almendros. Actualmente, es uno de los pa\u00edses con m\u00e1s producci\u00f3n del mundo, aunque el origen del almendro est\u00e1 en Asia central.<\/p>\n","protected":false},"excerpt":{"rendered":"<p>El aceite de almendras dulces bio de Najel hidrata, tonifica y da elasticidad a las pieles secas, irritadas y con estr\u00edas. Es adecuada para todo tipo de pieles.<\/p>\n<p>Envase de 80 ml.<\/p>\n","protected":false},"featured_media":13162,"comment_status":"closed","ping_status":"closed","template":"","meta":[],"product_brand":[],"product_cat":[1159,1224],"product_tag":[1036,1034,1275,1086],"class_list":{"0":"post-14580","1":"product","2":"type-product","3":"status-publish","4":"has-post-thumbnail","6":"product_cat-bano-cuidados","7":"product_cat-cosmetica-es","8":"product_tag-belleza-mediterranea-es-2","9":"product_tag-cosmetica-bio-es-2","10":"product_tag-najel-es","11":"product_tag-organico","13":"first","14":"instock","15":"taxable","16":"shipping-taxable","17":"purchasable","18":"product-type-simple"},"yoast_head":"<!-- This site is optimized with the Yoast SEO plugin v25.3.1 - https:\/\/yoast.com\/wordpress\/plugins\/seo\/ -->\n<title>Aceite de almendras dulces de Najel - Cuerpo y cabello - Bio- Bon Vent<\/title>\n<meta name=\"description\" content=\"El aceite de almendras dulces de Najel hidrata, tonifica y da elasticidad a las pieles secas, irritadas y con estr\u00edas. Para todo tipo de pieles.\" \/>\n<meta name=\"robots\" content=\"index, follow, max-snippet:-1, max-image-preview:large, max-video-preview:-1\" \/>\n<link rel=\"canonical\" href=\"https:\/\/www.bonvent.cat\/es\/product\/aceite-de-almendras-dulces-de-najel\/\" \/>\n<meta property=\"og:locale\" content=\"es_ES\" \/>\n<meta property=\"og:type\" content=\"article\" \/>\n<meta property=\"og:title\" content=\"Aceite de almendras dulces de Najel - Cuerpo y cabello - Bio- Bon Vent\" \/>\n<meta property=\"og:description\" content=\"El aceite de almendras dulces de Najel hidrata, tonifica y da elasticidad a las pieles secas, irritadas y con estr\u00edas. Para todo tipo de pieles.\" \/>\n<meta property=\"og:url\" content=\"https:\/\/www.bonvent.cat\/es\/product\/aceite-de-almendras-dulces-de-najel\/\" \/>\n<meta property=\"og:site_name\" content=\"Bon Vent\" \/>\n<meta property=\"article:publisher\" content=\"https:\/\/www.facebook.com\/bonventbcn?ref=hl\" \/>\n<meta property=\"og:image\" content=\"https:\/\/www.bonvent.cat\/wp-content\/uploads\/2020\/11\/oli-dametlles-dolces.jpg\" \/>\n\t<meta property=\"og:image:width\" content=\"510\" \/>\n\t<meta property=\"og:image:height\" content=\"652\" \/>\n\t<meta property=\"og:image:type\" content=\"image\/jpeg\" \/>\n<meta name=\"twitter:label1\" content=\"Tiempo de lectura\" \/>\n\t<meta name=\"twitter:data1\" content=\"2 minutos\" \/>\n<script type=\"application\/ld+json\" class=\"yoast-schema-graph\">{\"@context\":\"https:\/\/schema.org\",\"@graph\":[{\"@type\":\"WebPage\",\"@id\":\"https:\/\/www.bonvent.cat\/es\/product\/aceite-de-almendras-dulces-de-najel\/\",\"url\":\"https:\/\/www.bonvent.cat\/es\/product\/aceite-de-almendras-dulces-de-najel\/\",\"name\":\"Aceite de almendras dulces de Najel - Cuerpo y cabello - Bio- Bon Vent\",\"isPartOf\":{\"@id\":\"https:\/\/www.bonvent.cat\/es\/#website\"},\"primaryImageOfPage\":{\"@id\":\"https:\/\/www.bonvent.cat\/es\/product\/aceite-de-almendras-dulces-de-najel\/#primaryimage\"},\"image\":{\"@id\":\"https:\/\/www.bonvent.cat\/es\/product\/aceite-de-almendras-dulces-de-najel\/#primaryimage\"},\"thumbnailUrl\":\"https:\/\/www.bonvent.cat\/wp-content\/uploads\/2020\/11\/oli-dametlles-dolces.jpg\",\"datePublished\":\"2020-08-10T18:26:26+00:00\",\"description\":\"El aceite de almendras dulces de Najel hidrata, tonifica y da elasticidad a las pieles secas, irritadas y con estr\u00edas. Para todo tipo de pieles.\",\"breadcrumb\":{\"@id\":\"https:\/\/www.bonvent.cat\/es\/product\/aceite-de-almendras-dulces-de-najel\/#breadcrumb\"},\"inLanguage\":\"es\",\"potentialAction\":[{\"@type\":\"ReadAction\",\"target\":[\"https:\/\/www.bonvent.cat\/es\/product\/aceite-de-almendras-dulces-de-najel\/\"]}]},{\"@type\":\"ImageObject\",\"inLanguage\":\"es\",\"@id\":\"https:\/\/www.bonvent.cat\/es\/product\/aceite-de-almendras-dulces-de-najel\/#primaryimage\",\"url\":\"https:\/\/www.bonvent.cat\/wp-content\/uploads\/2020\/11\/oli-dametlles-dolces.jpg\",\"contentUrl\":\"https:\/\/www.bonvent.cat\/wp-content\/uploads\/2020\/11\/oli-dametlles-dolces.jpg\",\"width\":510,\"height\":652,\"caption\":\"Oli d'ametlles dolces, nutritiu per a totes les parts del cos\"},{\"@type\":\"BreadcrumbList\",\"@id\":\"https:\/\/www.bonvent.cat\/es\/product\/aceite-de-almendras-dulces-de-najel\/#breadcrumb\",\"itemListElement\":[{\"@type\":\"ListItem\",\"position\":1,\"name\":\"Inici\",\"item\":\"https:\/\/www.bonvent.cat\/es\/\"},{\"@type\":\"ListItem\",\"position\":2,\"name\":\"Botiga\",\"item\":\"https:\/\/www.bonvent.cat\/?page_id=1953091\"},{\"@type\":\"ListItem\",\"position\":3,\"name\":\"Aceite de almendras dulces de Najel\"}]},{\"@type\":\"WebSite\",\"@id\":\"https:\/\/www.bonvent.cat\/es\/#website\",\"url\":\"https:\/\/www.bonvent.cat\/es\/\",\"name\":\"Bon Vent\",\"description\":\"Botiga d\u2019inspiraci\u00f3 mediterr\u00e0nia\",\"publisher\":{\"@id\":\"https:\/\/www.bonvent.cat\/es\/#organization\"},\"potentialAction\":[{\"@type\":\"SearchAction\",\"target\":{\"@type\":\"EntryPoint\",\"urlTemplate\":\"https:\/\/www.bonvent.cat\/es\/?s={search_term_string}\"},\"query-input\":{\"@type\":\"PropertyValueSpecification\",\"valueRequired\":true,\"valueName\":\"search_term_string\"}}],\"inLanguage\":\"es\"},{\"@type\":\"Organization\",\"@id\":\"https:\/\/www.bonvent.cat\/es\/#organization\",\"name\":\"Bon Vent\",\"url\":\"https:\/\/www.bonvent.cat\/es\/\",\"logo\":{\"@type\":\"ImageObject\",\"inLanguage\":\"es\",\"@id\":\"https:\/\/www.bonvent.cat\/es\/#\/schema\/logo\/image\/\",\"url\":\"https:\/\/www.bonvent.cat\/wp-content\/uploads\/2021\/11\/logoh.png\",\"contentUrl\":\"https:\/\/www.bonvent.cat\/wp-content\/uploads\/2021\/11\/logoh.png\",\"width\":640,\"height\":121,\"caption\":\"Bon Vent\"},\"image\":{\"@id\":\"https:\/\/www.bonvent.cat\/es\/#\/schema\/logo\/image\/\"},\"sameAs\":[\"https:\/\/www.facebook.com\/bonventbcn?ref=hl\",\"https:\/\/www.instagram.com\/bon_ventbarcelona\/\",\"https:\/\/es.pinterest.com\/BONVENTmed\/\"]}]}<\/script>\n<!-- \/ Yoast SEO plugin. -->","yoast_head_json":{"title":"Aceite de almendras dulces de Najel - Cuerpo y cabello - Bio- Bon Vent","description":"El aceite de almendras dulces de Najel hidrata, tonifica y da elasticidad a las pieles secas, irritadas y con estr\u00edas. Para todo tipo de pieles.","robots":{"index":"index","follow":"follow","max-snippet":"max-snippet:-1","max-image-preview":"max-image-preview:large","max-video-preview":"max-video-preview:-1"},"canonical":"https:\/\/www.bonvent.cat\/es\/product\/aceite-de-almendras-dulces-de-najel\/","og_locale":"es_ES","og_type":"article","og_title":"Aceite de almendras dulces de Najel - Cuerpo y cabello - Bio- Bon Vent","og_description":"El aceite de almendras dulces de Najel hidrata, tonifica y da elasticidad a las pieles secas, irritadas y con estr\u00edas. Para todo tipo de pieles.","og_url":"https:\/\/www.bonvent.cat\/es\/product\/aceite-de-almendras-dulces-de-najel\/","og_site_name":"Bon Vent","article_publisher":"https:\/\/www.facebook.com\/bonventbcn?ref=hl","og_image":[{"width":510,"height":652,"url":"https:\/\/www.bonvent.cat\/wp-content\/uploads\/2020\/11\/oli-dametlles-dolces.jpg","type":"image\/jpeg"}],"twitter_misc":{"Tiempo de lectura":"2 minutos"},"schema":{"@context":"https:\/\/schema.org","@graph":[{"@type":"WebPage","@id":"https:\/\/www.bonvent.cat\/es\/product\/aceite-de-almendras-dulces-de-najel\/","url":"https:\/\/www.bonvent.cat\/es\/product\/aceite-de-almendras-dulces-de-najel\/","name":"Aceite de almendras dulces de Najel - Cuerpo y cabello - Bio- Bon Vent","isPartOf":{"@id":"https:\/\/www.bonvent.cat\/es\/#website"},"primaryImageOfPage":{"@id":"https:\/\/www.bonvent.cat\/es\/product\/aceite-de-almendras-dulces-de-najel\/#primaryimage"},"image":{"@id":"https:\/\/www.bonvent.cat\/es\/product\/aceite-de-almendras-dulces-de-najel\/#primaryimage"},"thumbnailUrl":"https:\/\/www.bonvent.cat\/wp-content\/uploads\/2020\/11\/oli-dametlles-dolces.jpg","datePublished":"2020-08-10T18:26:26+00:00","description":"El aceite de almendras dulces de Najel hidrata, tonifica y da elasticidad a las pieles secas, irritadas y con estr\u00edas. Para todo tipo de pieles.","breadcrumb":{"@id":"https:\/\/www.bonvent.cat\/es\/product\/aceite-de-almendras-dulces-de-najel\/#breadcrumb"},"inLanguage":"es","potentialAction":[{"@type":"ReadAction","target":["https:\/\/www.bonvent.cat\/es\/product\/aceite-de-almendras-dulces-de-najel\/"]}]},{"@type":"ImageObject","inLanguage":"es","@id":"https:\/\/www.bonvent.cat\/es\/product\/aceite-de-almendras-dulces-de-najel\/#primaryimage","url":"https:\/\/www.bonvent.cat\/wp-content\/uploads\/2020\/11\/oli-dametlles-dolces.jpg","contentUrl":"https:\/\/www.bonvent.cat\/wp-content\/uploads\/2020\/11\/oli-dametlles-dolces.jpg","width":510,"height":652,"caption":"Oli d'ametlles dolces, nutritiu per a totes les parts del cos"},{"@type":"BreadcrumbList","@id":"https:\/\/www.bonvent.cat\/es\/product\/aceite-de-almendras-dulces-de-najel\/#breadcrumb","itemListElement":[{"@type":"ListItem","position":1,"name":"Inici","item":"https:\/\/www.bonvent.cat\/es\/"},{"@type":"ListItem","position":2,"name":"Botiga","item":"https:\/\/www.bonvent.cat\/?page_id=1953091"},{"@type":"ListItem","position":3,"name":"Aceite de almendras dulces de Najel"}]},{"@type":"WebSite","@id":"https:\/\/www.bonvent.cat\/es\/#website","url":"https:\/\/www.bonvent.cat\/es\/","name":"Bon Vent","description":"Botiga d\u2019inspiraci\u00f3 mediterr\u00e0nia","publisher":{"@id":"https:\/\/www.bonvent.cat\/es\/#organization"},"potentialAction":[{"@type":"SearchAction","target":{"@type":"EntryPoint","urlTemplate":"https:\/\/www.bonvent.cat\/es\/?s={search_term_string}"},"query-input":{"@type":"PropertyValueSpecification","valueRequired":true,"valueName":"search_term_string"}}],"inLanguage":"es"},{"@type":"Organization","@id":"https:\/\/www.bonvent.cat\/es\/#organization","name":"Bon Vent","url":"https:\/\/www.bonvent.cat\/es\/","logo":{"@type":"ImageObject","inLanguage":"es","@id":"https:\/\/www.bonvent.cat\/es\/#\/schema\/logo\/image\/","url":"https:\/\/www.bonvent.cat\/wp-content\/uploads\/2021\/11\/logoh.png","contentUrl":"https:\/\/www.bonvent.cat\/wp-content\/uploads\/2021\/11\/logoh.png","width":640,"height":121,"caption":"Bon Vent"},"image":{"@id":"https:\/\/www.bonvent.cat\/es\/#\/schema\/logo\/image\/"},"sameAs":["https:\/\/www.facebook.com\/bonventbcn?ref=hl","https:\/\/www.instagram.com\/bon_ventbarcelona\/","https:\/\/es.pinterest.com\/BONVENTmed\/"]}]}},"_links":{"self":[{"href":"https:\/\/www.bonvent.cat\/es\/wp-json\/wp\/v2\/product\/14580","targetHints":{"allow":["GET"]}}],"collection":[{"href":"https:\/\/www.bonvent.cat\/es\/wp-json\/wp\/v2\/product"}],"about":[{"href":"https:\/\/www.bonvent.cat\/es\/wp-json\/wp\/v2\/types\/product"}],"replies":[{"embeddable":true,"href":"https:\/\/www.bonvent.cat\/es\/wp-json\/wp\/v2\/comments?post=14580"}],"version-history":[{"count":0,"href":"https:\/\/www.bonvent.cat\/es\/wp-json\/wp\/v2\/product\/14580\/revisions"}],"wp:featuredmedia":[{"embeddable":true,"href":"https:\/\/www.bonvent.cat\/es\/wp-json\/wp\/v2\/media\/13162"}],"wp:attachment":[{"href":"https:\/\/www.bonvent.cat\/es\/wp-json\/wp\/v2\/media?parent=14580"}],"wp:term":[{"taxonomy":"product_brand","embeddable":true,"href":"https:\/\/www.bonvent.cat\/es\/wp-json\/wp\/v2\/product_brand?post=14580"},{"taxonomy":"product_cat","embeddable":true,"href":"https:\/\/www.bonvent.cat\/es\/wp-json\/wp\/v2\/product_cat?post=14580"},{"taxonomy":"product_tag","embeddable":true,"href":"https:\/\/www.bonvent.cat\/es\/wp-json\/wp\/v2\/product_tag?post=14580"}],"curies":[{"name":"wp","href":"https:\/\/api.w.org\/{rel}","templated":true}]}}