{"id":14581,"date":"2020-08-10T20:36:56","date_gmt":"2020-08-10T18:36:56","guid":{"rendered":"https:\/\/www.bonvent.cat\/product\/hidrolato-de-rosa-de-damasco-najel\/"},"modified":"2020-12-11T13:14:29","modified_gmt":"2020-12-11T12:14:29","slug":"hidrolato-de-rosa-de-damasco-najel","status":"publish","type":"product","link":"https:\/\/www.bonvent.cat\/es\/product\/hidrolato-de-rosa-de-damasco-najel\/","title":{"rendered":"Hidrolato de rosa de Damasco Najel"},"content":{"rendered":"<p><strong>Descripci\u00f3n:<\/strong><\/p>\n<p>El hidrolato o agua de rosa de Damasco de Najel con su acci\u00f3n astringente, nos permite secar las peque\u00f1as imperfecciones de la cara y hacerlas desaparecer m\u00e1s r\u00e1pidamente. Su acci\u00f3n calma las rojeces y las irritaciones.<\/p>\n<p>S\u00edmbolo de regeneraci\u00f3n, el hidrolato de rosa de Damasco de Najel es reconocido desde tiempos antiguos para luchar eficazmente contra el envejecimiento cut\u00e1neo de forma natural.<\/p>\n<p>La rosa de Damasco es una de las variedades de rosas que m\u00e1s huelen. Su Hidrolatos libera un perfume embriagador, dejando una agradable sensaci\u00f3n de frescor y bienestar.<\/p>\n<p>Se obtiene 1 kg de Hidrolatos por 1 kg de flores frescas.<\/p>\n<p><strong>Uso:<\/strong><\/p>\n<p>Adaptado para todo tipo de pieles, el hidrolato de rosa de Damasco de Najel se recomienda para un uso diario cada ma\u00f1ana sobre la cara y el cuello con la ayuda de un algod\u00f3n. El agua de rosa se utiliza antes de utilizar su crema del d\u00eda o de un suero. D\u00e9jee esta sensaci\u00f3n de frescura y no lo aclares despu\u00e9s de su uso.<\/p>\n<p>Puedes incorporar el hidrolato a tus mascarillas faciales o corporales. S\u00f3lo hay que emplear unas gotas para diluir la Hidrolatos con nuestras arcillas.<\/p>\n<p><strong>Ingredientes:<\/strong><\/p>\n<p>Rosa damascena (ROSE) FLOWER WATER *, Potassium SORBATE, CITRIC ACID, geraniol, CITRONELLOL, eugenol, citral, linalol.<\/p>\n<p>El 99,85% de los ingredientes son de origen natural. El 99,65% de los ingredientes son provenientes de la agricultura biol\u00f3gica.<\/p>\n<p>La rosa de Damasco es un arbusto espinoso que puede llegar a los 2 metros de altura. Sus flores son peque\u00f1as y crecen en grupo. Son dobles y hacen abundantes p\u00e9talos, generalmente en verano. Probablemente se introdujo en Europa hacia el siglo XII aunque parece que los romanos ya conoc\u00edan sus virtudes. Tambi\u00e9n es conocido su uso como ingrediente en la cocina, sobre todo en Oriente Medio.<\/p>\n","protected":false},"excerpt":{"rendered":"<p>El hidrolato o agua de rosa de Damasco de Najel es un excelente t\u00f3nico purificante que limpia la piel de todas las impurezas, as\u00ed como tambi\u00e9n calma las rojeces e irritaciones de la piel.<\/p>\n<p>Contenido: 200 ml.<\/p>\n","protected":false},"featured_media":13150,"comment_status":"closed","ping_status":"closed","template":"","meta":[],"product_brand":[],"product_cat":[1159,1224],"product_tag":[1034,1275,1028,1291],"class_list":{"0":"post-14581","1":"product","2":"type-product","3":"status-publish","4":"has-post-thumbnail","6":"product_cat-bano-cuidados","7":"product_cat-cosmetica-es","8":"product_tag-cosmetica-bio-es-2","9":"product_tag-najel-es","10":"product_tag-productos-de-belleza-es-2","11":"product_tag-purificador-es","13":"first","14":"instock","15":"taxable","16":"shipping-taxable","17":"purchasable","18":"product-type-simple"},"yoast_head":"<!-- This site is optimized with the Yoast SEO plugin v25.3.1 - https:\/\/yoast.com\/wordpress\/plugins\/seo\/ -->\n<title>Hidrolato de rosa de Damasco Najel - Purificante Bio- Bon Vent<\/title>\n<meta name=\"description\" content=\"El hidrolato o agua de rosa de Damasco de Najel es un excelente t\u00f3nico purificante que limpia la piel de todas las impurezas.\" \/>\n<meta name=\"robots\" content=\"index, follow, max-snippet:-1, max-image-preview:large, max-video-preview:-1\" \/>\n<link rel=\"canonical\" href=\"https:\/\/www.bonvent.cat\/es\/product\/hidrolato-de-rosa-de-damasco-najel\/\" \/>\n<meta property=\"og:locale\" content=\"es_ES\" \/>\n<meta property=\"og:type\" content=\"article\" \/>\n<meta property=\"og:title\" content=\"Hidrolato de rosa de Damasco Najel - Purificante Bio- Bon Vent\" \/>\n<meta property=\"og:description\" content=\"El hidrolato o agua de rosa de Damasco de Najel es un excelente t\u00f3nico purificante que limpia la piel de todas las impurezas.\" \/>\n<meta property=\"og:url\" content=\"https:\/\/www.bonvent.cat\/es\/product\/hidrolato-de-rosa-de-damasco-najel\/\" \/>\n<meta property=\"og:site_name\" content=\"Bon Vent\" \/>\n<meta property=\"article:publisher\" content=\"https:\/\/www.facebook.com\/bonventbcn?ref=hl\" \/>\n<meta property=\"article:modified_time\" content=\"2020-12-11T12:14:29+00:00\" \/>\n<meta property=\"og:image\" content=\"https:\/\/www.bonvent.cat\/wp-content\/uploads\/2020\/11\/hidrolat-de-rosa-de-damasc.jpg\" \/>\n\t<meta property=\"og:image:width\" content=\"510\" \/>\n\t<meta property=\"og:image:height\" content=\"652\" \/>\n\t<meta property=\"og:image:type\" content=\"image\/jpeg\" \/>\n<meta name=\"twitter:label1\" content=\"Tiempo de lectura\" \/>\n\t<meta name=\"twitter:data1\" content=\"2 minutos\" \/>\n<script type=\"application\/ld+json\" class=\"yoast-schema-graph\">{\"@context\":\"https:\/\/schema.org\",\"@graph\":[{\"@type\":\"WebPage\",\"@id\":\"https:\/\/www.bonvent.cat\/es\/product\/hidrolato-de-rosa-de-damasco-najel\/\",\"url\":\"https:\/\/www.bonvent.cat\/es\/product\/hidrolato-de-rosa-de-damasco-najel\/\",\"name\":\"Hidrolato de rosa de Damasco Najel - Purificante Bio- Bon Vent\",\"isPartOf\":{\"@id\":\"https:\/\/www.bonvent.cat\/es\/#website\"},\"primaryImageOfPage\":{\"@id\":\"https:\/\/www.bonvent.cat\/es\/product\/hidrolato-de-rosa-de-damasco-najel\/#primaryimage\"},\"image\":{\"@id\":\"https:\/\/www.bonvent.cat\/es\/product\/hidrolato-de-rosa-de-damasco-najel\/#primaryimage\"},\"thumbnailUrl\":\"https:\/\/www.bonvent.cat\/wp-content\/uploads\/2020\/11\/hidrolat-de-rosa-de-damasc.jpg\",\"datePublished\":\"2020-08-10T18:36:56+00:00\",\"dateModified\":\"2020-12-11T12:14:29+00:00\",\"description\":\"El hidrolato o agua de rosa de Damasco de Najel es un excelente t\u00f3nico purificante que limpia la piel de todas las impurezas.\",\"breadcrumb\":{\"@id\":\"https:\/\/www.bonvent.cat\/es\/product\/hidrolato-de-rosa-de-damasco-najel\/#breadcrumb\"},\"inLanguage\":\"es\",\"potentialAction\":[{\"@type\":\"ReadAction\",\"target\":[\"https:\/\/www.bonvent.cat\/es\/product\/hidrolato-de-rosa-de-damasco-najel\/\"]}]},{\"@type\":\"ImageObject\",\"inLanguage\":\"es\",\"@id\":\"https:\/\/www.bonvent.cat\/es\/product\/hidrolato-de-rosa-de-damasco-najel\/#primaryimage\",\"url\":\"https:\/\/www.bonvent.cat\/wp-content\/uploads\/2020\/11\/hidrolat-de-rosa-de-damasc.jpg\",\"contentUrl\":\"https:\/\/www.bonvent.cat\/wp-content\/uploads\/2020\/11\/hidrolat-de-rosa-de-damasc.jpg\",\"width\":510,\"height\":652,\"caption\":\"Hidrolat de rosa de damasc, tonic purificador\"},{\"@type\":\"BreadcrumbList\",\"@id\":\"https:\/\/www.bonvent.cat\/es\/product\/hidrolato-de-rosa-de-damasco-najel\/#breadcrumb\",\"itemListElement\":[{\"@type\":\"ListItem\",\"position\":1,\"name\":\"Inici\",\"item\":\"https:\/\/www.bonvent.cat\/es\/\"},{\"@type\":\"ListItem\",\"position\":2,\"name\":\"Botiga\",\"item\":\"https:\/\/www.bonvent.cat\/?page_id=1953091\"},{\"@type\":\"ListItem\",\"position\":3,\"name\":\"Hidrolato de rosa de Damasco Najel\"}]},{\"@type\":\"WebSite\",\"@id\":\"https:\/\/www.bonvent.cat\/es\/#website\",\"url\":\"https:\/\/www.bonvent.cat\/es\/\",\"name\":\"Bon Vent\",\"description\":\"Botiga d\u2019inspiraci\u00f3 mediterr\u00e0nia\",\"publisher\":{\"@id\":\"https:\/\/www.bonvent.cat\/es\/#organization\"},\"potentialAction\":[{\"@type\":\"SearchAction\",\"target\":{\"@type\":\"EntryPoint\",\"urlTemplate\":\"https:\/\/www.bonvent.cat\/es\/?s={search_term_string}\"},\"query-input\":{\"@type\":\"PropertyValueSpecification\",\"valueRequired\":true,\"valueName\":\"search_term_string\"}}],\"inLanguage\":\"es\"},{\"@type\":\"Organization\",\"@id\":\"https:\/\/www.bonvent.cat\/es\/#organization\",\"name\":\"Bon Vent\",\"url\":\"https:\/\/www.bonvent.cat\/es\/\",\"logo\":{\"@type\":\"ImageObject\",\"inLanguage\":\"es\",\"@id\":\"https:\/\/www.bonvent.cat\/es\/#\/schema\/logo\/image\/\",\"url\":\"https:\/\/www.bonvent.cat\/wp-content\/uploads\/2021\/11\/logoh.png\",\"contentUrl\":\"https:\/\/www.bonvent.cat\/wp-content\/uploads\/2021\/11\/logoh.png\",\"width\":640,\"height\":121,\"caption\":\"Bon Vent\"},\"image\":{\"@id\":\"https:\/\/www.bonvent.cat\/es\/#\/schema\/logo\/image\/\"},\"sameAs\":[\"https:\/\/www.facebook.com\/bonventbcn?ref=hl\",\"https:\/\/www.instagram.com\/bon_ventbarcelona\/\",\"https:\/\/es.pinterest.com\/BONVENTmed\/\"]}]}<\/script>\n<!-- \/ Yoast SEO plugin. -->","yoast_head_json":{"title":"Hidrolato de rosa de Damasco Najel - Purificante Bio- Bon Vent","description":"El hidrolato o agua de rosa de Damasco de Najel es un excelente t\u00f3nico purificante que limpia la piel de todas las impurezas.","robots":{"index":"index","follow":"follow","max-snippet":"max-snippet:-1","max-image-preview":"max-image-preview:large","max-video-preview":"max-video-preview:-1"},"canonical":"https:\/\/www.bonvent.cat\/es\/product\/hidrolato-de-rosa-de-damasco-najel\/","og_locale":"es_ES","og_type":"article","og_title":"Hidrolato de rosa de Damasco Najel - Purificante Bio- Bon Vent","og_description":"El hidrolato o agua de rosa de Damasco de Najel es un excelente t\u00f3nico purificante que limpia la piel de todas las impurezas.","og_url":"https:\/\/www.bonvent.cat\/es\/product\/hidrolato-de-rosa-de-damasco-najel\/","og_site_name":"Bon Vent","article_publisher":"https:\/\/www.facebook.com\/bonventbcn?ref=hl","article_modified_time":"2020-12-11T12:14:29+00:00","og_image":[{"width":510,"height":652,"url":"https:\/\/www.bonvent.cat\/wp-content\/uploads\/2020\/11\/hidrolat-de-rosa-de-damasc.jpg","type":"image\/jpeg"}],"twitter_misc":{"Tiempo de lectura":"2 minutos"},"schema":{"@context":"https:\/\/schema.org","@graph":[{"@type":"WebPage","@id":"https:\/\/www.bonvent.cat\/es\/product\/hidrolato-de-rosa-de-damasco-najel\/","url":"https:\/\/www.bonvent.cat\/es\/product\/hidrolato-de-rosa-de-damasco-najel\/","name":"Hidrolato de rosa de Damasco Najel - Purificante Bio- Bon Vent","isPartOf":{"@id":"https:\/\/www.bonvent.cat\/es\/#website"},"primaryImageOfPage":{"@id":"https:\/\/www.bonvent.cat\/es\/product\/hidrolato-de-rosa-de-damasco-najel\/#primaryimage"},"image":{"@id":"https:\/\/www.bonvent.cat\/es\/product\/hidrolato-de-rosa-de-damasco-najel\/#primaryimage"},"thumbnailUrl":"https:\/\/www.bonvent.cat\/wp-content\/uploads\/2020\/11\/hidrolat-de-rosa-de-damasc.jpg","datePublished":"2020-08-10T18:36:56+00:00","dateModified":"2020-12-11T12:14:29+00:00","description":"El hidrolato o agua de rosa de Damasco de Najel es un excelente t\u00f3nico purificante que limpia la piel de todas las impurezas.","breadcrumb":{"@id":"https:\/\/www.bonvent.cat\/es\/product\/hidrolato-de-rosa-de-damasco-najel\/#breadcrumb"},"inLanguage":"es","potentialAction":[{"@type":"ReadAction","target":["https:\/\/www.bonvent.cat\/es\/product\/hidrolato-de-rosa-de-damasco-najel\/"]}]},{"@type":"ImageObject","inLanguage":"es","@id":"https:\/\/www.bonvent.cat\/es\/product\/hidrolato-de-rosa-de-damasco-najel\/#primaryimage","url":"https:\/\/www.bonvent.cat\/wp-content\/uploads\/2020\/11\/hidrolat-de-rosa-de-damasc.jpg","contentUrl":"https:\/\/www.bonvent.cat\/wp-content\/uploads\/2020\/11\/hidrolat-de-rosa-de-damasc.jpg","width":510,"height":652,"caption":"Hidrolat de rosa de damasc, tonic purificador"},{"@type":"BreadcrumbList","@id":"https:\/\/www.bonvent.cat\/es\/product\/hidrolato-de-rosa-de-damasco-najel\/#breadcrumb","itemListElement":[{"@type":"ListItem","position":1,"name":"Inici","item":"https:\/\/www.bonvent.cat\/es\/"},{"@type":"ListItem","position":2,"name":"Botiga","item":"https:\/\/www.bonvent.cat\/?page_id=1953091"},{"@type":"ListItem","position":3,"name":"Hidrolato de rosa de Damasco Najel"}]},{"@type":"WebSite","@id":"https:\/\/www.bonvent.cat\/es\/#website","url":"https:\/\/www.bonvent.cat\/es\/","name":"Bon Vent","description":"Botiga d\u2019inspiraci\u00f3 mediterr\u00e0nia","publisher":{"@id":"https:\/\/www.bonvent.cat\/es\/#organization"},"potentialAction":[{"@type":"SearchAction","target":{"@type":"EntryPoint","urlTemplate":"https:\/\/www.bonvent.cat\/es\/?s={search_term_string}"},"query-input":{"@type":"PropertyValueSpecification","valueRequired":true,"valueName":"search_term_string"}}],"inLanguage":"es"},{"@type":"Organization","@id":"https:\/\/www.bonvent.cat\/es\/#organization","name":"Bon Vent","url":"https:\/\/www.bonvent.cat\/es\/","logo":{"@type":"ImageObject","inLanguage":"es","@id":"https:\/\/www.bonvent.cat\/es\/#\/schema\/logo\/image\/","url":"https:\/\/www.bonvent.cat\/wp-content\/uploads\/2021\/11\/logoh.png","contentUrl":"https:\/\/www.bonvent.cat\/wp-content\/uploads\/2021\/11\/logoh.png","width":640,"height":121,"caption":"Bon Vent"},"image":{"@id":"https:\/\/www.bonvent.cat\/es\/#\/schema\/logo\/image\/"},"sameAs":["https:\/\/www.facebook.com\/bonventbcn?ref=hl","https:\/\/www.instagram.com\/bon_ventbarcelona\/","https:\/\/es.pinterest.com\/BONVENTmed\/"]}]}},"_links":{"self":[{"href":"https:\/\/www.bonvent.cat\/es\/wp-json\/wp\/v2\/product\/14581","targetHints":{"allow":["GET"]}}],"collection":[{"href":"https:\/\/www.bonvent.cat\/es\/wp-json\/wp\/v2\/product"}],"about":[{"href":"https:\/\/www.bonvent.cat\/es\/wp-json\/wp\/v2\/types\/product"}],"replies":[{"embeddable":true,"href":"https:\/\/www.bonvent.cat\/es\/wp-json\/wp\/v2\/comments?post=14581"}],"version-history":[{"count":0,"href":"https:\/\/www.bonvent.cat\/es\/wp-json\/wp\/v2\/product\/14581\/revisions"}],"wp:featuredmedia":[{"embeddable":true,"href":"https:\/\/www.bonvent.cat\/es\/wp-json\/wp\/v2\/media\/13150"}],"wp:attachment":[{"href":"https:\/\/www.bonvent.cat\/es\/wp-json\/wp\/v2\/media?parent=14581"}],"wp:term":[{"taxonomy":"product_brand","embeddable":true,"href":"https:\/\/www.bonvent.cat\/es\/wp-json\/wp\/v2\/product_brand?post=14581"},{"taxonomy":"product_cat","embeddable":true,"href":"https:\/\/www.bonvent.cat\/es\/wp-json\/wp\/v2\/product_cat?post=14581"},{"taxonomy":"product_tag","embeddable":true,"href":"https:\/\/www.bonvent.cat\/es\/wp-json\/wp\/v2\/product_tag?post=14581"}],"curies":[{"name":"wp","href":"https:\/\/api.w.org\/{rel}","templated":true}]}}