{"id":14584,"date":"2020-08-30T17:53:36","date_gmt":"2020-08-30T15:53:36","guid":{"rendered":"https:\/\/www.bonvent.cat\/product\/agua-de-azahar-hidrolato-de-najel\/"},"modified":"2020-08-30T17:53:36","modified_gmt":"2020-08-30T15:53:36","slug":"agua-de-azahar-hidrolato-de-najel","status":"publish","type":"product","link":"https:\/\/www.bonvent.cat\/es\/product\/agua-de-azahar-hidrolato-de-najel\/","title":{"rendered":"Agua de azahar. Hidrolato de Najel"},"content":{"rendered":"<p><strong>Propiedades:<\/strong><\/p>\n<p>El hidrolato de azahar Najel se utiliza para desmaquillar las pieles sensibles. Regenerador y relajante, calma y refresca la piel y aporta a su piel brillo y luminosidad.<\/p>\n<p>Gracias a las propiedades calmantes y relajantes, el hidrolato de azahar es muy aconsejado su uso para antes de ir a dormir.<\/p>\n<p>La flor de naranjo es muy olorosa, y es muy apreciada por su delicioso perfume tanto en perfumer\u00eda como en cocina. Su Hidrolatos libera sobre la piel este fabuloso perfume dulce y te deja una sensaci\u00f3n de calma y bienestar.<\/p>\n<p>La flor de naranjo, tambi\u00e9n conocida como neroli, flor de azahar o flor de naranja, es blanca y muy perfumada, y crece de la variedad de naranjo llamada bordo o agrio. S\u00edmbolo de pureza, la flor de naranjo ha sido tambi\u00e9n utilizada desde antiguo para hacer los ramos de los j\u00f3venes reci\u00e9n casados.<\/p>\n<p><strong>Uso<\/strong><\/p>\n<p>Adaptada a todo tipo de pieles, el agua de azahar Najel es recomendada para el uso diario, habitualmente antes de ir a dormir, sobre la cara y el cuello, con ayuda de un algod\u00f3n. Tambi\u00e9n se puede utilizar de desmaquillador antes de aplicar la crema de noche.<\/p>\n<p>En verano, se recomienda poner el hidrolato en un envase vaporizador. Podr\u00e1s utilizarlo para refrescar la cara y el cuello. Si lo deja en el frigor\u00edfico podr\u00e9is utilizarlo despu\u00e9s de exponer la piel al sol. Conseguir\u00e1s un efecto refrescante y calmante vez.<\/p>\n<p>Puedes incorporar el hidrolato a tus mascarillas faciales o corporales. S\u00f3lo hay que emplear unas gotas para diluir la Hidrolatos con <a href=\"\/?p=14583\" target=\"_blank\" rel=\"noopener noreferrer\">nuestras arcillas<\/a>.<\/p>\n<p><strong>Ingredientes:<\/strong><\/p>\n<p>Agua de flor de Citrus aurantium amara (naranjo agrio) *, sorbato de potasio, \u00e1cido c\u00edtrico, geraniol, limoneno, linalol.<\/p>\n<p>* Ingredientes procedentes de la agricultura biol\u00f3gica.<\/p>\n<p>El agua de azahar es el resultado de una hidro-destilaci\u00f3n de flores de naranjo.<\/p>\n<p>1 kg de flores frescas producen 1 litro de agua floral.<\/p>\n<p>En el mundo de la cocina, la flor de azahar, en este caso la que se comercializa en tiendas de alimentaci\u00f3n para uso en cocina, se sigue usando a d\u00eda de hoy mucho. Se utiliza mucho en reposter\u00eda, estando muy presente en las grandes fiestas tradicionales, como el rosc\u00f3n de reyes, o <a href=\"\/?p=10950\" target=\"_blank\" rel=\"noopener noreferrer\">las cocas de San Juan.<\/a><\/p>\n","protected":false},"excerpt":{"rendered":"<p>El agua de azahar de Najel est\u00e1 indicada para todo tipo de pieles, especialmente las secas y sensibles, es un hidrolato que limpia, refresca y calma la piel. Es un t\u00f3nico relajante natural y antiarrugas.<\/p>\n<p>Contenido: 200 ml.<\/p>\n","protected":false},"featured_media":13144,"comment_status":"closed","ping_status":"closed","template":"","meta":[],"product_brand":[],"product_cat":[1159,1224],"product_tag":[1036,1034,1275],"class_list":{"0":"post-14584","1":"product","2":"type-product","3":"status-publish","4":"has-post-thumbnail","6":"product_cat-bano-cuidados","7":"product_cat-cosmetica-es","8":"product_tag-belleza-mediterranea-es-2","9":"product_tag-cosmetica-bio-es-2","10":"product_tag-najel-es","12":"first","13":"instock","14":"taxable","15":"shipping-taxable","16":"purchasable","17":"product-type-simple"},"yoast_head":"<!-- This site is optimized with the Yoast SEO plugin v25.3.1 - https:\/\/yoast.com\/wordpress\/plugins\/seo\/ -->\n<title>Agua de azahar. Hidrolato de Najel de Najel - 100% Bio - Bon Vent<\/title>\n<meta name=\"description\" content=\"El agua de azahar es un hidrolato ideal para pieles secas y sensibles que proporciona una sensaci\u00f3n fresca y agradable.\" \/>\n<meta name=\"robots\" content=\"index, follow, max-snippet:-1, max-image-preview:large, max-video-preview:-1\" \/>\n<link rel=\"canonical\" href=\"https:\/\/www.bonvent.cat\/es\/product\/agua-de-azahar-hidrolato-de-najel\/\" \/>\n<meta property=\"og:locale\" content=\"es_ES\" \/>\n<meta property=\"og:type\" content=\"article\" \/>\n<meta property=\"og:title\" content=\"Agua de azahar. Hidrolato de Najel de Najel - 100% Bio - Bon Vent\" \/>\n<meta property=\"og:description\" content=\"El agua de azahar es un hidrolato ideal para pieles secas y sensibles que proporciona una sensaci\u00f3n fresca y agradable.\" \/>\n<meta property=\"og:url\" content=\"https:\/\/www.bonvent.cat\/es\/product\/agua-de-azahar-hidrolato-de-najel\/\" \/>\n<meta property=\"og:site_name\" content=\"Bon Vent\" \/>\n<meta property=\"article:publisher\" content=\"https:\/\/www.facebook.com\/bonventbcn?ref=hl\" \/>\n<meta property=\"og:image\" content=\"https:\/\/www.bonvent.cat\/wp-content\/uploads\/2020\/11\/hidrolat-de-flor-de-taronger.jpg\" \/>\n\t<meta property=\"og:image:width\" content=\"510\" \/>\n\t<meta property=\"og:image:height\" content=\"652\" \/>\n\t<meta property=\"og:image:type\" content=\"image\/jpeg\" \/>\n<meta name=\"twitter:label1\" content=\"Tiempo de lectura\" \/>\n\t<meta name=\"twitter:data1\" content=\"2 minutos\" \/>\n<script type=\"application\/ld+json\" class=\"yoast-schema-graph\">{\"@context\":\"https:\/\/schema.org\",\"@graph\":[{\"@type\":\"WebPage\",\"@id\":\"https:\/\/www.bonvent.cat\/es\/product\/agua-de-azahar-hidrolato-de-najel\/\",\"url\":\"https:\/\/www.bonvent.cat\/es\/product\/agua-de-azahar-hidrolato-de-najel\/\",\"name\":\"Agua de azahar. Hidrolato de Najel de Najel - 100% Bio - Bon Vent\",\"isPartOf\":{\"@id\":\"https:\/\/www.bonvent.cat\/es\/#website\"},\"primaryImageOfPage\":{\"@id\":\"https:\/\/www.bonvent.cat\/es\/product\/agua-de-azahar-hidrolato-de-najel\/#primaryimage\"},\"image\":{\"@id\":\"https:\/\/www.bonvent.cat\/es\/product\/agua-de-azahar-hidrolato-de-najel\/#primaryimage\"},\"thumbnailUrl\":\"https:\/\/www.bonvent.cat\/wp-content\/uploads\/2020\/11\/hidrolat-de-flor-de-taronger.jpg\",\"datePublished\":\"2020-08-30T15:53:36+00:00\",\"description\":\"El agua de azahar es un hidrolato ideal para pieles secas y sensibles que proporciona una sensaci\u00f3n fresca y agradable.\",\"breadcrumb\":{\"@id\":\"https:\/\/www.bonvent.cat\/es\/product\/agua-de-azahar-hidrolato-de-najel\/#breadcrumb\"},\"inLanguage\":\"es\",\"potentialAction\":[{\"@type\":\"ReadAction\",\"target\":[\"https:\/\/www.bonvent.cat\/es\/product\/agua-de-azahar-hidrolato-de-najel\/\"]}]},{\"@type\":\"ImageObject\",\"inLanguage\":\"es\",\"@id\":\"https:\/\/www.bonvent.cat\/es\/product\/agua-de-azahar-hidrolato-de-najel\/#primaryimage\",\"url\":\"https:\/\/www.bonvent.cat\/wp-content\/uploads\/2020\/11\/hidrolat-de-flor-de-taronger.jpg\",\"contentUrl\":\"https:\/\/www.bonvent.cat\/wp-content\/uploads\/2020\/11\/hidrolat-de-flor-de-taronger.jpg\",\"width\":510,\"height\":652,\"caption\":\"Agua de azahar. Hidrolato de Najel\"},{\"@type\":\"BreadcrumbList\",\"@id\":\"https:\/\/www.bonvent.cat\/es\/product\/agua-de-azahar-hidrolato-de-najel\/#breadcrumb\",\"itemListElement\":[{\"@type\":\"ListItem\",\"position\":1,\"name\":\"Inici\",\"item\":\"https:\/\/www.bonvent.cat\/es\/\"},{\"@type\":\"ListItem\",\"position\":2,\"name\":\"Botiga\",\"item\":\"https:\/\/www.bonvent.cat\/?page_id=1953091\"},{\"@type\":\"ListItem\",\"position\":3,\"name\":\"Agua de azahar. Hidrolato de Najel\"}]},{\"@type\":\"WebSite\",\"@id\":\"https:\/\/www.bonvent.cat\/es\/#website\",\"url\":\"https:\/\/www.bonvent.cat\/es\/\",\"name\":\"Bon Vent\",\"description\":\"Botiga d\u2019inspiraci\u00f3 mediterr\u00e0nia\",\"publisher\":{\"@id\":\"https:\/\/www.bonvent.cat\/es\/#organization\"},\"potentialAction\":[{\"@type\":\"SearchAction\",\"target\":{\"@type\":\"EntryPoint\",\"urlTemplate\":\"https:\/\/www.bonvent.cat\/es\/?s={search_term_string}\"},\"query-input\":{\"@type\":\"PropertyValueSpecification\",\"valueRequired\":true,\"valueName\":\"search_term_string\"}}],\"inLanguage\":\"es\"},{\"@type\":\"Organization\",\"@id\":\"https:\/\/www.bonvent.cat\/es\/#organization\",\"name\":\"Bon Vent\",\"url\":\"https:\/\/www.bonvent.cat\/es\/\",\"logo\":{\"@type\":\"ImageObject\",\"inLanguage\":\"es\",\"@id\":\"https:\/\/www.bonvent.cat\/es\/#\/schema\/logo\/image\/\",\"url\":\"https:\/\/www.bonvent.cat\/wp-content\/uploads\/2021\/11\/logoh.png\",\"contentUrl\":\"https:\/\/www.bonvent.cat\/wp-content\/uploads\/2021\/11\/logoh.png\",\"width\":640,\"height\":121,\"caption\":\"Bon Vent\"},\"image\":{\"@id\":\"https:\/\/www.bonvent.cat\/es\/#\/schema\/logo\/image\/\"},\"sameAs\":[\"https:\/\/www.facebook.com\/bonventbcn?ref=hl\",\"https:\/\/www.instagram.com\/bon_ventbarcelona\/\",\"https:\/\/es.pinterest.com\/BONVENTmed\/\"]}]}<\/script>\n<!-- \/ Yoast SEO plugin. -->","yoast_head_json":{"title":"Agua de azahar. Hidrolato de Najel de Najel - 100% Bio - Bon Vent","description":"El agua de azahar es un hidrolato ideal para pieles secas y sensibles que proporciona una sensaci\u00f3n fresca y agradable.","robots":{"index":"index","follow":"follow","max-snippet":"max-snippet:-1","max-image-preview":"max-image-preview:large","max-video-preview":"max-video-preview:-1"},"canonical":"https:\/\/www.bonvent.cat\/es\/product\/agua-de-azahar-hidrolato-de-najel\/","og_locale":"es_ES","og_type":"article","og_title":"Agua de azahar. Hidrolato de Najel de Najel - 100% Bio - Bon Vent","og_description":"El agua de azahar es un hidrolato ideal para pieles secas y sensibles que proporciona una sensaci\u00f3n fresca y agradable.","og_url":"https:\/\/www.bonvent.cat\/es\/product\/agua-de-azahar-hidrolato-de-najel\/","og_site_name":"Bon Vent","article_publisher":"https:\/\/www.facebook.com\/bonventbcn?ref=hl","og_image":[{"width":510,"height":652,"url":"https:\/\/www.bonvent.cat\/wp-content\/uploads\/2020\/11\/hidrolat-de-flor-de-taronger.jpg","type":"image\/jpeg"}],"twitter_misc":{"Tiempo de lectura":"2 minutos"},"schema":{"@context":"https:\/\/schema.org","@graph":[{"@type":"WebPage","@id":"https:\/\/www.bonvent.cat\/es\/product\/agua-de-azahar-hidrolato-de-najel\/","url":"https:\/\/www.bonvent.cat\/es\/product\/agua-de-azahar-hidrolato-de-najel\/","name":"Agua de azahar. Hidrolato de Najel de Najel - 100% Bio - Bon Vent","isPartOf":{"@id":"https:\/\/www.bonvent.cat\/es\/#website"},"primaryImageOfPage":{"@id":"https:\/\/www.bonvent.cat\/es\/product\/agua-de-azahar-hidrolato-de-najel\/#primaryimage"},"image":{"@id":"https:\/\/www.bonvent.cat\/es\/product\/agua-de-azahar-hidrolato-de-najel\/#primaryimage"},"thumbnailUrl":"https:\/\/www.bonvent.cat\/wp-content\/uploads\/2020\/11\/hidrolat-de-flor-de-taronger.jpg","datePublished":"2020-08-30T15:53:36+00:00","description":"El agua de azahar es un hidrolato ideal para pieles secas y sensibles que proporciona una sensaci\u00f3n fresca y agradable.","breadcrumb":{"@id":"https:\/\/www.bonvent.cat\/es\/product\/agua-de-azahar-hidrolato-de-najel\/#breadcrumb"},"inLanguage":"es","potentialAction":[{"@type":"ReadAction","target":["https:\/\/www.bonvent.cat\/es\/product\/agua-de-azahar-hidrolato-de-najel\/"]}]},{"@type":"ImageObject","inLanguage":"es","@id":"https:\/\/www.bonvent.cat\/es\/product\/agua-de-azahar-hidrolato-de-najel\/#primaryimage","url":"https:\/\/www.bonvent.cat\/wp-content\/uploads\/2020\/11\/hidrolat-de-flor-de-taronger.jpg","contentUrl":"https:\/\/www.bonvent.cat\/wp-content\/uploads\/2020\/11\/hidrolat-de-flor-de-taronger.jpg","width":510,"height":652,"caption":"Agua de azahar. Hidrolato de Najel"},{"@type":"BreadcrumbList","@id":"https:\/\/www.bonvent.cat\/es\/product\/agua-de-azahar-hidrolato-de-najel\/#breadcrumb","itemListElement":[{"@type":"ListItem","position":1,"name":"Inici","item":"https:\/\/www.bonvent.cat\/es\/"},{"@type":"ListItem","position":2,"name":"Botiga","item":"https:\/\/www.bonvent.cat\/?page_id=1953091"},{"@type":"ListItem","position":3,"name":"Agua de azahar. Hidrolato de Najel"}]},{"@type":"WebSite","@id":"https:\/\/www.bonvent.cat\/es\/#website","url":"https:\/\/www.bonvent.cat\/es\/","name":"Bon Vent","description":"Botiga d\u2019inspiraci\u00f3 mediterr\u00e0nia","publisher":{"@id":"https:\/\/www.bonvent.cat\/es\/#organization"},"potentialAction":[{"@type":"SearchAction","target":{"@type":"EntryPoint","urlTemplate":"https:\/\/www.bonvent.cat\/es\/?s={search_term_string}"},"query-input":{"@type":"PropertyValueSpecification","valueRequired":true,"valueName":"search_term_string"}}],"inLanguage":"es"},{"@type":"Organization","@id":"https:\/\/www.bonvent.cat\/es\/#organization","name":"Bon Vent","url":"https:\/\/www.bonvent.cat\/es\/","logo":{"@type":"ImageObject","inLanguage":"es","@id":"https:\/\/www.bonvent.cat\/es\/#\/schema\/logo\/image\/","url":"https:\/\/www.bonvent.cat\/wp-content\/uploads\/2021\/11\/logoh.png","contentUrl":"https:\/\/www.bonvent.cat\/wp-content\/uploads\/2021\/11\/logoh.png","width":640,"height":121,"caption":"Bon Vent"},"image":{"@id":"https:\/\/www.bonvent.cat\/es\/#\/schema\/logo\/image\/"},"sameAs":["https:\/\/www.facebook.com\/bonventbcn?ref=hl","https:\/\/www.instagram.com\/bon_ventbarcelona\/","https:\/\/es.pinterest.com\/BONVENTmed\/"]}]}},"_links":{"self":[{"href":"https:\/\/www.bonvent.cat\/es\/wp-json\/wp\/v2\/product\/14584","targetHints":{"allow":["GET"]}}],"collection":[{"href":"https:\/\/www.bonvent.cat\/es\/wp-json\/wp\/v2\/product"}],"about":[{"href":"https:\/\/www.bonvent.cat\/es\/wp-json\/wp\/v2\/types\/product"}],"replies":[{"embeddable":true,"href":"https:\/\/www.bonvent.cat\/es\/wp-json\/wp\/v2\/comments?post=14584"}],"version-history":[{"count":0,"href":"https:\/\/www.bonvent.cat\/es\/wp-json\/wp\/v2\/product\/14584\/revisions"}],"wp:featuredmedia":[{"embeddable":true,"href":"https:\/\/www.bonvent.cat\/es\/wp-json\/wp\/v2\/media\/13144"}],"wp:attachment":[{"href":"https:\/\/www.bonvent.cat\/es\/wp-json\/wp\/v2\/media?parent=14584"}],"wp:term":[{"taxonomy":"product_brand","embeddable":true,"href":"https:\/\/www.bonvent.cat\/es\/wp-json\/wp\/v2\/product_brand?post=14584"},{"taxonomy":"product_cat","embeddable":true,"href":"https:\/\/www.bonvent.cat\/es\/wp-json\/wp\/v2\/product_cat?post=14584"},{"taxonomy":"product_tag","embeddable":true,"href":"https:\/\/www.bonvent.cat\/es\/wp-json\/wp\/v2\/product_tag?post=14584"}],"curies":[{"name":"wp","href":"https:\/\/api.w.org\/{rel}","templated":true}]}}