{"id":14585,"date":"2020-09-29T20:18:28","date_gmt":"2020-09-29T18:18:28","guid":{"rendered":"https:\/\/www.bonvent.cat\/product\/arcilla-roja-calmante-para-todo-tipo-de-pieles\/"},"modified":"2020-09-29T20:18:28","modified_gmt":"2020-09-29T18:18:28","slug":"arcilla-roja-calmante-para-todo-tipo-de-pieles","status":"publish","type":"product","link":"https:\/\/www.bonvent.cat\/es\/product\/arcilla-roja-calmante-para-todo-tipo-de-pieles\/","title":{"rendered":"Arcilla roja calmante para todo tipo de pieles"},"content":{"rendered":"<p>Descripci\u00f3n<\/p>\n<p>La arcilla roja calmante para todo tipo de pieles, certificada <a href=\"https:\/\/www.ecocert.com\/es\/detaile-de-certification\/cosmeticos-ecologicos-o-naturales-cosmos-\" target=\"_blank\" rel=\"noopener noreferrer\">Eco-cert Cosmos Naturel<\/a>, es una tierra natural con una textura muy fina que se encuentra en zonas profundas de sitios templados. Rica en oligoelementos y sales minerales, la arcilla roja limpieza y remineraliza la piel, la repara y la tonifica con un tono sensacional.<\/p>\n<p><strong>Propiedades<\/strong><\/p>\n<p>Extra\u00edda de una cantera cerca de Puy-en-Valy en la Auvernia (Auvergne), la arcilla roja Cosmos Naturel Najel es 100% natural. Su color rojo nos indica su riqueza en \u00f3xido de hierro. Reconocida por su fuerte poder absorbente, la arcilla elimina las impurezas y limpia los poros. Asimismo, es muy apreciada tambi\u00e9n para la confecci\u00f3n de maquillaje.<\/p>\n<p>La arcilla roja en polvo conviene a todo tipo de pieles para su cuidado de la cara y cuerpo como tambi\u00e9n de los cabellos.<\/p>\n<p>Su uso aporta luminosidad a las pieles apagadas y aten\u00faa las rojeces. Su acci\u00f3n mineralizante y desintoxicante permite devolver a su piel el equilibrio y vitalidad perdidas. Su color rojo natural revitaliza el color del cutis desde el primer uso.<\/p>\n<p><strong>Uso<\/strong><\/p>\n<p>La arcilla roja se utiliza para hacer m\u00e1scaras para la cara y el pelo. Tambi\u00e9n es muy utilizada como ingrediente para hacer maquillajes.<\/p>\n<p>A fin de sumar beneficios, se recomienda diluir la arcilla con uno de nuestros hidrolatos. Para la arcilla roja es especialmente indicado el hidrolato de hojas de olivo por su capacidad antioxidante.<\/p>\n<p>Para no perder las propiedades que ofrece la arcilla roja, es recomendable que use utensilios en cer\u00e1mica o madera.<\/p>\n<p><strong>Ingredientes<\/strong><\/p>\n<p>Illita. 100% de origen natural.<\/p>\n","protected":false},"excerpt":{"rendered":"<p>La arcilla roja calmante para todo tipo de pieles de Najel limpia, remineraliza, repara y tonifica la piel con un tono sensacional. Ideal para hacer mascarillas para la piel y el cabello. Recomendamos diluir la arcilla roja con el hidrolato de hojas de olivo.<\/p>\n<p>La puede utilizar para hacer un ba\u00f1o de agua caliente para calmar la musculatura dolorida y mejorar la circulaci\u00f3n sangu\u00ednea.<\/p>\n<p>Contenido: 150 gr.<\/p>\n","protected":false},"featured_media":13129,"comment_status":"closed","ping_status":"closed","template":"","meta":[],"product_brand":[],"product_cat":[1159,1224],"product_tag":[1036,1034,1275,407],"class_list":{"0":"post-14585","1":"product","2":"type-product","3":"status-publish","4":"has-post-thumbnail","6":"product_cat-bano-cuidados","7":"product_cat-cosmetica-es","8":"product_tag-belleza-mediterranea-es-2","9":"product_tag-cosmetica-bio-es-2","10":"product_tag-najel-es","11":"product_tag-natural-es-2","13":"first","14":"instock","15":"taxable","16":"shipping-taxable","17":"purchasable","18":"product-type-simple"},"yoast_head":"<!-- This site is optimized with the Yoast SEO plugin v25.3.1 - https:\/\/yoast.com\/wordpress\/plugins\/seo\/ -->\n<title>Arcilla roja calmante para todo tipo de pieles de Najel-Bon Vent<\/title>\n<meta name=\"description\" content=\"La arcilla roja calmante adapta a todo tipo de pieles y se utiliza, diluida en agua, para hacer m\u00e1scaras para la piel y el cabello.\" \/>\n<meta name=\"robots\" content=\"index, follow, max-snippet:-1, max-image-preview:large, max-video-preview:-1\" \/>\n<link rel=\"canonical\" href=\"https:\/\/www.bonvent.cat\/es\/product\/arcilla-roja-calmante-para-todo-tipo-de-pieles\/\" \/>\n<meta property=\"og:locale\" content=\"es_ES\" \/>\n<meta property=\"og:type\" content=\"article\" \/>\n<meta property=\"og:title\" content=\"Arcilla roja calmante para todo tipo de pieles de Najel-Bon Vent\" \/>\n<meta property=\"og:description\" content=\"La arcilla roja calmante adapta a todo tipo de pieles y se utiliza, diluida en agua, para hacer m\u00e1scaras para la piel y el cabello.\" \/>\n<meta property=\"og:url\" content=\"https:\/\/www.bonvent.cat\/es\/product\/arcilla-roja-calmante-para-todo-tipo-de-pieles\/\" \/>\n<meta property=\"og:site_name\" content=\"Bon Vent\" \/>\n<meta property=\"article:publisher\" content=\"https:\/\/www.facebook.com\/bonventbcn?ref=hl\" \/>\n<meta property=\"og:image\" content=\"https:\/\/www.bonvent.cat\/wp-content\/uploads\/2020\/11\/argila-vermella.jpg\" \/>\n\t<meta property=\"og:image:width\" content=\"510\" \/>\n\t<meta property=\"og:image:height\" content=\"652\" \/>\n\t<meta property=\"og:image:type\" content=\"image\/jpeg\" \/>\n<meta name=\"twitter:label1\" content=\"Tiempo de lectura\" \/>\n\t<meta name=\"twitter:data1\" content=\"1 minuto\" \/>\n<script type=\"application\/ld+json\" class=\"yoast-schema-graph\">{\"@context\":\"https:\/\/schema.org\",\"@graph\":[{\"@type\":\"WebPage\",\"@id\":\"https:\/\/www.bonvent.cat\/es\/product\/arcilla-roja-calmante-para-todo-tipo-de-pieles\/\",\"url\":\"https:\/\/www.bonvent.cat\/es\/product\/arcilla-roja-calmante-para-todo-tipo-de-pieles\/\",\"name\":\"Arcilla roja calmante para todo tipo de pieles de Najel-Bon Vent\",\"isPartOf\":{\"@id\":\"https:\/\/www.bonvent.cat\/es\/#website\"},\"primaryImageOfPage\":{\"@id\":\"https:\/\/www.bonvent.cat\/es\/product\/arcilla-roja-calmante-para-todo-tipo-de-pieles\/#primaryimage\"},\"image\":{\"@id\":\"https:\/\/www.bonvent.cat\/es\/product\/arcilla-roja-calmante-para-todo-tipo-de-pieles\/#primaryimage\"},\"thumbnailUrl\":\"https:\/\/www.bonvent.cat\/wp-content\/uploads\/2020\/11\/argila-vermella.jpg\",\"datePublished\":\"2020-09-29T18:18:28+00:00\",\"description\":\"La arcilla roja calmante adapta a todo tipo de pieles y se utiliza, diluida en agua, para hacer m\u00e1scaras para la piel y el cabello.\",\"breadcrumb\":{\"@id\":\"https:\/\/www.bonvent.cat\/es\/product\/arcilla-roja-calmante-para-todo-tipo-de-pieles\/#breadcrumb\"},\"inLanguage\":\"es\",\"potentialAction\":[{\"@type\":\"ReadAction\",\"target\":[\"https:\/\/www.bonvent.cat\/es\/product\/arcilla-roja-calmante-para-todo-tipo-de-pieles\/\"]}]},{\"@type\":\"ImageObject\",\"inLanguage\":\"es\",\"@id\":\"https:\/\/www.bonvent.cat\/es\/product\/arcilla-roja-calmante-para-todo-tipo-de-pieles\/#primaryimage\",\"url\":\"https:\/\/www.bonvent.cat\/wp-content\/uploads\/2020\/11\/argila-vermella.jpg\",\"contentUrl\":\"https:\/\/www.bonvent.cat\/wp-content\/uploads\/2020\/11\/argila-vermella.jpg\",\"width\":510,\"height\":652,\"caption\":\"Arcilla roja calmante para todo tipo de pieles\"},{\"@type\":\"BreadcrumbList\",\"@id\":\"https:\/\/www.bonvent.cat\/es\/product\/arcilla-roja-calmante-para-todo-tipo-de-pieles\/#breadcrumb\",\"itemListElement\":[{\"@type\":\"ListItem\",\"position\":1,\"name\":\"Inici\",\"item\":\"https:\/\/www.bonvent.cat\/es\/\"},{\"@type\":\"ListItem\",\"position\":2,\"name\":\"Botiga\",\"item\":\"https:\/\/www.bonvent.cat\/?page_id=1953091\"},{\"@type\":\"ListItem\",\"position\":3,\"name\":\"Arcilla roja calmante para todo tipo de pieles\"}]},{\"@type\":\"WebSite\",\"@id\":\"https:\/\/www.bonvent.cat\/es\/#website\",\"url\":\"https:\/\/www.bonvent.cat\/es\/\",\"name\":\"Bon Vent\",\"description\":\"Botiga d\u2019inspiraci\u00f3 mediterr\u00e0nia\",\"publisher\":{\"@id\":\"https:\/\/www.bonvent.cat\/es\/#organization\"},\"potentialAction\":[{\"@type\":\"SearchAction\",\"target\":{\"@type\":\"EntryPoint\",\"urlTemplate\":\"https:\/\/www.bonvent.cat\/es\/?s={search_term_string}\"},\"query-input\":{\"@type\":\"PropertyValueSpecification\",\"valueRequired\":true,\"valueName\":\"search_term_string\"}}],\"inLanguage\":\"es\"},{\"@type\":\"Organization\",\"@id\":\"https:\/\/www.bonvent.cat\/es\/#organization\",\"name\":\"Bon Vent\",\"url\":\"https:\/\/www.bonvent.cat\/es\/\",\"logo\":{\"@type\":\"ImageObject\",\"inLanguage\":\"es\",\"@id\":\"https:\/\/www.bonvent.cat\/es\/#\/schema\/logo\/image\/\",\"url\":\"https:\/\/www.bonvent.cat\/wp-content\/uploads\/2021\/11\/logoh.png\",\"contentUrl\":\"https:\/\/www.bonvent.cat\/wp-content\/uploads\/2021\/11\/logoh.png\",\"width\":640,\"height\":121,\"caption\":\"Bon Vent\"},\"image\":{\"@id\":\"https:\/\/www.bonvent.cat\/es\/#\/schema\/logo\/image\/\"},\"sameAs\":[\"https:\/\/www.facebook.com\/bonventbcn?ref=hl\",\"https:\/\/www.instagram.com\/bon_ventbarcelona\/\",\"https:\/\/es.pinterest.com\/BONVENTmed\/\"]}]}<\/script>\n<!-- \/ Yoast SEO plugin. -->","yoast_head_json":{"title":"Arcilla roja calmante para todo tipo de pieles de Najel-Bon Vent","description":"La arcilla roja calmante adapta a todo tipo de pieles y se utiliza, diluida en agua, para hacer m\u00e1scaras para la piel y el cabello.","robots":{"index":"index","follow":"follow","max-snippet":"max-snippet:-1","max-image-preview":"max-image-preview:large","max-video-preview":"max-video-preview:-1"},"canonical":"https:\/\/www.bonvent.cat\/es\/product\/arcilla-roja-calmante-para-todo-tipo-de-pieles\/","og_locale":"es_ES","og_type":"article","og_title":"Arcilla roja calmante para todo tipo de pieles de Najel-Bon Vent","og_description":"La arcilla roja calmante adapta a todo tipo de pieles y se utiliza, diluida en agua, para hacer m\u00e1scaras para la piel y el cabello.","og_url":"https:\/\/www.bonvent.cat\/es\/product\/arcilla-roja-calmante-para-todo-tipo-de-pieles\/","og_site_name":"Bon Vent","article_publisher":"https:\/\/www.facebook.com\/bonventbcn?ref=hl","og_image":[{"width":510,"height":652,"url":"https:\/\/www.bonvent.cat\/wp-content\/uploads\/2020\/11\/argila-vermella.jpg","type":"image\/jpeg"}],"twitter_misc":{"Tiempo de lectura":"1 minuto"},"schema":{"@context":"https:\/\/schema.org","@graph":[{"@type":"WebPage","@id":"https:\/\/www.bonvent.cat\/es\/product\/arcilla-roja-calmante-para-todo-tipo-de-pieles\/","url":"https:\/\/www.bonvent.cat\/es\/product\/arcilla-roja-calmante-para-todo-tipo-de-pieles\/","name":"Arcilla roja calmante para todo tipo de pieles de Najel-Bon Vent","isPartOf":{"@id":"https:\/\/www.bonvent.cat\/es\/#website"},"primaryImageOfPage":{"@id":"https:\/\/www.bonvent.cat\/es\/product\/arcilla-roja-calmante-para-todo-tipo-de-pieles\/#primaryimage"},"image":{"@id":"https:\/\/www.bonvent.cat\/es\/product\/arcilla-roja-calmante-para-todo-tipo-de-pieles\/#primaryimage"},"thumbnailUrl":"https:\/\/www.bonvent.cat\/wp-content\/uploads\/2020\/11\/argila-vermella.jpg","datePublished":"2020-09-29T18:18:28+00:00","description":"La arcilla roja calmante adapta a todo tipo de pieles y se utiliza, diluida en agua, para hacer m\u00e1scaras para la piel y el cabello.","breadcrumb":{"@id":"https:\/\/www.bonvent.cat\/es\/product\/arcilla-roja-calmante-para-todo-tipo-de-pieles\/#breadcrumb"},"inLanguage":"es","potentialAction":[{"@type":"ReadAction","target":["https:\/\/www.bonvent.cat\/es\/product\/arcilla-roja-calmante-para-todo-tipo-de-pieles\/"]}]},{"@type":"ImageObject","inLanguage":"es","@id":"https:\/\/www.bonvent.cat\/es\/product\/arcilla-roja-calmante-para-todo-tipo-de-pieles\/#primaryimage","url":"https:\/\/www.bonvent.cat\/wp-content\/uploads\/2020\/11\/argila-vermella.jpg","contentUrl":"https:\/\/www.bonvent.cat\/wp-content\/uploads\/2020\/11\/argila-vermella.jpg","width":510,"height":652,"caption":"Arcilla roja calmante para todo tipo de pieles"},{"@type":"BreadcrumbList","@id":"https:\/\/www.bonvent.cat\/es\/product\/arcilla-roja-calmante-para-todo-tipo-de-pieles\/#breadcrumb","itemListElement":[{"@type":"ListItem","position":1,"name":"Inici","item":"https:\/\/www.bonvent.cat\/es\/"},{"@type":"ListItem","position":2,"name":"Botiga","item":"https:\/\/www.bonvent.cat\/?page_id=1953091"},{"@type":"ListItem","position":3,"name":"Arcilla roja calmante para todo tipo de pieles"}]},{"@type":"WebSite","@id":"https:\/\/www.bonvent.cat\/es\/#website","url":"https:\/\/www.bonvent.cat\/es\/","name":"Bon Vent","description":"Botiga d\u2019inspiraci\u00f3 mediterr\u00e0nia","publisher":{"@id":"https:\/\/www.bonvent.cat\/es\/#organization"},"potentialAction":[{"@type":"SearchAction","target":{"@type":"EntryPoint","urlTemplate":"https:\/\/www.bonvent.cat\/es\/?s={search_term_string}"},"query-input":{"@type":"PropertyValueSpecification","valueRequired":true,"valueName":"search_term_string"}}],"inLanguage":"es"},{"@type":"Organization","@id":"https:\/\/www.bonvent.cat\/es\/#organization","name":"Bon Vent","url":"https:\/\/www.bonvent.cat\/es\/","logo":{"@type":"ImageObject","inLanguage":"es","@id":"https:\/\/www.bonvent.cat\/es\/#\/schema\/logo\/image\/","url":"https:\/\/www.bonvent.cat\/wp-content\/uploads\/2021\/11\/logoh.png","contentUrl":"https:\/\/www.bonvent.cat\/wp-content\/uploads\/2021\/11\/logoh.png","width":640,"height":121,"caption":"Bon Vent"},"image":{"@id":"https:\/\/www.bonvent.cat\/es\/#\/schema\/logo\/image\/"},"sameAs":["https:\/\/www.facebook.com\/bonventbcn?ref=hl","https:\/\/www.instagram.com\/bon_ventbarcelona\/","https:\/\/es.pinterest.com\/BONVENTmed\/"]}]}},"_links":{"self":[{"href":"https:\/\/www.bonvent.cat\/es\/wp-json\/wp\/v2\/product\/14585","targetHints":{"allow":["GET"]}}],"collection":[{"href":"https:\/\/www.bonvent.cat\/es\/wp-json\/wp\/v2\/product"}],"about":[{"href":"https:\/\/www.bonvent.cat\/es\/wp-json\/wp\/v2\/types\/product"}],"replies":[{"embeddable":true,"href":"https:\/\/www.bonvent.cat\/es\/wp-json\/wp\/v2\/comments?post=14585"}],"version-history":[{"count":0,"href":"https:\/\/www.bonvent.cat\/es\/wp-json\/wp\/v2\/product\/14585\/revisions"}],"wp:featuredmedia":[{"embeddable":true,"href":"https:\/\/www.bonvent.cat\/es\/wp-json\/wp\/v2\/media\/13129"}],"wp:attachment":[{"href":"https:\/\/www.bonvent.cat\/es\/wp-json\/wp\/v2\/media?parent=14585"}],"wp:term":[{"taxonomy":"product_brand","embeddable":true,"href":"https:\/\/www.bonvent.cat\/es\/wp-json\/wp\/v2\/product_brand?post=14585"},{"taxonomy":"product_cat","embeddable":true,"href":"https:\/\/www.bonvent.cat\/es\/wp-json\/wp\/v2\/product_cat?post=14585"},{"taxonomy":"product_tag","embeddable":true,"href":"https:\/\/www.bonvent.cat\/es\/wp-json\/wp\/v2\/product_tag?post=14585"}],"curies":[{"name":"wp","href":"https:\/\/api.w.org\/{rel}","templated":true}]}}