{"id":14612,"date":"2020-08-10T20:32:41","date_gmt":"2020-08-10T18:32:41","guid":{"rendered":"https:\/\/www.bonvent.cat\/product\/leche-corporal-de-rosa-de-damasco-najel\/"},"modified":"2020-08-10T20:32:41","modified_gmt":"2020-08-10T18:32:41","slug":"leche-corporal-de-rosa-de-damasco-najel","status":"publish","type":"product","link":"https:\/\/www.bonvent.cat\/es\/product\/leche-corporal-de-rosa-de-damasco-najel\/","title":{"rendered":"Leche corporal de rosa de Damasco Najel"},"content":{"rendered":"<p>Propiedades:<\/p>\n<p>Las principales propiedades de la leche corporal de Najel perfumada con Rosa de Damasco le provienen de sus ingredientes principales, la manzanilla, la manteca de karit\u00e9 y el aceite de almendra, ya que son ingredientes reconocidos por su poder nutritivo y reparador. Proporcionan una gran hidrataci\u00f3n en las capas superiores de la epidermis.<\/p>\n<p>Elaborado en el coraz\u00f3n del laboratorio Najjel, la leche corporal de rosa de Damasco es un producto bio hecho en Francia que tambi\u00e9n contiene aceite de oliva virgen bio y bayas de laurel bio, los ingredientes m\u00e1s emblem\u00e1ticos de la marca Najel y que poseen propiedades antioxidantes y calmantes.<\/p>\n<p>Combinada con aguas florales o hidrolatos, como por ejemplo<a href=\"\/?p=14584\" target=\"_blank\" rel=\"noopener noreferrer\"> hidrolato de azahar<\/a>, esta leche corporal aten\u00faa la sensaci\u00f3n de irritaci\u00f3n de la piel.<\/p>\n<p>Perfumada delicadamente con un agradable perfume natural de rosa, esta leche es una mezcla de dulzura y beneficios para mantener la hidrataci\u00f3n de la piel.<\/p>\n<p>Gracias a su textura fluida, penetra f\u00e1cilmente en la piel generando una piel nutrida y bien protegida.<\/p>\n<p><strong>Uso:<\/strong><\/p>\n<p>La leche corporal de rosa de Damasco puede ser utilizada a diario en todas las partes del cuerpo. Desde las piernas, rodillas, codos, pies, manos &#8230;<\/p>\n<p>Adecuado para todo tipo de pieles, tambi\u00e9n las m\u00e1s delicadas. Ideal para aplicar masajeando en una piel limpia y seca.<br \/>\ningredientes:<\/p>\n<p>Agua, Chamomilla recutita (Matricaria) FLOWER WATER *, Olea europaea (oliva) aceite *, Prunus amygdalus (SWEET ALMOND) aceite de semillas *, Caprylic \/ capricho TRIGLYCERIDE, OCTYLDODECANOL, Glycerin **, GLYCERYL stearate citrate, PARFUM (Fragrance), Butyrospermum parkii (SHEA) Mantequilla *, Hydrolyzed SUNFLOWER SEED WAX, CETYL ALCOHOL, GLYCERYL BEHENATE, Laurus nobilis (Laurel) FRUIT OIL *, sorbit\u00e1n CAPRYLATE, XANTHAN GUM, CAPRYLOYL \/ CAPROYL METHYL GLUCAMIDE, potassium SORBATE, Sodium benzoate, TOCOPHEROL, CITRIC ACID , BETA-sitosterol, SQUALENE, CITRONELLOL, geraniol, linalol.<\/p>\n<p>El 99% de los ingredientes son de origen natural.<\/p>\n<p>El 20% de los ingredientes proceden de la agricultura biol\u00f3gica.<\/p>\n","protected":false},"excerpt":{"rendered":"<p>La leche corporal perfumada con rosa de Damasco de Najel hace una cura nutritiva que hidrata intensamente tu piel. Est\u00e1 compuesta por manzanilla, manteca de karit\u00e9 bio y aceite de almendra dulce bio. Es muy recomendada para todo tipo de pieles, en especial las irritadas y sensibles.<\/p>\n<p>Envase de 200ml<\/p>\n","protected":false},"featured_media":13153,"comment_status":"closed","ping_status":"closed","template":"","meta":[],"product_brand":[],"product_cat":[1159,1224],"product_tag":[1034,1297,1298,1275,1028],"class_list":{"0":"post-14612","1":"product","2":"type-product","3":"status-publish","4":"has-post-thumbnail","6":"product_cat-bano-cuidados","7":"product_cat-cosmetica-es","8":"product_tag-cosmetica-bio-es-2","9":"product_tag-hidratante","10":"product_tag-karite-es","11":"product_tag-najel-es","12":"product_tag-productos-de-belleza-es-2","14":"first","15":"instock","16":"taxable","17":"shipping-taxable","18":"purchasable","19":"product-type-simple"},"yoast_head":"<!-- This site is optimized with the Yoast SEO plugin v25.3.1 - https:\/\/yoast.com\/wordpress\/plugins\/seo\/ -->\n<title>Leche corporal de rosa de Damasco Najel - Hidrata y nutre - Bon Vent<\/title>\n<meta name=\"description\" content=\"La leche corporal perfumada con Rosa de Damasco de Najel tiene como indredients principales la manteca de Karit\u00e9 y el aceite de almendra dulce.\" \/>\n<meta name=\"robots\" content=\"index, follow, max-snippet:-1, max-image-preview:large, max-video-preview:-1\" \/>\n<link rel=\"canonical\" href=\"https:\/\/www.bonvent.cat\/es\/product\/leche-corporal-de-rosa-de-damasco-najel\/\" \/>\n<meta property=\"og:locale\" content=\"es_ES\" \/>\n<meta property=\"og:type\" content=\"article\" \/>\n<meta property=\"og:title\" content=\"Leche corporal de rosa de Damasco Najel - Hidrata y nutre - Bon Vent\" \/>\n<meta property=\"og:description\" content=\"La leche corporal perfumada con Rosa de Damasco de Najel tiene como indredients principales la manteca de Karit\u00e9 y el aceite de almendra dulce.\" \/>\n<meta property=\"og:url\" content=\"https:\/\/www.bonvent.cat\/es\/product\/leche-corporal-de-rosa-de-damasco-najel\/\" \/>\n<meta property=\"og:site_name\" content=\"Bon Vent\" \/>\n<meta property=\"article:publisher\" content=\"https:\/\/www.facebook.com\/bonventbcn?ref=hl\" \/>\n<meta property=\"og:image\" content=\"https:\/\/www.bonvent.cat\/wp-content\/uploads\/2020\/11\/llet-corporal-de-rosa-de-damasc.jpg\" \/>\n\t<meta property=\"og:image:width\" content=\"510\" \/>\n\t<meta property=\"og:image:height\" content=\"652\" \/>\n\t<meta property=\"og:image:type\" content=\"image\/jpeg\" \/>\n<meta name=\"twitter:label1\" content=\"Tiempo de lectura\" \/>\n\t<meta name=\"twitter:data1\" content=\"2 minutos\" \/>\n<script type=\"application\/ld+json\" class=\"yoast-schema-graph\">{\"@context\":\"https:\/\/schema.org\",\"@graph\":[{\"@type\":\"WebPage\",\"@id\":\"https:\/\/www.bonvent.cat\/es\/product\/leche-corporal-de-rosa-de-damasco-najel\/\",\"url\":\"https:\/\/www.bonvent.cat\/es\/product\/leche-corporal-de-rosa-de-damasco-najel\/\",\"name\":\"Leche corporal de rosa de Damasco Najel - Hidrata y nutre - Bon Vent\",\"isPartOf\":{\"@id\":\"https:\/\/www.bonvent.cat\/es\/#website\"},\"primaryImageOfPage\":{\"@id\":\"https:\/\/www.bonvent.cat\/es\/product\/leche-corporal-de-rosa-de-damasco-najel\/#primaryimage\"},\"image\":{\"@id\":\"https:\/\/www.bonvent.cat\/es\/product\/leche-corporal-de-rosa-de-damasco-najel\/#primaryimage\"},\"thumbnailUrl\":\"https:\/\/www.bonvent.cat\/wp-content\/uploads\/2020\/11\/llet-corporal-de-rosa-de-damasc.jpg\",\"datePublished\":\"2020-08-10T18:32:41+00:00\",\"description\":\"La leche corporal perfumada con Rosa de Damasco de Najel tiene como indredients principales la manteca de Karit\u00e9 y el aceite de almendra dulce.\",\"breadcrumb\":{\"@id\":\"https:\/\/www.bonvent.cat\/es\/product\/leche-corporal-de-rosa-de-damasco-najel\/#breadcrumb\"},\"inLanguage\":\"es\",\"potentialAction\":[{\"@type\":\"ReadAction\",\"target\":[\"https:\/\/www.bonvent.cat\/es\/product\/leche-corporal-de-rosa-de-damasco-najel\/\"]}]},{\"@type\":\"ImageObject\",\"inLanguage\":\"es\",\"@id\":\"https:\/\/www.bonvent.cat\/es\/product\/leche-corporal-de-rosa-de-damasco-najel\/#primaryimage\",\"url\":\"https:\/\/www.bonvent.cat\/wp-content\/uploads\/2020\/11\/llet-corporal-de-rosa-de-damasc.jpg\",\"contentUrl\":\"https:\/\/www.bonvent.cat\/wp-content\/uploads\/2020\/11\/llet-corporal-de-rosa-de-damasc.jpg\",\"width\":510,\"height\":652,\"caption\":\"llet corporal perfumada rosa de damasc amb mantega de Karit\u00e9 i oli d'ametlla dol\u00e7a\"},{\"@type\":\"BreadcrumbList\",\"@id\":\"https:\/\/www.bonvent.cat\/es\/product\/leche-corporal-de-rosa-de-damasco-najel\/#breadcrumb\",\"itemListElement\":[{\"@type\":\"ListItem\",\"position\":1,\"name\":\"Inici\",\"item\":\"https:\/\/www.bonvent.cat\/es\/\"},{\"@type\":\"ListItem\",\"position\":2,\"name\":\"Botiga\",\"item\":\"https:\/\/www.bonvent.cat\/?page_id=1953091\"},{\"@type\":\"ListItem\",\"position\":3,\"name\":\"Leche corporal de rosa de Damasco Najel\"}]},{\"@type\":\"WebSite\",\"@id\":\"https:\/\/www.bonvent.cat\/es\/#website\",\"url\":\"https:\/\/www.bonvent.cat\/es\/\",\"name\":\"Bon Vent\",\"description\":\"Botiga d\u2019inspiraci\u00f3 mediterr\u00e0nia\",\"publisher\":{\"@id\":\"https:\/\/www.bonvent.cat\/es\/#organization\"},\"potentialAction\":[{\"@type\":\"SearchAction\",\"target\":{\"@type\":\"EntryPoint\",\"urlTemplate\":\"https:\/\/www.bonvent.cat\/es\/?s={search_term_string}\"},\"query-input\":{\"@type\":\"PropertyValueSpecification\",\"valueRequired\":true,\"valueName\":\"search_term_string\"}}],\"inLanguage\":\"es\"},{\"@type\":\"Organization\",\"@id\":\"https:\/\/www.bonvent.cat\/es\/#organization\",\"name\":\"Bon Vent\",\"url\":\"https:\/\/www.bonvent.cat\/es\/\",\"logo\":{\"@type\":\"ImageObject\",\"inLanguage\":\"es\",\"@id\":\"https:\/\/www.bonvent.cat\/es\/#\/schema\/logo\/image\/\",\"url\":\"https:\/\/www.bonvent.cat\/wp-content\/uploads\/2021\/11\/logoh.png\",\"contentUrl\":\"https:\/\/www.bonvent.cat\/wp-content\/uploads\/2021\/11\/logoh.png\",\"width\":640,\"height\":121,\"caption\":\"Bon Vent\"},\"image\":{\"@id\":\"https:\/\/www.bonvent.cat\/es\/#\/schema\/logo\/image\/\"},\"sameAs\":[\"https:\/\/www.facebook.com\/bonventbcn?ref=hl\",\"https:\/\/www.instagram.com\/bon_ventbarcelona\/\",\"https:\/\/es.pinterest.com\/BONVENTmed\/\"]}]}<\/script>\n<!-- \/ Yoast SEO plugin. -->","yoast_head_json":{"title":"Leche corporal de rosa de Damasco Najel - Hidrata y nutre - Bon Vent","description":"La leche corporal perfumada con Rosa de Damasco de Najel tiene como indredients principales la manteca de Karit\u00e9 y el aceite de almendra dulce.","robots":{"index":"index","follow":"follow","max-snippet":"max-snippet:-1","max-image-preview":"max-image-preview:large","max-video-preview":"max-video-preview:-1"},"canonical":"https:\/\/www.bonvent.cat\/es\/product\/leche-corporal-de-rosa-de-damasco-najel\/","og_locale":"es_ES","og_type":"article","og_title":"Leche corporal de rosa de Damasco Najel - Hidrata y nutre - Bon Vent","og_description":"La leche corporal perfumada con Rosa de Damasco de Najel tiene como indredients principales la manteca de Karit\u00e9 y el aceite de almendra dulce.","og_url":"https:\/\/www.bonvent.cat\/es\/product\/leche-corporal-de-rosa-de-damasco-najel\/","og_site_name":"Bon Vent","article_publisher":"https:\/\/www.facebook.com\/bonventbcn?ref=hl","og_image":[{"width":510,"height":652,"url":"https:\/\/www.bonvent.cat\/wp-content\/uploads\/2020\/11\/llet-corporal-de-rosa-de-damasc.jpg","type":"image\/jpeg"}],"twitter_misc":{"Tiempo de lectura":"2 minutos"},"schema":{"@context":"https:\/\/schema.org","@graph":[{"@type":"WebPage","@id":"https:\/\/www.bonvent.cat\/es\/product\/leche-corporal-de-rosa-de-damasco-najel\/","url":"https:\/\/www.bonvent.cat\/es\/product\/leche-corporal-de-rosa-de-damasco-najel\/","name":"Leche corporal de rosa de Damasco Najel - Hidrata y nutre - Bon Vent","isPartOf":{"@id":"https:\/\/www.bonvent.cat\/es\/#website"},"primaryImageOfPage":{"@id":"https:\/\/www.bonvent.cat\/es\/product\/leche-corporal-de-rosa-de-damasco-najel\/#primaryimage"},"image":{"@id":"https:\/\/www.bonvent.cat\/es\/product\/leche-corporal-de-rosa-de-damasco-najel\/#primaryimage"},"thumbnailUrl":"https:\/\/www.bonvent.cat\/wp-content\/uploads\/2020\/11\/llet-corporal-de-rosa-de-damasc.jpg","datePublished":"2020-08-10T18:32:41+00:00","description":"La leche corporal perfumada con Rosa de Damasco de Najel tiene como indredients principales la manteca de Karit\u00e9 y el aceite de almendra dulce.","breadcrumb":{"@id":"https:\/\/www.bonvent.cat\/es\/product\/leche-corporal-de-rosa-de-damasco-najel\/#breadcrumb"},"inLanguage":"es","potentialAction":[{"@type":"ReadAction","target":["https:\/\/www.bonvent.cat\/es\/product\/leche-corporal-de-rosa-de-damasco-najel\/"]}]},{"@type":"ImageObject","inLanguage":"es","@id":"https:\/\/www.bonvent.cat\/es\/product\/leche-corporal-de-rosa-de-damasco-najel\/#primaryimage","url":"https:\/\/www.bonvent.cat\/wp-content\/uploads\/2020\/11\/llet-corporal-de-rosa-de-damasc.jpg","contentUrl":"https:\/\/www.bonvent.cat\/wp-content\/uploads\/2020\/11\/llet-corporal-de-rosa-de-damasc.jpg","width":510,"height":652,"caption":"llet corporal perfumada rosa de damasc amb mantega de Karit\u00e9 i oli d'ametlla dol\u00e7a"},{"@type":"BreadcrumbList","@id":"https:\/\/www.bonvent.cat\/es\/product\/leche-corporal-de-rosa-de-damasco-najel\/#breadcrumb","itemListElement":[{"@type":"ListItem","position":1,"name":"Inici","item":"https:\/\/www.bonvent.cat\/es\/"},{"@type":"ListItem","position":2,"name":"Botiga","item":"https:\/\/www.bonvent.cat\/?page_id=1953091"},{"@type":"ListItem","position":3,"name":"Leche corporal de rosa de Damasco Najel"}]},{"@type":"WebSite","@id":"https:\/\/www.bonvent.cat\/es\/#website","url":"https:\/\/www.bonvent.cat\/es\/","name":"Bon Vent","description":"Botiga d\u2019inspiraci\u00f3 mediterr\u00e0nia","publisher":{"@id":"https:\/\/www.bonvent.cat\/es\/#organization"},"potentialAction":[{"@type":"SearchAction","target":{"@type":"EntryPoint","urlTemplate":"https:\/\/www.bonvent.cat\/es\/?s={search_term_string}"},"query-input":{"@type":"PropertyValueSpecification","valueRequired":true,"valueName":"search_term_string"}}],"inLanguage":"es"},{"@type":"Organization","@id":"https:\/\/www.bonvent.cat\/es\/#organization","name":"Bon Vent","url":"https:\/\/www.bonvent.cat\/es\/","logo":{"@type":"ImageObject","inLanguage":"es","@id":"https:\/\/www.bonvent.cat\/es\/#\/schema\/logo\/image\/","url":"https:\/\/www.bonvent.cat\/wp-content\/uploads\/2021\/11\/logoh.png","contentUrl":"https:\/\/www.bonvent.cat\/wp-content\/uploads\/2021\/11\/logoh.png","width":640,"height":121,"caption":"Bon Vent"},"image":{"@id":"https:\/\/www.bonvent.cat\/es\/#\/schema\/logo\/image\/"},"sameAs":["https:\/\/www.facebook.com\/bonventbcn?ref=hl","https:\/\/www.instagram.com\/bon_ventbarcelona\/","https:\/\/es.pinterest.com\/BONVENTmed\/"]}]}},"_links":{"self":[{"href":"https:\/\/www.bonvent.cat\/es\/wp-json\/wp\/v2\/product\/14612","targetHints":{"allow":["GET"]}}],"collection":[{"href":"https:\/\/www.bonvent.cat\/es\/wp-json\/wp\/v2\/product"}],"about":[{"href":"https:\/\/www.bonvent.cat\/es\/wp-json\/wp\/v2\/types\/product"}],"replies":[{"embeddable":true,"href":"https:\/\/www.bonvent.cat\/es\/wp-json\/wp\/v2\/comments?post=14612"}],"version-history":[{"count":0,"href":"https:\/\/www.bonvent.cat\/es\/wp-json\/wp\/v2\/product\/14612\/revisions"}],"wp:featuredmedia":[{"embeddable":true,"href":"https:\/\/www.bonvent.cat\/es\/wp-json\/wp\/v2\/media\/13153"}],"wp:attachment":[{"href":"https:\/\/www.bonvent.cat\/es\/wp-json\/wp\/v2\/media?parent=14612"}],"wp:term":[{"taxonomy":"product_brand","embeddable":true,"href":"https:\/\/www.bonvent.cat\/es\/wp-json\/wp\/v2\/product_brand?post=14612"},{"taxonomy":"product_cat","embeddable":true,"href":"https:\/\/www.bonvent.cat\/es\/wp-json\/wp\/v2\/product_cat?post=14612"},{"taxonomy":"product_tag","embeddable":true,"href":"https:\/\/www.bonvent.cat\/es\/wp-json\/wp\/v2\/product_tag?post=14612"}],"curies":[{"name":"wp","href":"https:\/\/api.w.org\/{rel}","templated":true}]}}