{"id":14613,"date":"2020-08-01T16:07:00","date_gmt":"2020-08-01T14:07:00","guid":{"rendered":"https:\/\/www.bonvent.cat\/product\/almendro-ilustracion-decorativa-enmarcada-en-madera-de-roble\/"},"modified":"2020-08-01T16:07:00","modified_gmt":"2020-08-01T14:07:00","slug":"almendro-ilustracion-decorativa-enmarcada-en-madera-de-roble","status":"publish","type":"product","link":"https:\/\/www.bonvent.cat\/es\/product\/almendro-ilustracion-decorativa-enmarcada-en-madera-de-roble\/","title":{"rendered":"Almendro. Ilustraci\u00f3n decorativa enmarcada en madera de roble."},"content":{"rendered":"<h2>Almendro. Ilustraci\u00f3n decorativa enmarcada en madera de roble.<\/h2>\n<p>Los Naturalistas son los cient\u00edficos y descubridores de especies que, ya desde el Renacimiento, establecieron las bases de nuevas ciencias como la bot\u00e1nica. Ten\u00edan como objetivo el estudio de la naturaleza y el registro de especies del planeta. Esta ilustraci\u00f3n decorativa con el dibujo del almendro describe la fisonom\u00eda de una especie que nos es muy familiar<\/p>\n<p>Los estudios naturalistas utilizan la ilustraci\u00f3n y los dibujos en su registro e investigaci\u00f3n del mundo f\u00edsico. Estas ilustraciones son realizadas principalmente con l\u00e1piz y con un estilo \u00abarquitect\u00f3nico\u00bb que copia la realidad que se ve. Un sistema anal\u00edtico y de reproducci\u00f3n del detalle es el que se utiliza para recopilar la informaci\u00f3n de las diversas especies y de toda la biodiversidad que plasman en sus dibujos.<\/p>\n<p>Tem\u00e1ticamente son representaciones de la vida, los seres vivos, las especies, sus caracter\u00edsticas f\u00edsicas particulares, el mundo natural en definitiva, y la biodiversidad del planeta.<\/p>\n<p>El estilo naturalista tiene unas formas amables, suaves y serenas derivadas seguramente de la lentitud con que se realizan.<br \/>\nLos colores que aportan los naturalistas dotan de serenidad a los dibujos y a\u00f1aden belleza a las composiciones.<\/p>\n<p>El almendro es uno de los motivos que hemos seleccionado en Bon Vent para proponeros como elemento decorativo para las paredes de tu casa.<\/p>\n<p>Es una de las especies que representa mejor los paisajes del Mediterr\u00e1neo dado que est\u00e1 presente en los cultivos de toda la cuenca mediterr\u00e1nea.<\/p>\n<p>Su h\u00e1bitat son las regiones c\u00e1lidas y secas de clima templado. Las variedades silvestres habitan en terrenos pedregosos, matorrales y formaciones del litoral, mientras que las variedades de cultivo se plantan en grandes extensiones y tambi\u00e9n podemos encontrar ejemplares en parques y jardines.<\/p>\n<p>Los motivos naturales son uno de los mejores recursos para generar ambientes habitables. La naturaleza es nuestro refugio y motivo de inspiraci\u00f3n. Rodearnos de plantas y referencias al mundo natural provoca efectos beneficiosos en nuestra mente y en nuestro cuerpo.<\/p>\n<p>Las Ilustraciones enmarcadas en madera de roble pueden ser el elemento clave que d\u00e9 calidez y personalidad a cualquier pared.<\/p>\n","protected":false},"excerpt":{"rendered":"<p>Esta ilustraci\u00f3n forma parte de una serie de dibujos naturalistas recuperados de antiguas publicaciones de ciencias naturales de finales del s. XIX. Han sido recuperadas y digitalizadas para obtener la m\u00e1xima calidad.<\/p>\n<p>El marco es de madera de roble en tono natural, de estilo sencillo para acompa\u00f1ar los dibujos de una manera neutra y elegante. Resultan muy f\u00e1ciles de ubicar en cualquier ambiente.<\/p>\n<p>Puedes hacer composiciones entre ellos para decorar una pared de la sala, trazar el recorrido de un pasillo, dar un toque a la cocina o vestir el cabezal de la cama.<\/p>\n<p>Tama\u00f1o: 30 x 40 cm.<\/p>\n","protected":false},"featured_media":14432,"comment_status":"closed","ping_status":"closed","template":"","meta":[],"product_brand":[],"product_cat":[1156],"product_tag":[418,1276,1277,1278],"class_list":{"0":"post-14613","1":"product","2":"type-product","3":"status-publish","4":"has-post-thumbnail","6":"product_cat-arte-objetos","7":"product_tag-decoracio-es","8":"product_tag-decoracion-pared","9":"product_tag-ilustracion","10":"product_tag-marco-de-madera","12":"first","13":"instock","14":"taxable","15":"shipping-taxable","16":"purchasable","17":"product-type-variable"},"yoast_head":"<!-- This site is optimized with the Yoast SEO plugin v25.3.1 - https:\/\/yoast.com\/wordpress\/plugins\/seo\/ -->\n<title>Almendro. Ilustraci\u00f3n decorativa enmarcada en madera de roble.<\/title>\n<meta name=\"description\" content=\"Almendro. Ilustraci\u00f3n decorativa enmarcada en madera de roble para adornar las paredes de tu casa. Dibujos al natural de finales del s. XIX.\" \/>\n<meta name=\"robots\" content=\"index, follow, max-snippet:-1, max-image-preview:large, max-video-preview:-1\" \/>\n<link rel=\"canonical\" href=\"https:\/\/www.bonvent.cat\/es\/product\/almendro-ilustracion-decorativa-enmarcada-en-madera-de-roble\/\" \/>\n<meta property=\"og:locale\" content=\"es_ES\" \/>\n<meta property=\"og:type\" content=\"article\" \/>\n<meta property=\"og:title\" content=\"Almendro. Ilustraci\u00f3n decorativa enmarcada en madera de roble.\" \/>\n<meta property=\"og:description\" content=\"Almendro. Ilustraci\u00f3n decorativa enmarcada en madera de roble para adornar las paredes de tu casa. Dibujos al natural de finales del s. XIX.\" \/>\n<meta property=\"og:url\" content=\"https:\/\/www.bonvent.cat\/es\/product\/almendro-ilustracion-decorativa-enmarcada-en-madera-de-roble\/\" \/>\n<meta property=\"og:site_name\" content=\"Bon Vent\" \/>\n<meta property=\"article:publisher\" content=\"https:\/\/www.facebook.com\/bonventbcn?ref=hl\" \/>\n<meta property=\"og:image\" content=\"https:\/\/www.bonvent.cat\/wp-content\/uploads\/2020\/12\/AMETLLER.jpg\" \/>\n\t<meta property=\"og:image:width\" content=\"510\" \/>\n\t<meta property=\"og:image:height\" content=\"652\" \/>\n\t<meta property=\"og:image:type\" content=\"image\/jpeg\" \/>\n<meta name=\"twitter:label1\" content=\"Tiempo de lectura\" \/>\n\t<meta name=\"twitter:data1\" content=\"2 minutos\" \/>\n<script type=\"application\/ld+json\" class=\"yoast-schema-graph\">{\"@context\":\"https:\/\/schema.org\",\"@graph\":[{\"@type\":\"WebPage\",\"@id\":\"https:\/\/www.bonvent.cat\/es\/product\/almendro-ilustracion-decorativa-enmarcada-en-madera-de-roble\/\",\"url\":\"https:\/\/www.bonvent.cat\/es\/product\/almendro-ilustracion-decorativa-enmarcada-en-madera-de-roble\/\",\"name\":\"Almendro. Ilustraci\u00f3n decorativa enmarcada en madera de roble.\",\"isPartOf\":{\"@id\":\"https:\/\/www.bonvent.cat\/es\/#website\"},\"primaryImageOfPage\":{\"@id\":\"https:\/\/www.bonvent.cat\/es\/product\/almendro-ilustracion-decorativa-enmarcada-en-madera-de-roble\/#primaryimage\"},\"image\":{\"@id\":\"https:\/\/www.bonvent.cat\/es\/product\/almendro-ilustracion-decorativa-enmarcada-en-madera-de-roble\/#primaryimage\"},\"thumbnailUrl\":\"https:\/\/www.bonvent.cat\/wp-content\/uploads\/2020\/12\/AMETLLER.jpg\",\"datePublished\":\"2020-08-01T14:07:00+00:00\",\"description\":\"Almendro. Ilustraci\u00f3n decorativa enmarcada en madera de roble para adornar las paredes de tu casa. Dibujos al natural de finales del s. XIX.\",\"breadcrumb\":{\"@id\":\"https:\/\/www.bonvent.cat\/es\/product\/almendro-ilustracion-decorativa-enmarcada-en-madera-de-roble\/#breadcrumb\"},\"inLanguage\":\"es\",\"potentialAction\":[{\"@type\":\"ReadAction\",\"target\":[\"https:\/\/www.bonvent.cat\/es\/product\/almendro-ilustracion-decorativa-enmarcada-en-madera-de-roble\/\"]}]},{\"@type\":\"ImageObject\",\"inLanguage\":\"es\",\"@id\":\"https:\/\/www.bonvent.cat\/es\/product\/almendro-ilustracion-decorativa-enmarcada-en-madera-de-roble\/#primaryimage\",\"url\":\"https:\/\/www.bonvent.cat\/wp-content\/uploads\/2020\/12\/AMETLLER.jpg\",\"contentUrl\":\"https:\/\/www.bonvent.cat\/wp-content\/uploads\/2020\/12\/AMETLLER.jpg\",\"width\":510,\"height\":652,\"caption\":\"Almendro. Ilustraci\u00f3n decorativa enmarcada en madera de roble.\"},{\"@type\":\"BreadcrumbList\",\"@id\":\"https:\/\/www.bonvent.cat\/es\/product\/almendro-ilustracion-decorativa-enmarcada-en-madera-de-roble\/#breadcrumb\",\"itemListElement\":[{\"@type\":\"ListItem\",\"position\":1,\"name\":\"Inici\",\"item\":\"https:\/\/www.bonvent.cat\/es\/\"},{\"@type\":\"ListItem\",\"position\":2,\"name\":\"Botiga\",\"item\":\"https:\/\/www.bonvent.cat\/?page_id=1953091\"},{\"@type\":\"ListItem\",\"position\":3,\"name\":\"Almendro. Ilustraci\u00f3n decorativa enmarcada en madera de roble.\"}]},{\"@type\":\"WebSite\",\"@id\":\"https:\/\/www.bonvent.cat\/es\/#website\",\"url\":\"https:\/\/www.bonvent.cat\/es\/\",\"name\":\"Bon Vent\",\"description\":\"Botiga d\u2019inspiraci\u00f3 mediterr\u00e0nia\",\"publisher\":{\"@id\":\"https:\/\/www.bonvent.cat\/es\/#organization\"},\"potentialAction\":[{\"@type\":\"SearchAction\",\"target\":{\"@type\":\"EntryPoint\",\"urlTemplate\":\"https:\/\/www.bonvent.cat\/es\/?s={search_term_string}\"},\"query-input\":{\"@type\":\"PropertyValueSpecification\",\"valueRequired\":true,\"valueName\":\"search_term_string\"}}],\"inLanguage\":\"es\"},{\"@type\":\"Organization\",\"@id\":\"https:\/\/www.bonvent.cat\/es\/#organization\",\"name\":\"Bon Vent\",\"url\":\"https:\/\/www.bonvent.cat\/es\/\",\"logo\":{\"@type\":\"ImageObject\",\"inLanguage\":\"es\",\"@id\":\"https:\/\/www.bonvent.cat\/es\/#\/schema\/logo\/image\/\",\"url\":\"https:\/\/www.bonvent.cat\/wp-content\/uploads\/2021\/11\/logoh.png\",\"contentUrl\":\"https:\/\/www.bonvent.cat\/wp-content\/uploads\/2021\/11\/logoh.png\",\"width\":640,\"height\":121,\"caption\":\"Bon Vent\"},\"image\":{\"@id\":\"https:\/\/www.bonvent.cat\/es\/#\/schema\/logo\/image\/\"},\"sameAs\":[\"https:\/\/www.facebook.com\/bonventbcn?ref=hl\",\"https:\/\/www.instagram.com\/bon_ventbarcelona\/\",\"https:\/\/es.pinterest.com\/BONVENTmed\/\"]}]}<\/script>\n<!-- \/ Yoast SEO plugin. -->","yoast_head_json":{"title":"Almendro. Ilustraci\u00f3n decorativa enmarcada en madera de roble.","description":"Almendro. Ilustraci\u00f3n decorativa enmarcada en madera de roble para adornar las paredes de tu casa. Dibujos al natural de finales del s. XIX.","robots":{"index":"index","follow":"follow","max-snippet":"max-snippet:-1","max-image-preview":"max-image-preview:large","max-video-preview":"max-video-preview:-1"},"canonical":"https:\/\/www.bonvent.cat\/es\/product\/almendro-ilustracion-decorativa-enmarcada-en-madera-de-roble\/","og_locale":"es_ES","og_type":"article","og_title":"Almendro. Ilustraci\u00f3n decorativa enmarcada en madera de roble.","og_description":"Almendro. Ilustraci\u00f3n decorativa enmarcada en madera de roble para adornar las paredes de tu casa. Dibujos al natural de finales del s. XIX.","og_url":"https:\/\/www.bonvent.cat\/es\/product\/almendro-ilustracion-decorativa-enmarcada-en-madera-de-roble\/","og_site_name":"Bon Vent","article_publisher":"https:\/\/www.facebook.com\/bonventbcn?ref=hl","og_image":[{"width":510,"height":652,"url":"https:\/\/www.bonvent.cat\/wp-content\/uploads\/2020\/12\/AMETLLER.jpg","type":"image\/jpeg"}],"twitter_misc":{"Tiempo de lectura":"2 minutos"},"schema":{"@context":"https:\/\/schema.org","@graph":[{"@type":"WebPage","@id":"https:\/\/www.bonvent.cat\/es\/product\/almendro-ilustracion-decorativa-enmarcada-en-madera-de-roble\/","url":"https:\/\/www.bonvent.cat\/es\/product\/almendro-ilustracion-decorativa-enmarcada-en-madera-de-roble\/","name":"Almendro. Ilustraci\u00f3n decorativa enmarcada en madera de roble.","isPartOf":{"@id":"https:\/\/www.bonvent.cat\/es\/#website"},"primaryImageOfPage":{"@id":"https:\/\/www.bonvent.cat\/es\/product\/almendro-ilustracion-decorativa-enmarcada-en-madera-de-roble\/#primaryimage"},"image":{"@id":"https:\/\/www.bonvent.cat\/es\/product\/almendro-ilustracion-decorativa-enmarcada-en-madera-de-roble\/#primaryimage"},"thumbnailUrl":"https:\/\/www.bonvent.cat\/wp-content\/uploads\/2020\/12\/AMETLLER.jpg","datePublished":"2020-08-01T14:07:00+00:00","description":"Almendro. Ilustraci\u00f3n decorativa enmarcada en madera de roble para adornar las paredes de tu casa. Dibujos al natural de finales del s. XIX.","breadcrumb":{"@id":"https:\/\/www.bonvent.cat\/es\/product\/almendro-ilustracion-decorativa-enmarcada-en-madera-de-roble\/#breadcrumb"},"inLanguage":"es","potentialAction":[{"@type":"ReadAction","target":["https:\/\/www.bonvent.cat\/es\/product\/almendro-ilustracion-decorativa-enmarcada-en-madera-de-roble\/"]}]},{"@type":"ImageObject","inLanguage":"es","@id":"https:\/\/www.bonvent.cat\/es\/product\/almendro-ilustracion-decorativa-enmarcada-en-madera-de-roble\/#primaryimage","url":"https:\/\/www.bonvent.cat\/wp-content\/uploads\/2020\/12\/AMETLLER.jpg","contentUrl":"https:\/\/www.bonvent.cat\/wp-content\/uploads\/2020\/12\/AMETLLER.jpg","width":510,"height":652,"caption":"Almendro. Ilustraci\u00f3n decorativa enmarcada en madera de roble."},{"@type":"BreadcrumbList","@id":"https:\/\/www.bonvent.cat\/es\/product\/almendro-ilustracion-decorativa-enmarcada-en-madera-de-roble\/#breadcrumb","itemListElement":[{"@type":"ListItem","position":1,"name":"Inici","item":"https:\/\/www.bonvent.cat\/es\/"},{"@type":"ListItem","position":2,"name":"Botiga","item":"https:\/\/www.bonvent.cat\/?page_id=1953091"},{"@type":"ListItem","position":3,"name":"Almendro. Ilustraci\u00f3n decorativa enmarcada en madera de roble."}]},{"@type":"WebSite","@id":"https:\/\/www.bonvent.cat\/es\/#website","url":"https:\/\/www.bonvent.cat\/es\/","name":"Bon Vent","description":"Botiga d\u2019inspiraci\u00f3 mediterr\u00e0nia","publisher":{"@id":"https:\/\/www.bonvent.cat\/es\/#organization"},"potentialAction":[{"@type":"SearchAction","target":{"@type":"EntryPoint","urlTemplate":"https:\/\/www.bonvent.cat\/es\/?s={search_term_string}"},"query-input":{"@type":"PropertyValueSpecification","valueRequired":true,"valueName":"search_term_string"}}],"inLanguage":"es"},{"@type":"Organization","@id":"https:\/\/www.bonvent.cat\/es\/#organization","name":"Bon Vent","url":"https:\/\/www.bonvent.cat\/es\/","logo":{"@type":"ImageObject","inLanguage":"es","@id":"https:\/\/www.bonvent.cat\/es\/#\/schema\/logo\/image\/","url":"https:\/\/www.bonvent.cat\/wp-content\/uploads\/2021\/11\/logoh.png","contentUrl":"https:\/\/www.bonvent.cat\/wp-content\/uploads\/2021\/11\/logoh.png","width":640,"height":121,"caption":"Bon Vent"},"image":{"@id":"https:\/\/www.bonvent.cat\/es\/#\/schema\/logo\/image\/"},"sameAs":["https:\/\/www.facebook.com\/bonventbcn?ref=hl","https:\/\/www.instagram.com\/bon_ventbarcelona\/","https:\/\/es.pinterest.com\/BONVENTmed\/"]}]}},"_links":{"self":[{"href":"https:\/\/www.bonvent.cat\/es\/wp-json\/wp\/v2\/product\/14613","targetHints":{"allow":["GET"]}}],"collection":[{"href":"https:\/\/www.bonvent.cat\/es\/wp-json\/wp\/v2\/product"}],"about":[{"href":"https:\/\/www.bonvent.cat\/es\/wp-json\/wp\/v2\/types\/product"}],"replies":[{"embeddable":true,"href":"https:\/\/www.bonvent.cat\/es\/wp-json\/wp\/v2\/comments?post=14613"}],"version-history":[{"count":0,"href":"https:\/\/www.bonvent.cat\/es\/wp-json\/wp\/v2\/product\/14613\/revisions"}],"wp:featuredmedia":[{"embeddable":true,"href":"https:\/\/www.bonvent.cat\/es\/wp-json\/wp\/v2\/media\/14432"}],"wp:attachment":[{"href":"https:\/\/www.bonvent.cat\/es\/wp-json\/wp\/v2\/media?parent=14613"}],"wp:term":[{"taxonomy":"product_brand","embeddable":true,"href":"https:\/\/www.bonvent.cat\/es\/wp-json\/wp\/v2\/product_brand?post=14613"},{"taxonomy":"product_cat","embeddable":true,"href":"https:\/\/www.bonvent.cat\/es\/wp-json\/wp\/v2\/product_cat?post=14613"},{"taxonomy":"product_tag","embeddable":true,"href":"https:\/\/www.bonvent.cat\/es\/wp-json\/wp\/v2\/product_tag?post=14613"}],"curies":[{"name":"wp","href":"https:\/\/api.w.org\/{rel}","templated":true}]}}