{"id":14622,"date":"2020-12-13T05:50:47","date_gmt":"2020-12-13T04:50:47","guid":{"rendered":"https:\/\/www.bonvent.cat\/product\/the-exvotos-cabeza-recipiente-de-ceramica\/"},"modified":"2020-12-13T05:50:47","modified_gmt":"2020-12-13T04:50:47","slug":"the-exvotos-cabeza-recipiente-de-ceramica","status":"publish","type":"product","link":"https:\/\/www.bonvent.cat\/es\/product\/the-exvotos-cabeza-recipiente-de-ceramica\/","title":{"rendered":"\u00abThe Exvotos\u00bb. Cabeza recipiente de cer\u00e1mica"},"content":{"rendered":"","protected":false},"excerpt":{"rendered":"","protected":false},"featured_media":14072,"comment_status":"closed","ping_status":"closed","template":"","meta":[],"product_brand":[],"product_cat":[1156],"product_tag":[1112,542,1036,1032,418,405,1274,1273],"class_list":{"0":"post-14622","1":"product","2":"type-product","3":"status-publish","4":"has-post-thumbnail","6":"product_cat-arte-objetos","7":"product_tag-arte","8":"product_tag-artesanal-es","9":"product_tag-belleza-mediterranea-es-2","10":"product_tag-cultura-mediterranea-es-2","11":"product_tag-decoracio-es","12":"product_tag-hecho-a-mano","13":"product_tag-pieza-unica","14":"product_tag-the-exvotos-es","16":"first","17":"outofstock","18":"sold-individually","19":"taxable","20":"shipping-taxable","21":"purchasable","22":"product-type-variable"},"yoast_head":"<!-- This site is optimized with the Yoast SEO plugin v25.3.1 - https:\/\/yoast.com\/wordpress\/plugins\/seo\/ -->\n<title>&quot;The Exvotos&quot;. Cabeza recipiente de cer\u00e1mica<\/title>\n<meta name=\"description\" content=\"Cabeza recipiente de cer\u00e1mica de The Exvotos es una pieza de artista \u00fanica elaborada de forma artesanal en Sevilla siguiendo t\u00e9cnicas tradicionales.\" \/>\n<meta name=\"robots\" content=\"index, follow, max-snippet:-1, max-image-preview:large, max-video-preview:-1\" \/>\n<link rel=\"canonical\" href=\"https:\/\/www.bonvent.cat\/es\/product\/the-exvotos-cabeza-recipiente-de-ceramica\/\" \/>\n<meta property=\"og:locale\" content=\"es_ES\" \/>\n<meta property=\"og:type\" content=\"article\" \/>\n<meta property=\"og:title\" content=\"&quot;The Exvotos&quot;. Cabeza recipiente de cer\u00e1mica\" \/>\n<meta property=\"og:description\" content=\"Cabeza recipiente de cer\u00e1mica de The Exvotos es una pieza de artista \u00fanica elaborada de forma artesanal en Sevilla siguiendo t\u00e9cnicas tradicionales.\" \/>\n<meta property=\"og:url\" content=\"https:\/\/www.bonvent.cat\/es\/product\/the-exvotos-cabeza-recipiente-de-ceramica\/\" \/>\n<meta property=\"og:site_name\" content=\"Bon Vent\" \/>\n<meta property=\"article:publisher\" content=\"https:\/\/www.facebook.com\/bonventbcn?ref=hl\" \/>\n<meta property=\"og:image\" content=\"https:\/\/www.bonvent.cat\/wp-content\/uploads\/2020\/11\/consol-bodeg\u00f3.jpg\" \/>\n\t<meta property=\"og:image:width\" content=\"510\" \/>\n\t<meta property=\"og:image:height\" content=\"652\" \/>\n\t<meta property=\"og:image:type\" content=\"image\/jpeg\" \/>\n<script type=\"application\/ld+json\" class=\"yoast-schema-graph\">{\"@context\":\"https:\/\/schema.org\",\"@graph\":[{\"@type\":\"WebPage\",\"@id\":\"https:\/\/www.bonvent.cat\/es\/product\/the-exvotos-cabeza-recipiente-de-ceramica\/\",\"url\":\"https:\/\/www.bonvent.cat\/es\/product\/the-exvotos-cabeza-recipiente-de-ceramica\/\",\"name\":\"\\\"The Exvotos\\\". Cabeza recipiente de cer\u00e1mica\",\"isPartOf\":{\"@id\":\"https:\/\/www.bonvent.cat\/es\/#website\"},\"primaryImageOfPage\":{\"@id\":\"https:\/\/www.bonvent.cat\/es\/product\/the-exvotos-cabeza-recipiente-de-ceramica\/#primaryimage\"},\"image\":{\"@id\":\"https:\/\/www.bonvent.cat\/es\/product\/the-exvotos-cabeza-recipiente-de-ceramica\/#primaryimage\"},\"thumbnailUrl\":\"https:\/\/www.bonvent.cat\/wp-content\/uploads\/2020\/11\/consol-bodeg\u00f3.jpg\",\"datePublished\":\"2020-12-13T04:50:47+00:00\",\"description\":\"Cabeza recipiente de cer\u00e1mica de The Exvotos es una pieza de artista \u00fanica elaborada de forma artesanal en Sevilla siguiendo t\u00e9cnicas tradicionales.\",\"breadcrumb\":{\"@id\":\"https:\/\/www.bonvent.cat\/es\/product\/the-exvotos-cabeza-recipiente-de-ceramica\/#breadcrumb\"},\"inLanguage\":\"es\",\"potentialAction\":[{\"@type\":\"ReadAction\",\"target\":[\"https:\/\/www.bonvent.cat\/es\/product\/the-exvotos-cabeza-recipiente-de-ceramica\/\"]}]},{\"@type\":\"ImageObject\",\"inLanguage\":\"es\",\"@id\":\"https:\/\/www.bonvent.cat\/es\/product\/the-exvotos-cabeza-recipiente-de-ceramica\/#primaryimage\",\"url\":\"https:\/\/www.bonvent.cat\/wp-content\/uploads\/2020\/11\/consol-bodeg\u00f3.jpg\",\"contentUrl\":\"https:\/\/www.bonvent.cat\/wp-content\/uploads\/2020\/11\/consol-bodeg\u00f3.jpg\",\"width\":510,\"height\":652,\"caption\":\"\\\"The Exvotos\\\". Cabeza recipiente de cer\u00e1mica\"},{\"@type\":\"BreadcrumbList\",\"@id\":\"https:\/\/www.bonvent.cat\/es\/product\/the-exvotos-cabeza-recipiente-de-ceramica\/#breadcrumb\",\"itemListElement\":[{\"@type\":\"ListItem\",\"position\":1,\"name\":\"Inici\",\"item\":\"https:\/\/www.bonvent.cat\/es\/\"},{\"@type\":\"ListItem\",\"position\":2,\"name\":\"Botiga\",\"item\":\"https:\/\/www.bonvent.cat\/?page_id=1953091\"},{\"@type\":\"ListItem\",\"position\":3,\"name\":\"\u00abThe Exvotos\u00bb. Cabeza recipiente de cer\u00e1mica\"}]},{\"@type\":\"WebSite\",\"@id\":\"https:\/\/www.bonvent.cat\/es\/#website\",\"url\":\"https:\/\/www.bonvent.cat\/es\/\",\"name\":\"Bon Vent\",\"description\":\"Botiga d\u2019inspiraci\u00f3 mediterr\u00e0nia\",\"publisher\":{\"@id\":\"https:\/\/www.bonvent.cat\/es\/#organization\"},\"potentialAction\":[{\"@type\":\"SearchAction\",\"target\":{\"@type\":\"EntryPoint\",\"urlTemplate\":\"https:\/\/www.bonvent.cat\/es\/?s={search_term_string}\"},\"query-input\":{\"@type\":\"PropertyValueSpecification\",\"valueRequired\":true,\"valueName\":\"search_term_string\"}}],\"inLanguage\":\"es\"},{\"@type\":\"Organization\",\"@id\":\"https:\/\/www.bonvent.cat\/es\/#organization\",\"name\":\"Bon Vent\",\"url\":\"https:\/\/www.bonvent.cat\/es\/\",\"logo\":{\"@type\":\"ImageObject\",\"inLanguage\":\"es\",\"@id\":\"https:\/\/www.bonvent.cat\/es\/#\/schema\/logo\/image\/\",\"url\":\"https:\/\/www.bonvent.cat\/wp-content\/uploads\/2021\/11\/logoh.png\",\"contentUrl\":\"https:\/\/www.bonvent.cat\/wp-content\/uploads\/2021\/11\/logoh.png\",\"width\":640,\"height\":121,\"caption\":\"Bon Vent\"},\"image\":{\"@id\":\"https:\/\/www.bonvent.cat\/es\/#\/schema\/logo\/image\/\"},\"sameAs\":[\"https:\/\/www.facebook.com\/bonventbcn?ref=hl\",\"https:\/\/www.instagram.com\/bon_ventbarcelona\/\",\"https:\/\/es.pinterest.com\/BONVENTmed\/\"]}]}<\/script>\n<!-- \/ Yoast SEO plugin. -->","yoast_head_json":{"title":"\"The Exvotos\". Cabeza recipiente de cer\u00e1mica","description":"Cabeza recipiente de cer\u00e1mica de The Exvotos es una pieza de artista \u00fanica elaborada de forma artesanal en Sevilla siguiendo t\u00e9cnicas tradicionales.","robots":{"index":"index","follow":"follow","max-snippet":"max-snippet:-1","max-image-preview":"max-image-preview:large","max-video-preview":"max-video-preview:-1"},"canonical":"https:\/\/www.bonvent.cat\/es\/product\/the-exvotos-cabeza-recipiente-de-ceramica\/","og_locale":"es_ES","og_type":"article","og_title":"\"The Exvotos\". Cabeza recipiente de cer\u00e1mica","og_description":"Cabeza recipiente de cer\u00e1mica de The Exvotos es una pieza de artista \u00fanica elaborada de forma artesanal en Sevilla siguiendo t\u00e9cnicas tradicionales.","og_url":"https:\/\/www.bonvent.cat\/es\/product\/the-exvotos-cabeza-recipiente-de-ceramica\/","og_site_name":"Bon Vent","article_publisher":"https:\/\/www.facebook.com\/bonventbcn?ref=hl","og_image":[{"width":510,"height":652,"url":"https:\/\/www.bonvent.cat\/wp-content\/uploads\/2020\/11\/consol-bodeg\u00f3.jpg","type":"image\/jpeg"}],"schema":{"@context":"https:\/\/schema.org","@graph":[{"@type":"WebPage","@id":"https:\/\/www.bonvent.cat\/es\/product\/the-exvotos-cabeza-recipiente-de-ceramica\/","url":"https:\/\/www.bonvent.cat\/es\/product\/the-exvotos-cabeza-recipiente-de-ceramica\/","name":"\"The Exvotos\". Cabeza recipiente de cer\u00e1mica","isPartOf":{"@id":"https:\/\/www.bonvent.cat\/es\/#website"},"primaryImageOfPage":{"@id":"https:\/\/www.bonvent.cat\/es\/product\/the-exvotos-cabeza-recipiente-de-ceramica\/#primaryimage"},"image":{"@id":"https:\/\/www.bonvent.cat\/es\/product\/the-exvotos-cabeza-recipiente-de-ceramica\/#primaryimage"},"thumbnailUrl":"https:\/\/www.bonvent.cat\/wp-content\/uploads\/2020\/11\/consol-bodeg\u00f3.jpg","datePublished":"2020-12-13T04:50:47+00:00","description":"Cabeza recipiente de cer\u00e1mica de The Exvotos es una pieza de artista \u00fanica elaborada de forma artesanal en Sevilla siguiendo t\u00e9cnicas tradicionales.","breadcrumb":{"@id":"https:\/\/www.bonvent.cat\/es\/product\/the-exvotos-cabeza-recipiente-de-ceramica\/#breadcrumb"},"inLanguage":"es","potentialAction":[{"@type":"ReadAction","target":["https:\/\/www.bonvent.cat\/es\/product\/the-exvotos-cabeza-recipiente-de-ceramica\/"]}]},{"@type":"ImageObject","inLanguage":"es","@id":"https:\/\/www.bonvent.cat\/es\/product\/the-exvotos-cabeza-recipiente-de-ceramica\/#primaryimage","url":"https:\/\/www.bonvent.cat\/wp-content\/uploads\/2020\/11\/consol-bodeg\u00f3.jpg","contentUrl":"https:\/\/www.bonvent.cat\/wp-content\/uploads\/2020\/11\/consol-bodeg\u00f3.jpg","width":510,"height":652,"caption":"\"The Exvotos\". Cabeza recipiente de cer\u00e1mica"},{"@type":"BreadcrumbList","@id":"https:\/\/www.bonvent.cat\/es\/product\/the-exvotos-cabeza-recipiente-de-ceramica\/#breadcrumb","itemListElement":[{"@type":"ListItem","position":1,"name":"Inici","item":"https:\/\/www.bonvent.cat\/es\/"},{"@type":"ListItem","position":2,"name":"Botiga","item":"https:\/\/www.bonvent.cat\/?page_id=1953091"},{"@type":"ListItem","position":3,"name":"\u00abThe Exvotos\u00bb. Cabeza recipiente de cer\u00e1mica"}]},{"@type":"WebSite","@id":"https:\/\/www.bonvent.cat\/es\/#website","url":"https:\/\/www.bonvent.cat\/es\/","name":"Bon Vent","description":"Botiga d\u2019inspiraci\u00f3 mediterr\u00e0nia","publisher":{"@id":"https:\/\/www.bonvent.cat\/es\/#organization"},"potentialAction":[{"@type":"SearchAction","target":{"@type":"EntryPoint","urlTemplate":"https:\/\/www.bonvent.cat\/es\/?s={search_term_string}"},"query-input":{"@type":"PropertyValueSpecification","valueRequired":true,"valueName":"search_term_string"}}],"inLanguage":"es"},{"@type":"Organization","@id":"https:\/\/www.bonvent.cat\/es\/#organization","name":"Bon Vent","url":"https:\/\/www.bonvent.cat\/es\/","logo":{"@type":"ImageObject","inLanguage":"es","@id":"https:\/\/www.bonvent.cat\/es\/#\/schema\/logo\/image\/","url":"https:\/\/www.bonvent.cat\/wp-content\/uploads\/2021\/11\/logoh.png","contentUrl":"https:\/\/www.bonvent.cat\/wp-content\/uploads\/2021\/11\/logoh.png","width":640,"height":121,"caption":"Bon Vent"},"image":{"@id":"https:\/\/www.bonvent.cat\/es\/#\/schema\/logo\/image\/"},"sameAs":["https:\/\/www.facebook.com\/bonventbcn?ref=hl","https:\/\/www.instagram.com\/bon_ventbarcelona\/","https:\/\/es.pinterest.com\/BONVENTmed\/"]}]}},"_links":{"self":[{"href":"https:\/\/www.bonvent.cat\/es\/wp-json\/wp\/v2\/product\/14622","targetHints":{"allow":["GET"]}}],"collection":[{"href":"https:\/\/www.bonvent.cat\/es\/wp-json\/wp\/v2\/product"}],"about":[{"href":"https:\/\/www.bonvent.cat\/es\/wp-json\/wp\/v2\/types\/product"}],"replies":[{"embeddable":true,"href":"https:\/\/www.bonvent.cat\/es\/wp-json\/wp\/v2\/comments?post=14622"}],"version-history":[{"count":0,"href":"https:\/\/www.bonvent.cat\/es\/wp-json\/wp\/v2\/product\/14622\/revisions"}],"wp:featuredmedia":[{"embeddable":true,"href":"https:\/\/www.bonvent.cat\/es\/wp-json\/wp\/v2\/media\/14072"}],"wp:attachment":[{"href":"https:\/\/www.bonvent.cat\/es\/wp-json\/wp\/v2\/media?parent=14622"}],"wp:term":[{"taxonomy":"product_brand","embeddable":true,"href":"https:\/\/www.bonvent.cat\/es\/wp-json\/wp\/v2\/product_brand?post=14622"},{"taxonomy":"product_cat","embeddable":true,"href":"https:\/\/www.bonvent.cat\/es\/wp-json\/wp\/v2\/product_cat?post=14622"},{"taxonomy":"product_tag","embeddable":true,"href":"https:\/\/www.bonvent.cat\/es\/wp-json\/wp\/v2\/product_tag?post=14622"}],"curies":[{"name":"wp","href":"https:\/\/api.w.org\/{rel}","templated":true}]}}