{"id":14627,"date":"2020-09-29T19:46:12","date_gmt":"2020-09-29T17:46:12","guid":{"rendered":"https:\/\/www.bonvent.cat\/product\/arcilla-verde-para-pieles-grasas\/"},"modified":"2020-09-29T19:46:12","modified_gmt":"2020-09-29T17:46:12","slug":"arcilla-verde-para-pieles-grasas","status":"publish","type":"product","link":"https:\/\/www.bonvent.cat\/es\/product\/arcilla-verde-para-pieles-grasas\/","title":{"rendered":"Arcilla verde para pieles grasas"},"content":{"rendered":"<p><strong>Propiedades:<\/strong><\/p>\n<p>Extra\u00eddo de una cantera en la Auvernia, cerca de <a href=\"https:\/\/www.google.com\/maps\/place\/43000+Lo+Pu%C3%A8i+de+Velai,+Fran%C3%A7a\/@45.0284087,2.7764931,8z\/data=!4m5!3m4!1s0x47f5fa4041a0c829:0x4093cafcbe7fa70!8m2!3d45.042768!4d3.882936\" target=\"_blank\" rel=\"noopener noreferrer\">Puy-en-Velay (Occitania)<\/a>, la arcilla verde para pieles grasas Najel est\u00e1 certificada Cosmos Naturel como 100% natural.<\/p>\n<p>La arcilla verde se utiliza habitualmente como base de m\u00e1scaras faciales y corporales, pero adem\u00e1s tambi\u00e9n la podemos utilizar para el nuestros cabellos. Es una arcilla joven y polivalente con sus propiedades remineralizantes, regeneradoras y revitalizador.<\/p>\n<p>Sus propiedades naturales limpian y purifican las pieles grasas en profundidad, cuidando tambi\u00e9n de las peque\u00f1as imperfecciones y grandes. En el caso de una piel con acn\u00e9, tiene una acci\u00f3n drenante y normaliza el metabolismo de los l\u00edpidos. Se utiliza tambi\u00e9n para problemas de piel de naranja, retenci\u00f3n de l\u00edquidos y dolores musculares. Tambi\u00e9n act\u00faa sobre los cabellos grasos.<\/p>\n<p>Como las otras arcillas de Najel, la arcilla verde es utilizada desde la antig\u00fcedad por sus cualidades terap\u00e9uticas y cosm\u00e9ticas: alivia, protege, desinfecta, tonifica y embellece.<\/p>\n<p>Remedio inteligente, la arcilla identifica el origen de las impurezas, atac\u00e1ndolas y destruy\u00e9ndolas. Existen diferentes tipos de arcillas seg\u00fan los terrenos: roja, verde, blanca, rosa o amarilla. Hay un tipo de arcilla para cada tipo de piel. Recomendamos muy especialmente el resto de arcillas que componen nuestro cat\u00e1logo de Najel a Bon Vent. Podr\u00e1 encontrar la arcilla roja y la arcilla blanca.<\/p>\n<p><strong>Uso:<\/strong><\/p>\n<p>La arcilla verde para pieles grasas de Najel utiliza principalmente diluida en agua para hacer las m\u00e1scaras que aplicaremos en la zona deseada, ya sea la cara, cuerpo o cabello. A fin de sumar beneficios, se recomienda diluir la arcilla con uno de nuestros hidrolatos. Para la arcilla verde es especialmente indicado el hidrolato de rosa de Damasco por su capacidad purificadora y regeneradora.<\/p>\n<p>Con el fin de no neutralizar las propiedades de la arcilla, recomendamos utilizar recipientes cer\u00e1micos o de madera, y no met\u00e1licos, para la confecci\u00f3n de sus m\u00e1scaras.<\/p>\n<p><strong>Composici\u00f3n:<\/strong><\/p>\n<p>Ingredientes: illita, montmorillonita, caol\u00edn<\/p>\n<p>100% de origen natural.<\/p>\n","protected":false},"excerpt":{"rendered":"<p>La arcilla verde para pieles grasas de Najel es poco mineralizada y rica en \u00f3xido de hierro. Reequilibra, estimula y purifica la piel, es muy recomendada para pieles grasas ya que gracias a su poder absorbente regula el exceso de grasa.<\/p>\n<p>Puede diluir la arcilla con el <a href=\"https:\/\/www.bonvent.cat\/es\/product\/hidrolato-de-rosa-de-damasco-najel\/\" target=\"_blank\" rel=\"noopener noreferrer\">hidrolato de rosa de Damasco.<\/a><\/p>\n<p>Contenido: 150 gr.<\/p>\n","protected":false},"featured_media":13126,"comment_status":"closed","ping_status":"closed","template":"","meta":[],"product_brand":[],"product_cat":[1159,1224],"product_tag":[1036,1034,1275],"class_list":{"0":"post-14627","1":"product","2":"type-product","3":"status-publish","4":"has-post-thumbnail","6":"product_cat-bano-cuidados","7":"product_cat-cosmetica-es","8":"product_tag-belleza-mediterranea-es-2","9":"product_tag-cosmetica-bio-es-2","10":"product_tag-najel-es","12":"first","13":"instock","14":"taxable","15":"shipping-taxable","16":"purchasable","17":"product-type-simple"},"yoast_head":"<!-- This site is optimized with the Yoast SEO plugin v25.3.1 - https:\/\/yoast.com\/wordpress\/plugins\/seo\/ -->\n<title>Arcilla verde para pieles grasas de Najel - Bon Vent<\/title>\n<meta name=\"description\" content=\"La arcilla verde para pieles grasas de Najel reequilibra, estimula y purifica la piel. Gracias a su poder absorbente regula el exceso de grasa.\" \/>\n<meta name=\"robots\" content=\"index, follow, max-snippet:-1, max-image-preview:large, max-video-preview:-1\" \/>\n<link rel=\"canonical\" href=\"https:\/\/www.bonvent.cat\/es\/product\/arcilla-verde-para-pieles-grasas\/\" \/>\n<meta property=\"og:locale\" content=\"es_ES\" \/>\n<meta property=\"og:type\" content=\"article\" \/>\n<meta property=\"og:title\" content=\"Arcilla verde para pieles grasas de Najel - Bon Vent\" \/>\n<meta property=\"og:description\" content=\"La arcilla verde para pieles grasas de Najel reequilibra, estimula y purifica la piel. Gracias a su poder absorbente regula el exceso de grasa.\" \/>\n<meta property=\"og:url\" content=\"https:\/\/www.bonvent.cat\/es\/product\/arcilla-verde-para-pieles-grasas\/\" \/>\n<meta property=\"og:site_name\" content=\"Bon Vent\" \/>\n<meta property=\"article:publisher\" content=\"https:\/\/www.facebook.com\/bonventbcn?ref=hl\" \/>\n<meta property=\"og:image\" content=\"https:\/\/www.bonvent.cat\/wp-content\/uploads\/2020\/11\/argila-verda.jpg\" \/>\n\t<meta property=\"og:image:width\" content=\"510\" \/>\n\t<meta property=\"og:image:height\" content=\"652\" \/>\n\t<meta property=\"og:image:type\" content=\"image\/jpeg\" \/>\n<meta name=\"twitter:label1\" content=\"Tiempo de lectura\" \/>\n\t<meta name=\"twitter:data1\" content=\"2 minutos\" \/>\n<script type=\"application\/ld+json\" class=\"yoast-schema-graph\">{\"@context\":\"https:\/\/schema.org\",\"@graph\":[{\"@type\":\"WebPage\",\"@id\":\"https:\/\/www.bonvent.cat\/es\/product\/arcilla-verde-para-pieles-grasas\/\",\"url\":\"https:\/\/www.bonvent.cat\/es\/product\/arcilla-verde-para-pieles-grasas\/\",\"name\":\"Arcilla verde para pieles grasas de Najel - Bon Vent\",\"isPartOf\":{\"@id\":\"https:\/\/www.bonvent.cat\/es\/#website\"},\"primaryImageOfPage\":{\"@id\":\"https:\/\/www.bonvent.cat\/es\/product\/arcilla-verde-para-pieles-grasas\/#primaryimage\"},\"image\":{\"@id\":\"https:\/\/www.bonvent.cat\/es\/product\/arcilla-verde-para-pieles-grasas\/#primaryimage\"},\"thumbnailUrl\":\"https:\/\/www.bonvent.cat\/wp-content\/uploads\/2020\/11\/argila-verda.jpg\",\"datePublished\":\"2020-09-29T17:46:12+00:00\",\"description\":\"La arcilla verde para pieles grasas de Najel reequilibra, estimula y purifica la piel. Gracias a su poder absorbente regula el exceso de grasa.\",\"breadcrumb\":{\"@id\":\"https:\/\/www.bonvent.cat\/es\/product\/arcilla-verde-para-pieles-grasas\/#breadcrumb\"},\"inLanguage\":\"es\",\"potentialAction\":[{\"@type\":\"ReadAction\",\"target\":[\"https:\/\/www.bonvent.cat\/es\/product\/arcilla-verde-para-pieles-grasas\/\"]}]},{\"@type\":\"ImageObject\",\"inLanguage\":\"es\",\"@id\":\"https:\/\/www.bonvent.cat\/es\/product\/arcilla-verde-para-pieles-grasas\/#primaryimage\",\"url\":\"https:\/\/www.bonvent.cat\/wp-content\/uploads\/2020\/11\/argila-verda.jpg\",\"contentUrl\":\"https:\/\/www.bonvent.cat\/wp-content\/uploads\/2020\/11\/argila-verda.jpg\",\"width\":510,\"height\":652,\"caption\":\"Arcilla verde para pieles grasas\"},{\"@type\":\"BreadcrumbList\",\"@id\":\"https:\/\/www.bonvent.cat\/es\/product\/arcilla-verde-para-pieles-grasas\/#breadcrumb\",\"itemListElement\":[{\"@type\":\"ListItem\",\"position\":1,\"name\":\"Inici\",\"item\":\"https:\/\/www.bonvent.cat\/es\/\"},{\"@type\":\"ListItem\",\"position\":2,\"name\":\"Botiga\",\"item\":\"https:\/\/www.bonvent.cat\/?page_id=1953091\"},{\"@type\":\"ListItem\",\"position\":3,\"name\":\"Arcilla verde para pieles grasas\"}]},{\"@type\":\"WebSite\",\"@id\":\"https:\/\/www.bonvent.cat\/es\/#website\",\"url\":\"https:\/\/www.bonvent.cat\/es\/\",\"name\":\"Bon Vent\",\"description\":\"Botiga d\u2019inspiraci\u00f3 mediterr\u00e0nia\",\"publisher\":{\"@id\":\"https:\/\/www.bonvent.cat\/es\/#organization\"},\"potentialAction\":[{\"@type\":\"SearchAction\",\"target\":{\"@type\":\"EntryPoint\",\"urlTemplate\":\"https:\/\/www.bonvent.cat\/es\/?s={search_term_string}\"},\"query-input\":{\"@type\":\"PropertyValueSpecification\",\"valueRequired\":true,\"valueName\":\"search_term_string\"}}],\"inLanguage\":\"es\"},{\"@type\":\"Organization\",\"@id\":\"https:\/\/www.bonvent.cat\/es\/#organization\",\"name\":\"Bon Vent\",\"url\":\"https:\/\/www.bonvent.cat\/es\/\",\"logo\":{\"@type\":\"ImageObject\",\"inLanguage\":\"es\",\"@id\":\"https:\/\/www.bonvent.cat\/es\/#\/schema\/logo\/image\/\",\"url\":\"https:\/\/www.bonvent.cat\/wp-content\/uploads\/2021\/11\/logoh.png\",\"contentUrl\":\"https:\/\/www.bonvent.cat\/wp-content\/uploads\/2021\/11\/logoh.png\",\"width\":640,\"height\":121,\"caption\":\"Bon Vent\"},\"image\":{\"@id\":\"https:\/\/www.bonvent.cat\/es\/#\/schema\/logo\/image\/\"},\"sameAs\":[\"https:\/\/www.facebook.com\/bonventbcn?ref=hl\",\"https:\/\/www.instagram.com\/bon_ventbarcelona\/\",\"https:\/\/es.pinterest.com\/BONVENTmed\/\"]}]}<\/script>\n<!-- \/ Yoast SEO plugin. -->","yoast_head_json":{"title":"Arcilla verde para pieles grasas de Najel - Bon Vent","description":"La arcilla verde para pieles grasas de Najel reequilibra, estimula y purifica la piel. Gracias a su poder absorbente regula el exceso de grasa.","robots":{"index":"index","follow":"follow","max-snippet":"max-snippet:-1","max-image-preview":"max-image-preview:large","max-video-preview":"max-video-preview:-1"},"canonical":"https:\/\/www.bonvent.cat\/es\/product\/arcilla-verde-para-pieles-grasas\/","og_locale":"es_ES","og_type":"article","og_title":"Arcilla verde para pieles grasas de Najel - Bon Vent","og_description":"La arcilla verde para pieles grasas de Najel reequilibra, estimula y purifica la piel. Gracias a su poder absorbente regula el exceso de grasa.","og_url":"https:\/\/www.bonvent.cat\/es\/product\/arcilla-verde-para-pieles-grasas\/","og_site_name":"Bon Vent","article_publisher":"https:\/\/www.facebook.com\/bonventbcn?ref=hl","og_image":[{"width":510,"height":652,"url":"https:\/\/www.bonvent.cat\/wp-content\/uploads\/2020\/11\/argila-verda.jpg","type":"image\/jpeg"}],"twitter_misc":{"Tiempo de lectura":"2 minutos"},"schema":{"@context":"https:\/\/schema.org","@graph":[{"@type":"WebPage","@id":"https:\/\/www.bonvent.cat\/es\/product\/arcilla-verde-para-pieles-grasas\/","url":"https:\/\/www.bonvent.cat\/es\/product\/arcilla-verde-para-pieles-grasas\/","name":"Arcilla verde para pieles grasas de Najel - Bon Vent","isPartOf":{"@id":"https:\/\/www.bonvent.cat\/es\/#website"},"primaryImageOfPage":{"@id":"https:\/\/www.bonvent.cat\/es\/product\/arcilla-verde-para-pieles-grasas\/#primaryimage"},"image":{"@id":"https:\/\/www.bonvent.cat\/es\/product\/arcilla-verde-para-pieles-grasas\/#primaryimage"},"thumbnailUrl":"https:\/\/www.bonvent.cat\/wp-content\/uploads\/2020\/11\/argila-verda.jpg","datePublished":"2020-09-29T17:46:12+00:00","description":"La arcilla verde para pieles grasas de Najel reequilibra, estimula y purifica la piel. Gracias a su poder absorbente regula el exceso de grasa.","breadcrumb":{"@id":"https:\/\/www.bonvent.cat\/es\/product\/arcilla-verde-para-pieles-grasas\/#breadcrumb"},"inLanguage":"es","potentialAction":[{"@type":"ReadAction","target":["https:\/\/www.bonvent.cat\/es\/product\/arcilla-verde-para-pieles-grasas\/"]}]},{"@type":"ImageObject","inLanguage":"es","@id":"https:\/\/www.bonvent.cat\/es\/product\/arcilla-verde-para-pieles-grasas\/#primaryimage","url":"https:\/\/www.bonvent.cat\/wp-content\/uploads\/2020\/11\/argila-verda.jpg","contentUrl":"https:\/\/www.bonvent.cat\/wp-content\/uploads\/2020\/11\/argila-verda.jpg","width":510,"height":652,"caption":"Arcilla verde para pieles grasas"},{"@type":"BreadcrumbList","@id":"https:\/\/www.bonvent.cat\/es\/product\/arcilla-verde-para-pieles-grasas\/#breadcrumb","itemListElement":[{"@type":"ListItem","position":1,"name":"Inici","item":"https:\/\/www.bonvent.cat\/es\/"},{"@type":"ListItem","position":2,"name":"Botiga","item":"https:\/\/www.bonvent.cat\/?page_id=1953091"},{"@type":"ListItem","position":3,"name":"Arcilla verde para pieles grasas"}]},{"@type":"WebSite","@id":"https:\/\/www.bonvent.cat\/es\/#website","url":"https:\/\/www.bonvent.cat\/es\/","name":"Bon Vent","description":"Botiga d\u2019inspiraci\u00f3 mediterr\u00e0nia","publisher":{"@id":"https:\/\/www.bonvent.cat\/es\/#organization"},"potentialAction":[{"@type":"SearchAction","target":{"@type":"EntryPoint","urlTemplate":"https:\/\/www.bonvent.cat\/es\/?s={search_term_string}"},"query-input":{"@type":"PropertyValueSpecification","valueRequired":true,"valueName":"search_term_string"}}],"inLanguage":"es"},{"@type":"Organization","@id":"https:\/\/www.bonvent.cat\/es\/#organization","name":"Bon Vent","url":"https:\/\/www.bonvent.cat\/es\/","logo":{"@type":"ImageObject","inLanguage":"es","@id":"https:\/\/www.bonvent.cat\/es\/#\/schema\/logo\/image\/","url":"https:\/\/www.bonvent.cat\/wp-content\/uploads\/2021\/11\/logoh.png","contentUrl":"https:\/\/www.bonvent.cat\/wp-content\/uploads\/2021\/11\/logoh.png","width":640,"height":121,"caption":"Bon Vent"},"image":{"@id":"https:\/\/www.bonvent.cat\/es\/#\/schema\/logo\/image\/"},"sameAs":["https:\/\/www.facebook.com\/bonventbcn?ref=hl","https:\/\/www.instagram.com\/bon_ventbarcelona\/","https:\/\/es.pinterest.com\/BONVENTmed\/"]}]}},"_links":{"self":[{"href":"https:\/\/www.bonvent.cat\/es\/wp-json\/wp\/v2\/product\/14627","targetHints":{"allow":["GET"]}}],"collection":[{"href":"https:\/\/www.bonvent.cat\/es\/wp-json\/wp\/v2\/product"}],"about":[{"href":"https:\/\/www.bonvent.cat\/es\/wp-json\/wp\/v2\/types\/product"}],"replies":[{"embeddable":true,"href":"https:\/\/www.bonvent.cat\/es\/wp-json\/wp\/v2\/comments?post=14627"}],"version-history":[{"count":0,"href":"https:\/\/www.bonvent.cat\/es\/wp-json\/wp\/v2\/product\/14627\/revisions"}],"wp:featuredmedia":[{"embeddable":true,"href":"https:\/\/www.bonvent.cat\/es\/wp-json\/wp\/v2\/media\/13126"}],"wp:attachment":[{"href":"https:\/\/www.bonvent.cat\/es\/wp-json\/wp\/v2\/media?parent=14627"}],"wp:term":[{"taxonomy":"product_brand","embeddable":true,"href":"https:\/\/www.bonvent.cat\/es\/wp-json\/wp\/v2\/product_brand?post=14627"},{"taxonomy":"product_cat","embeddable":true,"href":"https:\/\/www.bonvent.cat\/es\/wp-json\/wp\/v2\/product_cat?post=14627"},{"taxonomy":"product_tag","embeddable":true,"href":"https:\/\/www.bonvent.cat\/es\/wp-json\/wp\/v2\/product_tag?post=14627"}],"curies":[{"name":"wp","href":"https:\/\/api.w.org\/{rel}","templated":true}]}}