{"id":6900,"date":"2015-04-01T18:05:52","date_gmt":"2015-04-01T16:05:52","guid":{"rendered":"https:\/\/www.bonvent.cat\/?post_type=product&#038;p=6900"},"modified":"2018-09-25T12:13:34","modified_gmt":"2018-09-25T10:13:34","slug":"plaid-jazz-de-cashmere","status":"publish","type":"product","link":"https:\/\/www.bonvent.cat\/es\/product\/plaid-jazz-de-cashmere\/","title":{"rendered":"Teixidors &#8211; Plaid Jazz 100% cashmere"},"content":{"rendered":"<p>El cashmere es la m\u00e1s cotizada de todas las fibras textiles. Las prendas elaboradas con esta fibra son extraordinariamente suaves.<\/p>\n<p>La gran demanda mundial de cashmere est\u00e1 generando situaciones delicadas en los pa\u00edses productores por el gran incremento de reba\u00f1os de cabras de esta raza y la consecuente erosi\u00f3n del territorio por sobrexplotaci\u00f3n. Consciente de esta situaci\u00f3n, Teixidors gestiona el cashmere con la delicadeza y el respeto que esta fibra requiere. Explora mezclas con otras fibras nobles que complementen las virtudes del cashmere y en la composici\u00f3n 100% elabora estructuras extraordinariamente ligeras que proporcionan al cashmere Teixidors una personalidad propia obteniendo toda la suavidad y ligereza con la m\u00ednima cantidad de esta fibra.<\/p>\n<h3><\/h3>\n<h3>Proyecto social<\/h3>\n<p>La sostenibilidad es un concepto global que debe incorporar par\u00e1metros medio ambientales y sociales. La integraci\u00f3n de personas en riesgo de exclusi\u00f3n social y la apuesta por un consumo responsable forman parte de la sostenibilidad de <a href=\"http:\/\/www.teixidors.com\/proyecto.html\" target=\"_blank\" rel=\"noopener\">Teixidors.<\/a><\/p>\n<h3>Filosof\u00eda<\/h3>\n<p>Crean productos \u00fanicos, irrepetibles, elaborados con materiales de m\u00e1xima calidad y siguiendo siempre un proceso completamente manual. Su proyecto no es una utop\u00eda rom\u00e1ntica, es una filosof\u00eda de trabajo y tambi\u00e9n una apuesta por la singularidad, por la belleza de las piezas \u00fanicas.<\/p>\n<p><a href=\"\/?p=7289\" target=\"_blank\" rel=\"noopener\">Teixidors<\/a> se nutre de la esencia del trabajo artesanal, sus herramientas, procesos y actitud. Utilizan los cl\u00e1sicos telares de madera, hilan las mejores materias primas (lana merino, cashmere, lino&#8230;) y siguen un proceso estrictamente manual. Este es el origen de su trabajo, una receta que combina tradici\u00f3n y visi\u00f3n de futuro.<\/p>\n<p>&nbsp;<\/p>\n<p>&nbsp;<\/p>\n","protected":false},"excerpt":{"rendered":"<p><span style=\"font-size: medium;\">Plaid 100% Cashmere<\/span><\/p>\n<p><span style=\"font-size: medium;\">140 x 180 cm<\/span><\/p>\n<p>*Se presenta en diferentes colores con el vivo a contraste en un par de tonos.<\/p>\n<p><span style=\"font-size: medium;\">Tejido a mano en Catalunya \u2013 Terrassa<\/span><\/p>\n<p>.<\/p>\n<p><span style=\"font-size: large;\"><span style=\"color: #000000;\"><span style=\"font-size: medium;\">Mediante telares tradicionales de madera transforman las materias primas de mayor calidad, lana, cashmere, lino, seda y yak, en piezas \u00fanicas.<\/span><\/span><\/span><\/p>\n<p>El telar manual permite que los bordes de sus piezas tengan un acabado deliciosamente imperfecto. Una manta de lana se convierte en una obra de arte llena de matices, que refleja la individualidad de cada tejedor.<\/p>\n<p>Sus productos (bufandas, chales, mantas, fundas de coj\u00edn, colchas de cama, cortinas, etc.) no requieren procesos de acabado sofisticados. Al ser materiales de gran calidad, con encontrar la combinaci\u00f3n de jab\u00f3n ecol\u00f3gico, temperatura y tiempo de lavado, afloran sus propiedades naturales.<\/p>\n","protected":false},"featured_media":12919,"comment_status":"closed","ping_status":"closed","template":"","meta":[],"product_brand":[],"product_cat":[742],"product_tag":[405,377,407,410],"class_list":{"0":"post-6900","1":"product","2":"type-product","3":"status-publish","4":"has-post-thumbnail","6":"product_cat-textil","7":"product_tag-hecho-a-mano","8":"product_tag-hecho-en-barcelona","9":"product_tag-natural-es-2","10":"product_tag-teixidors-es-2","12":"first","13":"instock","14":"taxable","15":"shipping-taxable","16":"purchasable","17":"product-type-variable"},"yoast_head":"<!-- This site is optimized with the Yoast SEO plugin v25.3.1 - https:\/\/yoast.com\/wordpress\/plugins\/seo\/ -->\n<title>Teixidors - Plaid Jazz 100% cashmere - Tejido a mano en Catalunya<\/title>\n<meta name=\"description\" content=\"Mediante telares tradicionales de madera transforman las materias primas de mayor calidad, lana, cashmere, lino, seda y yak, en piezas \u00fanicas.\" \/>\n<meta name=\"robots\" content=\"index, follow, max-snippet:-1, max-image-preview:large, max-video-preview:-1\" \/>\n<link rel=\"canonical\" href=\"https:\/\/www.bonvent.cat\/es\/product\/plaid-jazz-de-cashmere\/\" \/>\n<meta property=\"og:locale\" content=\"es_ES\" \/>\n<meta property=\"og:type\" content=\"article\" \/>\n<meta property=\"og:title\" content=\"Teixidors - Plaid Jazz 100% cashmere - Tejido a mano en Catalunya\" \/>\n<meta property=\"og:description\" content=\"Mediante telares tradicionales de madera transforman las materias primas de mayor calidad, lana, cashmere, lino, seda y yak, en piezas \u00fanicas.\" \/>\n<meta property=\"og:url\" content=\"https:\/\/www.bonvent.cat\/es\/product\/plaid-jazz-de-cashmere\/\" \/>\n<meta property=\"og:site_name\" content=\"Bon Vent\" \/>\n<meta property=\"article:publisher\" content=\"https:\/\/www.facebook.com\/bonventbcn?ref=hl\" \/>\n<meta property=\"article:modified_time\" content=\"2018-09-25T10:13:34+00:00\" \/>\n<meta property=\"og:image\" content=\"https:\/\/www.bonvent.cat\/wp-content\/uploads\/2020\/10\/LOW_Teixidors-PLAID_JAZZ_TURQUESA_OSCURO_2.jpg\" \/>\n\t<meta property=\"og:image:width\" content=\"510\" \/>\n\t<meta property=\"og:image:height\" content=\"652\" \/>\n\t<meta property=\"og:image:type\" content=\"image\/jpeg\" \/>\n<meta name=\"twitter:label1\" content=\"Tiempo de lectura\" \/>\n\t<meta name=\"twitter:data1\" content=\"1 minuto\" \/>\n<script type=\"application\/ld+json\" class=\"yoast-schema-graph\">{\"@context\":\"https:\/\/schema.org\",\"@graph\":[{\"@type\":\"WebPage\",\"@id\":\"https:\/\/www.bonvent.cat\/es\/product\/plaid-jazz-de-cashmere\/\",\"url\":\"https:\/\/www.bonvent.cat\/es\/product\/plaid-jazz-de-cashmere\/\",\"name\":\"Teixidors - Plaid Jazz 100% cashmere - Tejido a mano en Catalunya\",\"isPartOf\":{\"@id\":\"https:\/\/www.bonvent.cat\/es\/#website\"},\"primaryImageOfPage\":{\"@id\":\"https:\/\/www.bonvent.cat\/es\/product\/plaid-jazz-de-cashmere\/#primaryimage\"},\"image\":{\"@id\":\"https:\/\/www.bonvent.cat\/es\/product\/plaid-jazz-de-cashmere\/#primaryimage\"},\"thumbnailUrl\":\"https:\/\/www.bonvent.cat\/wp-content\/uploads\/2020\/10\/LOW_Teixidors-PLAID_JAZZ_TURQUESA_OSCURO_2.jpg\",\"datePublished\":\"2015-04-01T16:05:52+00:00\",\"dateModified\":\"2018-09-25T10:13:34+00:00\",\"description\":\"Mediante telares tradicionales de madera transforman las materias primas de mayor calidad, lana, cashmere, lino, seda y yak, en piezas \u00fanicas.\",\"breadcrumb\":{\"@id\":\"https:\/\/www.bonvent.cat\/es\/product\/plaid-jazz-de-cashmere\/#breadcrumb\"},\"inLanguage\":\"es\",\"potentialAction\":[{\"@type\":\"ReadAction\",\"target\":[\"https:\/\/www.bonvent.cat\/es\/product\/plaid-jazz-de-cashmere\/\"]}]},{\"@type\":\"ImageObject\",\"inLanguage\":\"es\",\"@id\":\"https:\/\/www.bonvent.cat\/es\/product\/plaid-jazz-de-cashmere\/#primaryimage\",\"url\":\"https:\/\/www.bonvent.cat\/wp-content\/uploads\/2020\/10\/LOW_Teixidors-PLAID_JAZZ_TURQUESA_OSCURO_2.jpg\",\"contentUrl\":\"https:\/\/www.bonvent.cat\/wp-content\/uploads\/2020\/10\/LOW_Teixidors-PLAID_JAZZ_TURQUESA_OSCURO_2.jpg\",\"width\":510,\"height\":652},{\"@type\":\"BreadcrumbList\",\"@id\":\"https:\/\/www.bonvent.cat\/es\/product\/plaid-jazz-de-cashmere\/#breadcrumb\",\"itemListElement\":[{\"@type\":\"ListItem\",\"position\":1,\"name\":\"Inici\",\"item\":\"https:\/\/www.bonvent.cat\/es\/\"},{\"@type\":\"ListItem\",\"position\":2,\"name\":\"Botiga\",\"item\":\"https:\/\/www.bonvent.cat\/?page_id=1953091\"},{\"@type\":\"ListItem\",\"position\":3,\"name\":\"Teixidors &#8211; Plaid Jazz 100% cashmere\"}]},{\"@type\":\"WebSite\",\"@id\":\"https:\/\/www.bonvent.cat\/es\/#website\",\"url\":\"https:\/\/www.bonvent.cat\/es\/\",\"name\":\"Bon Vent\",\"description\":\"Botiga d\u2019inspiraci\u00f3 mediterr\u00e0nia\",\"publisher\":{\"@id\":\"https:\/\/www.bonvent.cat\/es\/#organization\"},\"potentialAction\":[{\"@type\":\"SearchAction\",\"target\":{\"@type\":\"EntryPoint\",\"urlTemplate\":\"https:\/\/www.bonvent.cat\/es\/?s={search_term_string}\"},\"query-input\":{\"@type\":\"PropertyValueSpecification\",\"valueRequired\":true,\"valueName\":\"search_term_string\"}}],\"inLanguage\":\"es\"},{\"@type\":\"Organization\",\"@id\":\"https:\/\/www.bonvent.cat\/es\/#organization\",\"name\":\"Bon Vent\",\"url\":\"https:\/\/www.bonvent.cat\/es\/\",\"logo\":{\"@type\":\"ImageObject\",\"inLanguage\":\"es\",\"@id\":\"https:\/\/www.bonvent.cat\/es\/#\/schema\/logo\/image\/\",\"url\":\"https:\/\/www.bonvent.cat\/wp-content\/uploads\/2021\/11\/logoh.png\",\"contentUrl\":\"https:\/\/www.bonvent.cat\/wp-content\/uploads\/2021\/11\/logoh.png\",\"width\":640,\"height\":121,\"caption\":\"Bon Vent\"},\"image\":{\"@id\":\"https:\/\/www.bonvent.cat\/es\/#\/schema\/logo\/image\/\"},\"sameAs\":[\"https:\/\/www.facebook.com\/bonventbcn?ref=hl\",\"https:\/\/www.instagram.com\/bon_ventbarcelona\/\",\"https:\/\/es.pinterest.com\/BONVENTmed\/\"]}]}<\/script>\n<!-- \/ Yoast SEO plugin. -->","yoast_head_json":{"title":"Teixidors - Plaid Jazz 100% cashmere - Tejido a mano en Catalunya","description":"Mediante telares tradicionales de madera transforman las materias primas de mayor calidad, lana, cashmere, lino, seda y yak, en piezas \u00fanicas.","robots":{"index":"index","follow":"follow","max-snippet":"max-snippet:-1","max-image-preview":"max-image-preview:large","max-video-preview":"max-video-preview:-1"},"canonical":"https:\/\/www.bonvent.cat\/es\/product\/plaid-jazz-de-cashmere\/","og_locale":"es_ES","og_type":"article","og_title":"Teixidors - Plaid Jazz 100% cashmere - Tejido a mano en Catalunya","og_description":"Mediante telares tradicionales de madera transforman las materias primas de mayor calidad, lana, cashmere, lino, seda y yak, en piezas \u00fanicas.","og_url":"https:\/\/www.bonvent.cat\/es\/product\/plaid-jazz-de-cashmere\/","og_site_name":"Bon Vent","article_publisher":"https:\/\/www.facebook.com\/bonventbcn?ref=hl","article_modified_time":"2018-09-25T10:13:34+00:00","og_image":[{"width":510,"height":652,"url":"https:\/\/www.bonvent.cat\/wp-content\/uploads\/2020\/10\/LOW_Teixidors-PLAID_JAZZ_TURQUESA_OSCURO_2.jpg","type":"image\/jpeg"}],"twitter_misc":{"Tiempo de lectura":"1 minuto"},"schema":{"@context":"https:\/\/schema.org","@graph":[{"@type":"WebPage","@id":"https:\/\/www.bonvent.cat\/es\/product\/plaid-jazz-de-cashmere\/","url":"https:\/\/www.bonvent.cat\/es\/product\/plaid-jazz-de-cashmere\/","name":"Teixidors - Plaid Jazz 100% cashmere - Tejido a mano en Catalunya","isPartOf":{"@id":"https:\/\/www.bonvent.cat\/es\/#website"},"primaryImageOfPage":{"@id":"https:\/\/www.bonvent.cat\/es\/product\/plaid-jazz-de-cashmere\/#primaryimage"},"image":{"@id":"https:\/\/www.bonvent.cat\/es\/product\/plaid-jazz-de-cashmere\/#primaryimage"},"thumbnailUrl":"https:\/\/www.bonvent.cat\/wp-content\/uploads\/2020\/10\/LOW_Teixidors-PLAID_JAZZ_TURQUESA_OSCURO_2.jpg","datePublished":"2015-04-01T16:05:52+00:00","dateModified":"2018-09-25T10:13:34+00:00","description":"Mediante telares tradicionales de madera transforman las materias primas de mayor calidad, lana, cashmere, lino, seda y yak, en piezas \u00fanicas.","breadcrumb":{"@id":"https:\/\/www.bonvent.cat\/es\/product\/plaid-jazz-de-cashmere\/#breadcrumb"},"inLanguage":"es","potentialAction":[{"@type":"ReadAction","target":["https:\/\/www.bonvent.cat\/es\/product\/plaid-jazz-de-cashmere\/"]}]},{"@type":"ImageObject","inLanguage":"es","@id":"https:\/\/www.bonvent.cat\/es\/product\/plaid-jazz-de-cashmere\/#primaryimage","url":"https:\/\/www.bonvent.cat\/wp-content\/uploads\/2020\/10\/LOW_Teixidors-PLAID_JAZZ_TURQUESA_OSCURO_2.jpg","contentUrl":"https:\/\/www.bonvent.cat\/wp-content\/uploads\/2020\/10\/LOW_Teixidors-PLAID_JAZZ_TURQUESA_OSCURO_2.jpg","width":510,"height":652},{"@type":"BreadcrumbList","@id":"https:\/\/www.bonvent.cat\/es\/product\/plaid-jazz-de-cashmere\/#breadcrumb","itemListElement":[{"@type":"ListItem","position":1,"name":"Inici","item":"https:\/\/www.bonvent.cat\/es\/"},{"@type":"ListItem","position":2,"name":"Botiga","item":"https:\/\/www.bonvent.cat\/?page_id=1953091"},{"@type":"ListItem","position":3,"name":"Teixidors &#8211; Plaid Jazz 100% cashmere"}]},{"@type":"WebSite","@id":"https:\/\/www.bonvent.cat\/es\/#website","url":"https:\/\/www.bonvent.cat\/es\/","name":"Bon Vent","description":"Botiga d\u2019inspiraci\u00f3 mediterr\u00e0nia","publisher":{"@id":"https:\/\/www.bonvent.cat\/es\/#organization"},"potentialAction":[{"@type":"SearchAction","target":{"@type":"EntryPoint","urlTemplate":"https:\/\/www.bonvent.cat\/es\/?s={search_term_string}"},"query-input":{"@type":"PropertyValueSpecification","valueRequired":true,"valueName":"search_term_string"}}],"inLanguage":"es"},{"@type":"Organization","@id":"https:\/\/www.bonvent.cat\/es\/#organization","name":"Bon Vent","url":"https:\/\/www.bonvent.cat\/es\/","logo":{"@type":"ImageObject","inLanguage":"es","@id":"https:\/\/www.bonvent.cat\/es\/#\/schema\/logo\/image\/","url":"https:\/\/www.bonvent.cat\/wp-content\/uploads\/2021\/11\/logoh.png","contentUrl":"https:\/\/www.bonvent.cat\/wp-content\/uploads\/2021\/11\/logoh.png","width":640,"height":121,"caption":"Bon Vent"},"image":{"@id":"https:\/\/www.bonvent.cat\/es\/#\/schema\/logo\/image\/"},"sameAs":["https:\/\/www.facebook.com\/bonventbcn?ref=hl","https:\/\/www.instagram.com\/bon_ventbarcelona\/","https:\/\/es.pinterest.com\/BONVENTmed\/"]}]}},"_links":{"self":[{"href":"https:\/\/www.bonvent.cat\/es\/wp-json\/wp\/v2\/product\/6900","targetHints":{"allow":["GET"]}}],"collection":[{"href":"https:\/\/www.bonvent.cat\/es\/wp-json\/wp\/v2\/product"}],"about":[{"href":"https:\/\/www.bonvent.cat\/es\/wp-json\/wp\/v2\/types\/product"}],"replies":[{"embeddable":true,"href":"https:\/\/www.bonvent.cat\/es\/wp-json\/wp\/v2\/comments?post=6900"}],"version-history":[{"count":0,"href":"https:\/\/www.bonvent.cat\/es\/wp-json\/wp\/v2\/product\/6900\/revisions"}],"wp:featuredmedia":[{"embeddable":true,"href":"https:\/\/www.bonvent.cat\/es\/wp-json\/wp\/v2\/media\/12919"}],"wp:attachment":[{"href":"https:\/\/www.bonvent.cat\/es\/wp-json\/wp\/v2\/media?parent=6900"}],"wp:term":[{"taxonomy":"product_brand","embeddable":true,"href":"https:\/\/www.bonvent.cat\/es\/wp-json\/wp\/v2\/product_brand?post=6900"},{"taxonomy":"product_cat","embeddable":true,"href":"https:\/\/www.bonvent.cat\/es\/wp-json\/wp\/v2\/product_cat?post=6900"},{"taxonomy":"product_tag","embeddable":true,"href":"https:\/\/www.bonvent.cat\/es\/wp-json\/wp\/v2\/product_tag?post=6900"}],"curies":[{"name":"wp","href":"https:\/\/api.w.org\/{rel}","templated":true}]}}