{"id":6903,"date":"2015-04-15T18:12:40","date_gmt":"2015-04-15T18:12:40","guid":{"rendered":"https:\/\/www.bonvent.cat\/?post_type=product&#038;p=6903"},"modified":"2020-11-16T19:08:29","modified_gmt":"2020-11-16T18:08:29","slug":"plaid-apt-en-llana-merino-eco","status":"publish","type":"product","link":"https:\/\/www.bonvent.cat\/es\/product\/plaid-apt-en-llana-merino-eco\/","title":{"rendered":"Teixidors &#8211; Plaid Apt en lana merino eco"},"content":{"rendered":"<p>La lana es una fibra textil con innumerables virtudes y una historia milenaria. Es quiz\u00e1 la materia que <a href=\"https:\/\/vimeo.com\/84200599\" target=\"_blank\" rel=\"noopener\">Teixidors<\/a> trabaja con m\u00e1s afinidad.<\/p>\n<p>Por la tradici\u00f3n textil del pa\u00eds y la de la propia ciudad de Terrassa, por su vers\u00e1til capacidad de moldearse en su tr\u00e1nsito por los distintos procesos de la artesan\u00eda textil con una gama de resultados ampl\u00edsima.<\/p>\n<p>La colaboraci\u00f3n con Maco Merinos potencia la sinton\u00eda de Teixidors con esta materia, incorporando una lana suave y de primera calidad con los valores de proximidad, trazabilidad y sostenibilidad desde el nacimiento de la oveja hasta la comercializaci\u00f3n de la pieza.<\/p>\n<p>La lana Maco Merinos es la base de la colecci\u00f3n ecol\u00f3gica Teixidors. Es una materia natural, renovable, de proximidad y con una trazabilidad total, desde la oveja al tejido.<\/p>\n<p>En toda la colecci\u00f3n no hay tinte sint\u00e9tico. El color de base es el de la propia lana, crudo o gris resultado de la mezcla de lanas grises y marrones. Los toques de color de los bordes o las l\u00edneas se obtienen con tintes naturales.<\/p>\n<p>Todos los art\u00edculos Teixidors est\u00e1n tejidos a mano y por lo tanto el consumo energ\u00e9tico de transformaci\u00f3n es pr\u00e1cticamente nulo.<\/p>\n<p>La responsabilidad social del proyecto Teixidors complementa la sostenibilidad general de esta colecci\u00f3n.<\/p>\n<p>Las caracter\u00edsticas de esta lana hacen posible que toda la colecci\u00f3n est\u00e9 certificada como ign\u00edfuga.<\/p>\n<h3><\/h3>\n<h3>Proyecto social<\/h3>\n<p>La sostenibilidad es un concepto global que debe incorporar par\u00e1metros medio ambientales y sociales. La integraci\u00f3n de personas en riesgo de exclusi\u00f3n social y la apuesta por un consumo responsable forman parte de la sostenibilidad de <a href=\"\/?p=7289\" target=\"_blank\" rel=\"noopener\">Teixidors<\/a>.<\/p>\n<h3>Filosof\u00eda<\/h3>\n<p>Crean productos \u00fanicos, irrepetibles, elaborados con materiales de m\u00e1xima calidad y siguiendo siempre un proceso completamente manual. Su proyecto no es una utop\u00eda rom\u00e1ntica, es una filosof\u00eda de trabajo y tambi\u00e9n una apuesta por la singularidad, por la belleza de las piezas \u00fanicas.<\/p>\n<p><a href=\"http:\/\/www.teixidors.com\/proyecto.html\" target=\"_blank\" rel=\"noopener\">Teixidors<\/a> se nutre de la esencia del trabajo artesanal, sus herramientas, procesos y actitud. Utilizan los cl\u00e1sicos telares de madera, hilan las mejores materias primas (<a href=\"https:\/\/vimeo.com\/84200599\" target=\"_blank\" rel=\"noopener\">lana merino<\/a>, cashmere, lino&#8230;) y siguen un proceso estrictamente manual. Este es el origen de su trabajo, una receta que combina tradici\u00f3n y visi\u00f3n de futuro.<\/p>\n","protected":false},"excerpt":{"rendered":"<p><span style=\"font-size: medium;\">100% lana merino ecol\u00f3gica<\/span><\/p>\n<p><span style=\"font-size: medium;\">140 x 180 cm<\/span><\/p>\n<p>*Base del color natural de la lana Merino con detalles en distintas opciones de color.<\/p>\n<p><span style=\"font-size: medium;\">Tejido a mano en Catalunya \u2013 Terrassa<\/span><\/p>\n<p>.<\/p>\n<p><span style=\"font-size: large;\"><span style=\"color: #000000;\"><span style=\"font-size: medium;\">Mediante telares tradicionales de madera transforman las materias primas de mayor calidad, lana, cashmere, lino, seda y yak, en piezas \u00fanicas.<\/span><\/span><\/span><\/p>\n<p>El telar manual permite que los bordes de sus piezas tengan un acabado deliciosamente imperfecto. Una manta de lana se convierte en una obra de arte llena de matices, que refleja la individualidad de cada tejedor.<\/p>\n<p>Sus productos (bufandas, chales, mantas, fundas de coj\u00edn, colchas de cama, cortinas, etc.) no requieren procesos de acabado sofisticados. Al ser materiales de gran calidad, con encontrar la combinaci\u00f3n de jab\u00f3n ecol\u00f3gico, temperatura y tiempo de lavado, afloran sus propiedades naturales.<\/p>\n","protected":false},"featured_media":12850,"comment_status":"closed","ping_status":"closed","template":"","meta":[],"product_brand":[],"product_cat":[742],"product_tag":[542,374,1084,405,377,543,407,1102,1039,410],"class_list":{"0":"post-6903","1":"product","2":"type-product","3":"status-publish","4":"has-post-thumbnail","6":"product_cat-textil","7":"product_tag-artesanal-es","8":"product_tag-bon-vent-es-2","9":"product_tag-ecofriendly-es","10":"product_tag-hecho-a-mano","11":"product_tag-hecho-en-barcelona","12":"product_tag-material-autoctono","13":"product_tag-natural-es-2","14":"product_tag-producto-local","15":"product_tag-seleccion-bon-vent","16":"product_tag-teixidors-es-2","17":"pa_color-azul","18":"pa_color-crudo","19":"pa_color-negro","21":"first","22":"instock","23":"taxable","24":"shipping-taxable","25":"purchasable","26":"product-type-variable"},"yoast_head":"<!-- This site is optimized with the Yoast SEO plugin v25.3.1 - https:\/\/yoast.com\/wordpress\/plugins\/seo\/ -->\n<title>Teixidors - Plaid Apt en lana merino eco - Bon Vent<\/title>\n<meta name=\"description\" content=\"Mediante telares tradicionales de madera transforman las materias primas de mayor calidad, lana, cashmere, lino, seda y yak, en piezas \u00fanicas.\" \/>\n<meta name=\"robots\" content=\"index, follow, max-snippet:-1, max-image-preview:large, max-video-preview:-1\" \/>\n<link rel=\"canonical\" href=\"https:\/\/www.bonvent.cat\/es\/product\/plaid-apt-en-llana-merino-eco\/\" \/>\n<meta property=\"og:locale\" content=\"es_ES\" \/>\n<meta property=\"og:type\" content=\"article\" \/>\n<meta property=\"og:title\" content=\"Teixidors - Plaid Apt en lana merino eco - Bon Vent\" \/>\n<meta property=\"og:description\" content=\"Mediante telares tradicionales de madera transforman las materias primas de mayor calidad, lana, cashmere, lino, seda y yak, en piezas \u00fanicas.\" \/>\n<meta property=\"og:url\" content=\"https:\/\/www.bonvent.cat\/es\/product\/plaid-apt-en-llana-merino-eco\/\" \/>\n<meta property=\"og:site_name\" content=\"Bon Vent\" \/>\n<meta property=\"article:publisher\" content=\"https:\/\/www.facebook.com\/bonventbcn?ref=hl\" \/>\n<meta property=\"article:modified_time\" content=\"2020-11-16T18:08:29+00:00\" \/>\n<meta property=\"og:image\" content=\"https:\/\/www.bonvent.cat\/wp-content\/uploads\/2020\/10\/low-Teixidors_APT_throw_lightgreen_2.jpg\" \/>\n\t<meta property=\"og:image:width\" content=\"510\" \/>\n\t<meta property=\"og:image:height\" content=\"652\" \/>\n\t<meta property=\"og:image:type\" content=\"image\/jpeg\" \/>\n<meta name=\"twitter:label1\" content=\"Tiempo de lectura\" \/>\n\t<meta name=\"twitter:data1\" content=\"2 minutos\" \/>\n<script type=\"application\/ld+json\" class=\"yoast-schema-graph\">{\"@context\":\"https:\/\/schema.org\",\"@graph\":[{\"@type\":\"WebPage\",\"@id\":\"https:\/\/www.bonvent.cat\/es\/product\/plaid-apt-en-llana-merino-eco\/\",\"url\":\"https:\/\/www.bonvent.cat\/es\/product\/plaid-apt-en-llana-merino-eco\/\",\"name\":\"Teixidors - Plaid Apt en lana merino eco - Bon Vent\",\"isPartOf\":{\"@id\":\"https:\/\/www.bonvent.cat\/es\/#website\"},\"primaryImageOfPage\":{\"@id\":\"https:\/\/www.bonvent.cat\/es\/product\/plaid-apt-en-llana-merino-eco\/#primaryimage\"},\"image\":{\"@id\":\"https:\/\/www.bonvent.cat\/es\/product\/plaid-apt-en-llana-merino-eco\/#primaryimage\"},\"thumbnailUrl\":\"https:\/\/www.bonvent.cat\/wp-content\/uploads\/2020\/10\/low-Teixidors_APT_throw_lightgreen_2.jpg\",\"datePublished\":\"2015-04-15T18:12:40+00:00\",\"dateModified\":\"2020-11-16T18:08:29+00:00\",\"description\":\"Mediante telares tradicionales de madera transforman las materias primas de mayor calidad, lana, cashmere, lino, seda y yak, en piezas \u00fanicas.\",\"breadcrumb\":{\"@id\":\"https:\/\/www.bonvent.cat\/es\/product\/plaid-apt-en-llana-merino-eco\/#breadcrumb\"},\"inLanguage\":\"es\",\"potentialAction\":[{\"@type\":\"ReadAction\",\"target\":[\"https:\/\/www.bonvent.cat\/es\/product\/plaid-apt-en-llana-merino-eco\/\"]}]},{\"@type\":\"ImageObject\",\"inLanguage\":\"es\",\"@id\":\"https:\/\/www.bonvent.cat\/es\/product\/plaid-apt-en-llana-merino-eco\/#primaryimage\",\"url\":\"https:\/\/www.bonvent.cat\/wp-content\/uploads\/2020\/10\/low-Teixidors_APT_throw_lightgreen_2.jpg\",\"contentUrl\":\"https:\/\/www.bonvent.cat\/wp-content\/uploads\/2020\/10\/low-Teixidors_APT_throw_lightgreen_2.jpg\",\"width\":510,\"height\":652},{\"@type\":\"BreadcrumbList\",\"@id\":\"https:\/\/www.bonvent.cat\/es\/product\/plaid-apt-en-llana-merino-eco\/#breadcrumb\",\"itemListElement\":[{\"@type\":\"ListItem\",\"position\":1,\"name\":\"Inici\",\"item\":\"https:\/\/www.bonvent.cat\/es\/\"},{\"@type\":\"ListItem\",\"position\":2,\"name\":\"Botiga\",\"item\":\"https:\/\/www.bonvent.cat\/?page_id=1953091\"},{\"@type\":\"ListItem\",\"position\":3,\"name\":\"Teixidors &#8211; Plaid Apt en lana merino eco\"}]},{\"@type\":\"WebSite\",\"@id\":\"https:\/\/www.bonvent.cat\/es\/#website\",\"url\":\"https:\/\/www.bonvent.cat\/es\/\",\"name\":\"Bon Vent\",\"description\":\"Botiga d\u2019inspiraci\u00f3 mediterr\u00e0nia\",\"publisher\":{\"@id\":\"https:\/\/www.bonvent.cat\/es\/#organization\"},\"potentialAction\":[{\"@type\":\"SearchAction\",\"target\":{\"@type\":\"EntryPoint\",\"urlTemplate\":\"https:\/\/www.bonvent.cat\/es\/?s={search_term_string}\"},\"query-input\":{\"@type\":\"PropertyValueSpecification\",\"valueRequired\":true,\"valueName\":\"search_term_string\"}}],\"inLanguage\":\"es\"},{\"@type\":\"Organization\",\"@id\":\"https:\/\/www.bonvent.cat\/es\/#organization\",\"name\":\"Bon Vent\",\"url\":\"https:\/\/www.bonvent.cat\/es\/\",\"logo\":{\"@type\":\"ImageObject\",\"inLanguage\":\"es\",\"@id\":\"https:\/\/www.bonvent.cat\/es\/#\/schema\/logo\/image\/\",\"url\":\"https:\/\/www.bonvent.cat\/wp-content\/uploads\/2021\/11\/logoh.png\",\"contentUrl\":\"https:\/\/www.bonvent.cat\/wp-content\/uploads\/2021\/11\/logoh.png\",\"width\":640,\"height\":121,\"caption\":\"Bon Vent\"},\"image\":{\"@id\":\"https:\/\/www.bonvent.cat\/es\/#\/schema\/logo\/image\/\"},\"sameAs\":[\"https:\/\/www.facebook.com\/bonventbcn?ref=hl\",\"https:\/\/www.instagram.com\/bon_ventbarcelona\/\",\"https:\/\/es.pinterest.com\/BONVENTmed\/\"]}]}<\/script>\n<!-- \/ Yoast SEO plugin. -->","yoast_head_json":{"title":"Teixidors - Plaid Apt en lana merino eco - Bon Vent","description":"Mediante telares tradicionales de madera transforman las materias primas de mayor calidad, lana, cashmere, lino, seda y yak, en piezas \u00fanicas.","robots":{"index":"index","follow":"follow","max-snippet":"max-snippet:-1","max-image-preview":"max-image-preview:large","max-video-preview":"max-video-preview:-1"},"canonical":"https:\/\/www.bonvent.cat\/es\/product\/plaid-apt-en-llana-merino-eco\/","og_locale":"es_ES","og_type":"article","og_title":"Teixidors - Plaid Apt en lana merino eco - Bon Vent","og_description":"Mediante telares tradicionales de madera transforman las materias primas de mayor calidad, lana, cashmere, lino, seda y yak, en piezas \u00fanicas.","og_url":"https:\/\/www.bonvent.cat\/es\/product\/plaid-apt-en-llana-merino-eco\/","og_site_name":"Bon Vent","article_publisher":"https:\/\/www.facebook.com\/bonventbcn?ref=hl","article_modified_time":"2020-11-16T18:08:29+00:00","og_image":[{"width":510,"height":652,"url":"https:\/\/www.bonvent.cat\/wp-content\/uploads\/2020\/10\/low-Teixidors_APT_throw_lightgreen_2.jpg","type":"image\/jpeg"}],"twitter_misc":{"Tiempo de lectura":"2 minutos"},"schema":{"@context":"https:\/\/schema.org","@graph":[{"@type":"WebPage","@id":"https:\/\/www.bonvent.cat\/es\/product\/plaid-apt-en-llana-merino-eco\/","url":"https:\/\/www.bonvent.cat\/es\/product\/plaid-apt-en-llana-merino-eco\/","name":"Teixidors - Plaid Apt en lana merino eco - Bon Vent","isPartOf":{"@id":"https:\/\/www.bonvent.cat\/es\/#website"},"primaryImageOfPage":{"@id":"https:\/\/www.bonvent.cat\/es\/product\/plaid-apt-en-llana-merino-eco\/#primaryimage"},"image":{"@id":"https:\/\/www.bonvent.cat\/es\/product\/plaid-apt-en-llana-merino-eco\/#primaryimage"},"thumbnailUrl":"https:\/\/www.bonvent.cat\/wp-content\/uploads\/2020\/10\/low-Teixidors_APT_throw_lightgreen_2.jpg","datePublished":"2015-04-15T18:12:40+00:00","dateModified":"2020-11-16T18:08:29+00:00","description":"Mediante telares tradicionales de madera transforman las materias primas de mayor calidad, lana, cashmere, lino, seda y yak, en piezas \u00fanicas.","breadcrumb":{"@id":"https:\/\/www.bonvent.cat\/es\/product\/plaid-apt-en-llana-merino-eco\/#breadcrumb"},"inLanguage":"es","potentialAction":[{"@type":"ReadAction","target":["https:\/\/www.bonvent.cat\/es\/product\/plaid-apt-en-llana-merino-eco\/"]}]},{"@type":"ImageObject","inLanguage":"es","@id":"https:\/\/www.bonvent.cat\/es\/product\/plaid-apt-en-llana-merino-eco\/#primaryimage","url":"https:\/\/www.bonvent.cat\/wp-content\/uploads\/2020\/10\/low-Teixidors_APT_throw_lightgreen_2.jpg","contentUrl":"https:\/\/www.bonvent.cat\/wp-content\/uploads\/2020\/10\/low-Teixidors_APT_throw_lightgreen_2.jpg","width":510,"height":652},{"@type":"BreadcrumbList","@id":"https:\/\/www.bonvent.cat\/es\/product\/plaid-apt-en-llana-merino-eco\/#breadcrumb","itemListElement":[{"@type":"ListItem","position":1,"name":"Inici","item":"https:\/\/www.bonvent.cat\/es\/"},{"@type":"ListItem","position":2,"name":"Botiga","item":"https:\/\/www.bonvent.cat\/?page_id=1953091"},{"@type":"ListItem","position":3,"name":"Teixidors &#8211; Plaid Apt en lana merino eco"}]},{"@type":"WebSite","@id":"https:\/\/www.bonvent.cat\/es\/#website","url":"https:\/\/www.bonvent.cat\/es\/","name":"Bon Vent","description":"Botiga d\u2019inspiraci\u00f3 mediterr\u00e0nia","publisher":{"@id":"https:\/\/www.bonvent.cat\/es\/#organization"},"potentialAction":[{"@type":"SearchAction","target":{"@type":"EntryPoint","urlTemplate":"https:\/\/www.bonvent.cat\/es\/?s={search_term_string}"},"query-input":{"@type":"PropertyValueSpecification","valueRequired":true,"valueName":"search_term_string"}}],"inLanguage":"es"},{"@type":"Organization","@id":"https:\/\/www.bonvent.cat\/es\/#organization","name":"Bon Vent","url":"https:\/\/www.bonvent.cat\/es\/","logo":{"@type":"ImageObject","inLanguage":"es","@id":"https:\/\/www.bonvent.cat\/es\/#\/schema\/logo\/image\/","url":"https:\/\/www.bonvent.cat\/wp-content\/uploads\/2021\/11\/logoh.png","contentUrl":"https:\/\/www.bonvent.cat\/wp-content\/uploads\/2021\/11\/logoh.png","width":640,"height":121,"caption":"Bon Vent"},"image":{"@id":"https:\/\/www.bonvent.cat\/es\/#\/schema\/logo\/image\/"},"sameAs":["https:\/\/www.facebook.com\/bonventbcn?ref=hl","https:\/\/www.instagram.com\/bon_ventbarcelona\/","https:\/\/es.pinterest.com\/BONVENTmed\/"]}]}},"_links":{"self":[{"href":"https:\/\/www.bonvent.cat\/es\/wp-json\/wp\/v2\/product\/6903","targetHints":{"allow":["GET"]}}],"collection":[{"href":"https:\/\/www.bonvent.cat\/es\/wp-json\/wp\/v2\/product"}],"about":[{"href":"https:\/\/www.bonvent.cat\/es\/wp-json\/wp\/v2\/types\/product"}],"replies":[{"embeddable":true,"href":"https:\/\/www.bonvent.cat\/es\/wp-json\/wp\/v2\/comments?post=6903"}],"version-history":[{"count":0,"href":"https:\/\/www.bonvent.cat\/es\/wp-json\/wp\/v2\/product\/6903\/revisions"}],"wp:featuredmedia":[{"embeddable":true,"href":"https:\/\/www.bonvent.cat\/es\/wp-json\/wp\/v2\/media\/12850"}],"wp:attachment":[{"href":"https:\/\/www.bonvent.cat\/es\/wp-json\/wp\/v2\/media?parent=6903"}],"wp:term":[{"taxonomy":"product_brand","embeddable":true,"href":"https:\/\/www.bonvent.cat\/es\/wp-json\/wp\/v2\/product_brand?post=6903"},{"taxonomy":"product_cat","embeddable":true,"href":"https:\/\/www.bonvent.cat\/es\/wp-json\/wp\/v2\/product_cat?post=6903"},{"taxonomy":"product_tag","embeddable":true,"href":"https:\/\/www.bonvent.cat\/es\/wp-json\/wp\/v2\/product_tag?post=6903"}],"curies":[{"name":"wp","href":"https:\/\/api.w.org\/{rel}","templated":true}]}}