{"id":9819,"date":"2016-07-05T21:28:43","date_gmt":"2016-07-05T19:28:43","guid":{"rendered":"https:\/\/www.bonvent.cat\/product\/toalla-hammam-170x100-cm-azul\/"},"modified":"2016-07-05T21:28:43","modified_gmt":"2016-07-05T19:28:43","slug":"toalla-hammam-170x100-cm-azul","status":"publish","type":"product","link":"https:\/\/www.bonvent.cat\/es\/product\/toalla-hammam-170x100-cm-azul\/","title":{"rendered":"Toalla hammam. 170&#215;100 cm. Azul"},"content":{"rendered":"<h3>El Foutah es un tejido de algod\u00f3n o lino tejido fino que se usa en muchos pa\u00edses mediterr\u00e1neos es originario de T\u00fanez.<\/h3>\n<p>Entre otros usos, las utilizaron, hombres y mujeres, envuelta alrededor del cuerpo, en los ba\u00f1os p\u00fablicos durante el siglo XIX Siria. En Argelia, las mujeres las llevaban sobre el sarouel. Del mismo modo, en algunas partes del sur de Arabia Saudita, los hombres las utilizar\u00edan para cubrir por debajo de sus ropas y tambi\u00e9n como ropa para estar c\u00f3modos por casa.<\/p>\n<p>Las Foutah son ampliamente utilizados hoy en d\u00eda en el mundo occidental como toallas para el ba\u00f1o turco, Spa, o incluso en la playa.<\/p>\n","protected":false},"excerpt":{"rendered":"<h3>Toalla de algod\u00f3n confeccionada en Turqu\u00eda. Es conocida bajo el nombre de \u00abFoutah\u00bb<\/h3>\n<p>El tama\u00f1o de esta toalla es perfecto para ir a la playa, ya que ha sido confeccionada con un algod\u00f3n de gran calidad que absorbe la humedad f\u00e1cilmente.<\/p>\n<p>Estas toallas ligeras (unos 250 gramos) son ideales como toalla de playa, toalla de viaje, o para llevar a lo largo de la embarcaci\u00f3n, piscina, club deportivo o en la sauna. Son de gran tama\u00f1o pero una vez plegadas se compactan por lo que no ocupan mucho.<\/p>\n<p>Se secan r\u00e1pidamente y son f\u00e1ciles de lavar. Por tanto, una toalla perfecta para llevar en la maleta, mochila o bolsa de playa.<\/p>\n<p>Tambi\u00e9n para la casa. En el cuarto de ba\u00f1o son muy bonitas y pr\u00e1cticas. El dise\u00f1o siempre es de rayas pero puedes elegir entre muchos colores.<\/p>\n<p>Ideal para los ni\u00f1os y los beb\u00e9s tambi\u00e9n.<\/p>\n","protected":false},"featured_media":9656,"comment_status":"closed","ping_status":"closed","template":"","meta":[],"product_brand":[],"product_cat":[1219,1159,742],"product_tag":[644,652,658],"class_list":{"0":"post-9819","1":"product","2":"type-product","3":"status-publish","4":"has-post-thumbnail","6":"product_cat-accesorios-de-bano","7":"product_cat-bano-cuidados","8":"product_cat-textil","9":"product_tag-algodon","10":"product_tag-playa","11":"product_tag-toalla","13":"first","14":"instock","15":"taxable","16":"shipping-taxable","17":"purchasable","18":"product-type-simple"},"yoast_head":"<!-- This site is optimized with the Yoast SEO plugin v25.3.1 - https:\/\/yoast.com\/wordpress\/plugins\/seo\/ -->\n<title>Toalla hammam. 170x100 cm. Azul - Bon Vent<\/title>\n<meta name=\"robots\" content=\"index, follow, max-snippet:-1, max-image-preview:large, max-video-preview:-1\" \/>\n<link rel=\"canonical\" href=\"https:\/\/www.bonvent.cat\/es\/product\/toalla-hammam-170x100-cm-azul\/\" \/>\n<meta property=\"og:locale\" content=\"es_ES\" \/>\n<meta property=\"og:type\" content=\"article\" \/>\n<meta property=\"og:title\" content=\"Toalla hammam. 170x100 cm. Azul - Bon Vent\" \/>\n<meta property=\"og:description\" content=\"Toalla de algod\u00f3n confeccionada en Turqu\u00eda. Es conocida bajo el nombre de &quot;Foutah&quot; El tama\u00f1o de esta toalla es perfecto para ir a la playa, ya que ha sido confeccionada con un algod\u00f3n de gran calidad que absorbe la humedad f\u00e1cilmente.  Estas toallas ligeras (unos 250 gramos) son ideales como toalla de playa, toalla de viaje, o para llevar a lo largo de la embarcaci\u00f3n, piscina, club deportivo o en la sauna. Son de gran tama\u00f1o pero una vez plegadas se compactan por lo que no ocupan mucho.  Se secan r\u00e1pidamente y son f\u00e1ciles de lavar. Por tanto, una toalla perfecta para llevar en la maleta, mochila o bolsa de playa.  Tambi\u00e9n para la casa. En el cuarto de ba\u00f1o son muy bonitas y pr\u00e1cticas. El dise\u00f1o siempre es de rayas pero puedes elegir entre muchos colores.  Ideal para los ni\u00f1os y los beb\u00e9s tambi\u00e9n.\" \/>\n<meta property=\"og:url\" content=\"https:\/\/www.bonvent.cat\/es\/product\/toalla-hammam-170x100-cm-azul\/\" \/>\n<meta property=\"og:site_name\" content=\"Bon Vent\" \/>\n<meta property=\"article:publisher\" content=\"https:\/\/www.facebook.com\/bonventbcn?ref=hl\" \/>\n<meta property=\"og:image\" content=\"https:\/\/www.bonvent.cat\/wp-content\/uploads\/2016\/06\/TOVALLOLA-MARINE.jpg\" \/>\n\t<meta property=\"og:image:width\" content=\"591\" \/>\n\t<meta property=\"og:image:height\" content=\"755\" \/>\n\t<meta property=\"og:image:type\" content=\"image\/jpeg\" \/>\n<meta name=\"twitter:label1\" content=\"Tiempo de lectura\" \/>\n\t<meta name=\"twitter:data1\" content=\"1 minuto\" \/>\n<script type=\"application\/ld+json\" class=\"yoast-schema-graph\">{\"@context\":\"https:\/\/schema.org\",\"@graph\":[{\"@type\":\"WebPage\",\"@id\":\"https:\/\/www.bonvent.cat\/es\/product\/toalla-hammam-170x100-cm-azul\/\",\"url\":\"https:\/\/www.bonvent.cat\/es\/product\/toalla-hammam-170x100-cm-azul\/\",\"name\":\"Toalla hammam. 170x100 cm. Azul - Bon Vent\",\"isPartOf\":{\"@id\":\"https:\/\/www.bonvent.cat\/es\/#website\"},\"primaryImageOfPage\":{\"@id\":\"https:\/\/www.bonvent.cat\/es\/product\/toalla-hammam-170x100-cm-azul\/#primaryimage\"},\"image\":{\"@id\":\"https:\/\/www.bonvent.cat\/es\/product\/toalla-hammam-170x100-cm-azul\/#primaryimage\"},\"thumbnailUrl\":\"https:\/\/www.bonvent.cat\/wp-content\/uploads\/2016\/06\/TOVALLOLA-MARINE.jpg\",\"datePublished\":\"2016-07-05T19:28:43+00:00\",\"breadcrumb\":{\"@id\":\"https:\/\/www.bonvent.cat\/es\/product\/toalla-hammam-170x100-cm-azul\/#breadcrumb\"},\"inLanguage\":\"es\",\"potentialAction\":[{\"@type\":\"ReadAction\",\"target\":[\"https:\/\/www.bonvent.cat\/es\/product\/toalla-hammam-170x100-cm-azul\/\"]}]},{\"@type\":\"ImageObject\",\"inLanguage\":\"es\",\"@id\":\"https:\/\/www.bonvent.cat\/es\/product\/toalla-hammam-170x100-cm-azul\/#primaryimage\",\"url\":\"https:\/\/www.bonvent.cat\/wp-content\/uploads\/2016\/06\/TOVALLOLA-MARINE.jpg\",\"contentUrl\":\"https:\/\/www.bonvent.cat\/wp-content\/uploads\/2016\/06\/TOVALLOLA-MARINE.jpg\",\"width\":591,\"height\":755},{\"@type\":\"BreadcrumbList\",\"@id\":\"https:\/\/www.bonvent.cat\/es\/product\/toalla-hammam-170x100-cm-azul\/#breadcrumb\",\"itemListElement\":[{\"@type\":\"ListItem\",\"position\":1,\"name\":\"Inici\",\"item\":\"https:\/\/www.bonvent.cat\/es\/\"},{\"@type\":\"ListItem\",\"position\":2,\"name\":\"Botiga\",\"item\":\"https:\/\/www.bonvent.cat\/?page_id=1953091\"},{\"@type\":\"ListItem\",\"position\":3,\"name\":\"Toalla hammam. 170&#215;100 cm. Azul\"}]},{\"@type\":\"WebSite\",\"@id\":\"https:\/\/www.bonvent.cat\/es\/#website\",\"url\":\"https:\/\/www.bonvent.cat\/es\/\",\"name\":\"Bon Vent\",\"description\":\"Botiga d\u2019inspiraci\u00f3 mediterr\u00e0nia\",\"publisher\":{\"@id\":\"https:\/\/www.bonvent.cat\/es\/#organization\"},\"potentialAction\":[{\"@type\":\"SearchAction\",\"target\":{\"@type\":\"EntryPoint\",\"urlTemplate\":\"https:\/\/www.bonvent.cat\/es\/?s={search_term_string}\"},\"query-input\":{\"@type\":\"PropertyValueSpecification\",\"valueRequired\":true,\"valueName\":\"search_term_string\"}}],\"inLanguage\":\"es\"},{\"@type\":\"Organization\",\"@id\":\"https:\/\/www.bonvent.cat\/es\/#organization\",\"name\":\"Bon Vent\",\"url\":\"https:\/\/www.bonvent.cat\/es\/\",\"logo\":{\"@type\":\"ImageObject\",\"inLanguage\":\"es\",\"@id\":\"https:\/\/www.bonvent.cat\/es\/#\/schema\/logo\/image\/\",\"url\":\"https:\/\/www.bonvent.cat\/wp-content\/uploads\/2021\/11\/logoh.png\",\"contentUrl\":\"https:\/\/www.bonvent.cat\/wp-content\/uploads\/2021\/11\/logoh.png\",\"width\":640,\"height\":121,\"caption\":\"Bon Vent\"},\"image\":{\"@id\":\"https:\/\/www.bonvent.cat\/es\/#\/schema\/logo\/image\/\"},\"sameAs\":[\"https:\/\/www.facebook.com\/bonventbcn?ref=hl\",\"https:\/\/www.instagram.com\/bon_ventbarcelona\/\",\"https:\/\/es.pinterest.com\/BONVENTmed\/\"]}]}<\/script>\n<!-- \/ Yoast SEO plugin. -->","yoast_head_json":{"title":"Toalla hammam. 170x100 cm. Azul - Bon Vent","robots":{"index":"index","follow":"follow","max-snippet":"max-snippet:-1","max-image-preview":"max-image-preview:large","max-video-preview":"max-video-preview:-1"},"canonical":"https:\/\/www.bonvent.cat\/es\/product\/toalla-hammam-170x100-cm-azul\/","og_locale":"es_ES","og_type":"article","og_title":"Toalla hammam. 170x100 cm. Azul - Bon Vent","og_description":"Toalla de algod\u00f3n confeccionada en Turqu\u00eda. Es conocida bajo el nombre de \"Foutah\" El tama\u00f1o de esta toalla es perfecto para ir a la playa, ya que ha sido confeccionada con un algod\u00f3n de gran calidad que absorbe la humedad f\u00e1cilmente.  Estas toallas ligeras (unos 250 gramos) son ideales como toalla de playa, toalla de viaje, o para llevar a lo largo de la embarcaci\u00f3n, piscina, club deportivo o en la sauna. Son de gran tama\u00f1o pero una vez plegadas se compactan por lo que no ocupan mucho.  Se secan r\u00e1pidamente y son f\u00e1ciles de lavar. Por tanto, una toalla perfecta para llevar en la maleta, mochila o bolsa de playa.  Tambi\u00e9n para la casa. En el cuarto de ba\u00f1o son muy bonitas y pr\u00e1cticas. El dise\u00f1o siempre es de rayas pero puedes elegir entre muchos colores.  Ideal para los ni\u00f1os y los beb\u00e9s tambi\u00e9n.","og_url":"https:\/\/www.bonvent.cat\/es\/product\/toalla-hammam-170x100-cm-azul\/","og_site_name":"Bon Vent","article_publisher":"https:\/\/www.facebook.com\/bonventbcn?ref=hl","og_image":[{"width":591,"height":755,"url":"https:\/\/www.bonvent.cat\/wp-content\/uploads\/2016\/06\/TOVALLOLA-MARINE.jpg","type":"image\/jpeg"}],"twitter_misc":{"Tiempo de lectura":"1 minuto"},"schema":{"@context":"https:\/\/schema.org","@graph":[{"@type":"WebPage","@id":"https:\/\/www.bonvent.cat\/es\/product\/toalla-hammam-170x100-cm-azul\/","url":"https:\/\/www.bonvent.cat\/es\/product\/toalla-hammam-170x100-cm-azul\/","name":"Toalla hammam. 170x100 cm. Azul - Bon Vent","isPartOf":{"@id":"https:\/\/www.bonvent.cat\/es\/#website"},"primaryImageOfPage":{"@id":"https:\/\/www.bonvent.cat\/es\/product\/toalla-hammam-170x100-cm-azul\/#primaryimage"},"image":{"@id":"https:\/\/www.bonvent.cat\/es\/product\/toalla-hammam-170x100-cm-azul\/#primaryimage"},"thumbnailUrl":"https:\/\/www.bonvent.cat\/wp-content\/uploads\/2016\/06\/TOVALLOLA-MARINE.jpg","datePublished":"2016-07-05T19:28:43+00:00","breadcrumb":{"@id":"https:\/\/www.bonvent.cat\/es\/product\/toalla-hammam-170x100-cm-azul\/#breadcrumb"},"inLanguage":"es","potentialAction":[{"@type":"ReadAction","target":["https:\/\/www.bonvent.cat\/es\/product\/toalla-hammam-170x100-cm-azul\/"]}]},{"@type":"ImageObject","inLanguage":"es","@id":"https:\/\/www.bonvent.cat\/es\/product\/toalla-hammam-170x100-cm-azul\/#primaryimage","url":"https:\/\/www.bonvent.cat\/wp-content\/uploads\/2016\/06\/TOVALLOLA-MARINE.jpg","contentUrl":"https:\/\/www.bonvent.cat\/wp-content\/uploads\/2016\/06\/TOVALLOLA-MARINE.jpg","width":591,"height":755},{"@type":"BreadcrumbList","@id":"https:\/\/www.bonvent.cat\/es\/product\/toalla-hammam-170x100-cm-azul\/#breadcrumb","itemListElement":[{"@type":"ListItem","position":1,"name":"Inici","item":"https:\/\/www.bonvent.cat\/es\/"},{"@type":"ListItem","position":2,"name":"Botiga","item":"https:\/\/www.bonvent.cat\/?page_id=1953091"},{"@type":"ListItem","position":3,"name":"Toalla hammam. 170&#215;100 cm. Azul"}]},{"@type":"WebSite","@id":"https:\/\/www.bonvent.cat\/es\/#website","url":"https:\/\/www.bonvent.cat\/es\/","name":"Bon Vent","description":"Botiga d\u2019inspiraci\u00f3 mediterr\u00e0nia","publisher":{"@id":"https:\/\/www.bonvent.cat\/es\/#organization"},"potentialAction":[{"@type":"SearchAction","target":{"@type":"EntryPoint","urlTemplate":"https:\/\/www.bonvent.cat\/es\/?s={search_term_string}"},"query-input":{"@type":"PropertyValueSpecification","valueRequired":true,"valueName":"search_term_string"}}],"inLanguage":"es"},{"@type":"Organization","@id":"https:\/\/www.bonvent.cat\/es\/#organization","name":"Bon Vent","url":"https:\/\/www.bonvent.cat\/es\/","logo":{"@type":"ImageObject","inLanguage":"es","@id":"https:\/\/www.bonvent.cat\/es\/#\/schema\/logo\/image\/","url":"https:\/\/www.bonvent.cat\/wp-content\/uploads\/2021\/11\/logoh.png","contentUrl":"https:\/\/www.bonvent.cat\/wp-content\/uploads\/2021\/11\/logoh.png","width":640,"height":121,"caption":"Bon Vent"},"image":{"@id":"https:\/\/www.bonvent.cat\/es\/#\/schema\/logo\/image\/"},"sameAs":["https:\/\/www.facebook.com\/bonventbcn?ref=hl","https:\/\/www.instagram.com\/bon_ventbarcelona\/","https:\/\/es.pinterest.com\/BONVENTmed\/"]}]}},"_links":{"self":[{"href":"https:\/\/www.bonvent.cat\/es\/wp-json\/wp\/v2\/product\/9819","targetHints":{"allow":["GET"]}}],"collection":[{"href":"https:\/\/www.bonvent.cat\/es\/wp-json\/wp\/v2\/product"}],"about":[{"href":"https:\/\/www.bonvent.cat\/es\/wp-json\/wp\/v2\/types\/product"}],"replies":[{"embeddable":true,"href":"https:\/\/www.bonvent.cat\/es\/wp-json\/wp\/v2\/comments?post=9819"}],"version-history":[{"count":0,"href":"https:\/\/www.bonvent.cat\/es\/wp-json\/wp\/v2\/product\/9819\/revisions"}],"wp:featuredmedia":[{"embeddable":true,"href":"https:\/\/www.bonvent.cat\/es\/wp-json\/wp\/v2\/media\/9656"}],"wp:attachment":[{"href":"https:\/\/www.bonvent.cat\/es\/wp-json\/wp\/v2\/media?parent=9819"}],"wp:term":[{"taxonomy":"product_brand","embeddable":true,"href":"https:\/\/www.bonvent.cat\/es\/wp-json\/wp\/v2\/product_brand?post=9819"},{"taxonomy":"product_cat","embeddable":true,"href":"https:\/\/www.bonvent.cat\/es\/wp-json\/wp\/v2\/product_cat?post=9819"},{"taxonomy":"product_tag","embeddable":true,"href":"https:\/\/www.bonvent.cat\/es\/wp-json\/wp\/v2\/product_tag?post=9819"}],"curies":[{"name":"wp","href":"https:\/\/api.w.org\/{rel}","templated":true}]}}